{"id":11161,"date":"2019-08-09T07:52:55","date_gmt":"2019-08-09T05:52:55","guid":{"rendered":"https:\/\/arteconfort.com\/producto\/sem%20categoria\/nizar\/"},"modified":"2022-09-26T16:14:39","modified_gmt":"2022-09-26T14:14:39","slug":"nizar","status":"publish","type":"product","link":"https:\/\/arteconfort.com\/pt-pt\/producto\/nizar\/","title":{"rendered":"NIZAR"},"content":{"rendered":"<div class=\"wpb-content-wrapper\"><p>[vc_row][vc_column][vc_row_inner][vc_column_inner width=&#8221;1\/4&#8243; offset=&#8221;vc_col-xs-6&#8243;][wyde_info_box icon_set=&#8221;bigmug_line&#8221; icon_bigmug_line=&#8221;bigmug-line-foggy-sun&#8221; title=&#8221;PAINEL SOLAR COM MAIOR \u00c1REA DE SUPERF\u00cdCIE&#8221;]Melhor carregamento devido ao aumento da recolha solar e maior qualidade do painel com maior convers\u00e3o energ\u00e9tica[\/wyde_info_box][\/vc_column_inner][vc_column_inner width=&#8221;1\/4&#8243; offset=&#8221;vc_col-xs-6&#8243;][wyde_info_box icon_set=&#8221;stroke_gap&#8221; icon_stroke_gap=&#8221;sg-Antenna2&#8243; title=&#8221;SENSOR DE PRESEN\u00c7A&#8221;]Detec\u00e7\u00e3o de movimento e acendimento autom\u00e1tico da luz[\/wyde_info_box][\/vc_column_inner][vc_column_inner width=&#8221;1\/4&#8243; offset=&#8221;vc_col-xs-6&#8243;][wyde_info_box icon_set=&#8221;simple_line&#8221; icon_simple_line=&#8221;sl-like&#8221; title=&#8221;F\u00c1CIL INSTALA\u00c7\u00c3O&#8221;]Permite que a luz seja direccionada gra\u00e7as ao bra\u00e7o e cabe\u00e7a basculantes[\/wyde_info_box][\/vc_column_inner][vc_column_inner width=&#8221;1\/4&#8243; offset=&#8221;vc_col-xs-6&#8243;][wyde_info_box icon_set=&#8221;simple_line&#8221; icon_simple_line=&#8221;sl-power&#8221; title=&#8221;F\u00c1CIL INSTALA\u00c7\u00c3O&#8221;]Ligado por uma longa press\u00e3o de 2 segundos[\/wyde_info_box][\/vc_column_inner][\/vc_row_inner][vc_row_inner][vc_column_inner offset=&#8221;vc_hidden-xs&#8221;][vc_empty_space height=&#8221;60px&#8221;][\/vc_column_inner][\/vc_row_inner][\/vc_column][\/vc_row][vc_row][vc_column width=&#8221;1\/2&#8243;][vc_accordion collapsible=&#8221;true&#8221; active_tab=&#8221;false&#8221;][vc_accordion_tab title=&#8221;Caracter\u00edsticas gerais&#8221;][vc_column_text]<strong>Dimens\u00f5es<\/strong> 460x105x50mm<br \/>\n<strong>Material<\/strong> ABS Resistente ao choque<br \/>\n<b>Terminar <\/b>Branco\/Preto<br \/>\n<strong>IP<\/strong> 65<br \/>\n<strong>Garantia<\/strong> 2 anos[\/vc_column_text][\/vc_accordion_tab][vc_accordion_tab title=&#8221;Painel solar&#8221;][vc_column_text]<strong>Material<\/strong> Sil\u00edcio policristalino<br \/>\n<strong>Tipo de encapsulamento <\/strong>PET<br \/>\n<strong>Energia <\/strong>3,2W 5V[\/vc_column_text][\/vc_accordion_tab][vc_accordion_tab title=&#8221;Bateria&#8221;][vc_column_text]<strong>Tipo de bateria<\/strong> LiFePO4<br \/>\n<strong>Tens\u00e3o de carregamento <\/strong>3,2V<br \/>\n<strong>Capacidade<\/strong> 4.500mAh<br \/>\n<strong>Tempo de carregamento <\/strong>6h<br \/>\n<strong>Autonomia<\/strong> 8-10h[\/vc_column_text][\/vc_accordion_tab][vc_accordion_tab title=&#8221;LED&#8221;][vc_column_text]<strong>N\u00famero de LED<\/strong> 46<br \/>\n<strong>Tipo de LED<\/strong> SMD 2835<br \/>\n<strong>\u00c2ngulo de abertura <\/strong>120\u00ba<br \/>\n<strong>CCT<\/strong> 4000K<br \/>\n<strong>Fluxo luminoso<\/strong> 900lm[\/vc_column_text][\/vc_accordion_tab][vc_accordion_tab title=&#8221;Modos de funcionamento&#8221;][vc_column_text]<strong>Modo 1<\/strong> Liga-se a 80lm. Muda para 900lm quando detecta a presen\u00e7a<br \/>\n<strong>Modo 2<\/strong> Desactiva\u00e7\u00e3o. Liga-se a 900lm quando detecta a presen\u00e7a<br \/>\n<strong>Modo 3<\/strong> Comuta\u00e7\u00e3o fixa a 300lm sem sensor<br \/>\n<strong>Modo 4<\/strong> Ligar fixo a 900lm sem sensor durante 30 minutos[\/vc_column_text][\/vc_accordion_tab][vc_accordion_tab title=&#8221;Sensor&#8221;][vc_column_text]<strong>Sensor<\/strong> Sim<br \/>\n<strong>Dist\u00e2ncia de detec\u00e7\u00e3o <\/strong>5m<br \/>\n<strong>\u00c2ngulo de detec\u00e7\u00e3o <\/strong>180\u00ba<br \/>\n<strong>Tempo de cortesia <\/strong>15s[\/vc_column_text][\/vc_accordion_tab][\/vc_accordion][\/vc_column][vc_column width=&#8221;1\/2&#8243;][vc_single_image image=&#8221;7120&#8243;][\/vc_column][\/vc_row]<\/p>\n<\/div>","protected":false},"excerpt":{"rendered":"<p>Luz de parede solar ajust\u00e1vel. Fabricado em material altamente resistente ao impacto. Uma boa op\u00e7\u00e3o para iluminar qualquer ambiente, gra\u00e7as aos quatro modos de ilumina\u00e7\u00e3o dispon\u00edveis e ao sensor de movimento.<br \/>\n<strong>Ref. modelo branco ENIZAR-6P8T40A4450LIBLC65D<\/strong><br \/>\n<strong>Ref. modelo preto ENIZAR-6P8T40A4450LINGR65D<\/strong>[vc_row][vc_column offset=&#8221;vc_hidden-xs&#8221;][vc_empty_space height=&#8221;30px&#8221;][\/vc_column][\/vc_row][vc_row][vc_column][vc_row_inner][vc_column_inner][wyde_info_box icon_set=&#8221;simple_line&#8221; icon_simple_line=&#8221;sl-shield&#8221; icon_position=&#8221;left&#8221; title=&#8221;RESISTENTE AO CHOQUE&#8221;]Material de alta resist\u00eancia[\/wyde_info_box][vc_empty_space height=&#8221;15px&#8221;][\/vc_column_inner][\/vc_row_inner][vc_row_inner][vc_column_inner][wyde_info_box icon_set=&#8221;stroke_gap&#8221; icon_stroke_gap=&#8221;sg-Bulb&#8221; icon_position=&#8221;left&#8221; title=&#8221;ALTA LUMINOSIDADE&#8221;]Permite-lhe iluminar grandes \u00e1reas do jardim[\/wyde_info_box][vc_empty_space height=&#8221;15px&#8221;][\/vc_column_inner][\/vc_row_inner][vc_row_inner][vc_column_inner][wyde_info_box icon_set=&#8221;bigmug_line&#8221; icon_bigmug_line=&#8221;bigmug-line-equalizar2&#8243; icon_position=&#8221;left&#8221; title=&#8221;4 MODOS DE ILUMINA\u00c7\u00c3O&#8221;]Escolha entre diferentes modos de funcionamento com ou sem sensor de presen\u00e7a[\/wyde_info_box][vc_empty_space height=&#8221;15px&#8221;][\/vc_column_inner][\/vc_row_inner][\/vc_column][\/vc_row][vc_row][vc_column offset=&#8221;vc_hidden-xs&#8221;][vc_empty_space height=&#8221;60px&#8221;][\/vc_column][\/vc_row][vc_row][vc_column width=&#8221;1\/3&#8243;][wyde_link_button icon_set=&#8221;simple_line&#8221; icon_simple_line=&#8221;sl-settings&#8221; style=&#8221;round&#8221; title=&#8221;Instru\u00e7\u00f5es&#8221; link=&#8221;url:http%3A%2F%2Farteconfort.com%2Fwp-content%2Fuploads%2F2020%2F01%2Fim-NIZAR.pdf||target:%20_blank|rel:nofollow&#8221; color=&#8221;#ffffff&#8221; bg_color=&#8221;#222222&#8243;][\/vc_column][\/vc_row][vc_row][vc_column offset=&#8221;vc_hidden-xs&#8221;][vc_empty_space][\/vc_column][\/vc_row]<\/p>\n","protected":false},"featured_media":33088,"template":"","meta":[],"product_brand":[],"product_cat":[407,349],"product_tag":[],"class_list":{"0":"post-11161","1":"product","2":"type-product","3":"status-publish","4":"has-post-thumbnail","6":"product_cat-descatalogados-pt-pt","7":"product_cat-iluminacion-pt-pt","9":"first","10":"instock","11":"shipping-taxable","12":"product-type-external"},"yoast_head":"<!-- This site is optimized with the Yoast SEO plugin v26.5 - https:\/\/yoast.com\/wordpress\/plugins\/seo\/ -->\n<title>NIZAR - Descatalogados, Iluminaci\u00f3n - Arteconfort<\/title>\n<meta name=\"description\" content=\"Luz de parede solar ajust\u00e1vel. Fabricado em material altamente resistente ao impacto. Uma boa op\u00e7\u00e3o para iluminar qualquer ambiente, gra\u00e7as aos quatro modos de ilumina\u00e7\u00e3o dispon\u00edveis e ao sensor de movimento. Ref. modelo branco ENIZAR-6P8T40A4450LIBLC65D Ref. modelo preto ENIZAR-6P8T40A4450LINGR65DMaterial de alta resist\u00eanciaPermite-lhe iluminar grandes \u00e1reas do jardimEscolha entre diferentes modos de funcionamento com ou sem sensor de presen\u00e7a\" \/>\n<meta name=\"robots\" content=\"index, follow, max-snippet:-1, max-image-preview:large, max-video-preview:-1\" \/>\n<link rel=\"canonical\" href=\"https:\/\/arteconfort.com\/pt-pt\/producto\/nizar\/\" \/>\n<meta property=\"og:locale\" content=\"pt_PT\" \/>\n<meta property=\"og:type\" content=\"article\" \/>\n<meta property=\"og:title\" content=\"NIZAR - Descatalogados, Iluminaci\u00f3n - Arteconfort\" \/>\n<meta property=\"og:description\" content=\"Luz de parede solar ajust\u00e1vel. Fabricado em material altamente resistente ao impacto. Uma boa op\u00e7\u00e3o para iluminar qualquer ambiente, gra\u00e7as aos quatro modos de ilumina\u00e7\u00e3o dispon\u00edveis e ao sensor de movimento. Ref. modelo branco ENIZAR-6P8T40A4450LIBLC65D Ref. modelo preto ENIZAR-6P8T40A4450LINGR65DMaterial de alta resist\u00eanciaPermite-lhe iluminar grandes \u00e1reas do jardimEscolha entre diferentes modos de funcionamento com ou sem sensor de presen\u00e7a\" \/>\n<meta property=\"og:url\" content=\"https:\/\/arteconfort.com\/pt-pt\/producto\/nizar\/\" \/>\n<meta property=\"og:site_name\" content=\"Arteconfort\" \/>\n<meta property=\"article:modified_time\" content=\"2022-09-26T14:14:39+00:00\" \/>\n<meta property=\"og:image\" content=\"https:\/\/arteconfort.com\/wp-content\/uploads\/2023\/10\/NIZAR.webp\" \/>\n\t<meta property=\"og:image:width\" content=\"1024\" \/>\n\t<meta property=\"og:image:height\" content=\"1024\" \/>\n\t<meta property=\"og:image:type\" content=\"image\/webp\" \/>\n<meta name=\"twitter:card\" content=\"summary_large_image\" \/>\n<meta name=\"twitter:label1\" content=\"Tempo estimado de leitura\" \/>\n\t<meta name=\"twitter:data1\" content=\"2 minutos\" \/>\n<!-- \/ Yoast SEO plugin. -->","yoast_head_json":{"title":"NIZAR - Descatalogados, Iluminaci\u00f3n - Arteconfort","description":"Luz de parede solar ajust\u00e1vel. Fabricado em material altamente resistente ao impacto. Uma boa op\u00e7\u00e3o para iluminar qualquer ambiente, gra\u00e7as aos quatro modos de ilumina\u00e7\u00e3o dispon\u00edveis e ao sensor de movimento. Ref. modelo branco ENIZAR-6P8T40A4450LIBLC65D Ref. modelo preto ENIZAR-6P8T40A4450LINGR65DMaterial de alta resist\u00eanciaPermite-lhe iluminar grandes \u00e1reas do jardimEscolha entre diferentes modos de funcionamento com ou sem sensor de presen\u00e7a","robots":{"index":"index","follow":"follow","max-snippet":"max-snippet:-1","max-image-preview":"max-image-preview:large","max-video-preview":"max-video-preview:-1"},"canonical":"https:\/\/arteconfort.com\/pt-pt\/producto\/nizar\/","og_locale":"pt_PT","og_type":"article","og_title":"NIZAR - Descatalogados, Iluminaci\u00f3n - Arteconfort","og_description":"Luz de parede solar ajust\u00e1vel. Fabricado em material altamente resistente ao impacto. Uma boa op\u00e7\u00e3o para iluminar qualquer ambiente, gra\u00e7as aos quatro modos de ilumina\u00e7\u00e3o dispon\u00edveis e ao sensor de movimento. Ref. modelo branco ENIZAR-6P8T40A4450LIBLC65D Ref. modelo preto ENIZAR-6P8T40A4450LINGR65DMaterial de alta resist\u00eanciaPermite-lhe iluminar grandes \u00e1reas do jardimEscolha entre diferentes modos de funcionamento com ou sem sensor de presen\u00e7a","og_url":"https:\/\/arteconfort.com\/pt-pt\/producto\/nizar\/","og_site_name":"Arteconfort","article_modified_time":"2022-09-26T14:14:39+00:00","og_image":[{"width":1024,"height":1024,"url":"https:\/\/arteconfort.com\/wp-content\/uploads\/2023\/10\/NIZAR.webp","type":"image\/webp"}],"twitter_card":"summary_large_image","twitter_misc":{"Tempo estimado de leitura":"2 minutos"},"schema":{"@context":"https:\/\/schema.org","@graph":[{"@type":"WebPage","@id":"https:\/\/arteconfort.com\/pt-pt\/producto\/nizar\/","url":"https:\/\/arteconfort.com\/pt-pt\/producto\/nizar\/","name":"NIZAR - Descatalogados, Iluminaci\u00f3n - Arteconfort","isPartOf":{"@id":"https:\/\/arteconfort.com\/pt-pt\/#website"},"primaryImageOfPage":{"@id":"https:\/\/arteconfort.com\/pt-pt\/producto\/nizar\/#primaryimage"},"image":{"@id":"https:\/\/arteconfort.com\/pt-pt\/producto\/nizar\/#primaryimage"},"thumbnailUrl":"https:\/\/arteconfort.com\/wp-content\/uploads\/2023\/10\/NIZAR.webp","datePublished":"2019-08-09T05:52:55+00:00","dateModified":"2022-09-26T14:14:39+00:00","description":"Luz de parede solar ajust\u00e1vel. Fabricado em material altamente resistente ao impacto. Uma boa op\u00e7\u00e3o para iluminar qualquer ambiente, gra\u00e7as aos quatro modos de ilumina\u00e7\u00e3o dispon\u00edveis e ao sensor de movimento. Ref. modelo branco ENIZAR-6P8T40A4450LIBLC65D Ref. modelo preto ENIZAR-6P8T40A4450LINGR65DMaterial de alta resist\u00eanciaPermite-lhe iluminar grandes \u00e1reas do jardimEscolha entre diferentes modos de funcionamento com ou sem sensor de presen\u00e7a","breadcrumb":{"@id":"https:\/\/arteconfort.com\/pt-pt\/producto\/nizar\/#breadcrumb"},"inLanguage":"pt-PT","potentialAction":[{"@type":"ReadAction","target":["https:\/\/arteconfort.com\/pt-pt\/producto\/nizar\/"]}]},{"@type":"ImageObject","inLanguage":"pt-PT","@id":"https:\/\/arteconfort.com\/pt-pt\/producto\/nizar\/#primaryimage","url":"https:\/\/arteconfort.com\/wp-content\/uploads\/2023\/10\/NIZAR.webp","contentUrl":"https:\/\/arteconfort.com\/wp-content\/uploads\/2023\/10\/NIZAR.webp","width":1024,"height":1024,"caption":"Foco solar de pared NIZAR"},{"@type":"BreadcrumbList","@id":"https:\/\/arteconfort.com\/pt-pt\/producto\/nizar\/#breadcrumb","itemListElement":[{"@type":"ListItem","position":1,"name":"Inicio","item":"https:\/\/arteconfort.com\/pt-pt\/"},{"@type":"ListItem","position":2,"name":"Tienda","item":"https:\/\/arteconfort.com\/pt-pt\/tienda-2\/"},{"@type":"ListItem","position":3,"name":"NIZAR"}]},{"@type":"WebSite","@id":"https:\/\/arteconfort.com\/pt-pt\/#website","url":"https:\/\/arteconfort.com\/pt-pt\/","name":"Arteconfort","description":"Especialistas en productos del hogar","publisher":{"@id":"https:\/\/arteconfort.com\/pt-pt\/#organization"},"potentialAction":[{"@type":"SearchAction","target":{"@type":"EntryPoint","urlTemplate":"https:\/\/arteconfort.com\/pt-pt\/?s={search_term_string}"},"query-input":{"@type":"PropertyValueSpecification","valueRequired":true,"valueName":"search_term_string"}}],"inLanguage":"pt-PT"},{"@type":"Organization","@id":"https:\/\/arteconfort.com\/pt-pt\/#organization","name":"Arteconfort","url":"https:\/\/arteconfort.com\/pt-pt\/","logo":{"@type":"ImageObject","inLanguage":"pt-PT","@id":"https:\/\/arteconfort.com\/pt-pt\/#\/schema\/logo\/image\/","url":"https:\/\/arteconfort.com\/wp-content\/uploads\/2019\/07\/logo-arteconfort.png","contentUrl":"https:\/\/arteconfort.com\/wp-content\/uploads\/2019\/07\/logo-arteconfort.png","width":230,"height":88,"caption":"Arteconfort"},"image":{"@id":"https:\/\/arteconfort.com\/pt-pt\/#\/schema\/logo\/image\/"}}]}},"_links":{"self":[{"href":"https:\/\/arteconfort.com\/pt-pt\/wp-json\/wp\/v2\/product\/11161","targetHints":{"allow":["GET"]}}],"collection":[{"href":"https:\/\/arteconfort.com\/pt-pt\/wp-json\/wp\/v2\/product"}],"about":[{"href":"https:\/\/arteconfort.com\/pt-pt\/wp-json\/wp\/v2\/types\/product"}],"wp:featuredmedia":[{"embeddable":true,"href":"https:\/\/arteconfort.com\/pt-pt\/wp-json\/wp\/v2\/media\/33088"}],"wp:attachment":[{"href":"https:\/\/arteconfort.com\/pt-pt\/wp-json\/wp\/v2\/media?parent=11161"}],"wp:term":[{"taxonomy":"product_brand","embeddable":true,"href":"https:\/\/arteconfort.com\/pt-pt\/wp-json\/wp\/v2\/product_brand?post=11161"},{"taxonomy":"product_cat","embeddable":true,"href":"https:\/\/arteconfort.com\/pt-pt\/wp-json\/wp\/v2\/product_cat?post=11161"},{"taxonomy":"product_tag","embeddable":true,"href":"https:\/\/arteconfort.com\/pt-pt\/wp-json\/wp\/v2\/product_tag?post=11161"}],"curies":[{"name":"wp","href":"https:\/\/api.w.org\/{rel}","templated":true}]}}