{"id":11198,"date":"2020-01-30T17:10:12","date_gmt":"2020-01-30T16:10:12","guid":{"rendered":"https:\/\/arteconfort.com\/producto\/sem%20categoria\/polaris\/"},"modified":"2022-04-21T13:14:07","modified_gmt":"2022-04-21T11:14:07","slug":"polaris","status":"publish","type":"product","link":"https:\/\/arteconfort.com\/pt-pt\/producto\/polaris\/","title":{"rendered":"POLARIS"},"content":{"rendered":"<div class=\"wpb-content-wrapper\"><p>[vc_row][vc_column][vc_row_inner][vc_column_inner width=&#8221;1\/4&#8243; offset=&#8221;vc_col-xs-6&#8243;][wyde_info_box icon_set=&#8221;simple_line&#8221; icon_simple_line=&#8221;sl-chemistry&#8221; title=&#8221;ANTI CORROSIVO&#8221;]Corpo e parafusos em a\u00e7o inoxid\u00e1vel[\/wyde_info_box][\/vc_column_inner][vc_column_inner width=&#8221;1\/4&#8243; offset=&#8221;vc_col-xs-6&#8243;][wyde_info_box icon_set=&#8221;simple_line&#8221; icon_simple_line=&#8221;sl-eyeglasses&#8221; title=&#8221;VIDRO \u00d3PTICO&#8221;]Permite uma melhor transmiss\u00e3o da luz[\/wyde_info_box][\/vc_column_inner][vc_column_inner width=&#8221;1\/4&#8243; offset=&#8221;vc_col-xs-6&#8243;][wyde_info_box icon_set=&#8221;stroke_gap&#8221; icon_stroke_gap=&#8221;sg-Antenna2&#8243; title=&#8221;SENSOR DE PRESEN\u00c7A&#8221;]Detec\u00e7\u00e3o de movimento e acendimento autom\u00e1tico da luz[\/wyde_info_box][\/vc_column_inner][vc_column_inner width=&#8221;1\/4&#8243; offset=&#8221;vc_col-xs-6&#8243;][wyde_info_box icon_set=&#8221;simple_line&#8221; icon_simple_line=&#8221;sl-like&#8221; title=&#8221;F\u00c1CIL INSTALA\u00c7\u00c3O&#8221;]Basta inseri-lo num orif\u00edcio no ch\u00e3o, sem liga\u00e7\u00f5es el\u00e9ctricas, sem fios, sem cabos[\/wyde_info_box][\/vc_column_inner][\/vc_row_inner][vc_row_inner][vc_column_inner offset=&#8221;vc_hidden-xs&#8221;][vc_empty_space height=&#8221;60px&#8221;][\/vc_column_inner][\/vc_row_inner][\/vc_column][\/vc_row][vc_row][vc_column width=&#8221;1\/2&#8243;][vc_accordion collapsible=&#8221;true&#8221; active_tab=&#8221;false&#8221;][vc_accordion_tab title=&#8221;Caracter\u00edsticas gerais&#8221;][vc_column_text]<strong>Dimens\u00f5es<\/strong><br \/>\n160X40mm<br \/>\n<strong>Material<\/strong> A\u00e7o inox+vidro \u00f3ptico<br \/>\n<b>Terminar <\/b>Cr\u00f3mio<br \/>\n<strong>IP<\/strong> 67<br \/>\n<strong>Garantia<\/strong> 3 anos[\/vc_column_text][\/vc_accordion_tab][vc_accordion_tab title=&#8221;Painel solar&#8221;][vc_column_text]<strong>Material<\/strong> Monocristalino<br \/>\n<strong>Tipo de encapsulamento <\/strong>PET<br \/>\n<b>Energia <\/b>1,1W [\/vc_column_text][\/vc_accordion_tab][vc_accordion_tab title=&#8221;Bateria&#8221;][vc_column_text]<strong>Tipo de bateria<\/strong> Li-ion 18650<br \/>\n<strong>Tens\u00e3o de carga<\/strong> 5V<br \/>\n<strong>Capacidade<\/strong> 1.200mAh<br \/>\n<strong>Tempo de carregamento <\/strong>8h-12h<br \/>\n<strong>Autonomia<\/strong> 12h[\/vc_column_text][\/vc_accordion_tab][vc_accordion_tab title=&#8221;LED&#8221;][vc_column_text]<strong>N\u00famero de LED<\/strong> 8<br \/>\n<strong>Tipo de LED<\/strong> Epistar 2835<br \/>\n<strong>\u00c2ngulo de abertura <\/strong>90\u00ba<br \/>\n<strong>CCT<\/strong> 4000K<br \/>\n<strong>Fluxo luminoso<\/strong>120lm[\/vc_column_text][\/vc_accordion_tab][vc_accordion_tab title=&#8221;Modes de funcionamento&#8221;][vc_column_text]<strong>Modo 1 <\/strong>De 10lm quando ocioso a 120ml quando a presen\u00e7a \u00e9 detectada<br \/>\n<strong>Modo 2<\/strong> Funciona sempre a 20lm at\u00e9 a bateria ficar sem energia[\/vc_column_text][\/vc_accordion_tab][vc_accordion_tab title=&#8221;Sensor&#8221;][vc_column_text]<strong>Sensor<\/strong> Sim<br \/>\n<strong>Dist\u00e2ncia de detec\u00e7\u00e3o <\/strong>1m<br \/>\n<strong>\u00c2ngulo de detec\u00e7\u00e3o <\/strong>120\u00ba<br \/>\n<strong>Tempo de cortesia <\/strong>10s[\/vc_column_text][\/vc_accordion_tab][\/vc_accordion][\/vc_column][vc_column width=&#8221;1\/2&#8243;][vc_single_image image=&#8221;9808&#8243;][\/vc_column][\/vc_row]<\/p>\n<\/div>","protected":false},"excerpt":{"rendered":"<p>Projector solar LED de encastrar no solo perfeito para a sinaliza\u00e7\u00e3o de qualquer espa\u00e7o. N\u00e3o requer instala\u00e7\u00e3o el\u00e9ctrica uma vez que n\u00e3o tem fios, o que facilita muito a sua montagem. \u00c9 feito com materiais de alta resist\u00eancia, por isso \u00e9 perfeito para qualquer superf\u00edcie, uma vez que \u00e9 resistente a pegadas e ao rolamento do carro.<br \/>\n<strong>Ref. POLARIS33 <\/strong>[vc_row][vc_column offset=&#8221;vc_hidden-xs&#8221;][vc_empty_space height=&#8221;30px&#8221;][\/vc_column][\/vc_row][vc_row][vc_column][vc_row_inner][vc_column_inner][wyde_info_box icon_set=&#8221;bigmug_line&#8221; icon_set=&#8221;stroke_gap&#8221; icon_stroke_gap=&#8221;sg-Car&#8221; icon_position=&#8221;left&#8221; title=&#8221;RESISTENTE A PEGADAS E AO ROLAMENTO DO CARRO&#8221;]Material altamente resistente, adequado para ilumina\u00e7\u00e3o de estradas[\/wyde_info_box][vc_empty_space height=&#8221;15px&#8221;][\/vc_column_inner][\/vc_row_inner][vc_row_inner][vc_column_inner][wyde_info_box icon_set=&#8221;bigmug_line&#8221; icon_bigmug_line=&#8221;bigmug-line-foggy-sun&#8221; icon_position=&#8221;left&#8221; title=&#8221;PAINEL SOLAR DE MAIOR QUALIDADE&#8221;]Carga melhorada devido ao aumento do ganho solar e da qualidade do painel com maior convers\u00e3o de energia[\/wyde_info_box][vc_empty_space height=&#8221;15px&#8221;][\/vc_column_inner][\/vc_row_inner][vc_row_inner][vc_column_inner][wyde_info_box icon_set=&#8221;bigmug_line&#8221; icon_bigmug_line=&#8221;bigmug-line-equalizar2&#8243; icon_position=&#8221;left&#8221; title=&#8221;2 MODOS DE ILUMINA\u00c7\u00c3O&#8221;]Escolha entre diferentes modos de funcionamento com ou sem sensor de presen\u00e7a[\/wyde_info_box][vc_empty_space height=&#8221;15px&#8221;][\/vc_column_inner][\/vc_row_inner][\/vc_column][\/vc_row][vc_row][vc_column offset=&#8221;vc_hidden-xs&#8221;][vc_empty_space height=&#8221;60px&#8221;][\/vc_column][\/vc_row][vc_row][vc_column width=&#8221;1\/3&#8243;][wyde_link_button icon_set=&#8221;simple_line&#8221; icon_simple_line=&#8221;sl-settings&#8221; style=&#8221;round&#8221; title=&#8221;Instrucciones&#8221; link=&#8221;url:http%3A%2F%2Farteconfort.com%2Fwp-content%2Fuploads%2F2020%2F01%2Fim-POLARIS.pdf||target:%20_blank|rel:nofollow&#8221; color=&#8221;#ffffff&#8221; bg_color=&#8221;#222222&#8243;][\/vc_column][vc_column width=&#8221;1\/3&#8243;][wyde_link_button icon_set=&#8221;simple_line&#8221; icon_simple_line=&#8221;sl-social-youtube&#8221; style=&#8221;outline round&#8221; title=&#8221;V\u00eddeo&#8221; link=&#8221;url:https%3A%2F%2Fwww.youtube.com%2Fwatch%3Fv%3Dh7t1u1qCtvY||target:%20_blank|rel:nofollow&#8221; color=&#8221;#222222&#8243; hover_color=&#8221;#ffffff&#8221;][\/vc_column][\/vc_row][vc_row][vc_column offset=&#8221;vc_hidden-xs&#8221;][vc_empty_space][\/vc_column][\/vc_row][vc_row][vc_column][vc_empty_space height=&#8221;20px&#8221;][\/vc_column][\/vc_row][vc_row background_mode=&#8221;color&#8221; background_color=&#8221;#f5f5f5&#8243;][vc_column text_align=&#8221;center&#8221;][vc_row_inner padding_size=&#8221;m-padding&#8221;][vc_column_inner text_align=&#8221;center&#8221;][vc_single_image alignment=&#8221;center&#8221; image=&#8221;1046&#8243;][vc_column_text]Encontre esta luz solar embutida no solo para venda exclusivamente em LEROY MERLIN[\/vc_column_text][vc_empty_space height=&#8221;15px&#8221;][wyde_link_button icon_set=&#8221;simple_line&#8221; icon_simple_line=&#8221;sl-login&#8221; style=&#8221;outline round&#8221; title=&#8221;Ir para Leroy Merlin&#8221; link=&#8221;url:https%3A%2F%2Fwww.leroymerlin.es%2Ffp%2F82433677%2Ffoco-solar-led-polaris||target:%20_blank|rel:nofollow&#8221; color=&#8221;#61b4e4&#8243; hover_color=&#8221;#ffffff&#8221;][\/vc_column_inner][\/vc_row_inner][\/vc_column][\/vc_row]<\/p>\n","protected":false},"featured_media":35713,"template":"","meta":[],"product_brand":[],"product_cat":[1049,338,339],"product_tag":[],"class_list":{"0":"post-11198","1":"product","2":"type-product","3":"status-publish","4":"has-post-thumbnail","6":"product_cat-coleccion-antigua-pt","7":"product_cat-solar-pt-pt","8":"product_cat-iluminacion-solar-de-suelo-pt-pt","10":"first","11":"instock","12":"shipping-taxable","13":"product-type-simple"},"yoast_head":"<!-- This site is optimized with the Yoast SEO plugin v26.5 - https:\/\/yoast.com\/wordpress\/plugins\/seo\/ -->\n<title>POLARIS - colecci\u00f3n antigua, Solar, Suelo - Arteconfort<\/title>\n<meta name=\"description\" content=\"Projector solar LED de encastrar no solo perfeito para a sinaliza\u00e7\u00e3o de qualquer espa\u00e7o. N\u00e3o requer instala\u00e7\u00e3o el\u00e9ctrica uma vez que n\u00e3o tem fios, o que facilita muito a sua montagem. \u00c9 feito com materiais de alta resist\u00eancia, por isso \u00e9 perfeito para qualquer superf\u00edcie, uma vez que \u00e9 resistente a pegadas e ao rolamento do carro. Ref. POLARIS33 Material altamente resistente, adequado para ilumina\u00e7\u00e3o de estradasCarga melhorada devido ao aumento do ganho solar e da qualidade do painel com maior convers\u00e3o de energiaEscolha entre diferentes modos de funcionamento com ou sem sensor de presen\u00e7aEncontre esta luz solar embutida no solo para venda exclusivamente em LEROY MERLIN\" \/>\n<meta name=\"robots\" content=\"index, follow, max-snippet:-1, max-image-preview:large, max-video-preview:-1\" \/>\n<link rel=\"canonical\" href=\"https:\/\/arteconfort.com\/pt-pt\/producto\/polaris\/\" \/>\n<meta property=\"og:locale\" content=\"pt_PT\" \/>\n<meta property=\"og:type\" content=\"article\" \/>\n<meta property=\"og:title\" content=\"POLARIS - colecci\u00f3n antigua, Solar, Suelo - Arteconfort\" \/>\n<meta property=\"og:description\" content=\"Projector solar LED de encastrar no solo perfeito para a sinaliza\u00e7\u00e3o de qualquer espa\u00e7o. N\u00e3o requer instala\u00e7\u00e3o el\u00e9ctrica uma vez que n\u00e3o tem fios, o que facilita muito a sua montagem. \u00c9 feito com materiais de alta resist\u00eancia, por isso \u00e9 perfeito para qualquer superf\u00edcie, uma vez que \u00e9 resistente a pegadas e ao rolamento do carro. Ref. POLARIS33 Material altamente resistente, adequado para ilumina\u00e7\u00e3o de estradasCarga melhorada devido ao aumento do ganho solar e da qualidade do painel com maior convers\u00e3o de energiaEscolha entre diferentes modos de funcionamento com ou sem sensor de presen\u00e7aEncontre esta luz solar embutida no solo para venda exclusivamente em LEROY MERLIN\" \/>\n<meta property=\"og:url\" content=\"https:\/\/arteconfort.com\/pt-pt\/producto\/polaris\/\" \/>\n<meta property=\"og:site_name\" content=\"Arteconfort\" \/>\n<meta property=\"article:modified_time\" content=\"2022-04-21T11:14:07+00:00\" \/>\n<meta property=\"og:image\" content=\"https:\/\/arteconfort.com\/wp-content\/uploads\/2023\/10\/POLARIS-ENCENDIDO.webp\" \/>\n\t<meta property=\"og:image:width\" content=\"1024\" \/>\n\t<meta property=\"og:image:height\" content=\"1024\" \/>\n\t<meta property=\"og:image:type\" content=\"image\/webp\" \/>\n<meta name=\"twitter:card\" content=\"summary_large_image\" \/>\n<meta name=\"twitter:label1\" content=\"Tempo estimado de leitura\" \/>\n\t<meta name=\"twitter:data1\" content=\"2 minutos\" \/>\n<!-- \/ Yoast SEO plugin. -->","yoast_head_json":{"title":"POLARIS - colecci\u00f3n antigua, Solar, Suelo - Arteconfort","description":"Projector solar LED de encastrar no solo perfeito para a sinaliza\u00e7\u00e3o de qualquer espa\u00e7o. N\u00e3o requer instala\u00e7\u00e3o el\u00e9ctrica uma vez que n\u00e3o tem fios, o que facilita muito a sua montagem. \u00c9 feito com materiais de alta resist\u00eancia, por isso \u00e9 perfeito para qualquer superf\u00edcie, uma vez que \u00e9 resistente a pegadas e ao rolamento do carro. Ref. POLARIS33 Material altamente resistente, adequado para ilumina\u00e7\u00e3o de estradasCarga melhorada devido ao aumento do ganho solar e da qualidade do painel com maior convers\u00e3o de energiaEscolha entre diferentes modos de funcionamento com ou sem sensor de presen\u00e7aEncontre esta luz solar embutida no solo para venda exclusivamente em LEROY MERLIN","robots":{"index":"index","follow":"follow","max-snippet":"max-snippet:-1","max-image-preview":"max-image-preview:large","max-video-preview":"max-video-preview:-1"},"canonical":"https:\/\/arteconfort.com\/pt-pt\/producto\/polaris\/","og_locale":"pt_PT","og_type":"article","og_title":"POLARIS - colecci\u00f3n antigua, Solar, Suelo - Arteconfort","og_description":"Projector solar LED de encastrar no solo perfeito para a sinaliza\u00e7\u00e3o de qualquer espa\u00e7o. N\u00e3o requer instala\u00e7\u00e3o el\u00e9ctrica uma vez que n\u00e3o tem fios, o que facilita muito a sua montagem. \u00c9 feito com materiais de alta resist\u00eancia, por isso \u00e9 perfeito para qualquer superf\u00edcie, uma vez que \u00e9 resistente a pegadas e ao rolamento do carro. Ref. POLARIS33 Material altamente resistente, adequado para ilumina\u00e7\u00e3o de estradasCarga melhorada devido ao aumento do ganho solar e da qualidade do painel com maior convers\u00e3o de energiaEscolha entre diferentes modos de funcionamento com ou sem sensor de presen\u00e7aEncontre esta luz solar embutida no solo para venda exclusivamente em LEROY MERLIN","og_url":"https:\/\/arteconfort.com\/pt-pt\/producto\/polaris\/","og_site_name":"Arteconfort","article_modified_time":"2022-04-21T11:14:07+00:00","og_image":[{"width":1024,"height":1024,"url":"https:\/\/arteconfort.com\/wp-content\/uploads\/2023\/10\/POLARIS-ENCENDIDO.webp","type":"image\/webp"}],"twitter_card":"summary_large_image","twitter_misc":{"Tempo estimado de leitura":"2 minutos"},"schema":{"@context":"https:\/\/schema.org","@graph":[{"@type":"WebPage","@id":"https:\/\/arteconfort.com\/pt-pt\/producto\/polaris\/","url":"https:\/\/arteconfort.com\/pt-pt\/producto\/polaris\/","name":"POLARIS - colecci\u00f3n antigua, Solar, Suelo - Arteconfort","isPartOf":{"@id":"https:\/\/arteconfort.com\/pt-pt\/#website"},"primaryImageOfPage":{"@id":"https:\/\/arteconfort.com\/pt-pt\/producto\/polaris\/#primaryimage"},"image":{"@id":"https:\/\/arteconfort.com\/pt-pt\/producto\/polaris\/#primaryimage"},"thumbnailUrl":"https:\/\/arteconfort.com\/wp-content\/uploads\/2023\/10\/POLARIS-ENCENDIDO.webp","datePublished":"2020-01-30T16:10:12+00:00","dateModified":"2022-04-21T11:14:07+00:00","description":"Projector solar LED de encastrar no solo perfeito para a sinaliza\u00e7\u00e3o de qualquer espa\u00e7o. N\u00e3o requer instala\u00e7\u00e3o el\u00e9ctrica uma vez que n\u00e3o tem fios, o que facilita muito a sua montagem. \u00c9 feito com materiais de alta resist\u00eancia, por isso \u00e9 perfeito para qualquer superf\u00edcie, uma vez que \u00e9 resistente a pegadas e ao rolamento do carro. Ref. POLARIS33 Material altamente resistente, adequado para ilumina\u00e7\u00e3o de estradasCarga melhorada devido ao aumento do ganho solar e da qualidade do painel com maior convers\u00e3o de energiaEscolha entre diferentes modos de funcionamento com ou sem sensor de presen\u00e7aEncontre esta luz solar embutida no solo para venda exclusivamente em LEROY MERLIN","breadcrumb":{"@id":"https:\/\/arteconfort.com\/pt-pt\/producto\/polaris\/#breadcrumb"},"inLanguage":"pt-PT","potentialAction":[{"@type":"ReadAction","target":["https:\/\/arteconfort.com\/pt-pt\/producto\/polaris\/"]}]},{"@type":"ImageObject","inLanguage":"pt-PT","@id":"https:\/\/arteconfort.com\/pt-pt\/producto\/polaris\/#primaryimage","url":"https:\/\/arteconfort.com\/wp-content\/uploads\/2023\/10\/POLARIS-ENCENDIDO.webp","contentUrl":"https:\/\/arteconfort.com\/wp-content\/uploads\/2023\/10\/POLARIS-ENCENDIDO.webp","width":1024,"height":1024,"caption":"POLARIS encendido"},{"@type":"BreadcrumbList","@id":"https:\/\/arteconfort.com\/pt-pt\/producto\/polaris\/#breadcrumb","itemListElement":[{"@type":"ListItem","position":1,"name":"Inicio","item":"https:\/\/arteconfort.com\/pt-pt\/"},{"@type":"ListItem","position":2,"name":"Tienda","item":"https:\/\/arteconfort.com\/pt-pt\/tienda-2\/"},{"@type":"ListItem","position":3,"name":"POLARIS"}]},{"@type":"WebSite","@id":"https:\/\/arteconfort.com\/pt-pt\/#website","url":"https:\/\/arteconfort.com\/pt-pt\/","name":"Arteconfort","description":"Especialistas en productos del hogar","publisher":{"@id":"https:\/\/arteconfort.com\/pt-pt\/#organization"},"potentialAction":[{"@type":"SearchAction","target":{"@type":"EntryPoint","urlTemplate":"https:\/\/arteconfort.com\/pt-pt\/?s={search_term_string}"},"query-input":{"@type":"PropertyValueSpecification","valueRequired":true,"valueName":"search_term_string"}}],"inLanguage":"pt-PT"},{"@type":"Organization","@id":"https:\/\/arteconfort.com\/pt-pt\/#organization","name":"Arteconfort","url":"https:\/\/arteconfort.com\/pt-pt\/","logo":{"@type":"ImageObject","inLanguage":"pt-PT","@id":"https:\/\/arteconfort.com\/pt-pt\/#\/schema\/logo\/image\/","url":"https:\/\/arteconfort.com\/wp-content\/uploads\/2019\/07\/logo-arteconfort.png","contentUrl":"https:\/\/arteconfort.com\/wp-content\/uploads\/2019\/07\/logo-arteconfort.png","width":230,"height":88,"caption":"Arteconfort"},"image":{"@id":"https:\/\/arteconfort.com\/pt-pt\/#\/schema\/logo\/image\/"}}]}},"_links":{"self":[{"href":"https:\/\/arteconfort.com\/pt-pt\/wp-json\/wp\/v2\/product\/11198","targetHints":{"allow":["GET"]}}],"collection":[{"href":"https:\/\/arteconfort.com\/pt-pt\/wp-json\/wp\/v2\/product"}],"about":[{"href":"https:\/\/arteconfort.com\/pt-pt\/wp-json\/wp\/v2\/types\/product"}],"wp:featuredmedia":[{"embeddable":true,"href":"https:\/\/arteconfort.com\/pt-pt\/wp-json\/wp\/v2\/media\/35713"}],"wp:attachment":[{"href":"https:\/\/arteconfort.com\/pt-pt\/wp-json\/wp\/v2\/media?parent=11198"}],"wp:term":[{"taxonomy":"product_brand","embeddable":true,"href":"https:\/\/arteconfort.com\/pt-pt\/wp-json\/wp\/v2\/product_brand?post=11198"},{"taxonomy":"product_cat","embeddable":true,"href":"https:\/\/arteconfort.com\/pt-pt\/wp-json\/wp\/v2\/product_cat?post=11198"},{"taxonomy":"product_tag","embeddable":true,"href":"https:\/\/arteconfort.com\/pt-pt\/wp-json\/wp\/v2\/product_tag?post=11198"}],"curies":[{"name":"wp","href":"https:\/\/api.w.org\/{rel}","templated":true}]}}