{"id":11204,"date":"2019-08-09T07:54:39","date_gmt":"2019-08-09T05:54:39","guid":{"rendered":"https:\/\/arteconfort.com\/producto\/sem%20categoria\/set-hidra\/"},"modified":"2022-04-21T13:17:36","modified_gmt":"2022-04-21T11:17:36","slug":"set-hidra","status":"publish","type":"product","link":"https:\/\/arteconfort.com\/pt-pt\/producto\/set-hidra\/","title":{"rendered":"SET HIDRA"},"content":{"rendered":"<div class=\"wpb-content-wrapper\"><p>[vc_row][vc_column width=&#8221;1\/2&#8243;][vc_accordion collapsible=&#8221;true&#8221; active_tab=&#8221;false&#8221;][vc_accordion_tab title=&#8221;Caracter\u00edsticas gerais&#8221;][vc_column_text]<strong>Dimens\u00f5es<\/strong> Box: 130x30x90mm \/ Painel: 180x230x150mm<br \/>\n<strong>Material<\/strong> Alum\u00ednio<br \/>\n<b>Terminar <\/b>Branco<br \/>\n<strong>Garantia<\/strong> 3 anos[\/vc_column_text][\/vc_accordion_tab][vc_accordion_tab title=&#8221;Painel solar&#8221;][vc_column_text]<strong>Material<\/strong> Sil\u00edcio policristalino<br \/>\n<strong>Tipo de encapsulamento <\/strong>PET<br \/>\n<b>Energia <\/b>4,5W[\/vc_column_text][\/vc_accordion_tab][vc_accordion_tab title=&#8221;Bateria&#8221;][vc_column_text]<strong>Tipo de bateria<\/strong> Li-ion<br \/>\n<strong>Tens\u00e3o de carga<\/strong> 3,7V<br \/>\n<strong>Capacidade<\/strong> 5.000mAh<br \/>\n<strong>Tempo de carregamento <\/strong>8h<br \/>\n<strong>Autonomia<\/strong> L\u00e2mpada 1W: 14h \/ L\u00e2mpada 2W: 7h \/ Conjunto: 5h[\/vc_column_text][\/vc_accordion_tab][vc_accordion_tab title=&#8221;Portos de carregamento&#8221;][vc_column_text]<strong>L\u00e2mpada<\/strong> 2 l\u00e2mpadas LED (1W+2W com cabo de 5m e bot\u00e3o de press\u00e3o)<br \/>\n<strong>USB<\/strong> Sim<br \/>\n<strong>Acess\u00f3rios<\/strong> Cabo micro USB, adaptador tipo C, adaptador para iPhone[\/vc_column_text][\/vc_accordion_tab][\/vc_accordion][\/vc_column][vc_column width=&#8221;1\/2&#8243;][vc_single_image image=&#8221;6344&#8243;][\/vc_column][\/vc_row]<\/p>\n<\/div>","protected":false},"excerpt":{"rendered":"<p>Kit solar com l\u00e2mpadas e bateria. A bateria tem v\u00e1rias portas, uma para ilumina\u00e7\u00e3o, bem como uma para carregamento de telem\u00f3veis. \u00c9 perfeito para barrac\u00f5es de jardim ou bricolage, ou para caminhadas e acampamentos.<br \/>\n<strong>Ref. EHIDRA-005T60SR500LIBLC65D<\/strong>[vc_row][vc_column offset=&#8221;vc_hidden-xs&#8221;][vc_empty_space height=&#8221;30px&#8221;][\/vc_column][\/vc_row][vc_row][vc_column][vc_row_inner][vc_column_inner][wyde_info_box icon_set=&#8221;simple_line&#8221; icon_simple_line=&#8221;sl-picture&#8221; icon_position=&#8221;left&#8221; title=&#8221;IDEAL PARA CAMINHADAS, ACAMPAMENTO OU BIVOUACKING&#8221;]Leve e f\u00e1cil de transportar<br \/>\n[\/wyde_info_box][vc_empty_space height=&#8221;15px&#8221;][\/vc_column_inner][\/vc_row_inner][vc_row_inner][vc_column_inner][wyde_info_box icon_set=&#8221;simple_line&#8221; icon_simple_line=&#8221;sl-screen-smartphone&#8221; icon_position=&#8221;left&#8221; title=&#8221;LIGA\u00c7\u00c3O USB, TIPO C E IPHONE&#8221;]Conectores compat\u00edveis com uma variedade de dispositivos m\u00f3veis[\/wyde_info_box][vc_empty_space height=&#8221;15px&#8221;][\/vc_column_inner][\/vc_row_inner][vc_row_inner][vc_column_inner][wyde_info_box icon_set=&#8221;stroke_gap&#8221; icon_stroke_gap=&#8221;sg-Bulb&#8221; icon_position=&#8221;left&#8221; title=&#8221;2 BL\u00c2MPADAS LED INCLU\u00cdDAS&#8221;]Ser\u00e1 capaz de iluminar \u00e1reas maiores[\/wyde_info_box][vc_empty_space height=&#8221;15px&#8221;][\/vc_column_inner][\/vc_row_inner][\/vc_column][\/vc_row][vc_row][vc_column offset=&#8221;vc_hidden-xs&#8221;][vc_empty_space height=&#8221;60px&#8221;][\/vc_column][\/vc_row][vc_row][vc_column width=&#8221;1\/3&#8243;][wyde_link_button icon_set=&#8221;simple_line&#8221; icon_simple_line=&#8221;sl-settings&#8221; style=&#8221;round&#8221; title=&#8221;Instru\u00e7\u00f5es&#8221; link=&#8221;url:http%3A%2F%2Farteconfort.com%2Fwp-content%2Fuploads%2F2020%2F01%2Fim-HIDRA.pdf||target:%20_blank|rel:nofollow&#8221; color=&#8221;#ffffff&#8221; bg_color=&#8221;#222222&#8243;][\/vc_column][\/vc_row][vc_row][vc_column offset=&#8221;vc_hidden-xs&#8221;][vc_empty_space][\/vc_column][\/vc_row][vc_row][vc_column][vc_empty_space height=&#8221;20px&#8221;][\/vc_column][\/vc_row]<!--[vc_row background_mode=\"color\" background_color=\"#f5f5f5\"][vc_column text_align=\"center\"][vc_row_inner padding_size=\"m-padding\"][vc_column_inner text_align=\"center\"][vc_single_image alignment=\"center\" image=\"1046\"][vc_column_text]Encontre este kit solar para venda exclusivamente em LEROY MERLIN[\/vc_column_text][vc_empty_space height=\"15px\"][wyde_link_button icon_set=\"simple_line\" icon_simple_line=\"sl-login\" style=\"outline round\" title=\"Ir para Leroy Merlin\" link=\"url:https%3A%2F%2Fwww.leroymerlin.es%2Ffp%2F82051905%2Fkit-solar-cargador-movil-e-iluminacion-arte-hidra||target:%20_blank|rel:nofollow\" color=\"#61b4e4\" hover_color=\"#ffffff\"][\/vc_column_inner][\/vc_row_inner][\/vc_column][\/vc_row]--><\/p>\n","protected":false},"featured_media":31913,"template":"","meta":[],"product_brand":[],"product_cat":[341,338],"product_tag":[],"class_list":{"0":"post-11204","1":"product","2":"type-product","3":"status-publish","4":"has-post-thumbnail","6":"product_cat-iluminacion-solar-de-pared-pt-pt","7":"product_cat-solar-pt-pt","9":"first","10":"instock","11":"shipping-taxable","12":"product-type-external"},"yoast_head":"<!-- This site is optimized with the Yoast SEO plugin v26.5 - https:\/\/yoast.com\/wordpress\/plugins\/seo\/ -->\n<title>SET HIDRA - Pared, Solar - Arteconfort<\/title>\n<meta name=\"description\" content=\"Kit solar com l\u00e2mpadas e bateria. A bateria tem v\u00e1rias portas, uma para ilumina\u00e7\u00e3o, bem como uma para carregamento de telem\u00f3veis. \u00c9 perfeito para barrac\u00f5es de jardim ou bricolage, ou para caminhadas e acampamentos. Ref. EHIDRA-005T60SR500LIBLC65DLeve e f\u00e1cil de transportar Conectores compat\u00edveis com uma variedade de dispositivos m\u00f3veisSer\u00e1 capaz de iluminar \u00e1reas maiores\" \/>\n<meta name=\"robots\" content=\"index, follow, max-snippet:-1, max-image-preview:large, max-video-preview:-1\" \/>\n<link rel=\"canonical\" href=\"https:\/\/arteconfort.com\/pt-pt\/producto\/set-hidra\/\" \/>\n<meta property=\"og:locale\" content=\"pt_PT\" \/>\n<meta property=\"og:type\" content=\"article\" \/>\n<meta property=\"og:title\" content=\"SET HIDRA - Pared, Solar - Arteconfort\" \/>\n<meta property=\"og:description\" content=\"Kit solar com l\u00e2mpadas e bateria. A bateria tem v\u00e1rias portas, uma para ilumina\u00e7\u00e3o, bem como uma para carregamento de telem\u00f3veis. \u00c9 perfeito para barrac\u00f5es de jardim ou bricolage, ou para caminhadas e acampamentos. Ref. EHIDRA-005T60SR500LIBLC65DLeve e f\u00e1cil de transportar Conectores compat\u00edveis com uma variedade de dispositivos m\u00f3veisSer\u00e1 capaz de iluminar \u00e1reas maiores\" \/>\n<meta property=\"og:url\" content=\"https:\/\/arteconfort.com\/pt-pt\/producto\/set-hidra\/\" \/>\n<meta property=\"og:site_name\" content=\"Arteconfort\" \/>\n<meta property=\"article:modified_time\" content=\"2022-04-21T11:17:36+00:00\" \/>\n<meta property=\"og:image\" content=\"https:\/\/arteconfort.com\/wp-content\/uploads\/2023\/10\/HIDRA-SET.webp\" \/>\n\t<meta property=\"og:image:width\" content=\"1024\" \/>\n\t<meta property=\"og:image:height\" content=\"1024\" \/>\n\t<meta property=\"og:image:type\" content=\"image\/webp\" \/>\n<meta name=\"twitter:card\" content=\"summary_large_image\" \/>\n<meta name=\"twitter:label1\" content=\"Tempo estimado de leitura\" \/>\n\t<meta name=\"twitter:data1\" content=\"1 minuto\" \/>\n<!-- \/ Yoast SEO plugin. -->","yoast_head_json":{"title":"SET HIDRA - Pared, Solar - Arteconfort","description":"Kit solar com l\u00e2mpadas e bateria. A bateria tem v\u00e1rias portas, uma para ilumina\u00e7\u00e3o, bem como uma para carregamento de telem\u00f3veis. \u00c9 perfeito para barrac\u00f5es de jardim ou bricolage, ou para caminhadas e acampamentos. Ref. EHIDRA-005T60SR500LIBLC65DLeve e f\u00e1cil de transportar Conectores compat\u00edveis com uma variedade de dispositivos m\u00f3veisSer\u00e1 capaz de iluminar \u00e1reas maiores","robots":{"index":"index","follow":"follow","max-snippet":"max-snippet:-1","max-image-preview":"max-image-preview:large","max-video-preview":"max-video-preview:-1"},"canonical":"https:\/\/arteconfort.com\/pt-pt\/producto\/set-hidra\/","og_locale":"pt_PT","og_type":"article","og_title":"SET HIDRA - Pared, Solar - Arteconfort","og_description":"Kit solar com l\u00e2mpadas e bateria. A bateria tem v\u00e1rias portas, uma para ilumina\u00e7\u00e3o, bem como uma para carregamento de telem\u00f3veis. \u00c9 perfeito para barrac\u00f5es de jardim ou bricolage, ou para caminhadas e acampamentos. Ref. EHIDRA-005T60SR500LIBLC65DLeve e f\u00e1cil de transportar Conectores compat\u00edveis com uma variedade de dispositivos m\u00f3veisSer\u00e1 capaz de iluminar \u00e1reas maiores","og_url":"https:\/\/arteconfort.com\/pt-pt\/producto\/set-hidra\/","og_site_name":"Arteconfort","article_modified_time":"2022-04-21T11:17:36+00:00","og_image":[{"width":1024,"height":1024,"url":"https:\/\/arteconfort.com\/wp-content\/uploads\/2023\/10\/HIDRA-SET.webp","type":"image\/webp"}],"twitter_card":"summary_large_image","twitter_misc":{"Tempo estimado de leitura":"1 minuto"},"schema":{"@context":"https:\/\/schema.org","@graph":[{"@type":"WebPage","@id":"https:\/\/arteconfort.com\/pt-pt\/producto\/set-hidra\/","url":"https:\/\/arteconfort.com\/pt-pt\/producto\/set-hidra\/","name":"SET HIDRA - Pared, Solar - Arteconfort","isPartOf":{"@id":"https:\/\/arteconfort.com\/pt-pt\/#website"},"primaryImageOfPage":{"@id":"https:\/\/arteconfort.com\/pt-pt\/producto\/set-hidra\/#primaryimage"},"image":{"@id":"https:\/\/arteconfort.com\/pt-pt\/producto\/set-hidra\/#primaryimage"},"thumbnailUrl":"https:\/\/arteconfort.com\/wp-content\/uploads\/2023\/10\/HIDRA-SET.webp","datePublished":"2019-08-09T05:54:39+00:00","dateModified":"2022-04-21T11:17:36+00:00","description":"Kit solar com l\u00e2mpadas e bateria. A bateria tem v\u00e1rias portas, uma para ilumina\u00e7\u00e3o, bem como uma para carregamento de telem\u00f3veis. \u00c9 perfeito para barrac\u00f5es de jardim ou bricolage, ou para caminhadas e acampamentos. Ref. EHIDRA-005T60SR500LIBLC65DLeve e f\u00e1cil de transportar Conectores compat\u00edveis com uma variedade de dispositivos m\u00f3veisSer\u00e1 capaz de iluminar \u00e1reas maiores","breadcrumb":{"@id":"https:\/\/arteconfort.com\/pt-pt\/producto\/set-hidra\/#breadcrumb"},"inLanguage":"pt-PT","potentialAction":[{"@type":"ReadAction","target":["https:\/\/arteconfort.com\/pt-pt\/producto\/set-hidra\/"]}]},{"@type":"ImageObject","inLanguage":"pt-PT","@id":"https:\/\/arteconfort.com\/pt-pt\/producto\/set-hidra\/#primaryimage","url":"https:\/\/arteconfort.com\/wp-content\/uploads\/2023\/10\/HIDRA-SET.webp","contentUrl":"https:\/\/arteconfort.com\/wp-content\/uploads\/2023\/10\/HIDRA-SET.webp","width":1024,"height":1024,"caption":"HIDRA SET"},{"@type":"BreadcrumbList","@id":"https:\/\/arteconfort.com\/pt-pt\/producto\/set-hidra\/#breadcrumb","itemListElement":[{"@type":"ListItem","position":1,"name":"Inicio","item":"https:\/\/arteconfort.com\/pt-pt\/"},{"@type":"ListItem","position":2,"name":"Tienda","item":"https:\/\/arteconfort.com\/pt-pt\/tienda-2\/"},{"@type":"ListItem","position":3,"name":"SET HIDRA"}]},{"@type":"WebSite","@id":"https:\/\/arteconfort.com\/pt-pt\/#website","url":"https:\/\/arteconfort.com\/pt-pt\/","name":"Arteconfort","description":"Especialistas en productos del hogar","publisher":{"@id":"https:\/\/arteconfort.com\/pt-pt\/#organization"},"potentialAction":[{"@type":"SearchAction","target":{"@type":"EntryPoint","urlTemplate":"https:\/\/arteconfort.com\/pt-pt\/?s={search_term_string}"},"query-input":{"@type":"PropertyValueSpecification","valueRequired":true,"valueName":"search_term_string"}}],"inLanguage":"pt-PT"},{"@type":"Organization","@id":"https:\/\/arteconfort.com\/pt-pt\/#organization","name":"Arteconfort","url":"https:\/\/arteconfort.com\/pt-pt\/","logo":{"@type":"ImageObject","inLanguage":"pt-PT","@id":"https:\/\/arteconfort.com\/pt-pt\/#\/schema\/logo\/image\/","url":"https:\/\/arteconfort.com\/wp-content\/uploads\/2019\/07\/logo-arteconfort.png","contentUrl":"https:\/\/arteconfort.com\/wp-content\/uploads\/2019\/07\/logo-arteconfort.png","width":230,"height":88,"caption":"Arteconfort"},"image":{"@id":"https:\/\/arteconfort.com\/pt-pt\/#\/schema\/logo\/image\/"}}]}},"_links":{"self":[{"href":"https:\/\/arteconfort.com\/pt-pt\/wp-json\/wp\/v2\/product\/11204","targetHints":{"allow":["GET"]}}],"collection":[{"href":"https:\/\/arteconfort.com\/pt-pt\/wp-json\/wp\/v2\/product"}],"about":[{"href":"https:\/\/arteconfort.com\/pt-pt\/wp-json\/wp\/v2\/types\/product"}],"wp:featuredmedia":[{"embeddable":true,"href":"https:\/\/arteconfort.com\/pt-pt\/wp-json\/wp\/v2\/media\/31913"}],"wp:attachment":[{"href":"https:\/\/arteconfort.com\/pt-pt\/wp-json\/wp\/v2\/media?parent=11204"}],"wp:term":[{"taxonomy":"product_brand","embeddable":true,"href":"https:\/\/arteconfort.com\/pt-pt\/wp-json\/wp\/v2\/product_brand?post=11204"},{"taxonomy":"product_cat","embeddable":true,"href":"https:\/\/arteconfort.com\/pt-pt\/wp-json\/wp\/v2\/product_cat?post=11204"},{"taxonomy":"product_tag","embeddable":true,"href":"https:\/\/arteconfort.com\/pt-pt\/wp-json\/wp\/v2\/product_tag?post=11204"}],"curies":[{"name":"wp","href":"https:\/\/api.w.org\/{rel}","templated":true}]}}