{"id":11207,"date":"2020-12-18T11:59:00","date_gmt":"2020-12-18T10:59:00","guid":{"rendered":"https:\/\/arteconfort.com\/producto\/sem%20categoria\/stella\/"},"modified":"2022-04-21T13:24:46","modified_gmt":"2022-04-21T11:24:46","slug":"stella","status":"publish","type":"product","link":"https:\/\/arteconfort.com\/pt-pt\/producto\/stella\/","title":{"rendered":"STELLA"},"content":{"rendered":"<div class=\"wpb-content-wrapper\"><p>[vc_row][vc_column width=&#8221;1\/2&#8243;][vc_accordion collapsible=&#8221;true&#8221; active_tab=&#8221;false&#8221;][vc_accordion_tab title=&#8221;Caracter\u00edsticas gerais&#8221;][vc_column_text]<strong>Dimens\u00f5es<\/strong> 6,5m<br \/>\n<strong>Material<\/strong> ABS<br \/>\n<b>Terminar <\/b>Preto\/Transparente<br \/>\n<strong>IP<\/strong> 65<br \/>\n<strong>Garantia<\/strong> 3 anos[\/vc_column_text][\/vc_accordion_tab][vc_accordion_tab title=&#8221;Painel solar&#8221;][vc_column_text]<strong>Material<\/strong> Policristalino<br \/>\n<strong>Tipo de encapsulamento <\/strong>Sil\u00edcona<br \/>\n<strong>Voltagem<\/strong> 2V [\/vc_column_text][\/vc_accordion_tab][vc_accordion_tab title=&#8221;Bateria&#8221;][vc_column_text]<strong>Tipo de bateria<\/strong> AA Ni-MH<br \/>\n<strong>Tens\u00e3o de carga<\/strong> 1,2V<br \/>\n<strong>Capacidade<\/strong> 600mAh<br \/>\n<strong>Tempo de carregamento <\/strong>8-12h<br \/>\n<strong>Autonomia<\/strong> M\u00e1x. 8h[\/vc_column_text][\/vc_accordion_tab][vc_accordion_tab title=&#8221;LED&#8221;][vc_column_text]<strong>N\u00famero de LED<\/strong> 30<br \/>\n<strong>\u00c2ngulo de abertura <\/strong>360\u00ba<br \/>\n<strong>CCT<\/strong> RGB[\/vc_column_text][\/vc_accordion_tab][vc_accordion_tab title=&#8221;Modos de funcionamento&#8221;][vc_column_text]<strong>Modos de pot\u00eancia <\/strong>8 modos[\/vc_column_text][\/vc_accordion_tab][vc_accordion_tab title=&#8221;Sensor&#8221;][vc_column_text]<strong>Sensor<\/strong> N\u00e3o[\/vc_column_text][\/vc_accordion_tab][\/vc_accordion][\/vc_column][vc_column width=&#8221;1\/2&#8243;][vc_single_image image=&#8221;8908&#8243;][\/vc_column][\/vc_row]<\/p>\n<\/div>","protected":false},"excerpt":{"rendered":"<p>A grinalda solar STELLA \u00e9 perfeita para criar uma atmosfera especial, quente e divertida no seu terra\u00e7o, jardim ou alpendre. Tem 6,5 cm de comprimento e tem l\u00e2mpadas LED coloridas que se iluminam em at\u00e9 8 combina\u00e7\u00f5es diferentes.<br \/>\n<strong>Ref.STELLANG31<\/strong>[vc_row][vc_column offset=&#8221;vc_hidden-xs&#8221;][vc_empty_space height=&#8221;30px&#8221;][\/vc_column][\/vc_row][vc_row][vc_column][vc_row_inner][vc_column_inner][wyde_info_box icon_set=&#8221;bigmug_line&#8221; icon_bigmug_line=&#8221;bigmug-line-equalizar2&#8243; icon_position=&#8221;left&#8221; title=&#8221; 8 MODOS DE ILUMINA\u00c7\u00c3O&#8221;]Elige el modo de funcionamiento que desees[\/wyde_info_box][vc_empty_space height=&#8221;15px&#8221;][\/vc_column_inner][\/vc_row_inner][vc_row_inner][vc_column_inner][wyde_info_box icon_set=&#8221;simple_line&#8221; icon_simple_line=&#8221;sl-eye&#8221; icon_position=&#8221;left&#8221; title=&#8221;ILUMINA\u00c7\u00c3O DECORATIVA COLORIDA&#8221;]Criar atmosferas diferentes com a luz decorativa colorida[\/wyde_info_box][vc_empty_space height=&#8221;15px&#8221;][\/vc_column_inner][\/vc_row_inner][\/vc_column][\/vc_row][vc_row][vc_column offset=&#8221;vc_hidden-xs&#8221;][vc_empty_space height=&#8221;60px&#8221;][\/vc_column][\/vc_row][vc_row][vc_column width=&#8221;1\/3&#8243;][wyde_link_button icon_set=&#8221;simple_line&#8221; icon_simple_line=&#8221;sl-settings&#8221; style=&#8221;round&#8221; title=&#8221;Instru\u00e7\u00f5es&#8221; link=&#8221;url:https%3A%2F%2Farteconfort.com%2Fwp-content%2Fuploads%2F2020%2F12%2Fim-STELLA.pdf||target:%20_blank|rel:nofollow&#8221; color=&#8221;#ffffff&#8221; bg_color=&#8221;#222222&#8243;][\/vc_column][\/vc_row][vc_row][vc_column offset=&#8221;vc_hidden-xs&#8221;][vc_empty_space][\/vc_column][\/vc_row]<\/p>\n","protected":false},"featured_media":36962,"template":"","meta":[],"product_brand":[],"product_cat":[341,338],"product_tag":[],"class_list":{"0":"post-11207","1":"product","2":"type-product","3":"status-publish","4":"has-post-thumbnail","6":"product_cat-iluminacion-solar-de-pared-pt-pt","7":"product_cat-solar-pt-pt","9":"first","10":"instock","11":"shipping-taxable","12":"product-type-external"},"yoast_head":"<!-- This site is optimized with the Yoast SEO plugin v26.5 - https:\/\/yoast.com\/wordpress\/plugins\/seo\/ -->\n<title>STELLA - Pared, Solar - Arteconfort<\/title>\n<meta name=\"description\" content=\"A grinalda solar STELLA \u00e9 perfeita para criar uma atmosfera especial, quente e divertida no seu terra\u00e7o, jardim ou alpendre. Tem 6,5 cm de comprimento e tem l\u00e2mpadas LED coloridas que se iluminam em at\u00e9 8 combina\u00e7\u00f5es diferentes. Ref.STELLANG31Elige el modo de funcionamiento que deseesCriar atmosferas diferentes com a luz decorativa colorida\" \/>\n<meta name=\"robots\" content=\"index, follow, max-snippet:-1, max-image-preview:large, max-video-preview:-1\" \/>\n<link rel=\"canonical\" href=\"https:\/\/arteconfort.com\/pt-pt\/producto\/stella\/\" \/>\n<meta property=\"og:locale\" content=\"pt_PT\" \/>\n<meta property=\"og:type\" content=\"article\" \/>\n<meta property=\"og:title\" content=\"STELLA - Pared, Solar - Arteconfort\" \/>\n<meta property=\"og:description\" content=\"A grinalda solar STELLA \u00e9 perfeita para criar uma atmosfera especial, quente e divertida no seu terra\u00e7o, jardim ou alpendre. Tem 6,5 cm de comprimento e tem l\u00e2mpadas LED coloridas que se iluminam em at\u00e9 8 combina\u00e7\u00f5es diferentes. Ref.STELLANG31Elige el modo de funcionamiento que deseesCriar atmosferas diferentes com a luz decorativa colorida\" \/>\n<meta property=\"og:url\" content=\"https:\/\/arteconfort.com\/pt-pt\/producto\/stella\/\" \/>\n<meta property=\"og:site_name\" content=\"Arteconfort\" \/>\n<meta property=\"article:modified_time\" content=\"2022-04-21T11:24:46+00:00\" \/>\n<meta property=\"og:image\" content=\"https:\/\/arteconfort.com\/wp-content\/uploads\/2020\/12\/STELLA-AMBIENTE.webp\" \/>\n\t<meta property=\"og:image:width\" content=\"1024\" \/>\n\t<meta property=\"og:image:height\" content=\"1024\" \/>\n\t<meta property=\"og:image:type\" content=\"image\/webp\" \/>\n<meta name=\"twitter:card\" content=\"summary_large_image\" \/>\n<meta name=\"twitter:label1\" content=\"Tempo estimado de leitura\" \/>\n\t<meta name=\"twitter:data1\" content=\"1 minuto\" \/>\n<!-- \/ Yoast SEO plugin. -->","yoast_head_json":{"title":"STELLA - Pared, Solar - Arteconfort","description":"A grinalda solar STELLA \u00e9 perfeita para criar uma atmosfera especial, quente e divertida no seu terra\u00e7o, jardim ou alpendre. Tem 6,5 cm de comprimento e tem l\u00e2mpadas LED coloridas que se iluminam em at\u00e9 8 combina\u00e7\u00f5es diferentes. Ref.STELLANG31Elige el modo de funcionamiento que deseesCriar atmosferas diferentes com a luz decorativa colorida","robots":{"index":"index","follow":"follow","max-snippet":"max-snippet:-1","max-image-preview":"max-image-preview:large","max-video-preview":"max-video-preview:-1"},"canonical":"https:\/\/arteconfort.com\/pt-pt\/producto\/stella\/","og_locale":"pt_PT","og_type":"article","og_title":"STELLA - Pared, Solar - Arteconfort","og_description":"A grinalda solar STELLA \u00e9 perfeita para criar uma atmosfera especial, quente e divertida no seu terra\u00e7o, jardim ou alpendre. Tem 6,5 cm de comprimento e tem l\u00e2mpadas LED coloridas que se iluminam em at\u00e9 8 combina\u00e7\u00f5es diferentes. Ref.STELLANG31Elige el modo de funcionamiento que deseesCriar atmosferas diferentes com a luz decorativa colorida","og_url":"https:\/\/arteconfort.com\/pt-pt\/producto\/stella\/","og_site_name":"Arteconfort","article_modified_time":"2022-04-21T11:24:46+00:00","og_image":[{"width":1024,"height":1024,"url":"https:\/\/arteconfort.com\/wp-content\/uploads\/2020\/12\/STELLA-AMBIENTE.webp","type":"image\/webp"}],"twitter_card":"summary_large_image","twitter_misc":{"Tempo estimado de leitura":"1 minuto"},"schema":{"@context":"https:\/\/schema.org","@graph":[{"@type":"WebPage","@id":"https:\/\/arteconfort.com\/pt-pt\/producto\/stella\/","url":"https:\/\/arteconfort.com\/pt-pt\/producto\/stella\/","name":"STELLA - Pared, Solar - Arteconfort","isPartOf":{"@id":"https:\/\/arteconfort.com\/pt-pt\/#website"},"primaryImageOfPage":{"@id":"https:\/\/arteconfort.com\/pt-pt\/producto\/stella\/#primaryimage"},"image":{"@id":"https:\/\/arteconfort.com\/pt-pt\/producto\/stella\/#primaryimage"},"thumbnailUrl":"https:\/\/arteconfort.com\/wp-content\/uploads\/2020\/12\/STELLA-AMBIENTE.webp","datePublished":"2020-12-18T10:59:00+00:00","dateModified":"2022-04-21T11:24:46+00:00","description":"A grinalda solar STELLA \u00e9 perfeita para criar uma atmosfera especial, quente e divertida no seu terra\u00e7o, jardim ou alpendre. Tem 6,5 cm de comprimento e tem l\u00e2mpadas LED coloridas que se iluminam em at\u00e9 8 combina\u00e7\u00f5es diferentes. Ref.STELLANG31Elige el modo de funcionamiento que deseesCriar atmosferas diferentes com a luz decorativa colorida","breadcrumb":{"@id":"https:\/\/arteconfort.com\/pt-pt\/producto\/stella\/#breadcrumb"},"inLanguage":"pt-PT","potentialAction":[{"@type":"ReadAction","target":["https:\/\/arteconfort.com\/pt-pt\/producto\/stella\/"]}]},{"@type":"ImageObject","inLanguage":"pt-PT","@id":"https:\/\/arteconfort.com\/pt-pt\/producto\/stella\/#primaryimage","url":"https:\/\/arteconfort.com\/wp-content\/uploads\/2020\/12\/STELLA-AMBIENTE.webp","contentUrl":"https:\/\/arteconfort.com\/wp-content\/uploads\/2020\/12\/STELLA-AMBIENTE.webp","width":1024,"height":1024,"caption":"Guirnalda solar STELLA luz ambiente"},{"@type":"BreadcrumbList","@id":"https:\/\/arteconfort.com\/pt-pt\/producto\/stella\/#breadcrumb","itemListElement":[{"@type":"ListItem","position":1,"name":"Inicio","item":"https:\/\/arteconfort.com\/pt-pt\/"},{"@type":"ListItem","position":2,"name":"Tienda","item":"https:\/\/arteconfort.com\/pt-pt\/tienda-2\/"},{"@type":"ListItem","position":3,"name":"STELLA"}]},{"@type":"WebSite","@id":"https:\/\/arteconfort.com\/pt-pt\/#website","url":"https:\/\/arteconfort.com\/pt-pt\/","name":"Arteconfort","description":"Especialistas en productos del hogar","publisher":{"@id":"https:\/\/arteconfort.com\/pt-pt\/#organization"},"potentialAction":[{"@type":"SearchAction","target":{"@type":"EntryPoint","urlTemplate":"https:\/\/arteconfort.com\/pt-pt\/?s={search_term_string}"},"query-input":{"@type":"PropertyValueSpecification","valueRequired":true,"valueName":"search_term_string"}}],"inLanguage":"pt-PT"},{"@type":"Organization","@id":"https:\/\/arteconfort.com\/pt-pt\/#organization","name":"Arteconfort","url":"https:\/\/arteconfort.com\/pt-pt\/","logo":{"@type":"ImageObject","inLanguage":"pt-PT","@id":"https:\/\/arteconfort.com\/pt-pt\/#\/schema\/logo\/image\/","url":"https:\/\/arteconfort.com\/wp-content\/uploads\/2019\/07\/logo-arteconfort.png","contentUrl":"https:\/\/arteconfort.com\/wp-content\/uploads\/2019\/07\/logo-arteconfort.png","width":230,"height":88,"caption":"Arteconfort"},"image":{"@id":"https:\/\/arteconfort.com\/pt-pt\/#\/schema\/logo\/image\/"}}]}},"_links":{"self":[{"href":"https:\/\/arteconfort.com\/pt-pt\/wp-json\/wp\/v2\/product\/11207","targetHints":{"allow":["GET"]}}],"collection":[{"href":"https:\/\/arteconfort.com\/pt-pt\/wp-json\/wp\/v2\/product"}],"about":[{"href":"https:\/\/arteconfort.com\/pt-pt\/wp-json\/wp\/v2\/types\/product"}],"wp:featuredmedia":[{"embeddable":true,"href":"https:\/\/arteconfort.com\/pt-pt\/wp-json\/wp\/v2\/media\/36962"}],"wp:attachment":[{"href":"https:\/\/arteconfort.com\/pt-pt\/wp-json\/wp\/v2\/media?parent=11207"}],"wp:term":[{"taxonomy":"product_brand","embeddable":true,"href":"https:\/\/arteconfort.com\/pt-pt\/wp-json\/wp\/v2\/product_brand?post=11207"},{"taxonomy":"product_cat","embeddable":true,"href":"https:\/\/arteconfort.com\/pt-pt\/wp-json\/wp\/v2\/product_cat?post=11207"},{"taxonomy":"product_tag","embeddable":true,"href":"https:\/\/arteconfort.com\/pt-pt\/wp-json\/wp\/v2\/product_tag?post=11207"}],"curies":[{"name":"wp","href":"https:\/\/api.w.org\/{rel}","templated":true}]}}