{"id":11216,"date":"2020-01-28T17:49:13","date_gmt":"2020-01-28T16:49:13","guid":{"rendered":"https:\/\/arteconfort.com\/producto\/sem%20categoria\/tempel-sobremuro\/"},"modified":"2022-04-21T13:33:57","modified_gmt":"2022-04-21T11:33:57","slug":"tempel-sobremuro","status":"publish","type":"product","link":"https:\/\/arteconfort.com\/pt-pt\/producto\/tempel-sobremuro\/","title":{"rendered":"TEMPEL SOBREMURO"},"content":{"rendered":"<div class=\"wpb-content-wrapper\"><p>[vc_row][vc_column][vc_row_inner][vc_column_inner width=&#8221;1\/4&#8243; offset=&#8221;vc_col-xs-6&#8243;][wyde_info_box icon_set=&#8221;simple_line&#8221; icon_simple_line=&#8221;sl-rocket&#8221; title=&#8221;MAIOR EFICI\u00caNCIA E CAPACIDADE DA BATERIA&#8221;]Para uma autonomia mais duradoura[\/wyde_info_box][\/vc_column_inner][vc_column_inner width=&#8221;1\/4&#8243; offset=&#8221;vc_col-xs-6&#8243;][wyde_info_box icon_set=&#8221;simple_line&#8221; icon_simple_line=&#8221;sl-like&#8221; title=&#8221;F\u00c1CIL INSTALA\u00c7\u00c3O&#8221;]Basta aparafus\u00e1-lo ao ch\u00e3o, sem liga\u00e7\u00f5es el\u00e9ctricas, sem cabos[\/wyde_info_box][\/vc_column_inner][vc_column_inner width=&#8221;1\/4&#8243; offset=&#8221;vc_col-xs-6&#8243;][wyde_info_box icon_set=&#8221;simple_line&#8221; icon_simple_line=&#8221;sl-anchor&#8221; title=&#8221;A\u00c7O INOXID\u00c1VEL&#8221;]Resistente \u00e0 corros\u00e3o, altamente resistente a influ\u00eancias externas[\/wyde_info_box][\/vc_column_inner][vc_column_inner width=&#8221;1\/4&#8243; offset=&#8221;vc_col-xs-6&#8243;][wyde_info_box icon_set=&#8221;simple_line&#8221; icon_simple_line=&#8221;sl-eyeglasses&#8221; title=&#8221;VIDRO \u00c1CIDO&#8221;]Permite uma melhor dispers\u00e3o da luz[\/wyde_info_box][\/vc_column_inner][\/vc_row_inner][vc_row_inner][vc_column_inner offset=&#8221;vc_hidden-xs&#8221;][vc_empty_space height=&#8221;60px&#8221;][\/vc_column_inner][\/vc_row_inner][\/vc_column][\/vc_row][vc_row][vc_column width=&#8221;1\/2&#8243;][vc_accordion collapsible=&#8221;true&#8221; active_tab=&#8221;false&#8221;][vc_accordion_tab title=&#8221;Caracter\u00edsticas gerais&#8221;][vc_column_text]<strong>Dimens\u00f5es<\/strong> 260x269x298mm<br \/>\n<strong>Material<\/strong> Alum\u00ednio\/Vidro \u00e1cido<br \/>\n<b>Terminar <\/b>Preto<br \/>\n<strong>IP<\/strong> 44<br \/>\n<strong>Garantia<\/strong> 3 anos[\/vc_column_text][\/vc_accordion_tab][vc_accordion_tab title=&#8221;Painel solar&#8221;][vc_column_text]<strong>Material<\/strong> Monocristalino<br \/>\n<strong>Tipo de encapsulamento <\/strong>Vidro<br \/>\n<b>Energia <\/b>4W [\/vc_column_text][\/vc_accordion_tab][vc_accordion_tab title=&#8221;Bateria&#8221;][vc_column_text]<strong>Tipo de bateria<\/strong> Li-ion 18650<br \/>\n<strong>Tens\u00e3o de carregamento<\/strong> 3,7V<br \/>\n<strong>Capacidade<\/strong> 4.400mAh<br \/>\n<strong>Tempo de carregamento<\/strong> 8-12h<br \/>\n<strong>Autonomia<\/strong> 12h[\/vc_column_text][\/vc_accordion_tab][vc_accordion_tab title=&#8221;LED&#8221;][vc_column_text]<strong>N\u00famero de LED<\/strong> 12<br \/>\n<strong>Tipo de LED<\/strong> Epistar 2835<br \/>\n<strong>\u00c2ngulo de abertura<\/strong> 120\u00ba<br \/>\n<strong>CCT<\/strong> 4000K<br \/>\n<strong>Fluxo luminoso<\/strong> 500lm[\/vc_column_text][\/vc_accordion_tab][vc_accordion_tab title=&#8221;Modes de funcionamento&#8221;][vc_column_text]<strong>Modo 1<\/strong> Ligado a 100lm. Passa para 500lm quando detecta a presen\u00e7a<br \/>\n<strong>Modo 2<\/strong> Fixo. Funciona sempre a 200ml at\u00e9 a bateria estar vazia[\/vc_column_text][\/vc_accordion_tab][vc_accordion_tab title=&#8221;Sensor&#8221;][vc_column_text]<strong>Sensor<\/strong> Sim<br \/>\n<strong>Dist\u00e2ncia de detec\u00e7\u00e3o<\/strong> 6m<br \/>\n<strong>\u00c2ngulo de detec\u00e7\u00e3o<\/strong> 120\u00ba<br \/>\n<strong>Tempo de cortesia<\/strong> 30s[\/vc_column_text][\/vc_accordion_tab][\/vc_accordion][\/vc_column][vc_column width=&#8221;1\/2&#8243;][vc_single_image image=&#8221;5936&#8243;][\/vc_column][\/vc_row]<\/p>\n<\/div>","protected":false},"excerpt":{"rendered":"<p>Lanterna de parede LED f\u00e1cil de instalar. Tem um desenho intemporal feito de alum\u00ednio e vidro fosco. Tem um sensor de movimento e dois m\u00e9todos de comuta\u00e7\u00e3o.<br \/>\n<strong>Ref. TEMPELNE32<\/strong>[vc_row][vc_column offset=&#8221;vc_hidden-xs&#8221;][vc_empty_space height=&#8221;30px&#8221;][\/vc_column][\/vc_row][vc_row][vc_column][vc_row_inner][vc_column_inner][wyde_info_box icon_set=&#8221;stroke_gap&#8221; icon_stroke_gap=&#8221;sg-Antenna2&#8243; icon_position=&#8221;left&#8221; title=&#8221;SENSOR DE PRESEN\u00c7A&#8221;]Detec\u00e7\u00e3o de movimento e acendimento autom\u00e1tico da luz[\/wyde_info_box][vc_empty_space height=&#8221;15px&#8221;][\/vc_column_inner][\/vc_row_inner][vc_row_inner][vc_column_inner][wyde_info_box icon_set=&#8221;bigmug_line&#8221; icon_bigmug_line=&#8221;bigmug-line-foggy-sun&#8221; icon_position=&#8221;left&#8221; title=&#8221;PAINEL SOLAR COM MAIOR \u00c1REA DE SUPERF\u00cdCIE&#8221;]Carga melhorada devido ao aumento do ganho solar e melhor qualidade do painel com maior convers\u00e3o de energia[\/wyde_info_box][vc_empty_space height=&#8221;15px&#8221;][\/vc_column_inner][\/vc_row_inner][vc_row_inner][vc_column_inner][wyde_info_box icon_set=&#8221;bigmug_line&#8221; icon_bigmug_line=&#8221;bigmug-line-equalizar2&#8243; icon_position=&#8221;left&#8221; title=&#8221;2 MODOS DE IGNI\u00c7\u00c3O&#8221;]Escolha entre diferentes modos de funcionamento com ou sem sensor de presen\u00e7a[\/wyde_info_box][vc_empty_space height=&#8221;15px&#8221;][\/vc_column_inner][\/vc_row_inner][\/vc_column][\/vc_row][vc_row][vc_column offset=&#8221;vc_hidden-xs&#8221;][vc_empty_space height=&#8221;60px&#8221;][\/vc_column][\/vc_row][vc_row][vc_column width=&#8221;1\/3&#8243;][wyde_link_button icon_set=&#8221;simple_line&#8221; icon_simple_line=&#8221;sl-settings&#8221; style=&#8221;round&#8221; title=&#8221;Instru\u00e7\u00f5es&#8221; link=&#8221;url:http%3A%2F%2Farteconfort.com%2Fwp-content%2Fuploads%2F2020%2F01%2Fim-TEMPEL.pdf||target:%20_blank|rel:nofollow&#8221; color=&#8221;#ffffff&#8221; bg_color=&#8221;#222222&#8243;][\/vc_column][\/vc_row][vc_row][vc_column offset=&#8221;vc_hidden-xs&#8221;][vc_empty_space][\/vc_column][\/vc_row]<\/p>\n","protected":false},"featured_media":36939,"template":"","meta":[],"product_brand":[],"product_cat":[1049,353,338],"product_tag":[],"class_list":{"0":"post-11216","1":"product","2":"type-product","3":"status-publish","4":"has-post-thumbnail","6":"product_cat-coleccion-antigua-pt","7":"product_cat-iluminacion-solar-de-sobremuro-pt-pt","8":"product_cat-solar-pt-pt","10":"first","11":"instock","12":"shipping-taxable","13":"product-type-simple"},"yoast_head":"<!-- This site is optimized with the Yoast SEO plugin v26.5 - https:\/\/yoast.com\/wordpress\/plugins\/seo\/ -->\n<title>TEMPEL SOBREMURO - colecci\u00f3n antigua, Sobremuro, Solar - Arteconfort<\/title>\n<meta name=\"description\" content=\"Lanterna de parede LED f\u00e1cil de instalar. Tem um desenho intemporal feito de alum\u00ednio e vidro fosco. Tem um sensor de movimento e dois m\u00e9todos de comuta\u00e7\u00e3o. Ref. TEMPELNE32Detec\u00e7\u00e3o de movimento e acendimento autom\u00e1tico da luzCarga melhorada devido ao aumento do ganho solar e melhor qualidade do painel com maior convers\u00e3o de energiaEscolha entre diferentes modos de funcionamento com ou sem sensor de presen\u00e7a\" \/>\n<meta name=\"robots\" content=\"index, follow, max-snippet:-1, max-image-preview:large, max-video-preview:-1\" \/>\n<link rel=\"canonical\" href=\"https:\/\/arteconfort.com\/pt-pt\/producto\/tempel-sobremuro\/\" \/>\n<meta property=\"og:locale\" content=\"pt_PT\" \/>\n<meta property=\"og:type\" content=\"article\" \/>\n<meta property=\"og:title\" content=\"TEMPEL SOBREMURO - colecci\u00f3n antigua, Sobremuro, Solar - Arteconfort\" \/>\n<meta property=\"og:description\" content=\"Lanterna de parede LED f\u00e1cil de instalar. Tem um desenho intemporal feito de alum\u00ednio e vidro fosco. Tem um sensor de movimento e dois m\u00e9todos de comuta\u00e7\u00e3o. Ref. TEMPELNE32Detec\u00e7\u00e3o de movimento e acendimento autom\u00e1tico da luzCarga melhorada devido ao aumento do ganho solar e melhor qualidade do painel com maior convers\u00e3o de energiaEscolha entre diferentes modos de funcionamento com ou sem sensor de presen\u00e7a\" \/>\n<meta property=\"og:url\" content=\"https:\/\/arteconfort.com\/pt-pt\/producto\/tempel-sobremuro\/\" \/>\n<meta property=\"og:site_name\" content=\"Arteconfort\" \/>\n<meta property=\"article:modified_time\" content=\"2022-04-21T11:33:57+00:00\" \/>\n<meta property=\"og:image\" content=\"https:\/\/arteconfort.com\/wp-content\/uploads\/2020\/01\/TEMPLE-SOBREMURO.webp\" \/>\n\t<meta property=\"og:image:width\" content=\"1024\" \/>\n\t<meta property=\"og:image:height\" content=\"1024\" \/>\n\t<meta property=\"og:image:type\" content=\"image\/webp\" \/>\n<meta name=\"twitter:card\" content=\"summary_large_image\" \/>\n<meta name=\"twitter:label1\" content=\"Tempo estimado de leitura\" \/>\n\t<meta name=\"twitter:data1\" content=\"2 minutos\" \/>\n<!-- \/ Yoast SEO plugin. -->","yoast_head_json":{"title":"TEMPEL SOBREMURO - colecci\u00f3n antigua, Sobremuro, Solar - Arteconfort","description":"Lanterna de parede LED f\u00e1cil de instalar. Tem um desenho intemporal feito de alum\u00ednio e vidro fosco. Tem um sensor de movimento e dois m\u00e9todos de comuta\u00e7\u00e3o. Ref. TEMPELNE32Detec\u00e7\u00e3o de movimento e acendimento autom\u00e1tico da luzCarga melhorada devido ao aumento do ganho solar e melhor qualidade do painel com maior convers\u00e3o de energiaEscolha entre diferentes modos de funcionamento com ou sem sensor de presen\u00e7a","robots":{"index":"index","follow":"follow","max-snippet":"max-snippet:-1","max-image-preview":"max-image-preview:large","max-video-preview":"max-video-preview:-1"},"canonical":"https:\/\/arteconfort.com\/pt-pt\/producto\/tempel-sobremuro\/","og_locale":"pt_PT","og_type":"article","og_title":"TEMPEL SOBREMURO - colecci\u00f3n antigua, Sobremuro, Solar - Arteconfort","og_description":"Lanterna de parede LED f\u00e1cil de instalar. Tem um desenho intemporal feito de alum\u00ednio e vidro fosco. Tem um sensor de movimento e dois m\u00e9todos de comuta\u00e7\u00e3o. Ref. TEMPELNE32Detec\u00e7\u00e3o de movimento e acendimento autom\u00e1tico da luzCarga melhorada devido ao aumento do ganho solar e melhor qualidade do painel com maior convers\u00e3o de energiaEscolha entre diferentes modos de funcionamento com ou sem sensor de presen\u00e7a","og_url":"https:\/\/arteconfort.com\/pt-pt\/producto\/tempel-sobremuro\/","og_site_name":"Arteconfort","article_modified_time":"2022-04-21T11:33:57+00:00","og_image":[{"width":1024,"height":1024,"url":"https:\/\/arteconfort.com\/wp-content\/uploads\/2020\/01\/TEMPLE-SOBREMURO.webp","type":"image\/webp"}],"twitter_card":"summary_large_image","twitter_misc":{"Tempo estimado de leitura":"2 minutos"},"schema":{"@context":"https:\/\/schema.org","@graph":[{"@type":"WebPage","@id":"https:\/\/arteconfort.com\/pt-pt\/producto\/tempel-sobremuro\/","url":"https:\/\/arteconfort.com\/pt-pt\/producto\/tempel-sobremuro\/","name":"TEMPEL SOBREMURO - colecci\u00f3n antigua, Sobremuro, Solar - Arteconfort","isPartOf":{"@id":"https:\/\/arteconfort.com\/pt-pt\/#website"},"primaryImageOfPage":{"@id":"https:\/\/arteconfort.com\/pt-pt\/producto\/tempel-sobremuro\/#primaryimage"},"image":{"@id":"https:\/\/arteconfort.com\/pt-pt\/producto\/tempel-sobremuro\/#primaryimage"},"thumbnailUrl":"https:\/\/arteconfort.com\/wp-content\/uploads\/2020\/01\/TEMPLE-SOBREMURO.webp","datePublished":"2020-01-28T16:49:13+00:00","dateModified":"2022-04-21T11:33:57+00:00","description":"Lanterna de parede LED f\u00e1cil de instalar. Tem um desenho intemporal feito de alum\u00ednio e vidro fosco. Tem um sensor de movimento e dois m\u00e9todos de comuta\u00e7\u00e3o. Ref. TEMPELNE32Detec\u00e7\u00e3o de movimento e acendimento autom\u00e1tico da luzCarga melhorada devido ao aumento do ganho solar e melhor qualidade do painel com maior convers\u00e3o de energiaEscolha entre diferentes modos de funcionamento com ou sem sensor de presen\u00e7a","breadcrumb":{"@id":"https:\/\/arteconfort.com\/pt-pt\/producto\/tempel-sobremuro\/#breadcrumb"},"inLanguage":"pt-PT","potentialAction":[{"@type":"ReadAction","target":["https:\/\/arteconfort.com\/pt-pt\/producto\/tempel-sobremuro\/"]}]},{"@type":"ImageObject","inLanguage":"pt-PT","@id":"https:\/\/arteconfort.com\/pt-pt\/producto\/tempel-sobremuro\/#primaryimage","url":"https:\/\/arteconfort.com\/wp-content\/uploads\/2020\/01\/TEMPLE-SOBREMURO.webp","contentUrl":"https:\/\/arteconfort.com\/wp-content\/uploads\/2020\/01\/TEMPLE-SOBREMURO.webp","width":1024,"height":1024},{"@type":"BreadcrumbList","@id":"https:\/\/arteconfort.com\/pt-pt\/producto\/tempel-sobremuro\/#breadcrumb","itemListElement":[{"@type":"ListItem","position":1,"name":"Inicio","item":"https:\/\/arteconfort.com\/pt-pt\/"},{"@type":"ListItem","position":2,"name":"Tienda","item":"https:\/\/arteconfort.com\/pt-pt\/tienda-2\/"},{"@type":"ListItem","position":3,"name":"TEMPEL SOBREMURO"}]},{"@type":"WebSite","@id":"https:\/\/arteconfort.com\/pt-pt\/#website","url":"https:\/\/arteconfort.com\/pt-pt\/","name":"Arteconfort","description":"Especialistas en productos del hogar","publisher":{"@id":"https:\/\/arteconfort.com\/pt-pt\/#organization"},"potentialAction":[{"@type":"SearchAction","target":{"@type":"EntryPoint","urlTemplate":"https:\/\/arteconfort.com\/pt-pt\/?s={search_term_string}"},"query-input":{"@type":"PropertyValueSpecification","valueRequired":true,"valueName":"search_term_string"}}],"inLanguage":"pt-PT"},{"@type":"Organization","@id":"https:\/\/arteconfort.com\/pt-pt\/#organization","name":"Arteconfort","url":"https:\/\/arteconfort.com\/pt-pt\/","logo":{"@type":"ImageObject","inLanguage":"pt-PT","@id":"https:\/\/arteconfort.com\/pt-pt\/#\/schema\/logo\/image\/","url":"https:\/\/arteconfort.com\/wp-content\/uploads\/2019\/07\/logo-arteconfort.png","contentUrl":"https:\/\/arteconfort.com\/wp-content\/uploads\/2019\/07\/logo-arteconfort.png","width":230,"height":88,"caption":"Arteconfort"},"image":{"@id":"https:\/\/arteconfort.com\/pt-pt\/#\/schema\/logo\/image\/"}}]}},"_links":{"self":[{"href":"https:\/\/arteconfort.com\/pt-pt\/wp-json\/wp\/v2\/product\/11216","targetHints":{"allow":["GET"]}}],"collection":[{"href":"https:\/\/arteconfort.com\/pt-pt\/wp-json\/wp\/v2\/product"}],"about":[{"href":"https:\/\/arteconfort.com\/pt-pt\/wp-json\/wp\/v2\/types\/product"}],"wp:featuredmedia":[{"embeddable":true,"href":"https:\/\/arteconfort.com\/pt-pt\/wp-json\/wp\/v2\/media\/36939"}],"wp:attachment":[{"href":"https:\/\/arteconfort.com\/pt-pt\/wp-json\/wp\/v2\/media?parent=11216"}],"wp:term":[{"taxonomy":"product_brand","embeddable":true,"href":"https:\/\/arteconfort.com\/pt-pt\/wp-json\/wp\/v2\/product_brand?post=11216"},{"taxonomy":"product_cat","embeddable":true,"href":"https:\/\/arteconfort.com\/pt-pt\/wp-json\/wp\/v2\/product_cat?post=11216"},{"taxonomy":"product_tag","embeddable":true,"href":"https:\/\/arteconfort.com\/pt-pt\/wp-json\/wp\/v2\/product_tag?post=11216"}],"curies":[{"name":"wp","href":"https:\/\/api.w.org\/{rel}","templated":true}]}}