{"id":11228,"date":"2020-12-18T14:30:39","date_gmt":"2020-12-18T13:30:39","guid":{"rendered":"https:\/\/arteconfort.com\/producto\/sem%20categoria\/aveiro-pro\/"},"modified":"2022-10-07T11:01:36","modified_gmt":"2022-10-07T09:01:36","slug":"aveiro-pro","status":"publish","type":"product","link":"https:\/\/arteconfort.com\/pt-pt\/producto\/aveiro-pro\/","title":{"rendered":"AVEIRO PRO"},"content":{"rendered":"<div class=\"wpb-content-wrapper\"><p>[vc_row][vc_column][vc_empty_space height=&#8221;60px&#8221;][vc_row_inner][vc_column_inner width=&#8221;1\/3&#8243;][wyde_info_box icon_set=&#8221;simple_line&#8221; icon_simple_line=&#8221;sl-energy&#8221; icon_position=&#8221;left&#8221; title=&#8221;CARACTER\u00cdSTICAS F\u00cdSICAS E EL\u00c9CTRICAS&#8221;][\/wyde_info_box][vc_empty_space height=&#8221;10px&#8221;][vc_column_text]Altura: <strong>36,5cm<\/strong><br \/>\nDi\u00e2metro: <strong>112 cm<\/strong><br \/>\nPeso: <strong>&#8211;<\/strong><br \/>\nMaterial do corpo: <strong>Metal<\/strong><br \/>\nMaterial da l\u00e2mina: <strong>Contraplacado<\/strong><br \/>\nAcabamento do corpo: <strong>Branco mate<\/strong><br \/>\nAcabamento das l\u00e2minas: <strong>Branco e madeira<\/strong><br \/>\nN\u00famero de l\u00e2minas: <strong>4<\/strong><br \/>\nL\u00e2minas revers\u00edveis: <strong>Sim<\/strong><br \/>\nMotor: <strong>DC<\/strong><br \/>\nTens\u00e3o: <strong>230Vac<\/strong><br \/>\nPot\u00eancia de velocidade: <strong>3,2W-4,2W-5,8W-12,2W-15W<\/strong><br \/>\nRPM de velocidades: <strong>119-140-160-186-212-230<\/strong><br \/>\nRu\u00eddo emitido pelas velocidades: <strong>&#8211;<\/strong><br \/>\nTaxa de fluxo de ar das velocidades: <strong>&#8211;<\/strong><br \/>\nSuperf\u00edcie m\u00e1xima recomendada: <strong>&lt;20m<sup>2<\/sup><\/strong><br \/>\nIP: <strong>20<\/strong><br \/>\nInclina\u00e7\u00e3o m\u00e1xima do tecto: <strong>15\u00ba<\/strong><br \/>\nDist\u00e2ncia de seguran\u00e7a: <strong>2,3m<\/strong><br \/>\nIsolamento el\u00e9ctrico: <strong>Classe I<\/strong><br \/>\nAcess\u00f3rios: <strong>Estabilizador<\/strong><br \/>\nGarantia: <strong>Motor 5 anos &#8211; Resto dos componentes 2 anos<\/strong>[\/vc_column_text][\/vc_column_inner][vc_column_inner width=&#8221;1\/3&#8243;][wyde_info_box icon_set=&#8221;simple_line&#8221; icon_simple_line=&#8221;sl-mouse&#8221; icon_position=&#8221;left&#8221; title=&#8221;CONTROLO E FUN\u00c7\u00d5ES&#8221;][\/wyde_info_box][vc_empty_space height=&#8221;10px&#8221;][vc_column_text]Controlo: <strong>Sim<\/strong><br \/>\nBaterias: <strong>2xAAA (N\u00e3o inclu\u00eddas)<\/strong><br \/>\nN\u00famero de velocidades: <strong>6<\/strong><br \/>\nPrograma\u00e7\u00e3o: <strong>At\u00e9 9h<\/strong><br \/>\nModo brisa: <strong>Sim<\/strong><br \/>\nModo Ver\u00e3o\/Inverno: <strong>Sim<\/strong><br \/>\nTerm\u00f3stato: <strong>N\u00e3o<\/strong><br \/>\nLigar a mem\u00f3ria: <strong>Sim<\/strong><br \/>\nLiga\u00e7\u00e3o Wi-Fi: <strong>N\u00e3o<\/strong><br \/>\nLiga\u00e7\u00e3o Bluetooth: <strong>N\u00e3o<\/strong>[\/vc_column_text][\/vc_column_inner][vc_column_inner width=&#8221;1\/3&#8243;][wyde_info_box icon_set=&#8221;stroke_gap&#8221; icon_stroke_gap=&#8221;sg-Bulb&#8221; icon_position=&#8221;left&#8221; title=&#8221;ILUMINA\u00c7\u00c3O&#8221;][\/wyde_info_box][vc_empty_space height=&#8221;10px&#8221;][vc_column_text]Fluxo luminoso: <strong>2.400lm<\/strong><br \/>\nPot\u00eancia LED: <strong>20W<\/strong><br \/>\nTemperatura de cor: <strong>Sim<\/strong><br \/>\nMudan\u00e7a de temperatura de cor:<strong> 3000K-4000K-5500K<\/strong><br \/>\nDiminui\u00e7\u00e3o da luminosidade: <strong>&#8211;<\/strong><br \/>\n\u00c2ngulo de abertura: <strong>160\u00ba<\/strong><br \/>\nVida m\u00e9dia: <strong>&#8211;<\/strong><br \/>\nN\u00famero de igni\u00e7\u00f5es: <strong>&#8211;<\/strong><br \/>\nMem\u00f3ria de temperatura de cor: <strong>Sim<\/strong><br \/>\nR\u00f3tulo de efici\u00eancia energ\u00e9tica: <strong>&#8211;<\/strong>[\/vc_column_text][\/vc_column_inner][\/vc_row_inner][\/vc_column][\/vc_row]<\/p>\n<\/div>","protected":false},"excerpt":{"rendered":"<p>Ventilador de tecto Aveiro Pro com luz LED integrada e mem\u00f3ria de temperatura de cor. Tem um corpo met\u00e1lico e 4 l\u00e2minas em branco e madeira (revers\u00edvel), \u00e9 f\u00e1cil de instalar e adequado para tectos inclinados (at\u00e9 15\u00ba). Tem um motor de corrente cont\u00ednua (corrente cont\u00ednua) altamente eficiente que reduz o consumo de energia enquanto gera uma atmosfera agrad\u00e1vel gra\u00e7as ao seu funcionamento silencioso. Inclui controlo remoto para controlar e alterar os modos de programa\u00e7\u00e3o (at\u00e9 9h), temperatura de cor (3000K-4000K-5500K), velocidades (6) e modo de Inverno-Ver\u00e3o. Este modelo elegante pode ser utilizado em salas com menos de 20m<sup>2<\/sup>.<br \/>\n<strong>Ref. CAVEIR-014P4SMDDCV5BLCD<\/strong>[vc_row][vc_column width=&#8221;1\/3&#8243;][wyde_link_button icon_set=&#8221;simple_line&#8221; icon_simple_line=&#8221;sl-settings&#8221; style=&#8221;round&#8221; title=&#8221;Instru\u00e7\u00f5es&#8221; link=&#8221;url:https%3A%2F%2Farteconfort.com%2Fwp-content%2Fuploads%2F2020%2F12%2Fim-AVEIRO-PRO.pdf||target:%20_blank|rel:nofollow&#8221; color=&#8221;#ffffff&#8221; bg_color=&#8221;#222222&#8243;][\/vc_column][vc_column width=&#8221;1\/3&#8243;][wyde_link_button icon_set=&#8221;simple_line&#8221; icon_simple_line=&#8221;sl-social-youtube&#8221; style=&#8221;outline round&#8221; title=&#8221;Video&#8221; link=&#8221;url:https%3A%2F%2Fwww.youtube.com%2Fwatch%3Fv%3DGUdKAeQ9FIc||target:%20_blank|rel:nofollow&#8221; color=&#8221;#222222&#8243; hover_color=&#8221;#ffffff&#8221;][\/vc_column][\/vc_row][vc_row][vc_column offset=&#8221;vc_hidden-xs&#8221;][vc_empty_space][\/vc_column][\/vc_row][vc_row][vc_column][vc_empty_space height=&#8221;20px&#8221;][\/vc_column][\/vc_row]<\/p>\n","protected":false},"featured_media":28893,"template":"","meta":[],"product_brand":[],"product_cat":[407],"product_tag":[],"class_list":{"0":"post-11228","1":"product","2":"type-product","3":"status-publish","4":"has-post-thumbnail","6":"product_cat-descatalogados-pt-pt","8":"first","9":"instock","10":"shipping-taxable","11":"product-type-external"},"yoast_head":"<!-- This site is optimized with the Yoast SEO plugin v26.5 - https:\/\/yoast.com\/wordpress\/plugins\/seo\/ -->\n<title>AVEIRO PRO - Descatalogados - Arteconfort<\/title>\n<meta name=\"description\" content=\"Ventilador de tecto Aveiro Pro com luz LED integrada e mem\u00f3ria de temperatura de cor. Tem um corpo met\u00e1lico e 4 l\u00e2minas em branco e madeira (revers\u00edvel), \u00e9 f\u00e1cil de instalar e adequado para tectos inclinados (at\u00e9 15\u00ba). Tem um motor de corrente cont\u00ednua (corrente cont\u00ednua) altamente eficiente que reduz o consumo de energia enquanto gera uma atmosfera agrad\u00e1vel gra\u00e7as ao seu funcionamento silencioso. Inclui controlo remoto para controlar e alterar os modos de programa\u00e7\u00e3o (at\u00e9 9h), temperatura de cor (3000K-4000K-5500K), velocidades (6) e modo de Inverno-Ver\u00e3o. Este modelo elegante pode ser utilizado em salas com menos de 20m2. Ref. CAVEIR-014P4SMDDCV5BLCD\" \/>\n<meta name=\"robots\" content=\"index, follow, max-snippet:-1, max-image-preview:large, max-video-preview:-1\" \/>\n<link rel=\"canonical\" href=\"https:\/\/arteconfort.com\/pt-pt\/producto\/aveiro-pro\/\" \/>\n<meta property=\"og:locale\" content=\"pt_PT\" \/>\n<meta property=\"og:type\" content=\"article\" \/>\n<meta property=\"og:title\" content=\"AVEIRO PRO - Descatalogados - Arteconfort\" \/>\n<meta property=\"og:description\" content=\"Ventilador de tecto Aveiro Pro com luz LED integrada e mem\u00f3ria de temperatura de cor. Tem um corpo met\u00e1lico e 4 l\u00e2minas em branco e madeira (revers\u00edvel), \u00e9 f\u00e1cil de instalar e adequado para tectos inclinados (at\u00e9 15\u00ba). Tem um motor de corrente cont\u00ednua (corrente cont\u00ednua) altamente eficiente que reduz o consumo de energia enquanto gera uma atmosfera agrad\u00e1vel gra\u00e7as ao seu funcionamento silencioso. Inclui controlo remoto para controlar e alterar os modos de programa\u00e7\u00e3o (at\u00e9 9h), temperatura de cor (3000K-4000K-5500K), velocidades (6) e modo de Inverno-Ver\u00e3o. Este modelo elegante pode ser utilizado em salas com menos de 20m2. Ref. CAVEIR-014P4SMDDCV5BLCD\" \/>\n<meta property=\"og:url\" content=\"https:\/\/arteconfort.com\/pt-pt\/producto\/aveiro-pro\/\" \/>\n<meta property=\"og:site_name\" content=\"Arteconfort\" \/>\n<meta property=\"article:modified_time\" content=\"2022-10-07T09:01:36+00:00\" \/>\n<meta property=\"og:image\" content=\"https:\/\/arteconfort.com\/wp-content\/uploads\/2023\/10\/AVEIRO-PRO.webp\" \/>\n\t<meta property=\"og:image:width\" content=\"1024\" \/>\n\t<meta property=\"og:image:height\" content=\"1024\" \/>\n\t<meta property=\"og:image:type\" content=\"image\/webp\" \/>\n<meta name=\"twitter:card\" content=\"summary_large_image\" \/>\n<meta name=\"twitter:label1\" content=\"Tempo estimado de leitura\" \/>\n\t<meta name=\"twitter:data1\" content=\"2 minutos\" \/>\n<!-- \/ Yoast SEO plugin. -->","yoast_head_json":{"title":"AVEIRO PRO - Descatalogados - Arteconfort","description":"Ventilador de tecto Aveiro Pro com luz LED integrada e mem\u00f3ria de temperatura de cor. Tem um corpo met\u00e1lico e 4 l\u00e2minas em branco e madeira (revers\u00edvel), \u00e9 f\u00e1cil de instalar e adequado para tectos inclinados (at\u00e9 15\u00ba). Tem um motor de corrente cont\u00ednua (corrente cont\u00ednua) altamente eficiente que reduz o consumo de energia enquanto gera uma atmosfera agrad\u00e1vel gra\u00e7as ao seu funcionamento silencioso. Inclui controlo remoto para controlar e alterar os modos de programa\u00e7\u00e3o (at\u00e9 9h), temperatura de cor (3000K-4000K-5500K), velocidades (6) e modo de Inverno-Ver\u00e3o. Este modelo elegante pode ser utilizado em salas com menos de 20m2. Ref. CAVEIR-014P4SMDDCV5BLCD","robots":{"index":"index","follow":"follow","max-snippet":"max-snippet:-1","max-image-preview":"max-image-preview:large","max-video-preview":"max-video-preview:-1"},"canonical":"https:\/\/arteconfort.com\/pt-pt\/producto\/aveiro-pro\/","og_locale":"pt_PT","og_type":"article","og_title":"AVEIRO PRO - Descatalogados - Arteconfort","og_description":"Ventilador de tecto Aveiro Pro com luz LED integrada e mem\u00f3ria de temperatura de cor. Tem um corpo met\u00e1lico e 4 l\u00e2minas em branco e madeira (revers\u00edvel), \u00e9 f\u00e1cil de instalar e adequado para tectos inclinados (at\u00e9 15\u00ba). Tem um motor de corrente cont\u00ednua (corrente cont\u00ednua) altamente eficiente que reduz o consumo de energia enquanto gera uma atmosfera agrad\u00e1vel gra\u00e7as ao seu funcionamento silencioso. Inclui controlo remoto para controlar e alterar os modos de programa\u00e7\u00e3o (at\u00e9 9h), temperatura de cor (3000K-4000K-5500K), velocidades (6) e modo de Inverno-Ver\u00e3o. Este modelo elegante pode ser utilizado em salas com menos de 20m2. Ref. CAVEIR-014P4SMDDCV5BLCD","og_url":"https:\/\/arteconfort.com\/pt-pt\/producto\/aveiro-pro\/","og_site_name":"Arteconfort","article_modified_time":"2022-10-07T09:01:36+00:00","og_image":[{"width":1024,"height":1024,"url":"https:\/\/arteconfort.com\/wp-content\/uploads\/2023\/10\/AVEIRO-PRO.webp","type":"image\/webp"}],"twitter_card":"summary_large_image","twitter_misc":{"Tempo estimado de leitura":"2 minutos"},"schema":{"@context":"https:\/\/schema.org","@graph":[{"@type":"WebPage","@id":"https:\/\/arteconfort.com\/pt-pt\/producto\/aveiro-pro\/","url":"https:\/\/arteconfort.com\/pt-pt\/producto\/aveiro-pro\/","name":"AVEIRO PRO - Descatalogados - Arteconfort","isPartOf":{"@id":"https:\/\/arteconfort.com\/pt-pt\/#website"},"primaryImageOfPage":{"@id":"https:\/\/arteconfort.com\/pt-pt\/producto\/aveiro-pro\/#primaryimage"},"image":{"@id":"https:\/\/arteconfort.com\/pt-pt\/producto\/aveiro-pro\/#primaryimage"},"thumbnailUrl":"https:\/\/arteconfort.com\/wp-content\/uploads\/2023\/10\/AVEIRO-PRO.webp","datePublished":"2020-12-18T13:30:39+00:00","dateModified":"2022-10-07T09:01:36+00:00","description":"Ventilador de tecto Aveiro Pro com luz LED integrada e mem\u00f3ria de temperatura de cor. Tem um corpo met\u00e1lico e 4 l\u00e2minas em branco e madeira (revers\u00edvel), \u00e9 f\u00e1cil de instalar e adequado para tectos inclinados (at\u00e9 15\u00ba). Tem um motor de corrente cont\u00ednua (corrente cont\u00ednua) altamente eficiente que reduz o consumo de energia enquanto gera uma atmosfera agrad\u00e1vel gra\u00e7as ao seu funcionamento silencioso. Inclui controlo remoto para controlar e alterar os modos de programa\u00e7\u00e3o (at\u00e9 9h), temperatura de cor (3000K-4000K-5500K), velocidades (6) e modo de Inverno-Ver\u00e3o. Este modelo elegante pode ser utilizado em salas com menos de 20m2. Ref. CAVEIR-014P4SMDDCV5BLCD","breadcrumb":{"@id":"https:\/\/arteconfort.com\/pt-pt\/producto\/aveiro-pro\/#breadcrumb"},"inLanguage":"pt-PT","potentialAction":[{"@type":"ReadAction","target":["https:\/\/arteconfort.com\/pt-pt\/producto\/aveiro-pro\/"]}]},{"@type":"ImageObject","inLanguage":"pt-PT","@id":"https:\/\/arteconfort.com\/pt-pt\/producto\/aveiro-pro\/#primaryimage","url":"https:\/\/arteconfort.com\/wp-content\/uploads\/2023\/10\/AVEIRO-PRO.webp","contentUrl":"https:\/\/arteconfort.com\/wp-content\/uploads\/2023\/10\/AVEIRO-PRO.webp","width":1024,"height":1024},{"@type":"BreadcrumbList","@id":"https:\/\/arteconfort.com\/pt-pt\/producto\/aveiro-pro\/#breadcrumb","itemListElement":[{"@type":"ListItem","position":1,"name":"Inicio","item":"https:\/\/arteconfort.com\/pt-pt\/"},{"@type":"ListItem","position":2,"name":"Tienda","item":"https:\/\/arteconfort.com\/pt-pt\/tienda-2\/"},{"@type":"ListItem","position":3,"name":"AVEIRO PRO"}]},{"@type":"WebSite","@id":"https:\/\/arteconfort.com\/pt-pt\/#website","url":"https:\/\/arteconfort.com\/pt-pt\/","name":"Arteconfort","description":"Especialistas en productos del hogar","publisher":{"@id":"https:\/\/arteconfort.com\/pt-pt\/#organization"},"potentialAction":[{"@type":"SearchAction","target":{"@type":"EntryPoint","urlTemplate":"https:\/\/arteconfort.com\/pt-pt\/?s={search_term_string}"},"query-input":{"@type":"PropertyValueSpecification","valueRequired":true,"valueName":"search_term_string"}}],"inLanguage":"pt-PT"},{"@type":"Organization","@id":"https:\/\/arteconfort.com\/pt-pt\/#organization","name":"Arteconfort","url":"https:\/\/arteconfort.com\/pt-pt\/","logo":{"@type":"ImageObject","inLanguage":"pt-PT","@id":"https:\/\/arteconfort.com\/pt-pt\/#\/schema\/logo\/image\/","url":"https:\/\/arteconfort.com\/wp-content\/uploads\/2019\/07\/logo-arteconfort.png","contentUrl":"https:\/\/arteconfort.com\/wp-content\/uploads\/2019\/07\/logo-arteconfort.png","width":230,"height":88,"caption":"Arteconfort"},"image":{"@id":"https:\/\/arteconfort.com\/pt-pt\/#\/schema\/logo\/image\/"}}]}},"_links":{"self":[{"href":"https:\/\/arteconfort.com\/pt-pt\/wp-json\/wp\/v2\/product\/11228","targetHints":{"allow":["GET"]}}],"collection":[{"href":"https:\/\/arteconfort.com\/pt-pt\/wp-json\/wp\/v2\/product"}],"about":[{"href":"https:\/\/arteconfort.com\/pt-pt\/wp-json\/wp\/v2\/types\/product"}],"wp:featuredmedia":[{"embeddable":true,"href":"https:\/\/arteconfort.com\/pt-pt\/wp-json\/wp\/v2\/media\/28893"}],"wp:attachment":[{"href":"https:\/\/arteconfort.com\/pt-pt\/wp-json\/wp\/v2\/media?parent=11228"}],"wp:term":[{"taxonomy":"product_brand","embeddable":true,"href":"https:\/\/arteconfort.com\/pt-pt\/wp-json\/wp\/v2\/product_brand?post=11228"},{"taxonomy":"product_cat","embeddable":true,"href":"https:\/\/arteconfort.com\/pt-pt\/wp-json\/wp\/v2\/product_cat?post=11228"},{"taxonomy":"product_tag","embeddable":true,"href":"https:\/\/arteconfort.com\/pt-pt\/wp-json\/wp\/v2\/product_tag?post=11228"}],"curies":[{"name":"wp","href":"https:\/\/api.w.org\/{rel}","templated":true}]}}