{"id":11258,"date":"2020-02-19T12:35:49","date_gmt":"2020-02-19T11:35:49","guid":{"rendered":"https:\/\/arteconfort.com\/producto\/sem%20categoria\/eden\/"},"modified":"2025-06-06T12:27:18","modified_gmt":"2025-06-06T10:27:18","slug":"eden","status":"publish","type":"product","link":"https:\/\/arteconfort.com\/pt-pt\/producto\/eden\/","title":{"rendered":"EDEN"},"content":{"rendered":"<div class=\"wpb-content-wrapper\"><p>[vc_row][vc_column][vc_empty_space height=&#8221;60px&#8221;][vc_row_inner][vc_column_inner width=&#8221;1\/3&#8243;][wyde_info_box icon_set=&#8221;simple_line&#8221; icon_simple_line=&#8221;sl-energy&#8221; icon_position=&#8221;left&#8221; title=&#8221;CARACTER\u00cdSTICAS F\u00cdSICAS E EL\u00c9CTRICAS&#8221;][\/wyde_info_box][vc_empty_space height=&#8221;10px&#8221;][vc_column_text]Altura: <strong>37,5cm<\/strong><br \/>\nDi\u00e2metro: <strong>107 cm<\/strong><br \/>\nPeso:<strong> &#8211;<\/strong><br \/>\nMaterial do corpo: <strong>Metal<\/strong><br \/>\nMaterial da l\u00e2mina: <strong>Contraplacado<\/strong><br \/>\nAcabamento do corpo: <strong>Branco mate<\/strong><br \/>\nAcabamento das l\u00e2minas: <strong>Branco mate e cores pastel<\/strong><br \/>\nN\u00famero de l\u00e2minas: <strong>3<\/strong><br \/>\nL\u00e2minas revers\u00edveis: <strong>Sim<\/strong><br \/>\nMotor: <strong>AC<\/strong><br \/>\nVoltagem:<strong> &#8211;<\/strong><br \/>\nPot\u00eancia da velocidade: <strong>6W-17,6W-33W<\/strong><br \/>\nVelocidades RPM:<strong> 82-155-201<\/strong><br \/>\nRu\u00eddo emitido pelas velocidades: <strong>&#8211;<\/strong><br \/>\nCaudal de velocidades do ar: <strong>&#8211;\u00a0<\/strong><br \/>\nSuperf\u00edcie m\u00e1xima recomendada: <strong>&lt;13m<sup>2<\/sup><\/strong><br \/>\nIP: <strong>20<\/strong><br \/>\nInclina\u00e7\u00e3o m\u00e1xima do tecto: <strong>15\u00ba<\/strong><br \/>\nDist\u00e2ncia de seguran\u00e7a: <strong>2,3m<\/strong><br \/>\nIsolamento el\u00e9ctrico: <strong>Classe I<\/strong><br \/>\nAcess\u00f3rios: <strong>Estabilizador<\/strong><br \/>\nGarantia: <strong>2 anos<\/strong>[\/vc_column_text][\/vc_column_inner][vc_column_inner width=&#8221;1\/3&#8243;][wyde_info_box icon_set=&#8221;simple_line&#8221; icon_simple_line=&#8221;sl-mouse&#8221; icon_position=&#8221;left&#8221; title=&#8221;CONTROLO E FUN\u00c7\u00d5ES&#8221;][\/wyde_info_box][vc_empty_space height=&#8221;10px&#8221;][vc_column_text]Controlo: <strong>Sim<\/strong><br \/>\nBaterias: <strong>23A<\/strong><br \/>\nN\u00famero de velocidades: <strong>3<\/strong><br \/>\nPrograma\u00e7\u00e3o: <strong>1h-2h-4h-8h<\/strong><br \/>\nModo brisa: <strong>N\u00e3o<\/strong><br \/>\nModo Ver\u00e3o\/Inverno: <strong>Sim<\/strong><br \/>\nTerm\u00f3stato: <strong>N\u00e3o<\/strong><br \/>\nAlimenta\u00e7\u00e3o de mem\u00f3ria:<strong> &#8211;<\/strong><br \/>\nLiga\u00e7\u00e3o Wi-Fi: <strong>N\u00e3o<\/strong><br \/>\nLiga\u00e7\u00e3o Bluetooth: <strong>N\u00e3o<\/strong>[\/vc_column_text][\/vc_column_inner][vc_column_inner width=&#8221;1\/3&#8243;][wyde_info_box icon_set=&#8221;stroke_gap&#8221; icon_stroke_gap=&#8221;sg-Bulb&#8221; icon_position=&#8221;left&#8221; title=&#8221;ILUMINA\u00c7\u00c3O&#8221;][\/wyde_info_box][vc_empty_space height=&#8221;10px&#8221;][vc_column_text]Fluxo luminoso: <strong>1.800lm<\/strong><br \/>\nPot\u00eancia LED: <strong>18W<\/strong><br \/>\nTemperatura de cor: <strong>Sim<\/strong><br \/>\nMudan\u00e7a de temperatura de cor:<strong> 3000K-4000K-5500K<\/strong><br \/>\nDiminui\u00e7\u00e3o da luminosidade:<strong> &#8211;<\/strong><br \/>\n\u00c2ngulo de abertura:<strong> 160\u00ba<\/strong><br \/>\nVida m\u00e9dia:<strong> &#8211;<\/strong><br \/>\nN\u00famero de igni\u00e7\u00f5es:<strong> &#8211;<\/strong><br \/>\nMem\u00f3ria de temperatura de cor: <strong>Sim<\/strong><br \/>\nR\u00f3tulo de efici\u00eancia energ\u00e9tica:<strong> &#8211;<\/strong>[\/vc_column_text][\/vc_column_inner][\/vc_row_inner][\/vc_column][\/vc_row]<\/p>\n<\/div>","protected":false},"excerpt":{"rendered":"<p>Ventilador de tecto Eden com luz LED integrada e mem\u00f3ria de temperatura de cor. Tem um corpo met\u00e1lico e 3 l\u00e2minas em branco mate e cores pastel (revers\u00edvel), \u00e9 f\u00e1cil de instalar e adequado para tectos inclinados (at\u00e9 15\u00ba). Tem um motor AC, inclui um controlo remoto para controlar e alterar os modos de programa\u00e7\u00e3o (1h-2h-4h-8h), a temperatura de cor (3.000K-4.000K-5.500K), as velocidades (3) e o modo de Inverno-Ver\u00e3o. Este modelo elegante pode ser utilizado em salas com menos de 13m<sup>2<\/sup>.<br \/>\n<strong>Ref. EDENBL21<\/strong><\/p>\n<ul style=\"list-style-type: circle; padding-left: 80px;\">\n<li>Ventilador para salas pequenas<\/li>\n<li>Grande fluxo de ar<\/li>\n<li>Ilumina\u00e7\u00e3o LED com mem\u00f3ria de temperatura de cor<\/li>\n<\/ul>\n<p>[vc_row][vc_column width=&#8221;1\/3&#8243;][wyde_link_button icon_set=&#8221;simple_line&#8221; icon_simple_line=&#8221;sl-settings&#8221; style=&#8221;round&#8221; title=&#8221;Instru\u00e7\u00f5es&#8221; link=&#8221;url:https%3A%2F%2Farteconfort.com%2Fwp-content%2Fuploads%2F2024%2F06%2Fim-EDEN-v3.pdf||target:%20_blank|rel:nofollow&#8221; color=&#8221;#ffffff&#8221; bg_color=&#8221;#222222&#8243;][\/vc_column][\/vc_row]<\/p>\n","protected":false},"featured_media":40609,"template":"","meta":[],"product_brand":[],"product_cat":[356,1049,357],"product_tag":[],"class_list":{"0":"post-11258","1":"product","2":"type-product","3":"status-publish","4":"has-post-thumbnail","6":"product_cat-climatizacion-pt-pt","7":"product_cat-coleccion-antigua-pt","8":"product_cat-ventiladores-de-techo-pt-pt","10":"first","11":"instock","12":"shipping-taxable","13":"product-type-simple"},"yoast_head":"<!-- This site is optimized with the Yoast SEO plugin v26.5 - https:\/\/yoast.com\/wordpress\/plugins\/seo\/ -->\n<title>EDEN - Climatizaci\u00f3n, colecci\u00f3n antigua, Ventiladores de techo - Arteconfort<\/title>\n<meta name=\"description\" content=\"Ventilador de tecto Eden com luz LED integrada e mem\u00f3ria de temperatura de cor. Tem um corpo met\u00e1lico e 3 l\u00e2minas em branco mate e cores pastel (revers\u00edvel), \u00e9 f\u00e1cil de instalar e adequado para tectos inclinados (at\u00e9 15\u00ba). Tem um motor AC, inclui um controlo remoto para controlar e alterar os modos de programa\u00e7\u00e3o (1h-2h-4h-8h), a temperatura de cor (3.000K-4.000K-5.500K), as velocidades (3) e o modo de Inverno-Ver\u00e3o. Este modelo elegante pode ser utilizado em salas com menos de 13m2. Ref. EDENBL21   Ventilador para salas pequenas  Grande fluxo de ar  Ilumina\u00e7\u00e3o LED com mem\u00f3ria de temperatura de cor\" \/>\n<meta name=\"robots\" content=\"index, follow, max-snippet:-1, max-image-preview:large, max-video-preview:-1\" \/>\n<link rel=\"canonical\" href=\"https:\/\/arteconfort.com\/pt-pt\/producto\/eden\/\" \/>\n<meta property=\"og:locale\" content=\"pt_PT\" \/>\n<meta property=\"og:type\" content=\"article\" \/>\n<meta property=\"og:title\" content=\"EDEN - Climatizaci\u00f3n, colecci\u00f3n antigua, Ventiladores de techo - Arteconfort\" \/>\n<meta property=\"og:description\" content=\"Ventilador de tecto Eden com luz LED integrada e mem\u00f3ria de temperatura de cor. Tem um corpo met\u00e1lico e 3 l\u00e2minas em branco mate e cores pastel (revers\u00edvel), \u00e9 f\u00e1cil de instalar e adequado para tectos inclinados (at\u00e9 15\u00ba). Tem um motor AC, inclui um controlo remoto para controlar e alterar os modos de programa\u00e7\u00e3o (1h-2h-4h-8h), a temperatura de cor (3.000K-4.000K-5.500K), as velocidades (3) e o modo de Inverno-Ver\u00e3o. Este modelo elegante pode ser utilizado em salas com menos de 13m2. Ref. EDENBL21   Ventilador para salas pequenas  Grande fluxo de ar  Ilumina\u00e7\u00e3o LED com mem\u00f3ria de temperatura de cor\" \/>\n<meta property=\"og:url\" content=\"https:\/\/arteconfort.com\/pt-pt\/producto\/eden\/\" \/>\n<meta property=\"og:site_name\" content=\"Arteconfort\" \/>\n<meta property=\"article:modified_time\" content=\"2025-06-06T10:27:18+00:00\" \/>\n<meta property=\"og:image\" content=\"https:\/\/arteconfort.com\/wp-content\/uploads\/2024\/06\/ventilador-EDEN-27492651-1.webp\" \/>\n\t<meta property=\"og:image:width\" content=\"1024\" \/>\n\t<meta property=\"og:image:height\" content=\"1024\" \/>\n\t<meta property=\"og:image:type\" content=\"image\/webp\" \/>\n<meta name=\"twitter:card\" content=\"summary_large_image\" \/>\n<meta name=\"twitter:label1\" content=\"Tempo estimado de leitura\" \/>\n\t<meta name=\"twitter:data1\" content=\"1 minuto\" \/>\n<!-- \/ Yoast SEO plugin. -->","yoast_head_json":{"title":"EDEN - Climatizaci\u00f3n, colecci\u00f3n antigua, Ventiladores de techo - Arteconfort","description":"Ventilador de tecto Eden com luz LED integrada e mem\u00f3ria de temperatura de cor. Tem um corpo met\u00e1lico e 3 l\u00e2minas em branco mate e cores pastel (revers\u00edvel), \u00e9 f\u00e1cil de instalar e adequado para tectos inclinados (at\u00e9 15\u00ba). Tem um motor AC, inclui um controlo remoto para controlar e alterar os modos de programa\u00e7\u00e3o (1h-2h-4h-8h), a temperatura de cor (3.000K-4.000K-5.500K), as velocidades (3) e o modo de Inverno-Ver\u00e3o. Este modelo elegante pode ser utilizado em salas com menos de 13m2. Ref. EDENBL21   Ventilador para salas pequenas  Grande fluxo de ar  Ilumina\u00e7\u00e3o LED com mem\u00f3ria de temperatura de cor","robots":{"index":"index","follow":"follow","max-snippet":"max-snippet:-1","max-image-preview":"max-image-preview:large","max-video-preview":"max-video-preview:-1"},"canonical":"https:\/\/arteconfort.com\/pt-pt\/producto\/eden\/","og_locale":"pt_PT","og_type":"article","og_title":"EDEN - Climatizaci\u00f3n, colecci\u00f3n antigua, Ventiladores de techo - Arteconfort","og_description":"Ventilador de tecto Eden com luz LED integrada e mem\u00f3ria de temperatura de cor. Tem um corpo met\u00e1lico e 3 l\u00e2minas em branco mate e cores pastel (revers\u00edvel), \u00e9 f\u00e1cil de instalar e adequado para tectos inclinados (at\u00e9 15\u00ba). Tem um motor AC, inclui um controlo remoto para controlar e alterar os modos de programa\u00e7\u00e3o (1h-2h-4h-8h), a temperatura de cor (3.000K-4.000K-5.500K), as velocidades (3) e o modo de Inverno-Ver\u00e3o. Este modelo elegante pode ser utilizado em salas com menos de 13m2. Ref. EDENBL21   Ventilador para salas pequenas  Grande fluxo de ar  Ilumina\u00e7\u00e3o LED com mem\u00f3ria de temperatura de cor","og_url":"https:\/\/arteconfort.com\/pt-pt\/producto\/eden\/","og_site_name":"Arteconfort","article_modified_time":"2025-06-06T10:27:18+00:00","og_image":[{"width":1024,"height":1024,"url":"https:\/\/arteconfort.com\/wp-content\/uploads\/2024\/06\/ventilador-EDEN-27492651-1.webp","type":"image\/webp"}],"twitter_card":"summary_large_image","twitter_misc":{"Tempo estimado de leitura":"1 minuto"},"schema":{"@context":"https:\/\/schema.org","@graph":[{"@type":"WebPage","@id":"https:\/\/arteconfort.com\/pt-pt\/producto\/eden\/","url":"https:\/\/arteconfort.com\/pt-pt\/producto\/eden\/","name":"EDEN - Climatizaci\u00f3n, colecci\u00f3n antigua, Ventiladores de techo - Arteconfort","isPartOf":{"@id":"https:\/\/arteconfort.com\/pt-pt\/#website"},"primaryImageOfPage":{"@id":"https:\/\/arteconfort.com\/pt-pt\/producto\/eden\/#primaryimage"},"image":{"@id":"https:\/\/arteconfort.com\/pt-pt\/producto\/eden\/#primaryimage"},"thumbnailUrl":"https:\/\/arteconfort.com\/wp-content\/uploads\/2024\/06\/ventilador-EDEN-27492651-1.webp","datePublished":"2020-02-19T11:35:49+00:00","dateModified":"2025-06-06T10:27:18+00:00","description":"Ventilador de tecto Eden com luz LED integrada e mem\u00f3ria de temperatura de cor. Tem um corpo met\u00e1lico e 3 l\u00e2minas em branco mate e cores pastel (revers\u00edvel), \u00e9 f\u00e1cil de instalar e adequado para tectos inclinados (at\u00e9 15\u00ba). Tem um motor AC, inclui um controlo remoto para controlar e alterar os modos de programa\u00e7\u00e3o (1h-2h-4h-8h), a temperatura de cor (3.000K-4.000K-5.500K), as velocidades (3) e o modo de Inverno-Ver\u00e3o. Este modelo elegante pode ser utilizado em salas com menos de 13m2. Ref. EDENBL21 Ventilador para salas pequenas Grande fluxo de ar Ilumina\u00e7\u00e3o LED com mem\u00f3ria de temperatura de cor","breadcrumb":{"@id":"https:\/\/arteconfort.com\/pt-pt\/producto\/eden\/#breadcrumb"},"inLanguage":"pt-PT","potentialAction":[{"@type":"ReadAction","target":["https:\/\/arteconfort.com\/pt-pt\/producto\/eden\/"]}]},{"@type":"ImageObject","inLanguage":"pt-PT","@id":"https:\/\/arteconfort.com\/pt-pt\/producto\/eden\/#primaryimage","url":"https:\/\/arteconfort.com\/wp-content\/uploads\/2024\/06\/ventilador-EDEN-27492651-1.webp","contentUrl":"https:\/\/arteconfort.com\/wp-content\/uploads\/2024\/06\/ventilador-EDEN-27492651-1.webp","width":1024,"height":1024,"caption":"Ventilador EDEN con mando"},{"@type":"BreadcrumbList","@id":"https:\/\/arteconfort.com\/pt-pt\/producto\/eden\/#breadcrumb","itemListElement":[{"@type":"ListItem","position":1,"name":"Inicio","item":"https:\/\/arteconfort.com\/pt-pt\/"},{"@type":"ListItem","position":2,"name":"Tienda","item":"https:\/\/arteconfort.com\/pt-pt\/tienda-2\/"},{"@type":"ListItem","position":3,"name":"EDEN"}]},{"@type":"WebSite","@id":"https:\/\/arteconfort.com\/pt-pt\/#website","url":"https:\/\/arteconfort.com\/pt-pt\/","name":"Arteconfort","description":"Especialistas en productos del hogar","publisher":{"@id":"https:\/\/arteconfort.com\/pt-pt\/#organization"},"potentialAction":[{"@type":"SearchAction","target":{"@type":"EntryPoint","urlTemplate":"https:\/\/arteconfort.com\/pt-pt\/?s={search_term_string}"},"query-input":{"@type":"PropertyValueSpecification","valueRequired":true,"valueName":"search_term_string"}}],"inLanguage":"pt-PT"},{"@type":"Organization","@id":"https:\/\/arteconfort.com\/pt-pt\/#organization","name":"Arteconfort","url":"https:\/\/arteconfort.com\/pt-pt\/","logo":{"@type":"ImageObject","inLanguage":"pt-PT","@id":"https:\/\/arteconfort.com\/pt-pt\/#\/schema\/logo\/image\/","url":"https:\/\/arteconfort.com\/wp-content\/uploads\/2019\/07\/logo-arteconfort.png","contentUrl":"https:\/\/arteconfort.com\/wp-content\/uploads\/2019\/07\/logo-arteconfort.png","width":230,"height":88,"caption":"Arteconfort"},"image":{"@id":"https:\/\/arteconfort.com\/pt-pt\/#\/schema\/logo\/image\/"}}]}},"_links":{"self":[{"href":"https:\/\/arteconfort.com\/pt-pt\/wp-json\/wp\/v2\/product\/11258","targetHints":{"allow":["GET"]}}],"collection":[{"href":"https:\/\/arteconfort.com\/pt-pt\/wp-json\/wp\/v2\/product"}],"about":[{"href":"https:\/\/arteconfort.com\/pt-pt\/wp-json\/wp\/v2\/types\/product"}],"wp:featuredmedia":[{"embeddable":true,"href":"https:\/\/arteconfort.com\/pt-pt\/wp-json\/wp\/v2\/media\/40609"}],"wp:attachment":[{"href":"https:\/\/arteconfort.com\/pt-pt\/wp-json\/wp\/v2\/media?parent=11258"}],"wp:term":[{"taxonomy":"product_brand","embeddable":true,"href":"https:\/\/arteconfort.com\/pt-pt\/wp-json\/wp\/v2\/product_brand?post=11258"},{"taxonomy":"product_cat","embeddable":true,"href":"https:\/\/arteconfort.com\/pt-pt\/wp-json\/wp\/v2\/product_cat?post=11258"},{"taxonomy":"product_tag","embeddable":true,"href":"https:\/\/arteconfort.com\/pt-pt\/wp-json\/wp\/v2\/product_tag?post=11258"}],"curies":[{"name":"wp","href":"https:\/\/api.w.org\/{rel}","templated":true}]}}