{"id":11353,"date":"2020-03-09T17:30:59","date_gmt":"2020-03-09T16:30:59","guid":{"rendered":"https:\/\/arteconfort.com\/producto\/sem%20categoria\/moala\/"},"modified":"2022-03-09T15:31:29","modified_gmt":"2022-03-09T14:31:29","slug":"moala","status":"publish","type":"product","link":"https:\/\/arteconfort.com\/pt-pt\/producto\/moala\/","title":{"rendered":"MOALA"},"content":{"rendered":"<div class=\"wpb-content-wrapper\"><p>[vc_row][vc_column][vc_row_inner][vc_column_inner width=&#8221;1\/4&#8243; offset=&#8221;vc_col-xs-6&#8243;][wyde_info_box icon_set=&#8221;simple_line&#8221; icon_simple_line=&#8221;sl-power&#8221; title=&#8221;MEM\u00d3RIA DE PREFER\u00caNCIAS DE CONTROLO&#8221;]Para facilidade de utiliza\u00e7\u00e3o[\/wyde_info_box][\/vc_column_inner][vc_column_inner width=&#8221;1\/4&#8243; offset=&#8221;vc_col-xs-6&#8243;][wyde_info_box icon_set=&#8221;simple_line&#8221; icon_simple_line=&#8221;sl-bulb&#8221; title=&#8221;MEMORIA DE TEMPERATURA DE COR&#8221;]Cria o teu pr\u00f3prio ambiente[\/wyde_info_box][\/vc_column_inner][vc_column_inner width=&#8221;1\/4&#8243; offset=&#8221;vc_col-xs-6&#8243;][wyde_info_box icon_set=&#8221;simple_line&#8221; icon_simple_line=&#8221;sl-volume-off&#8221; title=&#8221;SEM BIP NO CONTROLO&#8221;]Para n\u00e3o interromper o seu descanso[\/wyde_info_box][\/vc_column_inner][vc_column_inner width=&#8221;1\/4&#8243; offset=&#8221;vc_col-xs-6&#8243;][wyde_info_box icon_set=&#8221;simple_line&#8221; icon_simple_line=&#8221;sl-wrench&#8221; title=&#8221;F\u00c1CIL INSTALA\u00c7\u00c3O&#8221;]Monte o seu ventilador em apenas alguns passos[\/wyde_info_box][\/vc_column_inner][\/vc_row_inner][vc_row_inner][vc_column_inner offset=&#8221;vc_hidden-xs&#8221;][vc_empty_space][\/vc_column_inner][\/vc_row_inner][vc_row_inner][vc_column_inner width=&#8221;1\/4&#8243; offset=&#8221;vc_col-xs-6&#8243;][wyde_info_box icon_set=&#8221;simple_line&#8221; icon_simple_line=&#8221;sl-clock&#8221; title=&#8221;PROGRAMAM\u00c1VEL&#8221;]1h\/4h\/8h[\/wyde_info_box][\/vc_column_inner][vc_column_inner width=&#8221;1\/4&#8243; offset=&#8221;vc_col-xs-6&#8243;][wyde_info_box icon_set=&#8221;simple_line&#8221; icon_simple_line=&#8221;sl-speedometer&#8221; title=&#8221;5 VELOCIDADES&#8221;]Vasta gama de velocidades[\/wyde_info_box][\/vc_column_inner][vc_column_inner width=&#8221;1\/4&#8243; offset=&#8221;vc_col-xs-6&#8243;][wyde_info_box icon_set=&#8221;simple_line&#8221; icon_simple_line=&#8221;sl-mouse&#8221; title=&#8221;CONTROLO INCLU\u00cdDO&#8221;]Para maior conforto de utiliza\u00e7\u00e3o[\/wyde_info_box][\/vc_column_inner][\/vc_row_inner][vc_row_inner][vc_column_inner offset=&#8221;vc_hidden-xs&#8221;][vc_empty_space height=&#8221;60px&#8221;][\/vc_column_inner][\/vc_row_inner][\/vc_column][\/vc_row][vc_row][vc_column width=&#8221;1\/2&#8243;][vc_accordion collapsible=&#8221;true&#8221; active_tab=&#8221;false&#8221;][vc_accordion_tab title=&#8221;Caracter\u00edsticas mec\u00e2nicas&#8221;][vc_column_text]<strong>Alto<\/strong> 26cm<br \/>\n<strong>Di\u00e2metro<\/strong> 132cm<br \/>\n<strong>Peso<\/strong> 5,1kg<br \/>\n<strong>Material<\/strong> Metal<br \/>\n<b>Terminar <\/b>Preto mate<br \/>\n<strong>Ru\u00eddo emitido <\/strong>20dBs em velocidade 1<br \/>\n<strong>Dist\u00e2ncia de seguran\u00e7a <\/strong>2,3m<br \/>\n<strong>Superf\u00edcie recomendada<\/strong> 20m<sup>2<\/sup><br \/>\n<strong>Inclina\u00e7\u00e3o m\u00e1xima do telhado <\/strong>N\u00e3o adequado para tectos inclinados<br \/>\n<strong>IP<\/strong> 20<br \/>\n<strong>Isolamento el\u00e9ctrico <\/strong>Classe I<br \/>\n<strong>N\u00ba de velocidades<\/strong> 5<br \/>\n<strong>Poder da velocidade <\/strong>5W\/9W\/17W\/25,5W\/39,5W<br \/>\n<strong>RPM de velocidades <\/strong>96\/120\/150\/170\/190<br \/>\n<strong>Acess\u00f3rios<\/strong> Estabilizador<br \/>\n<strong>Garantia<\/strong> Motor 5 anos[\/vc_column_text][\/vc_accordion_tab][vc_accordion_tab title=&#8221;L\u00e2minas&#8221;][vc_column_text]<strong>Material<\/strong> Madeira real<br \/>\n<b>Terminar <\/b>Madeira \u00e2mbar<br \/>\n<strong>Revers\u00edvel<\/strong> N\u00e3o<br \/>\n<strong>N\u00ba de l\u00e2minas <\/strong>3<br \/>\n<strong>Fun\u00e7\u00e3o Inverno\/Ver\u00e3o <\/strong>Oui[\/vc_column_text][\/vc_accordion_tab][vc_accordion_tab title=&#8221;Caracter\u00edsticas \u00f3pticas&#8221;][vc_column_text]<strong>CCT<\/strong> 3000K\/4000K\/5500K<br \/>\n<strong>Tipo de LED<\/strong> SMD integrado<br \/>\n<strong>Energia<\/strong>\u00a018W<br \/>\n<strong>Mem\u00f3ria CCT<\/strong> Oui<br \/>\n<strong>Fluxo luminoso <\/strong>1.800lm<br \/>\n<strong>\u00c2ngulo de abertura <\/strong>160\u00ba[\/vc_column_text][\/vc_accordion_tab][vc_accordion_tab title=&#8221;Caracter\u00edsticas el\u00e9ctricas&#8221;][vc_column_text]<strong>Tipo de motor<\/strong> DC<br \/>\n<b>Energia <\/b>40W<br \/>\n<strong>Frequ\u00eancia<\/strong> 50Hz[\/vc_column_text][\/vc_accordion_tab][vc_accordion_tab title=&#8221;Controlo remoto&#8221;][vc_column_text]<strong>Pilhas inclu\u00eddas<\/strong><br \/>\nN\u00e3o<br \/>\n<strong>Tipo de pilha <\/strong>23A<br \/>\n<strong>Prefer\u00eancia de controlo <\/strong>Sim<br \/>\n<strong>Desligamento autom\u00e1tico <\/strong>Sim<br \/>\n<strong>Tempo program\u00e1vel <\/strong>1h\/4h\/8h[\/vc_column_text][\/vc_accordion_tab][\/vc_accordion][\/vc_column][vc_column width=&#8221;1\/2&#8243;][vc_single_image image=&#8221;5840&#8243;][\/vc_column][\/vc_row]<\/p>\n<\/div>","protected":false},"excerpt":{"rendered":"<p>Resfrie a sua sala de estar ou de jantar com este ventilador de tecto grande e f\u00e1cil de instalar. Tem um controlo remoto program\u00e1vel. Incorpora um motor DC e uma luz LED com mem\u00f3ria de temperatura de cor em luz fria, quente e neutra. O seu design elegante com corpo met\u00e1lico e l\u00e2minas de madeira ir\u00e1 real\u00e7ar qualquer estilo.<br \/>\n<strong>Ref. MOALANE21<\/strong>[vc_row][vc_column offset=&#8221;vc_hidden-xs&#8221;][vc_empty_space height=&#8221;30px&#8221;][\/vc_column][\/vc_row][vc_row][vc_column][vc_row_inner][vc_column_inner][wyde_info_box icon_set=&#8221;simple_line&#8221; icon_simple_line=&#8221;sl-loop&#8221; icon_position=&#8221;left&#8221; title=&#8221;QUARTO 20M<sup>2<\/sup>&#8220;]TTamanho do quarto recomendado[\/wyde_info_box][vc_empty_space height=&#8221;15px&#8221;][\/vc_column_inner][\/vc_row_inner][vc_row_inner][vc_column_inner][wyde_info_box icon_set=&#8221;simple_line&#8221; icon_simple_line=&#8221;sl-volume-2&#8243; icon_position=&#8221;left&#8221; title=&#8221;M\u00c1X. 20DBS (RU\u00cdDO EMITIDO \u00c0 VELOCIDADE 1)&#8221;]Ventilador de tecto silencioso para dormir[\/wyde_info_box][vc_empty_space height=&#8221;15px&#8221;][\/vc_column_inner][\/vc_row_inner][vc_row_inner][vc_column_inner][wyde_info_box icon_set=&#8221;simple_line&#8221; icon_simple_line=&#8221;sl-settings&#8221; icon_position=&#8221;left&#8221; title=&#8221;MOTOR DC&#8221;]Mais silencioso, mais eficiente e menos consumidor de energia[\/wyde_info_box][vc_empty_space height=&#8221;15px&#8221;][\/vc_column_inner][\/vc_row_inner][vc_row_inner][vc_column_inner][wyde_info_box icon_set=&#8221;simple_line&#8221; icon_simple_line=&#8221;sl-bulb&#8221; icon_position=&#8221;left&#8221; title=&#8221;3 TEMPERATURAS DE COR&#8221;]Ajuda a regular os ciclos circadianos[\/wyde_info_box][vc_empty_space height=&#8221;15px&#8221;][\/vc_column_inner][\/vc_row_inner][vc_row_inner][vc_column_inner][wyde_info_box icon_set=&#8221;simple_line&#8221; icon_simple_line=&#8221;fa fa-tree&#8221; icon_position=&#8221;left&#8221; title=&#8221;MADEIRA REAL&#8221;]L\u00e2mina de madeira leve[\/wyde_info_box][vc_empty_space height=&#8221;15px&#8221;][\/vc_column_inner][\/vc_row_inner][\/vc_column][\/vc_row][vc_row][vc_column offset=&#8221;vc_hidden-xs&#8221;][vc_empty_space height=&#8221;60px&#8221;][\/vc_column][\/vc_row][vc_row][vc_column width=&#8221;1\/3&#8243;][wyde_link_button icon_set=&#8221;simple_line&#8221; icon_simple_line=&#8221;sl-settings&#8221; style=&#8221;round&#8221; title=&#8221;Instru\u00e7\u00f5es&#8221; link=&#8221;url:http%3A%2F%2Farteconfort.com%2Fwp-content%2Fuploads%2F2020%2F01%2Fim-MOALA.pdf||target:%20_blank|rel:nofollow&#8221; color=&#8221;#ffffff&#8221; bg_color=&#8221;#222222&#8243;][\/vc_column][\/vc_row][vc_row][vc_column offset=&#8221;vc_hidden-xs&#8221;][vc_empty_space][\/vc_column][\/vc_row][vc_row][vc_column][vc_empty_space height=&#8221;20px&#8221;][\/vc_column][\/vc_row][vc_row background_mode=&#8221;color&#8221; background_color=&#8221;#f5f5f5&#8243;][vc_column text_align=&#8221;center&#8221;][vc_row_inner padding_size=&#8221;m-padding&#8221;][vc_column_inner text_align=&#8221;center&#8221;][vc_single_image alignment=&#8221;center&#8221; image=&#8221;1046&#8243;][vc_column_text]Encontre este ventilador de teto para venda exclusivamente em LEROY MERLIN[\/vc_column_text][vc_empty_space height=&#8221;15px&#8221;][wyde_link_button icon_set=&#8221;simple_line&#8221; icon_simple_line=&#8221;sl-login&#8221; style=&#8221;outline round&#8221; title=&#8221;Entrar para Leroy Merlin&#8221;link=&#8221;url:https%3A%2F%2Fwww.leroymerlin.es%2Ffp%2F82485374%2Fventilador-de-techo-led-moala-arteconfort-de-132-cm-dc||target:%20_blank|rel:nofollow&#8221; color=&#8221;#61b4e4&#8243; hover_color=&#8221;#ffffff&#8221;][\/vc_column_inner][\/vc_row_inner][\/vc_column][\/vc_row]<\/p>\n","protected":false},"featured_media":32633,"template":"","meta":[],"product_brand":[],"product_cat":[407],"product_tag":[],"class_list":{"0":"post-11353","1":"product","2":"type-product","3":"status-publish","4":"has-post-thumbnail","6":"product_cat-descatalogados-pt-pt","8":"first","9":"instock","10":"shipping-taxable","11":"product-type-simple"},"yoast_head":"<!-- This site is optimized with the Yoast SEO plugin v26.5 - https:\/\/yoast.com\/wordpress\/plugins\/seo\/ -->\n<title>MOALA - Descatalogados - Arteconfort<\/title>\n<meta name=\"description\" content=\"Resfrie a sua sala de estar ou de jantar com este ventilador de tecto grande e f\u00e1cil de instalar. Tem um controlo remoto program\u00e1vel. Incorpora um motor DC e uma luz LED com mem\u00f3ria de temperatura de cor em luz fria, quente e neutra. O seu design elegante com corpo met\u00e1lico e l\u00e2minas de madeira ir\u00e1 real\u00e7ar qualquer estilo. Ref. MOALANE21TTamanho do quarto recomendadoVentilador de tecto silencioso para dormirMais silencioso, mais eficiente e menos consumidor de energiaAjuda a regular os ciclos circadianosL\u00e2mina de madeira leveEncontre este ventilador de teto para venda exclusivamente em LEROY MERLIN\" \/>\n<meta name=\"robots\" content=\"index, follow, max-snippet:-1, max-image-preview:large, max-video-preview:-1\" \/>\n<link rel=\"canonical\" href=\"https:\/\/arteconfort.com\/pt-pt\/producto\/moala\/\" \/>\n<meta property=\"og:locale\" content=\"pt_PT\" \/>\n<meta property=\"og:type\" content=\"article\" \/>\n<meta property=\"og:title\" content=\"MOALA - Descatalogados - Arteconfort\" \/>\n<meta property=\"og:description\" content=\"Resfrie a sua sala de estar ou de jantar com este ventilador de tecto grande e f\u00e1cil de instalar. Tem um controlo remoto program\u00e1vel. Incorpora um motor DC e uma luz LED com mem\u00f3ria de temperatura de cor em luz fria, quente e neutra. O seu design elegante com corpo met\u00e1lico e l\u00e2minas de madeira ir\u00e1 real\u00e7ar qualquer estilo. Ref. MOALANE21TTamanho do quarto recomendadoVentilador de tecto silencioso para dormirMais silencioso, mais eficiente e menos consumidor de energiaAjuda a regular os ciclos circadianosL\u00e2mina de madeira leveEncontre este ventilador de teto para venda exclusivamente em LEROY MERLIN\" \/>\n<meta property=\"og:url\" content=\"https:\/\/arteconfort.com\/pt-pt\/producto\/moala\/\" \/>\n<meta property=\"og:site_name\" content=\"Arteconfort\" \/>\n<meta property=\"article:modified_time\" content=\"2022-03-09T14:31:29+00:00\" \/>\n<meta property=\"og:image\" content=\"https:\/\/arteconfort.com\/wp-content\/uploads\/2023\/10\/MOALA.webp\" \/>\n\t<meta property=\"og:image:width\" content=\"1024\" \/>\n\t<meta property=\"og:image:height\" content=\"1024\" \/>\n\t<meta property=\"og:image:type\" content=\"image\/webp\" \/>\n<meta name=\"twitter:card\" content=\"summary_large_image\" \/>\n<meta name=\"twitter:label1\" content=\"Tempo estimado de leitura\" \/>\n\t<meta name=\"twitter:data1\" content=\"3 minutos\" \/>\n<!-- \/ Yoast SEO plugin. -->","yoast_head_json":{"title":"MOALA - Descatalogados - Arteconfort","description":"Resfrie a sua sala de estar ou de jantar com este ventilador de tecto grande e f\u00e1cil de instalar. Tem um controlo remoto program\u00e1vel. Incorpora um motor DC e uma luz LED com mem\u00f3ria de temperatura de cor em luz fria, quente e neutra. O seu design elegante com corpo met\u00e1lico e l\u00e2minas de madeira ir\u00e1 real\u00e7ar qualquer estilo. Ref. MOALANE21TTamanho do quarto recomendadoVentilador de tecto silencioso para dormirMais silencioso, mais eficiente e menos consumidor de energiaAjuda a regular os ciclos circadianosL\u00e2mina de madeira leveEncontre este ventilador de teto para venda exclusivamente em LEROY MERLIN","robots":{"index":"index","follow":"follow","max-snippet":"max-snippet:-1","max-image-preview":"max-image-preview:large","max-video-preview":"max-video-preview:-1"},"canonical":"https:\/\/arteconfort.com\/pt-pt\/producto\/moala\/","og_locale":"pt_PT","og_type":"article","og_title":"MOALA - Descatalogados - Arteconfort","og_description":"Resfrie a sua sala de estar ou de jantar com este ventilador de tecto grande e f\u00e1cil de instalar. Tem um controlo remoto program\u00e1vel. Incorpora um motor DC e uma luz LED com mem\u00f3ria de temperatura de cor em luz fria, quente e neutra. O seu design elegante com corpo met\u00e1lico e l\u00e2minas de madeira ir\u00e1 real\u00e7ar qualquer estilo. Ref. MOALANE21TTamanho do quarto recomendadoVentilador de tecto silencioso para dormirMais silencioso, mais eficiente e menos consumidor de energiaAjuda a regular os ciclos circadianosL\u00e2mina de madeira leveEncontre este ventilador de teto para venda exclusivamente em LEROY MERLIN","og_url":"https:\/\/arteconfort.com\/pt-pt\/producto\/moala\/","og_site_name":"Arteconfort","article_modified_time":"2022-03-09T14:31:29+00:00","og_image":[{"width":1024,"height":1024,"url":"https:\/\/arteconfort.com\/wp-content\/uploads\/2023\/10\/MOALA.webp","type":"image\/webp"}],"twitter_card":"summary_large_image","twitter_misc":{"Tempo estimado de leitura":"3 minutos"},"schema":{"@context":"https:\/\/schema.org","@graph":[{"@type":"WebPage","@id":"https:\/\/arteconfort.com\/pt-pt\/producto\/moala\/","url":"https:\/\/arteconfort.com\/pt-pt\/producto\/moala\/","name":"MOALA - Descatalogados - Arteconfort","isPartOf":{"@id":"https:\/\/arteconfort.com\/pt-pt\/#website"},"primaryImageOfPage":{"@id":"https:\/\/arteconfort.com\/pt-pt\/producto\/moala\/#primaryimage"},"image":{"@id":"https:\/\/arteconfort.com\/pt-pt\/producto\/moala\/#primaryimage"},"thumbnailUrl":"https:\/\/arteconfort.com\/wp-content\/uploads\/2023\/10\/MOALA.webp","datePublished":"2020-03-09T16:30:59+00:00","dateModified":"2022-03-09T14:31:29+00:00","description":"Resfrie a sua sala de estar ou de jantar com este ventilador de tecto grande e f\u00e1cil de instalar. Tem um controlo remoto program\u00e1vel. Incorpora um motor DC e uma luz LED com mem\u00f3ria de temperatura de cor em luz fria, quente e neutra. O seu design elegante com corpo met\u00e1lico e l\u00e2minas de madeira ir\u00e1 real\u00e7ar qualquer estilo. Ref. MOALANE21TTamanho do quarto recomendadoVentilador de tecto silencioso para dormirMais silencioso, mais eficiente e menos consumidor de energiaAjuda a regular os ciclos circadianosL\u00e2mina de madeira leveEncontre este ventilador de teto para venda exclusivamente em LEROY MERLIN","breadcrumb":{"@id":"https:\/\/arteconfort.com\/pt-pt\/producto\/moala\/#breadcrumb"},"inLanguage":"pt-PT","potentialAction":[{"@type":"ReadAction","target":["https:\/\/arteconfort.com\/pt-pt\/producto\/moala\/"]}]},{"@type":"ImageObject","inLanguage":"pt-PT","@id":"https:\/\/arteconfort.com\/pt-pt\/producto\/moala\/#primaryimage","url":"https:\/\/arteconfort.com\/wp-content\/uploads\/2023\/10\/MOALA.webp","contentUrl":"https:\/\/arteconfort.com\/wp-content\/uploads\/2023\/10\/MOALA.webp","width":1024,"height":1024},{"@type":"BreadcrumbList","@id":"https:\/\/arteconfort.com\/pt-pt\/producto\/moala\/#breadcrumb","itemListElement":[{"@type":"ListItem","position":1,"name":"Inicio","item":"https:\/\/arteconfort.com\/pt-pt\/"},{"@type":"ListItem","position":2,"name":"Tienda","item":"https:\/\/arteconfort.com\/pt-pt\/tienda-2\/"},{"@type":"ListItem","position":3,"name":"MOALA"}]},{"@type":"WebSite","@id":"https:\/\/arteconfort.com\/pt-pt\/#website","url":"https:\/\/arteconfort.com\/pt-pt\/","name":"Arteconfort","description":"Especialistas en productos del hogar","publisher":{"@id":"https:\/\/arteconfort.com\/pt-pt\/#organization"},"potentialAction":[{"@type":"SearchAction","target":{"@type":"EntryPoint","urlTemplate":"https:\/\/arteconfort.com\/pt-pt\/?s={search_term_string}"},"query-input":{"@type":"PropertyValueSpecification","valueRequired":true,"valueName":"search_term_string"}}],"inLanguage":"pt-PT"},{"@type":"Organization","@id":"https:\/\/arteconfort.com\/pt-pt\/#organization","name":"Arteconfort","url":"https:\/\/arteconfort.com\/pt-pt\/","logo":{"@type":"ImageObject","inLanguage":"pt-PT","@id":"https:\/\/arteconfort.com\/pt-pt\/#\/schema\/logo\/image\/","url":"https:\/\/arteconfort.com\/wp-content\/uploads\/2019\/07\/logo-arteconfort.png","contentUrl":"https:\/\/arteconfort.com\/wp-content\/uploads\/2019\/07\/logo-arteconfort.png","width":230,"height":88,"caption":"Arteconfort"},"image":{"@id":"https:\/\/arteconfort.com\/pt-pt\/#\/schema\/logo\/image\/"}}]}},"_links":{"self":[{"href":"https:\/\/arteconfort.com\/pt-pt\/wp-json\/wp\/v2\/product\/11353","targetHints":{"allow":["GET"]}}],"collection":[{"href":"https:\/\/arteconfort.com\/pt-pt\/wp-json\/wp\/v2\/product"}],"about":[{"href":"https:\/\/arteconfort.com\/pt-pt\/wp-json\/wp\/v2\/types\/product"}],"wp:featuredmedia":[{"embeddable":true,"href":"https:\/\/arteconfort.com\/pt-pt\/wp-json\/wp\/v2\/media\/32633"}],"wp:attachment":[{"href":"https:\/\/arteconfort.com\/pt-pt\/wp-json\/wp\/v2\/media?parent=11353"}],"wp:term":[{"taxonomy":"product_brand","embeddable":true,"href":"https:\/\/arteconfort.com\/pt-pt\/wp-json\/wp\/v2\/product_brand?post=11353"},{"taxonomy":"product_cat","embeddable":true,"href":"https:\/\/arteconfort.com\/pt-pt\/wp-json\/wp\/v2\/product_cat?post=11353"},{"taxonomy":"product_tag","embeddable":true,"href":"https:\/\/arteconfort.com\/pt-pt\/wp-json\/wp\/v2\/product_tag?post=11353"}],"curies":[{"name":"wp","href":"https:\/\/api.w.org\/{rel}","templated":true}]}}