{"id":11400,"date":"2020-02-18T12:03:39","date_gmt":"2020-02-18T11:03:39","guid":{"rendered":"https:\/\/arteconfort.com\/producto\/sem%20categoria\/pacific\/"},"modified":"2022-04-27T10:13:10","modified_gmt":"2022-04-27T08:13:10","slug":"pacific","status":"publish","type":"product","link":"https:\/\/arteconfort.com\/pt-pt\/producto\/pacific\/","title":{"rendered":"PACIFIC"},"content":{"rendered":"<div class=\"wpb-content-wrapper\"><p>[vc_row][vc_column][vc_row_inner][vc_column_inner width=&#8221;1\/4&#8243; offset=&#8221;vc_col-xs-6&#8243;][wyde_info_box icon_set=&#8221;simple_line&#8221; icon_simple_line=&#8221;sl-mouse&#8221; title=&#8221;CONTROLO INCLU\u00cdDO&#8221;]Para maior conforto de utiliza\u00e7\u00e3o[\/wyde_info_box][\/vc_column_inner][vc_column_inner width=&#8221;1\/4&#8243; offset=&#8221;vc_col-xs-6&#8243;][wyde_info_box icon_set=&#8221;simple_line&#8221; icon_simple_line=&#8221;sl-bulb&#8221; title=&#8221;MEM\u00d3RIA DE TEMPERATURA DE COR&#8221;]Cria o teu pr\u00f3prio ambiente[\/wyde_info_box][\/vc_column_inner][vc_column_inner width=&#8221;1\/4&#8243; offset=&#8221;vc_col-xs-6&#8243;][wyde_info_box icon_set=&#8221;simple_line&#8221; icon_simple_line=&#8221;sl-volume-off&#8221; title=&#8221;SEM BIP NO CONTROLO&#8221;]Para n\u00e3o interromper o seu descanso[\/wyde_info_box][\/vc_column_inner][vc_column_inner width=&#8221;1\/4&#8243; offset=&#8221;vc_col-xs-6&#8243;][wyde_info_box icon_set=&#8221;simple_line&#8221; icon_simple_line=&#8221;sl-wrench&#8221; title=&#8221;F\u00c1CIL INSTALA\u00c7\u00c3O&#8221;]Monte o seu ventilador em apenas alguns passos[\/wyde_info_box][\/vc_column_inner][\/vc_row_inner][vc_row_inner][vc_column_inner offset=&#8221;vc_hidden-xs&#8221;][vc_empty_space][\/vc_column_inner][\/vc_row_inner][vc_row_inner][vc_column_inner width=&#8221;1\/4&#8243; offset=&#8221;vc_col-xs-6&#8243;][wyde_info_box icon_set=&#8221;simple_line&#8221; icon_simple_line=&#8221;sl-home&#8221; title=&#8221;ADEQUADO PARA TECTOS INCLINADOS&#8221;]At\u00e9 20\u00b0 de inclina\u00e7\u00e3o[\/wyde_info_box][\/vc_column_inner][vc_column_inner width=&#8221;1\/4&#8243; offset=&#8221;vc_col-xs-6&#8243;][wyde_info_box icon_set=&#8221;simple_line&#8221; icon_simple_line=&#8221;sl-clock&#8221; title=&#8221;PROGRAMAM\u00c1VEL&#8221;] 1h\/2h\/4h\/8h[\/wyde_info_box][\/vc_column_inner][vc_column_inner width=&#8221;1\/4&#8243; offset=&#8221;vc_col-xs-6&#8243;][wyde_info_box icon_set=&#8221;simple_line&#8221; icon_simple_line=&#8221;sl-speedometer&#8221; title=&#8221;3 VELOCIDADES&#8221;]Fluxo de ar ajust\u00e1vel[\/wyde_info_box][\/vc_column_inner][\/vc_row_inner][vc_row_inner][vc_column_inner offset=&#8221;vc_hidden-xs&#8221;][vc_empty_space height=&#8221;60px&#8221;][\/vc_column_inner][\/vc_row_inner][\/vc_column][\/vc_row][vc_row][vc_column width=&#8221;1\/2&#8243;][vc_accordion collapsible=&#8221;true&#8221; active_tab=&#8221;false&#8221;][vc_accordion_tab title=&#8221;Caracter\u00edsticas mec\u00e2nicas&#8221;][vc_column_text]<strong>Alto<\/strong> 31,5cm<br \/>\n<strong>Di\u00e2metro<\/strong> 132cm<br \/>\n<strong>Peso<\/strong> 7,1kg<br \/>\n<strong>Material<\/strong> Metal<br \/>\n<b>Terminar <\/b>Branco mate<br \/>\n<strong>Ru\u00eddo emitido<\/strong> 30dBs em velocidade 1<br \/>\n<strong>Dist\u00e2ncia de seguran\u00e7a<\/strong> 2,3m<br \/>\n<strong>Superf\u00edcie recomendada <\/strong>20m<sup>2<\/sup><br \/>\n<strong>Inclina\u00e7\u00e3o m\u00e1xima do telhado <\/strong>20\u00ba<br \/>\n<strong>IP<\/strong> 20<br \/>\n<strong>Isolamento el\u00e9ctrico <\/strong>Classe I<br \/>\n<strong>N\u00ba de velocidades<\/strong> 3<br \/>\n<strong>Poder da velocidade <\/strong>27W\/45W\/55W<br \/>\n<strong>RPM de velocidades<\/strong> 144\/187\/210<br \/>\n<strong>Acess\u00f3rios<\/strong> Estabilizador e espig\u00e3o de selim adicional de 25cm<br \/>\n<strong>Garantia<\/strong> 2 anos[\/vc_column_text][\/vc_accordion_tab][vc_accordion_tab title=&#8221;L\u00e2minas&#8221;][vc_column_text]<strong>Material<\/strong> Plywood<br \/>\n<b>Terminar <\/b>Branco mate<br \/>\n<strong>Revers\u00edvel<\/strong> Sim<br \/>\n<strong>N\u00ba de l\u00e2minas <\/strong>4<br \/>\n<strong>Fun\u00e7\u00e3o Inverno\/Ver\u00e3o<\/strong> Sim[\/vc_column_text][\/vc_accordion_tab][vc_accordion_tab title=&#8221;Caracter\u00edsticas \u00f3pticas&#8221;][vc_column_text]<strong>CCT<\/strong> 3000K\/4000K\/5500K<br \/>\n<strong>Tipo de LED<\/strong> SMD integrado<br \/>\n<b>Energia <\/b>18W<br \/>\n<strong>Mem\u00f3ria CCT<\/strong> Sim<br \/>\n<strong>Fluxo luminoso <\/strong>1.800lm<br \/>\n<strong>\u00c2ngulo de abertura <\/strong>160\u00ba[\/vc_column_text][\/vc_accordion_tab][vc_accordion_tab title=&#8221;Caracter\u00edsticas el\u00e9ctricas&#8221;][vc_column_text]<strong>Tipo de motor<\/strong> AC<br \/>\n<b>Energia <\/b>55W<br \/>\n<strong>Frequ\u00eancia<\/strong> 50Hz[\/vc_column_text][\/vc_accordion_tab][vc_accordion_tab title=&#8221;Controlo remoto&#8221;][vc_column_text]<strong>Pilhas inclu\u00eddas <\/strong>Sim<br \/>\n<strong>Tipo de pilha <\/strong>AAA<br \/>\n<strong>Prefer\u00eancia de controlo <\/strong>N\u00e3o<br \/>\n<strong>Desligamento autom\u00e1tico <\/strong>Sim<br \/>\n<strong>Tempo program\u00e1vel <\/strong>1h\/2h\/4h\/8h[\/vc_column_text][\/vc_accordion_tab][\/vc_accordion][\/vc_column][vc_column width=&#8221;1\/2&#8243;][vc_single_image image=&#8221;6564&#8243;][\/vc_column][\/vc_row]<\/p>\n<\/div>","protected":false},"excerpt":{"rendered":"<p>Ventilador de tecto branco com controlo remoto e f\u00e1cil instala\u00e7\u00e3o que o ajudar\u00e1 no seu dia-a-dia gra\u00e7as \u00e0s suas fun\u00e7\u00f5es program\u00e1veis. Tem luz LED com tr\u00eas temperaturas de cor (luz quente, neutra e fria) e mem\u00f3ria de temperatura de cor que o ajuda a regular os seus ciclos circadianos. \u00c9 adequado para tectos inclinados, o que o torna uma \u00f3ptima op\u00e7\u00e3o para qualquer ambiente.<br \/>\n<strong>Ref. PACIFICBL21<\/strong>[vc_row][vc_column offset=&#8221;vc_hidden-xs&#8221;][vc_empty_space height=&#8221;30px&#8221;][\/vc_column][\/vc_row][vc_row][vc_column][vc_row_inner][vc_column_inner][wyde_info_box icon_set=&#8221;simple_line&#8221; icon_simple_line=&#8221;sl-loop&#8221; icon_position=&#8221;left&#8221; title=&#8221;QUARTO AT\u00c9 20M<sup>2<\/sup>&#8220;]Tamanho do quarto recomendado[\/wyde_info_box][vc_empty_space height=&#8221;15px&#8221;][\/vc_column_inner][\/vc_row_inner][vc_row_inner][vc_column_inner][wyde_info_box icon_set=&#8221;simple_line&#8221; icon_simple_line=&#8221;sl-volume-2&#8243; icon_position=&#8221;left&#8221; title=&#8221;M\u00c1X. 30DBS (RU\u00cdDO EMITIDO \u00c0 VELOCIDADE 1)&#8221;]Ventilador de tecto silencioso para dormir[\/wyde_info_box][vc_empty_space height=&#8221;15px&#8221;][\/vc_column_inner][\/vc_row_inner][vc_row_inner][vc_column_inner][wyde_info_box icon_set=&#8221;simple_line&#8221; icon_simple_line=&#8221;sl-settings&#8221; icon_position=&#8221;left&#8221; title=&#8221;MOTOR AC&#8221;]Alta eficiencia[\/wyde_info_box][vc_empty_space height=&#8221;15px&#8221;][\/vc_column_inner][\/vc_row_inner][vc_row_inner][vc_column_inner][wyde_info_box icon_set=&#8221;simple_line&#8221; icon_simple_line=&#8221;sl-bulb&#8221; icon_position=&#8221;left&#8221; title=&#8221;3 TEMPERATURAS DE COR&#8221;]Ajuda a regular os ciclos circadianos[\/wyde_info_box][vc_empty_space height=&#8221;15px&#8221;][\/vc_column_inner][\/vc_row_inner][\/vc_column][\/vc_row][vc_row][vc_column offset=&#8221;vc_hidden-xs&#8221;][vc_empty_space height=&#8221;60px&#8221;][\/vc_column][\/vc_row][vc_row][vc_column width=&#8221;1\/3&#8243;][wyde_link_button icon_set=&#8221;simple_line&#8221; icon_simple_line=&#8221;sl-settings&#8221; style=&#8221;round&#8221; title=&#8221;Instru\u00e7\u00f5es&#8221; link=&#8221;url:http%3A%2F%2Farteconfort.com%2Fwp-content%2Fuploads%2F2020%2F01%2Fim-PACIFIC.pdf||target:%20_blank|rel:nofollow&#8221; color=&#8221;#ffffff&#8221; bg_color=&#8221;#222222&#8243;][\/vc_column][\/vc_row][vc_row][vc_column offset=&#8221;vc_hidden-xs&#8221;][vc_empty_space][\/vc_column][\/vc_row][vc_row][vc_column]<\/p>\n","protected":false},"featured_media":33433,"template":"","meta":[],"product_brand":[],"product_cat":[407],"product_tag":[],"class_list":{"0":"post-11400","1":"product","2":"type-product","3":"status-publish","4":"has-post-thumbnail","6":"product_cat-descatalogados-pt-pt","8":"first","9":"instock","10":"shipping-taxable","11":"product-type-simple"},"yoast_head":"<!-- This site is optimized with the Yoast SEO plugin v26.5 - https:\/\/yoast.com\/wordpress\/plugins\/seo\/ -->\n<title>PACIFIC - Descatalogados - Arteconfort<\/title>\n<meta name=\"description\" content=\"Ventilador de tecto branco com controlo remoto e f\u00e1cil instala\u00e7\u00e3o que o ajudar\u00e1 no seu dia-a-dia gra\u00e7as \u00e0s suas fun\u00e7\u00f5es program\u00e1veis. Tem luz LED com tr\u00eas temperaturas de cor (luz quente, neutra e fria) e mem\u00f3ria de temperatura de cor que o ajuda a regular os seus ciclos circadianos. \u00c9 adequado para tectos inclinados, o que o torna uma \u00f3ptima op\u00e7\u00e3o para qualquer ambiente. Ref. PACIFICBL21Tamanho do quarto recomendadoVentilador de tecto silencioso para dormirAlta eficienciaAjuda a regular os ciclos circadianos\" \/>\n<meta name=\"robots\" content=\"index, follow, max-snippet:-1, max-image-preview:large, max-video-preview:-1\" \/>\n<link rel=\"canonical\" href=\"https:\/\/arteconfort.com\/pt-pt\/producto\/pacific\/\" \/>\n<meta property=\"og:locale\" content=\"pt_PT\" \/>\n<meta property=\"og:type\" content=\"article\" \/>\n<meta property=\"og:title\" content=\"PACIFIC - Descatalogados - Arteconfort\" \/>\n<meta property=\"og:description\" content=\"Ventilador de tecto branco com controlo remoto e f\u00e1cil instala\u00e7\u00e3o que o ajudar\u00e1 no seu dia-a-dia gra\u00e7as \u00e0s suas fun\u00e7\u00f5es program\u00e1veis. Tem luz LED com tr\u00eas temperaturas de cor (luz quente, neutra e fria) e mem\u00f3ria de temperatura de cor que o ajuda a regular os seus ciclos circadianos. \u00c9 adequado para tectos inclinados, o que o torna uma \u00f3ptima op\u00e7\u00e3o para qualquer ambiente. Ref. PACIFICBL21Tamanho do quarto recomendadoVentilador de tecto silencioso para dormirAlta eficienciaAjuda a regular os ciclos circadianos\" \/>\n<meta property=\"og:url\" content=\"https:\/\/arteconfort.com\/pt-pt\/producto\/pacific\/\" \/>\n<meta property=\"og:site_name\" content=\"Arteconfort\" \/>\n<meta property=\"article:modified_time\" content=\"2022-04-27T08:13:10+00:00\" \/>\n<meta property=\"og:image\" content=\"https:\/\/arteconfort.com\/wp-content\/uploads\/2023\/10\/PACIFIC.webp\" \/>\n\t<meta property=\"og:image:width\" content=\"1024\" \/>\n\t<meta property=\"og:image:height\" content=\"1024\" \/>\n\t<meta property=\"og:image:type\" content=\"image\/webp\" \/>\n<meta name=\"twitter:card\" content=\"summary_large_image\" \/>\n<meta name=\"twitter:label1\" content=\"Tempo estimado de leitura\" \/>\n\t<meta name=\"twitter:data1\" content=\"3 minutos\" \/>\n<!-- \/ Yoast SEO plugin. -->","yoast_head_json":{"title":"PACIFIC - Descatalogados - Arteconfort","description":"Ventilador de tecto branco com controlo remoto e f\u00e1cil instala\u00e7\u00e3o que o ajudar\u00e1 no seu dia-a-dia gra\u00e7as \u00e0s suas fun\u00e7\u00f5es program\u00e1veis. Tem luz LED com tr\u00eas temperaturas de cor (luz quente, neutra e fria) e mem\u00f3ria de temperatura de cor que o ajuda a regular os seus ciclos circadianos. \u00c9 adequado para tectos inclinados, o que o torna uma \u00f3ptima op\u00e7\u00e3o para qualquer ambiente. Ref. PACIFICBL21Tamanho do quarto recomendadoVentilador de tecto silencioso para dormirAlta eficienciaAjuda a regular os ciclos circadianos","robots":{"index":"index","follow":"follow","max-snippet":"max-snippet:-1","max-image-preview":"max-image-preview:large","max-video-preview":"max-video-preview:-1"},"canonical":"https:\/\/arteconfort.com\/pt-pt\/producto\/pacific\/","og_locale":"pt_PT","og_type":"article","og_title":"PACIFIC - Descatalogados - Arteconfort","og_description":"Ventilador de tecto branco com controlo remoto e f\u00e1cil instala\u00e7\u00e3o que o ajudar\u00e1 no seu dia-a-dia gra\u00e7as \u00e0s suas fun\u00e7\u00f5es program\u00e1veis. Tem luz LED com tr\u00eas temperaturas de cor (luz quente, neutra e fria) e mem\u00f3ria de temperatura de cor que o ajuda a regular os seus ciclos circadianos. \u00c9 adequado para tectos inclinados, o que o torna uma \u00f3ptima op\u00e7\u00e3o para qualquer ambiente. Ref. PACIFICBL21Tamanho do quarto recomendadoVentilador de tecto silencioso para dormirAlta eficienciaAjuda a regular os ciclos circadianos","og_url":"https:\/\/arteconfort.com\/pt-pt\/producto\/pacific\/","og_site_name":"Arteconfort","article_modified_time":"2022-04-27T08:13:10+00:00","og_image":[{"width":1024,"height":1024,"url":"https:\/\/arteconfort.com\/wp-content\/uploads\/2023\/10\/PACIFIC.webp","type":"image\/webp"}],"twitter_card":"summary_large_image","twitter_misc":{"Tempo estimado de leitura":"3 minutos"},"schema":{"@context":"https:\/\/schema.org","@graph":[{"@type":"WebPage","@id":"https:\/\/arteconfort.com\/pt-pt\/producto\/pacific\/","url":"https:\/\/arteconfort.com\/pt-pt\/producto\/pacific\/","name":"PACIFIC - Descatalogados - Arteconfort","isPartOf":{"@id":"https:\/\/arteconfort.com\/pt-pt\/#website"},"primaryImageOfPage":{"@id":"https:\/\/arteconfort.com\/pt-pt\/producto\/pacific\/#primaryimage"},"image":{"@id":"https:\/\/arteconfort.com\/pt-pt\/producto\/pacific\/#primaryimage"},"thumbnailUrl":"https:\/\/arteconfort.com\/wp-content\/uploads\/2023\/10\/PACIFIC.webp","datePublished":"2020-02-18T11:03:39+00:00","dateModified":"2022-04-27T08:13:10+00:00","description":"Ventilador de tecto branco com controlo remoto e f\u00e1cil instala\u00e7\u00e3o que o ajudar\u00e1 no seu dia-a-dia gra\u00e7as \u00e0s suas fun\u00e7\u00f5es program\u00e1veis. Tem luz LED com tr\u00eas temperaturas de cor (luz quente, neutra e fria) e mem\u00f3ria de temperatura de cor que o ajuda a regular os seus ciclos circadianos. \u00c9 adequado para tectos inclinados, o que o torna uma \u00f3ptima op\u00e7\u00e3o para qualquer ambiente. Ref. PACIFICBL21Tamanho do quarto recomendadoVentilador de tecto silencioso para dormirAlta eficienciaAjuda a regular os ciclos circadianos","breadcrumb":{"@id":"https:\/\/arteconfort.com\/pt-pt\/producto\/pacific\/#breadcrumb"},"inLanguage":"pt-PT","potentialAction":[{"@type":"ReadAction","target":["https:\/\/arteconfort.com\/pt-pt\/producto\/pacific\/"]}]},{"@type":"ImageObject","inLanguage":"pt-PT","@id":"https:\/\/arteconfort.com\/pt-pt\/producto\/pacific\/#primaryimage","url":"https:\/\/arteconfort.com\/wp-content\/uploads\/2023\/10\/PACIFIC.webp","contentUrl":"https:\/\/arteconfort.com\/wp-content\/uploads\/2023\/10\/PACIFIC.webp","width":1024,"height":1024},{"@type":"BreadcrumbList","@id":"https:\/\/arteconfort.com\/pt-pt\/producto\/pacific\/#breadcrumb","itemListElement":[{"@type":"ListItem","position":1,"name":"Inicio","item":"https:\/\/arteconfort.com\/pt-pt\/"},{"@type":"ListItem","position":2,"name":"Tienda","item":"https:\/\/arteconfort.com\/pt-pt\/tienda-2\/"},{"@type":"ListItem","position":3,"name":"PACIFIC"}]},{"@type":"WebSite","@id":"https:\/\/arteconfort.com\/pt-pt\/#website","url":"https:\/\/arteconfort.com\/pt-pt\/","name":"Arteconfort","description":"Especialistas en productos del hogar","publisher":{"@id":"https:\/\/arteconfort.com\/pt-pt\/#organization"},"potentialAction":[{"@type":"SearchAction","target":{"@type":"EntryPoint","urlTemplate":"https:\/\/arteconfort.com\/pt-pt\/?s={search_term_string}"},"query-input":{"@type":"PropertyValueSpecification","valueRequired":true,"valueName":"search_term_string"}}],"inLanguage":"pt-PT"},{"@type":"Organization","@id":"https:\/\/arteconfort.com\/pt-pt\/#organization","name":"Arteconfort","url":"https:\/\/arteconfort.com\/pt-pt\/","logo":{"@type":"ImageObject","inLanguage":"pt-PT","@id":"https:\/\/arteconfort.com\/pt-pt\/#\/schema\/logo\/image\/","url":"https:\/\/arteconfort.com\/wp-content\/uploads\/2019\/07\/logo-arteconfort.png","contentUrl":"https:\/\/arteconfort.com\/wp-content\/uploads\/2019\/07\/logo-arteconfort.png","width":230,"height":88,"caption":"Arteconfort"},"image":{"@id":"https:\/\/arteconfort.com\/pt-pt\/#\/schema\/logo\/image\/"}}]}},"_links":{"self":[{"href":"https:\/\/arteconfort.com\/pt-pt\/wp-json\/wp\/v2\/product\/11400","targetHints":{"allow":["GET"]}}],"collection":[{"href":"https:\/\/arteconfort.com\/pt-pt\/wp-json\/wp\/v2\/product"}],"about":[{"href":"https:\/\/arteconfort.com\/pt-pt\/wp-json\/wp\/v2\/types\/product"}],"wp:featuredmedia":[{"embeddable":true,"href":"https:\/\/arteconfort.com\/pt-pt\/wp-json\/wp\/v2\/media\/33433"}],"wp:attachment":[{"href":"https:\/\/arteconfort.com\/pt-pt\/wp-json\/wp\/v2\/media?parent=11400"}],"wp:term":[{"taxonomy":"product_brand","embeddable":true,"href":"https:\/\/arteconfort.com\/pt-pt\/wp-json\/wp\/v2\/product_brand?post=11400"},{"taxonomy":"product_cat","embeddable":true,"href":"https:\/\/arteconfort.com\/pt-pt\/wp-json\/wp\/v2\/product_cat?post=11400"},{"taxonomy":"product_tag","embeddable":true,"href":"https:\/\/arteconfort.com\/pt-pt\/wp-json\/wp\/v2\/product_tag?post=11400"}],"curies":[{"name":"wp","href":"https:\/\/api.w.org\/{rel}","templated":true}]}}