{"id":11411,"date":"2020-12-22T12:56:01","date_gmt":"2020-12-22T11:56:01","guid":{"rendered":"https:\/\/arteconfort.com\/producto\/sem%20categoria\/sintra\/"},"modified":"2022-03-10T09:21:43","modified_gmt":"2022-03-10T08:21:43","slug":"sintra","status":"publish","type":"product","link":"https:\/\/arteconfort.com\/pt-pt\/producto\/sintra\/","title":{"rendered":"SINTRA"},"content":{"rendered":"<div class=\"wpb-content-wrapper\"><p>[vc_row][vc_column][vc_row_inner][vc_column_inner width=&#8221;1\/4&#8243; offset=&#8221;vc_col-xs-6&#8243;][wyde_info_box icon_set=&#8221;simple_line&#8221; icon_simple_line=&#8221;sl-power&#8221; title=&#8221;MEM\u00d3RIA DE PREFER\u00caNCIAS DE CONTROLO&#8221;]Para facilidade de utiliza\u00e7\u00e3o[\/wyde_info_box][\/vc_column_inner][vc_column_inner width=&#8221;1\/4&#8243; offset=&#8221;vc_col-xs-6&#8243;][wyde_info_box icon_set=&#8221;simple_line&#8221; icon_simple_line=&#8221;sl-volume-off&#8221; title=&#8221;SEM BIP NO CONTROLO&#8221;]Para n\u00e3o interromper o seu descanso[\/wyde_info_box][\/vc_column_inner][vc_column_inner width=&#8221;1\/4&#8243; offset=&#8221;vc_col-xs-6&#8243;][wyde_info_box icon_set=&#8221;simple_line&#8221; icon_simple_line=&#8221;sl-wrench&#8221; title=&#8221;F\u00c1CIL INSTALA\u00c7\u00c3O&#8221;]Monte o seu ventilador em apenas alguns passos[\/wyde_info_box][\/vc_column_inner][vc_column_inner width=&#8221;1\/4&#8243; offset=&#8221;vc_col-xs-6&#8243;][wyde_info_box icon_set=&#8221;simple_line&#8221; icon_simple_line=&#8221;sl-home&#8221; title=&#8221;ADEQUADO PARA TECTOS INCLINADOS&#8221;]At\u00e9 15\u00b0 de inclina\u00e7\u00e3o[\/wyde_info_box][\/vc_column_inner][\/vc_row_inner][vc_row_inner][vc_column_inner offset=&#8221;vc_hidden-xs&#8221;][vc_empty_space][\/vc_column_inner][\/vc_row_inner][vc_row_inner][vc_column_inner width=&#8221;1\/4&#8243; offset=&#8221;vc_col-xs-6&#8243;][wyde_info_box icon_set=&#8221;simple_line&#8221; icon_simple_line=&#8221;sl-clock&#8221; title=&#8221;PROGRAMAM\u00c1VEL&#8221;]1h\/4h\/8h[\/wyde_info_box][\/vc_column_inner][vc_column_inner width=&#8221;1\/4&#8243; offset=&#8221;vc_col-xs-6&#8243;][wyde_info_box icon_set=&#8221;simple_line&#8221; icon_simple_line=&#8221;sl-speedometer&#8221; title=&#8221;5 VELOCIDADES&#8221;]Vasta gama de velocidades[\/wyde_info_box][\/vc_column_inner][vc_column_inner width=&#8221;1\/4&#8243; offset=&#8221;vc_col-xs-6&#8243;][wyde_info_box icon_set=&#8221;simple_line&#8221; icon_simple_line=&#8221;sl-mouse&#8221; title=&#8221;CONTROLO INCLU\u00cdDO&#8221;]Para maior conforto de utiliza\u00e7\u00e3o[\/wyde_info_box][\/vc_column_inner][\/vc_row_inner][vc_row_inner][vc_column_inner offset=&#8221;vc_hidden-xs&#8221;][vc_empty_space height=&#8221;60px&#8221;][\/vc_column_inner][\/vc_row_inner][\/vc_column][\/vc_row][vc_row][vc_column width=&#8221;1\/2&#8243;][vc_accordion collapsible=&#8221;true&#8221; active_tab=&#8221;false&#8221;][vc_accordion_tab title=&#8221;Caracter\u00edsticas mec\u00e2nicas&#8221;][vc_column_text]<strong>Alto<\/strong> 31,5cm<br \/>\n<strong>Di\u00e2metro<\/strong> 142cm<br \/>\n<strong>Peso<\/strong> 5,7kg<br \/>\n<strong>Material<\/strong> Metal<br \/>\n<b>Terminar <\/b>N\u00edquel mate<br \/>\n<strong>Ru\u00eddo emitido<\/strong> 20dBs em velocidade 1<br \/>\n<strong>Dist\u00e2ncia de seguran\u00e7a <\/strong>2,3m<br \/>\n<strong>Superf\u00edcie recomendada <\/strong>30m<sup>2<\/sup><br \/>\n<strong>Inclina\u00e7\u00e3o m\u00e1xima do telhado <\/strong>15\u00ba<br \/>\n<strong>IP<\/strong> 20<br \/>\n<strong>Isolamento el\u00e9ctrico <\/strong>Classe I<br \/>\n<strong>N\u00ba de velocidades<\/strong> 5<br \/>\n<strong>RPM de velocidades<\/strong> 79\/110\/128\/147\/169<br \/>\n<strong>Acess\u00f3rios<\/strong> Estabilizador e espig\u00e3o de selim adicional de 25cm<br \/>\n<strong>Garantia<\/strong> 2 anos[\/vc_column_text][\/vc_accordion_tab][vc_accordion_tab title=&#8221;L\u00e2minas&#8221;][vc_column_text]<strong>Material<\/strong> Madeira<br \/>\n<b>Terminar <\/b>Madeira natural<br \/>\n<strong>Revers\u00edvel<\/strong> N\u00e3o<br \/>\n<strong>N\u00famero de l\u00e2minas <\/strong>3<br \/>\n<strong>Fun\u00e7\u00e3o Inverno\/Ver\u00e3o <\/strong>Sim[\/vc_column_text][\/vc_accordion_tab][vc_accordion_tab title=&#8221;Caracter\u00edsticas el\u00e9ctricas&#8221;][vc_column_text]<strong>Tipo de motor<\/strong> DC<br \/>\n<b>Energia <\/b>39W[\/vc_column_text][\/vc_accordion_tab][vc_accordion_tab title=&#8221;Controlo remoto&#8221;][vc_column_text]<strong>Pilhas inclu\u00eddas<\/strong> Sim<br \/>\n<strong>Tipo de pilha <\/strong>12V 23A<br \/>\n<strong>Prefer\u00eancia de controlo <\/strong>Sim<br \/>\n<strong>Desligamento autom\u00e1tico <\/strong>Sim<br \/>\n<strong>Tempo program\u00e1vel <\/strong>1h\/4h\/8h[\/vc_column_text][\/vc_accordion_tab][\/vc_accordion][\/vc_column][vc_column width=&#8221;1\/2&#8243;][vc_single_image image=&#8221;8976&#8243;][\/vc_column][\/vc_row]<\/p>\n<\/div>","protected":false},"excerpt":{"rendered":"<p>O ventilador de teto SINTRA combina um belo acabamento de madeira natural nas l\u00e2minas com a cor de n\u00edquel do corpo met\u00e1lico para trazer um toque de estilo moderno e sofisticado a qualquer sala. Tem um motor DC altamente eficiente que ajuda a reduzir o consumo de energia e o ru\u00eddo. Inclui controlo remoto para seleccionar a velocidade desejada e os n\u00edveis de programa\u00e7\u00e3o. Adequado para tectos inclinados.<br \/>\n<strong>Ref. SINTRANIQCER21<\/strong>[vc_row][vc_column offset=&#8221;vc_hidden-xs&#8221;][vc_empty_space height=&#8221;30px&#8221;][\/vc_column][\/vc_row][vc_row][vc_column][vc_row_inner][vc_column_inner][wyde_info_box icon_set=&#8221;simple_line&#8221; icon_simple_line=&#8221;sl-loop&#8221; icon_position=&#8221;left&#8221; title=&#8221;QUARTO 30M<sup>2<\/sup>&#8220;]Tamanho do quarto recomendado[\/wyde_info_box][vc_empty_space height=&#8221;15px&#8221;][\/vc_column_inner][\/vc_row_inner][vc_row_inner][vc_column_inner][wyde_info_box icon_set=&#8221;simple_line&#8221; icon_simple_line=&#8221;sl-volume-2&#8243; icon_position=&#8221;left&#8221; title=&#8221;M\u00c1X. 20DBS (RU\u00cdDO EMITIDO \u00c0 VELOCIDADE 1)&#8221;]Ventilador de tecto silencioso para dormir[\/wyde_info_box][vc_empty_space height=&#8221;15px&#8221;][\/vc_column_inner][\/vc_row_inner][vc_row_inner][vc_column_inner][wyde_info_box icon_set=&#8221;simple_line&#8221; icon_simple_line=&#8221;sl-settings&#8221; icon_position=&#8221;left&#8221; title=&#8221;MOTOR DC&#8221;]Mais silencioso, mais eficiente e menos consumidor de energia[\/wyde_info_box][vc_empty_space height=&#8221;15px&#8221;][\/vc_column_inner][\/vc_row_inner][vc_row_inner][vc_column_inner][wyde_info_box icon_set=&#8221;simple_line&#8221; icon_simple_line=&#8221;fa fa-tree&#8221; icon_position=&#8221;left&#8221; title=&#8221;MADEIRA REAL&#8221;]L\u00e2mina de madeira leve[\/wyde_info_box][vc_empty_space height=&#8221;15px&#8221;][\/vc_column_inner][\/vc_row_inner][vc_row_inner][vc_column_inner][wyde_info_box icon_set=&#8221;simple_line&#8221; icon_simple_line=&#8221;sl-home&#8221; icon_position=&#8221;left&#8221; title=&#8221;ESPIG\u00c3O ADICIONAL&#8221;]Para instala\u00e7\u00e3o em tectos altos[\/wyde_info_box][vc_empty_space height=&#8221;15px&#8221;][\/vc_column_inner][\/vc_row_inner][\/vc_column][\/vc_row][vc_row][vc_column offset=&#8221;vc_hidden-xs&#8221;][vc_empty_space height=&#8221;60px&#8221;][\/vc_column][\/vc_row][vc_row][vc_column width=&#8221;1\/3&#8243;][wyde_link_button icon_set=&#8221;simple_line&#8221; icon_simple_line=&#8221;sl-settings&#8221; style=&#8221;round&#8221; title=&#8221;Instru\u00e7\u00f5es&#8221; link=&#8221;url:https%3A%2F%2Farteconfort.com%2Fwp-content%2Fuploads%2F2020%2F12%2Fim-SINTRA.pdf||target:%20_blank|rel:nofollow&#8221; color=&#8221;#ffffff&#8221; bg_color=&#8221;#222222&#8243;][\/vc_column][\/vc_row][vc_row][vc_column offset=&#8221;vc_hidden-xs&#8221;][vc_empty_space][\/vc_column][\/vc_row]<\/p>\n","protected":false},"featured_media":33623,"template":"","meta":[],"product_brand":[],"product_cat":[407],"product_tag":[],"class_list":{"0":"post-11411","1":"product","2":"type-product","3":"status-publish","4":"has-post-thumbnail","6":"product_cat-descatalogados-pt-pt","8":"first","9":"instock","10":"shipping-taxable","11":"product-type-external"},"yoast_head":"<!-- This site is optimized with the Yoast SEO plugin v26.5 - https:\/\/yoast.com\/wordpress\/plugins\/seo\/ -->\n<title>SINTRA - Descatalogados - Arteconfort<\/title>\n<meta name=\"description\" content=\"O ventilador de teto SINTRA combina um belo acabamento de madeira natural nas l\u00e2minas com a cor de n\u00edquel do corpo met\u00e1lico para trazer um toque de estilo moderno e sofisticado a qualquer sala. Tem um motor DC altamente eficiente que ajuda a reduzir o consumo de energia e o ru\u00eddo. Inclui controlo remoto para seleccionar a velocidade desejada e os n\u00edveis de programa\u00e7\u00e3o. Adequado para tectos inclinados. Ref. SINTRANIQCER21Tamanho do quarto recomendadoVentilador de tecto silencioso para dormirMais silencioso, mais eficiente e menos consumidor de energiaL\u00e2mina de madeira levePara instala\u00e7\u00e3o em tectos altos\" \/>\n<meta name=\"robots\" content=\"index, follow, max-snippet:-1, max-image-preview:large, max-video-preview:-1\" \/>\n<link rel=\"canonical\" href=\"https:\/\/arteconfort.com\/pt-pt\/producto\/sintra\/\" \/>\n<meta property=\"og:locale\" content=\"pt_PT\" \/>\n<meta property=\"og:type\" content=\"article\" \/>\n<meta property=\"og:title\" content=\"SINTRA - Descatalogados - Arteconfort\" \/>\n<meta property=\"og:description\" content=\"O ventilador de teto SINTRA combina um belo acabamento de madeira natural nas l\u00e2minas com a cor de n\u00edquel do corpo met\u00e1lico para trazer um toque de estilo moderno e sofisticado a qualquer sala. Tem um motor DC altamente eficiente que ajuda a reduzir o consumo de energia e o ru\u00eddo. Inclui controlo remoto para seleccionar a velocidade desejada e os n\u00edveis de programa\u00e7\u00e3o. Adequado para tectos inclinados. Ref. SINTRANIQCER21Tamanho do quarto recomendadoVentilador de tecto silencioso para dormirMais silencioso, mais eficiente e menos consumidor de energiaL\u00e2mina de madeira levePara instala\u00e7\u00e3o em tectos altos\" \/>\n<meta property=\"og:url\" content=\"https:\/\/arteconfort.com\/pt-pt\/producto\/sintra\/\" \/>\n<meta property=\"og:site_name\" content=\"Arteconfort\" \/>\n<meta property=\"article:modified_time\" content=\"2022-03-10T08:21:43+00:00\" \/>\n<meta property=\"og:image\" content=\"https:\/\/arteconfort.com\/wp-content\/uploads\/2023\/10\/VENTILADOR-DE-TECHO-SINTRA.webp\" \/>\n\t<meta property=\"og:image:width\" content=\"1024\" \/>\n\t<meta property=\"og:image:height\" content=\"1024\" \/>\n\t<meta property=\"og:image:type\" content=\"image\/webp\" \/>\n<meta name=\"twitter:card\" content=\"summary_large_image\" \/>\n<meta name=\"twitter:label1\" content=\"Tempo estimado de leitura\" \/>\n\t<meta name=\"twitter:data1\" content=\"2 minutos\" \/>\n<!-- \/ Yoast SEO plugin. -->","yoast_head_json":{"title":"SINTRA - Descatalogados - Arteconfort","description":"O ventilador de teto SINTRA combina um belo acabamento de madeira natural nas l\u00e2minas com a cor de n\u00edquel do corpo met\u00e1lico para trazer um toque de estilo moderno e sofisticado a qualquer sala. Tem um motor DC altamente eficiente que ajuda a reduzir o consumo de energia e o ru\u00eddo. Inclui controlo remoto para seleccionar a velocidade desejada e os n\u00edveis de programa\u00e7\u00e3o. Adequado para tectos inclinados. Ref. SINTRANIQCER21Tamanho do quarto recomendadoVentilador de tecto silencioso para dormirMais silencioso, mais eficiente e menos consumidor de energiaL\u00e2mina de madeira levePara instala\u00e7\u00e3o em tectos altos","robots":{"index":"index","follow":"follow","max-snippet":"max-snippet:-1","max-image-preview":"max-image-preview:large","max-video-preview":"max-video-preview:-1"},"canonical":"https:\/\/arteconfort.com\/pt-pt\/producto\/sintra\/","og_locale":"pt_PT","og_type":"article","og_title":"SINTRA - Descatalogados - Arteconfort","og_description":"O ventilador de teto SINTRA combina um belo acabamento de madeira natural nas l\u00e2minas com a cor de n\u00edquel do corpo met\u00e1lico para trazer um toque de estilo moderno e sofisticado a qualquer sala. Tem um motor DC altamente eficiente que ajuda a reduzir o consumo de energia e o ru\u00eddo. Inclui controlo remoto para seleccionar a velocidade desejada e os n\u00edveis de programa\u00e7\u00e3o. Adequado para tectos inclinados. Ref. SINTRANIQCER21Tamanho do quarto recomendadoVentilador de tecto silencioso para dormirMais silencioso, mais eficiente e menos consumidor de energiaL\u00e2mina de madeira levePara instala\u00e7\u00e3o em tectos altos","og_url":"https:\/\/arteconfort.com\/pt-pt\/producto\/sintra\/","og_site_name":"Arteconfort","article_modified_time":"2022-03-10T08:21:43+00:00","og_image":[{"width":1024,"height":1024,"url":"https:\/\/arteconfort.com\/wp-content\/uploads\/2023\/10\/VENTILADOR-DE-TECHO-SINTRA.webp","type":"image\/webp"}],"twitter_card":"summary_large_image","twitter_misc":{"Tempo estimado de leitura":"2 minutos"},"schema":{"@context":"https:\/\/schema.org","@graph":[{"@type":"WebPage","@id":"https:\/\/arteconfort.com\/pt-pt\/producto\/sintra\/","url":"https:\/\/arteconfort.com\/pt-pt\/producto\/sintra\/","name":"SINTRA - Descatalogados - Arteconfort","isPartOf":{"@id":"https:\/\/arteconfort.com\/pt-pt\/#website"},"primaryImageOfPage":{"@id":"https:\/\/arteconfort.com\/pt-pt\/producto\/sintra\/#primaryimage"},"image":{"@id":"https:\/\/arteconfort.com\/pt-pt\/producto\/sintra\/#primaryimage"},"thumbnailUrl":"https:\/\/arteconfort.com\/wp-content\/uploads\/2023\/10\/VENTILADOR-DE-TECHO-SINTRA.webp","datePublished":"2020-12-22T11:56:01+00:00","dateModified":"2022-03-10T08:21:43+00:00","description":"O ventilador de teto SINTRA combina um belo acabamento de madeira natural nas l\u00e2minas com a cor de n\u00edquel do corpo met\u00e1lico para trazer um toque de estilo moderno e sofisticado a qualquer sala. Tem um motor DC altamente eficiente que ajuda a reduzir o consumo de energia e o ru\u00eddo. Inclui controlo remoto para seleccionar a velocidade desejada e os n\u00edveis de programa\u00e7\u00e3o. Adequado para tectos inclinados. Ref. SINTRANIQCER21Tamanho do quarto recomendadoVentilador de tecto silencioso para dormirMais silencioso, mais eficiente e menos consumidor de energiaL\u00e2mina de madeira levePara instala\u00e7\u00e3o em tectos altos","breadcrumb":{"@id":"https:\/\/arteconfort.com\/pt-pt\/producto\/sintra\/#breadcrumb"},"inLanguage":"pt-PT","potentialAction":[{"@type":"ReadAction","target":["https:\/\/arteconfort.com\/pt-pt\/producto\/sintra\/"]}]},{"@type":"ImageObject","inLanguage":"pt-PT","@id":"https:\/\/arteconfort.com\/pt-pt\/producto\/sintra\/#primaryimage","url":"https:\/\/arteconfort.com\/wp-content\/uploads\/2023\/10\/VENTILADOR-DE-TECHO-SINTRA.webp","contentUrl":"https:\/\/arteconfort.com\/wp-content\/uploads\/2023\/10\/VENTILADOR-DE-TECHO-SINTRA.webp","width":1024,"height":1024},{"@type":"BreadcrumbList","@id":"https:\/\/arteconfort.com\/pt-pt\/producto\/sintra\/#breadcrumb","itemListElement":[{"@type":"ListItem","position":1,"name":"Inicio","item":"https:\/\/arteconfort.com\/pt-pt\/"},{"@type":"ListItem","position":2,"name":"Tienda","item":"https:\/\/arteconfort.com\/pt-pt\/tienda-2\/"},{"@type":"ListItem","position":3,"name":"SINTRA"}]},{"@type":"WebSite","@id":"https:\/\/arteconfort.com\/pt-pt\/#website","url":"https:\/\/arteconfort.com\/pt-pt\/","name":"Arteconfort","description":"Especialistas en productos del hogar","publisher":{"@id":"https:\/\/arteconfort.com\/pt-pt\/#organization"},"potentialAction":[{"@type":"SearchAction","target":{"@type":"EntryPoint","urlTemplate":"https:\/\/arteconfort.com\/pt-pt\/?s={search_term_string}"},"query-input":{"@type":"PropertyValueSpecification","valueRequired":true,"valueName":"search_term_string"}}],"inLanguage":"pt-PT"},{"@type":"Organization","@id":"https:\/\/arteconfort.com\/pt-pt\/#organization","name":"Arteconfort","url":"https:\/\/arteconfort.com\/pt-pt\/","logo":{"@type":"ImageObject","inLanguage":"pt-PT","@id":"https:\/\/arteconfort.com\/pt-pt\/#\/schema\/logo\/image\/","url":"https:\/\/arteconfort.com\/wp-content\/uploads\/2019\/07\/logo-arteconfort.png","contentUrl":"https:\/\/arteconfort.com\/wp-content\/uploads\/2019\/07\/logo-arteconfort.png","width":230,"height":88,"caption":"Arteconfort"},"image":{"@id":"https:\/\/arteconfort.com\/pt-pt\/#\/schema\/logo\/image\/"}}]}},"_links":{"self":[{"href":"https:\/\/arteconfort.com\/pt-pt\/wp-json\/wp\/v2\/product\/11411","targetHints":{"allow":["GET"]}}],"collection":[{"href":"https:\/\/arteconfort.com\/pt-pt\/wp-json\/wp\/v2\/product"}],"about":[{"href":"https:\/\/arteconfort.com\/pt-pt\/wp-json\/wp\/v2\/types\/product"}],"wp:featuredmedia":[{"embeddable":true,"href":"https:\/\/arteconfort.com\/pt-pt\/wp-json\/wp\/v2\/media\/33623"}],"wp:attachment":[{"href":"https:\/\/arteconfort.com\/pt-pt\/wp-json\/wp\/v2\/media?parent=11411"}],"wp:term":[{"taxonomy":"product_brand","embeddable":true,"href":"https:\/\/arteconfort.com\/pt-pt\/wp-json\/wp\/v2\/product_brand?post=11411"},{"taxonomy":"product_cat","embeddable":true,"href":"https:\/\/arteconfort.com\/pt-pt\/wp-json\/wp\/v2\/product_cat?post=11411"},{"taxonomy":"product_tag","embeddable":true,"href":"https:\/\/arteconfort.com\/pt-pt\/wp-json\/wp\/v2\/product_tag?post=11411"}],"curies":[{"name":"wp","href":"https:\/\/api.w.org\/{rel}","templated":true}]}}