{"id":11414,"date":"2019-09-02T11:33:41","date_gmt":"2019-09-02T09:33:41","guid":{"rendered":"https:\/\/arteconfort.com\/producto\/sem%20categoria\/tahiti\/"},"modified":"2022-04-27T11:24:01","modified_gmt":"2022-04-27T09:24:01","slug":"tahiti","status":"publish","type":"product","link":"https:\/\/arteconfort.com\/pt-pt\/producto\/tahiti\/","title":{"rendered":"TAHIT\u00cd"},"content":{"rendered":"<div class=\"wpb-content-wrapper\"><p>[vc_row][vc_column][vc_row_inner][vc_column_inner width=&#8221;1\/4&#8243; offset=&#8221;vc_col-xs-6&#8243;][wyde_info_box icon_set=&#8221;simple_line&#8221; icon_simple_line=&#8221;sl-bulb&#8221; title=&#8221;2 CASQUILHO E27&#8243;]L\u00e2mpada m\u00e1x. 20W LED de 75mm de altura[\/wyde_info_box][\/vc_column_inner][vc_column_inner width=&#8221;1\/4&#8243; offset=&#8221;vc_col-xs-6&#8243;][wyde_info_box icon_set=&#8221;simple_line&#8221; icon_simple_line=&#8221;sl-volume-off&#8221; title=&#8221;SEM BIP NO CONTROLO&#8221;]Para n\u00e3o interromper o seu descanso[\/wyde_info_box][\/vc_column_inner][vc_column_inner width=&#8221;1\/4&#8243; offset=&#8221;vc_col-xs-6&#8243;][wyde_info_box icon_set=&#8221;simple_line&#8221; icon_simple_line=&#8221;sl-home&#8221; title=&#8221;ADEQUADO PARA TECTOS INCLINADOS&#8221;]At\u00e9 20\u00b0 de inclina\u00e7\u00e3o[\/wyde_info_box][\/vc_column_inner][vc_column_inner width=&#8221;1\/4&#8243; offset=&#8221;vc_col-xs-6&#8243;][wyde_info_box icon_set=&#8221;simple_line&#8221; icon_simple_line=&#8221;sl-clock&#8221; title=&#8221;PROGRAMAM\u00c1VEL&#8221;]1h\/2h\/4h\/8h[\/wyde_info_box][\/vc_column_inner][\/vc_row_inner][vc_row_inner][vc_column_inner offset=&#8221;vc_hidden-xs&#8221;][vc_empty_space][\/vc_column_inner][\/vc_row_inner][vc_row_inner][vc_column_inner width=&#8221;1\/4&#8243; offset=&#8221;vc_col-xs-6&#8243;][wyde_info_box icon_set=&#8221;simple_line&#8221; icon_simple_line=&#8221;sl-speedometer&#8221; title=&#8221;3 VELOCIDADES&#8221;]Fluxo de ar ajust\u00e1vel[\/wyde_info_box][\/vc_column_inner][vc_column_inner width=&#8221;1\/4&#8243; offset=&#8221;vc_col-xs-6&#8243;][wyde_info_box icon_set=&#8221;simple_line&#8221; icon_simple_line=&#8221;sl-mouse&#8221; title=&#8221;CONTROLO INCLU\u00cdDO&#8221;]Para maior conforto de utiliza\u00e7\u00e3o[\/wyde_info_box][\/vc_column_inner][\/vc_row_inner][vc_row_inner][vc_column_inner offset=&#8221;vc_hidden-xs&#8221;][vc_empty_space height=&#8221;60px&#8221;][\/vc_column_inner][\/vc_row_inner][\/vc_column][\/vc_row][vc_row][vc_column width=&#8221;1\/2&#8243;][vc_accordion collapsible=&#8221;true&#8221; active_tab=&#8221;false&#8221;][vc_accordion_tab title=&#8221;Caracter\u00edsticas mec\u00e2nicas&#8221;][vc_column_text]<strong>Alto<\/strong> 39cm<br \/>\n<strong>Di\u00e2metro<\/strong> 132cm<br \/>\n<strong>Peso<\/strong> 7,1kg<br \/>\n<strong>Material<\/strong> Metal<br \/>\n<b>Terminar <\/b>N\u00edquel mate<br \/>\n<strong>Ru\u00eddo emitido<\/strong> 30dBs em velocidade 1<br \/>\n<strong>Dist\u00e2ncia de seguran\u00e7a <\/strong>2,3m<br \/>\n<strong>Superf\u00edcie recomendada<\/strong> 25m<sup>2<\/sup><br \/>\n<strong>Inclina\u00e7\u00e3o m\u00e1xima do telhado <\/strong>20\u00ba<br \/>\n<strong>IP<\/strong> 20<br \/>\n<strong>Isolamento el\u00e9ctrico <\/strong>Classe I<br \/>\n<strong>N\u00ba de velocidades<\/strong> 3<br \/>\n<strong>Poder da velocidade <\/strong>23W\/42W\/68W<br \/>\n<strong>RPM de velocidades<\/strong> 109\/156\/200<br \/>\n<strong>Acess\u00f3rios<\/strong> Estabilizador<br \/>\n<strong>Garantia<\/strong> 2 anos[\/vc_column_text][\/vc_accordion_tab][vc_accordion_tab title=&#8221;L\u00e2minas&#8221;][vc_column_text]<strong>Material<\/strong> Plywood<br \/>\n<b>Terminar <\/b>Prata\/Preto\/e madeira de cerejeira (revers\u00edvel)<br \/>\n<strong>Revers\u00edvel<\/strong> N\u00e3o<br \/>\n<strong>N\u00ba de aspas<\/strong> 5<br \/>\n<strong>Fun\u00e7\u00e3o Inverno\/Ver\u00e3o <\/strong>Sim[\/vc_column_text][\/vc_accordion_tab][vc_accordion_tab title=&#8221;Caracter\u00edsticas \u00f3pticas&#8221;][vc_column_text]<strong>Tipo de casquilho <\/strong>E27<br \/>\n<strong>N\u00ba de casquilhos <\/strong>2<br \/>\n<strong>L\u00e2mpada inclu\u00edda <\/strong>N\u00e3o<br \/>\n<strong>Tamanho da l\u00e2mpada <\/strong>M\u00e1x. 45x75mm<br \/>\n<b>Energia <\/b>M\u00e1x. 20W LED[\/vc_column_text][\/vc_accordion_tab][vc_accordion_tab title=&#8221;Caracter\u00edsticas el\u00e9ctricas&#8221;][vc_column_text]<strong>Tipo de motor<\/strong> AC<br \/>\n<b>Energia <\/b>68W<br \/>\n<strong>Frequ\u00eancia<\/strong> 50\/60Hz[\/vc_column_text][\/vc_accordion_tab][vc_accordion_tab title=&#8221;Controlo remoto&#8221;][vc_column_text]<strong>Pilhas inclu\u00eddas <\/strong>N\u00e3o<br \/>\n<strong>Tipo de pilha <\/strong>23A<br \/>\n<strong>Desligamento autom\u00e1tico <\/strong>Sim<br \/>\n<strong>Tempo program\u00e1vel <\/strong>1h\/2h\/4h\/8h[\/vc_column_text][\/vc_accordion_tab][\/vc_accordion][\/vc_column][vc_column width=&#8221;1\/2&#8243;][vc_single_image image=&#8221;5256&#8243;][\/vc_column][\/vc_row]<\/p>\n<\/div>","protected":false},"excerpt":{"rendered":"<p>Relaxe na brisa com o ventilador TAHIT\u00cd. O seu design elegante trar\u00e1 um toque de estilo ao seu interior, as curvas suaves das l\u00e2minas, bem como as suas elegantes cores neutras far\u00e3o com que tenha um \u00f3ptimo aspecto e complemente perfeitamente com o resto dos objectos na sala. Este ventilador \u00e9 adapt\u00e1vel a tectos inclinados e f\u00e1cil de instalar. Tem um motor AC com 3 velocidades program\u00e1veis por controlo remoto.<br \/>\n<strong>Ref. modelo prata CTAHIT-055P52E27ACV3PLTD<\/strong><br \/>\n<strong>Ref. modelo preto CTAHIT-055P52E27AVC3NGRD<\/strong><br \/>\n<strong>Ref. modelo madeira de cerejeira CTAHIT-055P52E27ACV3MACD<\/strong>[vc_row][vc_column offset=&#8221;vc_hidden-xs&#8221;][vc_empty_space height=&#8221;30px&#8221;][\/vc_column][\/vc_row][vc_row][vc_column][vc_row_inner][vc_column_inner][wyde_info_box icon_set=&#8221;simple_line&#8221; icon_simple_line=&#8221;sl-loop&#8221; icon_position=&#8221;left&#8221; title=&#8221;QUARTO AT\u00c9 25M<sup>2<\/sup>&#8220;]Tamanho do quarto recomendado[\/wyde_info_box][vc_empty_space height=&#8221;15px&#8221;][\/vc_column_inner][\/vc_row_inner][vc_row_inner][vc_column_inner][wyde_info_box icon_set=&#8221;simple_line&#8221; icon_simple_line=&#8221;sl-volume-2&#8243; icon_position=&#8221;left&#8221; title=&#8221;M\u00c1X. 30DBS (RU\u00cdDO EMITIDO \u00c0 VELOCIDADE 1)&#8221;]Ventilador de tecto silencioso para dormir[\/wyde_info_box][vc_empty_space height=&#8221;15px&#8221;][\/vc_column_inner][\/vc_row_inner][vc_row_inner][vc_column_inner][wyde_info_box icon_set=&#8221;simple_line&#8221; icon_simple_line=&#8221;sl-settings&#8221; icon_position=&#8221;left&#8221; title=&#8221;MOTOR AC&#8221;]Alto rendimento[\/wyde_info_box][vc_empty_space height=&#8221;15px&#8221;][\/vc_column_inner][\/vc_row_inner][vc_row_inner][vc_column_inner][wyde_info_box icon_set=&#8221;simple_line&#8221; icon_simple_line=&#8221;sl-wrench&#8221; icon_position=&#8221;left&#8221; title=&#8221;F\u00c1CIL INSTALA\u00c7\u00c3O&#8221;]Monte o seu ventilador em apenas alguns passos[\/wyde_info_box][vc_empty_space height=&#8221;15px&#8221;][\/vc_column_inner][\/vc_row_inner][\/vc_column][\/vc_row][vc_row][vc_column offset=&#8221;vc_hidden-xs&#8221;][vc_empty_space height=&#8221;60px&#8221;][\/vc_column][\/vc_row][vc_row][vc_column width=&#8221;1\/3&#8243;][wyde_link_button icon_set=&#8221;simple_line&#8221; icon_simple_line=&#8221;sl-settings&#8221; style=&#8221;round&#8221; title=&#8221;Instru\u00e7\u00f5es&#8221; link=&#8221;url:http%3A%2F%2Farteconfort.com%2Fwp-content%2Fuploads%2F2020%2F05%2Fim-TAHITI.pdf||target:%20_blank|rel:nofollow&#8221; color=&#8221;#ffffff&#8221; bg_color=&#8221;#222222&#8243;][\/vc_column][\/vc_row][vc_row][vc_column offset=&#8221;vc_hidden-xs&#8221;][vc_empty_space][\/vc_column][\/vc_row]<\/p>\n","protected":false},"featured_media":33718,"template":"","meta":[],"product_brand":[],"product_cat":[356,1049,357],"product_tag":[],"class_list":{"0":"post-11414","1":"product","2":"type-product","3":"status-publish","4":"has-post-thumbnail","6":"product_cat-climatizacion-pt-pt","7":"product_cat-coleccion-antigua-pt","8":"product_cat-ventiladores-de-techo-pt-pt","10":"first","11":"instock","12":"shipping-taxable","13":"product-type-external"},"yoast_head":"<!-- This site is optimized with the Yoast SEO plugin v26.5 - https:\/\/yoast.com\/wordpress\/plugins\/seo\/ -->\n<title>TAHIT\u00cd - Climatizaci\u00f3n, colecci\u00f3n antigua, Ventiladores de techo - Arteconfort<\/title>\n<meta name=\"description\" content=\"Relaxe na brisa com o ventilador TAHIT\u00cd. O seu design elegante trar\u00e1 um toque de estilo ao seu interior, as curvas suaves das l\u00e2minas, bem como as suas elegantes cores neutras far\u00e3o com que tenha um \u00f3ptimo aspecto e complemente perfeitamente com o resto dos objectos na sala. Este ventilador \u00e9 adapt\u00e1vel a tectos inclinados e f\u00e1cil de instalar. Tem um motor AC com 3 velocidades program\u00e1veis por controlo remoto. Ref. modelo prata CTAHIT-055P52E27ACV3PLTD Ref. modelo preto CTAHIT-055P52E27AVC3NGRD Ref. modelo madeira de cerejeira CTAHIT-055P52E27ACV3MACDTamanho do quarto recomendadoVentilador de tecto silencioso para dormirAlto rendimentoMonte o seu ventilador em apenas alguns passos\" \/>\n<meta name=\"robots\" content=\"index, follow, max-snippet:-1, max-image-preview:large, max-video-preview:-1\" \/>\n<link rel=\"canonical\" href=\"https:\/\/arteconfort.com\/pt-pt\/producto\/tahiti\/\" \/>\n<meta property=\"og:locale\" content=\"pt_PT\" \/>\n<meta property=\"og:type\" content=\"article\" \/>\n<meta property=\"og:title\" content=\"TAHIT\u00cd - Climatizaci\u00f3n, colecci\u00f3n antigua, Ventiladores de techo - Arteconfort\" \/>\n<meta property=\"og:description\" content=\"Relaxe na brisa com o ventilador TAHIT\u00cd. O seu design elegante trar\u00e1 um toque de estilo ao seu interior, as curvas suaves das l\u00e2minas, bem como as suas elegantes cores neutras far\u00e3o com que tenha um \u00f3ptimo aspecto e complemente perfeitamente com o resto dos objectos na sala. Este ventilador \u00e9 adapt\u00e1vel a tectos inclinados e f\u00e1cil de instalar. Tem um motor AC com 3 velocidades program\u00e1veis por controlo remoto. Ref. modelo prata CTAHIT-055P52E27ACV3PLTD Ref. modelo preto CTAHIT-055P52E27AVC3NGRD Ref. modelo madeira de cerejeira CTAHIT-055P52E27ACV3MACDTamanho do quarto recomendadoVentilador de tecto silencioso para dormirAlto rendimentoMonte o seu ventilador em apenas alguns passos\" \/>\n<meta property=\"og:url\" content=\"https:\/\/arteconfort.com\/pt-pt\/producto\/tahiti\/\" \/>\n<meta property=\"og:site_name\" content=\"Arteconfort\" \/>\n<meta property=\"article:modified_time\" content=\"2022-04-27T09:24:01+00:00\" \/>\n<meta property=\"og:image\" content=\"https:\/\/arteconfort.com\/wp-content\/uploads\/2023\/10\/TAHITI-MADERA-OSCURA.webp\" \/>\n\t<meta property=\"og:image:width\" content=\"1024\" \/>\n\t<meta property=\"og:image:height\" content=\"1024\" \/>\n\t<meta property=\"og:image:type\" content=\"image\/webp\" \/>\n<meta name=\"twitter:card\" content=\"summary_large_image\" \/>\n<meta name=\"twitter:label1\" content=\"Tempo estimado de leitura\" \/>\n\t<meta name=\"twitter:data1\" content=\"3 minutos\" \/>\n<!-- \/ Yoast SEO plugin. -->","yoast_head_json":{"title":"TAHIT\u00cd - Climatizaci\u00f3n, colecci\u00f3n antigua, Ventiladores de techo - Arteconfort","description":"Relaxe na brisa com o ventilador TAHIT\u00cd. O seu design elegante trar\u00e1 um toque de estilo ao seu interior, as curvas suaves das l\u00e2minas, bem como as suas elegantes cores neutras far\u00e3o com que tenha um \u00f3ptimo aspecto e complemente perfeitamente com o resto dos objectos na sala. Este ventilador \u00e9 adapt\u00e1vel a tectos inclinados e f\u00e1cil de instalar. Tem um motor AC com 3 velocidades program\u00e1veis por controlo remoto. Ref. modelo prata CTAHIT-055P52E27ACV3PLTD Ref. modelo preto CTAHIT-055P52E27AVC3NGRD Ref. modelo madeira de cerejeira CTAHIT-055P52E27ACV3MACDTamanho do quarto recomendadoVentilador de tecto silencioso para dormirAlto rendimentoMonte o seu ventilador em apenas alguns passos","robots":{"index":"index","follow":"follow","max-snippet":"max-snippet:-1","max-image-preview":"max-image-preview:large","max-video-preview":"max-video-preview:-1"},"canonical":"https:\/\/arteconfort.com\/pt-pt\/producto\/tahiti\/","og_locale":"pt_PT","og_type":"article","og_title":"TAHIT\u00cd - Climatizaci\u00f3n, colecci\u00f3n antigua, Ventiladores de techo - Arteconfort","og_description":"Relaxe na brisa com o ventilador TAHIT\u00cd. O seu design elegante trar\u00e1 um toque de estilo ao seu interior, as curvas suaves das l\u00e2minas, bem como as suas elegantes cores neutras far\u00e3o com que tenha um \u00f3ptimo aspecto e complemente perfeitamente com o resto dos objectos na sala. Este ventilador \u00e9 adapt\u00e1vel a tectos inclinados e f\u00e1cil de instalar. Tem um motor AC com 3 velocidades program\u00e1veis por controlo remoto. Ref. modelo prata CTAHIT-055P52E27ACV3PLTD Ref. modelo preto CTAHIT-055P52E27AVC3NGRD Ref. modelo madeira de cerejeira CTAHIT-055P52E27ACV3MACDTamanho do quarto recomendadoVentilador de tecto silencioso para dormirAlto rendimentoMonte o seu ventilador em apenas alguns passos","og_url":"https:\/\/arteconfort.com\/pt-pt\/producto\/tahiti\/","og_site_name":"Arteconfort","article_modified_time":"2022-04-27T09:24:01+00:00","og_image":[{"width":1024,"height":1024,"url":"https:\/\/arteconfort.com\/wp-content\/uploads\/2023\/10\/TAHITI-MADERA-OSCURA.webp","type":"image\/webp"}],"twitter_card":"summary_large_image","twitter_misc":{"Tempo estimado de leitura":"3 minutos"},"schema":{"@context":"https:\/\/schema.org","@graph":[{"@type":"WebPage","@id":"https:\/\/arteconfort.com\/pt-pt\/producto\/tahiti\/","url":"https:\/\/arteconfort.com\/pt-pt\/producto\/tahiti\/","name":"TAHIT\u00cd - Climatizaci\u00f3n, colecci\u00f3n antigua, Ventiladores de techo - Arteconfort","isPartOf":{"@id":"https:\/\/arteconfort.com\/pt-pt\/#website"},"primaryImageOfPage":{"@id":"https:\/\/arteconfort.com\/pt-pt\/producto\/tahiti\/#primaryimage"},"image":{"@id":"https:\/\/arteconfort.com\/pt-pt\/producto\/tahiti\/#primaryimage"},"thumbnailUrl":"https:\/\/arteconfort.com\/wp-content\/uploads\/2023\/10\/TAHITI-MADERA-OSCURA.webp","datePublished":"2019-09-02T09:33:41+00:00","dateModified":"2022-04-27T09:24:01+00:00","description":"Relaxe na brisa com o ventilador TAHIT\u00cd. O seu design elegante trar\u00e1 um toque de estilo ao seu interior, as curvas suaves das l\u00e2minas, bem como as suas elegantes cores neutras far\u00e3o com que tenha um \u00f3ptimo aspecto e complemente perfeitamente com o resto dos objectos na sala. Este ventilador \u00e9 adapt\u00e1vel a tectos inclinados e f\u00e1cil de instalar. Tem um motor AC com 3 velocidades program\u00e1veis por controlo remoto. Ref. modelo prata CTAHIT-055P52E27ACV3PLTD Ref. modelo preto CTAHIT-055P52E27AVC3NGRD Ref. modelo madeira de cerejeira CTAHIT-055P52E27ACV3MACDTamanho do quarto recomendadoVentilador de tecto silencioso para dormirAlto rendimentoMonte o seu ventilador em apenas alguns passos","breadcrumb":{"@id":"https:\/\/arteconfort.com\/pt-pt\/producto\/tahiti\/#breadcrumb"},"inLanguage":"pt-PT","potentialAction":[{"@type":"ReadAction","target":["https:\/\/arteconfort.com\/pt-pt\/producto\/tahiti\/"]}]},{"@type":"ImageObject","inLanguage":"pt-PT","@id":"https:\/\/arteconfort.com\/pt-pt\/producto\/tahiti\/#primaryimage","url":"https:\/\/arteconfort.com\/wp-content\/uploads\/2023\/10\/TAHITI-MADERA-OSCURA.webp","contentUrl":"https:\/\/arteconfort.com\/wp-content\/uploads\/2023\/10\/TAHITI-MADERA-OSCURA.webp","width":1024,"height":1024},{"@type":"BreadcrumbList","@id":"https:\/\/arteconfort.com\/pt-pt\/producto\/tahiti\/#breadcrumb","itemListElement":[{"@type":"ListItem","position":1,"name":"Inicio","item":"https:\/\/arteconfort.com\/pt-pt\/"},{"@type":"ListItem","position":2,"name":"Tienda","item":"https:\/\/arteconfort.com\/pt-pt\/tienda-2\/"},{"@type":"ListItem","position":3,"name":"TAHIT\u00cd"}]},{"@type":"WebSite","@id":"https:\/\/arteconfort.com\/pt-pt\/#website","url":"https:\/\/arteconfort.com\/pt-pt\/","name":"Arteconfort","description":"Especialistas en productos del hogar","publisher":{"@id":"https:\/\/arteconfort.com\/pt-pt\/#organization"},"potentialAction":[{"@type":"SearchAction","target":{"@type":"EntryPoint","urlTemplate":"https:\/\/arteconfort.com\/pt-pt\/?s={search_term_string}"},"query-input":{"@type":"PropertyValueSpecification","valueRequired":true,"valueName":"search_term_string"}}],"inLanguage":"pt-PT"},{"@type":"Organization","@id":"https:\/\/arteconfort.com\/pt-pt\/#organization","name":"Arteconfort","url":"https:\/\/arteconfort.com\/pt-pt\/","logo":{"@type":"ImageObject","inLanguage":"pt-PT","@id":"https:\/\/arteconfort.com\/pt-pt\/#\/schema\/logo\/image\/","url":"https:\/\/arteconfort.com\/wp-content\/uploads\/2019\/07\/logo-arteconfort.png","contentUrl":"https:\/\/arteconfort.com\/wp-content\/uploads\/2019\/07\/logo-arteconfort.png","width":230,"height":88,"caption":"Arteconfort"},"image":{"@id":"https:\/\/arteconfort.com\/pt-pt\/#\/schema\/logo\/image\/"}}]}},"_links":{"self":[{"href":"https:\/\/arteconfort.com\/pt-pt\/wp-json\/wp\/v2\/product\/11414","targetHints":{"allow":["GET"]}}],"collection":[{"href":"https:\/\/arteconfort.com\/pt-pt\/wp-json\/wp\/v2\/product"}],"about":[{"href":"https:\/\/arteconfort.com\/pt-pt\/wp-json\/wp\/v2\/types\/product"}],"wp:featuredmedia":[{"embeddable":true,"href":"https:\/\/arteconfort.com\/pt-pt\/wp-json\/wp\/v2\/media\/33718"}],"wp:attachment":[{"href":"https:\/\/arteconfort.com\/pt-pt\/wp-json\/wp\/v2\/media?parent=11414"}],"wp:term":[{"taxonomy":"product_brand","embeddable":true,"href":"https:\/\/arteconfort.com\/pt-pt\/wp-json\/wp\/v2\/product_brand?post=11414"},{"taxonomy":"product_cat","embeddable":true,"href":"https:\/\/arteconfort.com\/pt-pt\/wp-json\/wp\/v2\/product_cat?post=11414"},{"taxonomy":"product_tag","embeddable":true,"href":"https:\/\/arteconfort.com\/pt-pt\/wp-json\/wp\/v2\/product_tag?post=11414"}],"curies":[{"name":"wp","href":"https:\/\/api.w.org\/{rel}","templated":true}]}}