{"id":11507,"date":"2020-07-21T13:33:36","date_gmt":"2020-07-21T11:33:36","guid":{"rendered":"https:\/\/arteconfort.com\/producto\/sem%20categoria\/kit-carril\/"},"modified":"2022-09-27T09:04:09","modified_gmt":"2022-09-27T07:04:09","slug":"kit-carril","status":"publish","type":"product","link":"https:\/\/arteconfort.com\/pt-pt\/producto\/kit-carril\/","title":{"rendered":"KIT CARRIL"},"content":{"rendered":"<div class=\"wpb-content-wrapper\"><p>[vc_row][vc_column width=&#8221;1\/2&#8243;][vc_accordion collapsible=&#8221;true&#8221; active_tab=&#8221;false&#8221;][vc_accordion_tab title=&#8221;Caracter\u00edsticas mec\u00e2nicas&#8221;][vc_column_text]<strong>Dimens\u00f5es<\/strong> 3,3x100x4,2cm<br \/>\n<strong>Material<\/strong> Alum\u00ednio e pl\u00e1stico<br \/>\n<b>Terminar <\/b>Branco\/Preto<br \/>\n<strong>IP<\/strong> 20<br \/>\n<strong>Garantia<\/strong> 3 anos[\/vc_column_text][\/vc_accordion_tab][vc_accordion_tab title=&#8221;Caracter\u00edsticas el\u00e9ctricas&#8221;][vc_column_text]<strong>Fornecimento de energia <\/strong>100Vac 15A\/220Vac 10A<br \/>\n<strong>Frequ\u00eancia<\/strong> 50\/60Hz<br \/>\n<strong>Dura\u00e7\u00e3o<\/strong> 25.000h<br \/>\n[\/vc_column_text][\/vc_accordion_tab][\/vc_accordion][\/vc_column][vc_column width=&#8221;1\/2&#8243;][vc_single_image image=&#8221;7788&#8243;][\/vc_column][\/vc_row]<\/p>\n<\/div>","protected":false},"excerpt":{"rendered":"<p>O KIT DE TR\u00caS facase track inclui os acess\u00f3rios necess\u00e1rios para preparar a instala\u00e7\u00e3o de projectores: alimenta\u00e7\u00e3o el\u00e9ctrica, via e tampa da extremidade. Ao utilizar os diferentes acess\u00f3rios, pode aumentar o tamanho da pista e o n\u00famero de projectores.<br \/>\n<strong>Ref. 21SPTAC-CALTP31MNGRD<\/strong><br \/>\n<strong>Ref. KITTUBEVBL<\/strong>[vc_row][vc_column offset=&#8221;vc_hidden-xs&#8221;][vc_empty_space height=&#8221;30px&#8221;][\/vc_column][\/vc_row][vc_row][vc_column][vc_row_inner][vc_column_inner][wyde_info_box icon_set=&#8221;simple_line&#8221; icon_simple_line=&#8221;sl-wrench&#8221; icon_position=&#8221;left&#8221; title=&#8221;F\u00c1CIL MONTAGEM E LIMPEZA&#8221;]Manuten\u00e7\u00e3o com menos esfor\u00e7o[\/wyde_info_box][vc_empty_space height=&#8221;15px&#8221;][\/vc_column_inner][\/vc_row_inner][\/vc_column][\/vc_row][vc_row][vc_column offset=&#8221;vc_hidden-xs&#8221;][vc_empty_space height=&#8221;60px&#8221;][\/vc_column][\/vc_row][vc_row][vc_column width=&#8221;1\/3&#8243;][wyde_link_button icon_set=&#8221;simple_line&#8221; icon_simple_line=&#8221;sl-settings&#8221; style=&#8221;round&#8221; title=&#8221;Instru\u00e7\u00f5es&#8221; link=&#8221;url:https%3A%2F%2Farteconfort.com%2Fwp-content%2Fuploads%2F2020%2F08%2Fim-CARRIL.pdf||target:%20_blank|rel:nofollow&#8221; color=&#8221;#ffffff&#8221; bg_color=&#8221;#222222&#8243;][\/vc_column][\/vc_row][vc_row][vc_column offset=&#8221;vc_hidden-xs&#8221;][vc_empty_space][\/vc_column][\/vc_row][vc_row][vc_column][vc_empty_space height=&#8221;20px&#8221;][\/vc_column][\/vc_row]<\/p>\n","protected":false},"featured_media":20161,"template":"","meta":[],"product_brand":[],"product_cat":[1049,362,349],"product_tag":[],"class_list":{"0":"post-11507","1":"product","2":"type-product","3":"status-publish","4":"has-post-thumbnail","6":"product_cat-coleccion-antigua-pt","7":"product_cat-focos-pt-pt","8":"product_cat-iluminacion-pt-pt","10":"first","11":"instock","12":"shipping-taxable","13":"product-type-external"},"yoast_head":"<!-- This site is optimized with the Yoast SEO plugin v26.5 - https:\/\/yoast.com\/wordpress\/plugins\/seo\/ -->\n<title>KIT CARRIL - colecci\u00f3n antigua, Focos, Iluminaci\u00f3n - Arteconfort<\/title>\n<meta name=\"description\" content=\"O KIT DE TR\u00caS facase track inclui os acess\u00f3rios necess\u00e1rios para preparar a instala\u00e7\u00e3o de projectores: alimenta\u00e7\u00e3o el\u00e9ctrica, via e tampa da extremidade. Ao utilizar os diferentes acess\u00f3rios, pode aumentar o tamanho da pista e o n\u00famero de projectores. Ref. 21SPTAC-CALTP31MNGRD Ref. KITTUBEVBLManuten\u00e7\u00e3o com menos esfor\u00e7o\" \/>\n<meta name=\"robots\" content=\"index, follow, max-snippet:-1, max-image-preview:large, max-video-preview:-1\" \/>\n<link rel=\"canonical\" href=\"https:\/\/arteconfort.com\/pt-pt\/producto\/kit-carril\/\" \/>\n<meta property=\"og:locale\" content=\"pt_PT\" \/>\n<meta property=\"og:type\" content=\"article\" \/>\n<meta property=\"og:title\" content=\"KIT CARRIL - colecci\u00f3n antigua, Focos, Iluminaci\u00f3n - Arteconfort\" \/>\n<meta property=\"og:description\" content=\"O KIT DE TR\u00caS facase track inclui os acess\u00f3rios necess\u00e1rios para preparar a instala\u00e7\u00e3o de projectores: alimenta\u00e7\u00e3o el\u00e9ctrica, via e tampa da extremidade. Ao utilizar os diferentes acess\u00f3rios, pode aumentar o tamanho da pista e o n\u00famero de projectores. Ref. 21SPTAC-CALTP31MNGRD Ref. KITTUBEVBLManuten\u00e7\u00e3o com menos esfor\u00e7o\" \/>\n<meta property=\"og:url\" content=\"https:\/\/arteconfort.com\/pt-pt\/producto\/kit-carril\/\" \/>\n<meta property=\"og:site_name\" content=\"Arteconfort\" \/>\n<meta property=\"article:modified_time\" content=\"2022-09-27T07:04:09+00:00\" \/>\n<meta property=\"og:image\" content=\"https:\/\/arteconfort.com\/wp-content\/uploads\/2020\/07\/KIT-3.jpg\" \/>\n\t<meta property=\"og:image:width\" content=\"1024\" \/>\n\t<meta property=\"og:image:height\" content=\"1024\" \/>\n\t<meta property=\"og:image:type\" content=\"image\/jpeg\" \/>\n<meta name=\"twitter:card\" content=\"summary_large_image\" \/>\n<!-- \/ Yoast SEO plugin. -->","yoast_head_json":{"title":"KIT CARRIL - colecci\u00f3n antigua, Focos, Iluminaci\u00f3n - Arteconfort","description":"O KIT DE TR\u00caS facase track inclui os acess\u00f3rios necess\u00e1rios para preparar a instala\u00e7\u00e3o de projectores: alimenta\u00e7\u00e3o el\u00e9ctrica, via e tampa da extremidade. Ao utilizar os diferentes acess\u00f3rios, pode aumentar o tamanho da pista e o n\u00famero de projectores. Ref. 21SPTAC-CALTP31MNGRD Ref. KITTUBEVBLManuten\u00e7\u00e3o com menos esfor\u00e7o","robots":{"index":"index","follow":"follow","max-snippet":"max-snippet:-1","max-image-preview":"max-image-preview:large","max-video-preview":"max-video-preview:-1"},"canonical":"https:\/\/arteconfort.com\/pt-pt\/producto\/kit-carril\/","og_locale":"pt_PT","og_type":"article","og_title":"KIT CARRIL - colecci\u00f3n antigua, Focos, Iluminaci\u00f3n - Arteconfort","og_description":"O KIT DE TR\u00caS facase track inclui os acess\u00f3rios necess\u00e1rios para preparar a instala\u00e7\u00e3o de projectores: alimenta\u00e7\u00e3o el\u00e9ctrica, via e tampa da extremidade. Ao utilizar os diferentes acess\u00f3rios, pode aumentar o tamanho da pista e o n\u00famero de projectores. Ref. 21SPTAC-CALTP31MNGRD Ref. KITTUBEVBLManuten\u00e7\u00e3o com menos esfor\u00e7o","og_url":"https:\/\/arteconfort.com\/pt-pt\/producto\/kit-carril\/","og_site_name":"Arteconfort","article_modified_time":"2022-09-27T07:04:09+00:00","og_image":[{"width":1024,"height":1024,"url":"https:\/\/arteconfort.com\/wp-content\/uploads\/2020\/07\/KIT-3.jpg","type":"image\/jpeg"}],"twitter_card":"summary_large_image","schema":{"@context":"https:\/\/schema.org","@graph":[{"@type":"WebPage","@id":"https:\/\/arteconfort.com\/pt-pt\/producto\/kit-carril\/","url":"https:\/\/arteconfort.com\/pt-pt\/producto\/kit-carril\/","name":"KIT CARRIL - colecci\u00f3n antigua, Focos, Iluminaci\u00f3n - Arteconfort","isPartOf":{"@id":"https:\/\/arteconfort.com\/pt-pt\/#website"},"primaryImageOfPage":{"@id":"https:\/\/arteconfort.com\/pt-pt\/producto\/kit-carril\/#primaryimage"},"image":{"@id":"https:\/\/arteconfort.com\/pt-pt\/producto\/kit-carril\/#primaryimage"},"thumbnailUrl":"https:\/\/arteconfort.com\/wp-content\/uploads\/2020\/07\/KIT-3.jpg","datePublished":"2020-07-21T11:33:36+00:00","dateModified":"2022-09-27T07:04:09+00:00","description":"O KIT DE TR\u00caS facase track inclui os acess\u00f3rios necess\u00e1rios para preparar a instala\u00e7\u00e3o de projectores: alimenta\u00e7\u00e3o el\u00e9ctrica, via e tampa da extremidade. Ao utilizar os diferentes acess\u00f3rios, pode aumentar o tamanho da pista e o n\u00famero de projectores. Ref. 21SPTAC-CALTP31MNGRD Ref. KITTUBEVBLManuten\u00e7\u00e3o com menos esfor\u00e7o","breadcrumb":{"@id":"https:\/\/arteconfort.com\/pt-pt\/producto\/kit-carril\/#breadcrumb"},"inLanguage":"pt-PT","potentialAction":[{"@type":"ReadAction","target":["https:\/\/arteconfort.com\/pt-pt\/producto\/kit-carril\/"]}]},{"@type":"ImageObject","inLanguage":"pt-PT","@id":"https:\/\/arteconfort.com\/pt-pt\/producto\/kit-carril\/#primaryimage","url":"https:\/\/arteconfort.com\/wp-content\/uploads\/2020\/07\/KIT-3.jpg","contentUrl":"https:\/\/arteconfort.com\/wp-content\/uploads\/2020\/07\/KIT-3.jpg","width":1024,"height":1024,"caption":"carril alimentador"},{"@type":"BreadcrumbList","@id":"https:\/\/arteconfort.com\/pt-pt\/producto\/kit-carril\/#breadcrumb","itemListElement":[{"@type":"ListItem","position":1,"name":"Inicio","item":"https:\/\/arteconfort.com\/pt-pt\/"},{"@type":"ListItem","position":2,"name":"Tienda","item":"https:\/\/arteconfort.com\/pt-pt\/tienda-2\/"},{"@type":"ListItem","position":3,"name":"KIT CARRIL"}]},{"@type":"WebSite","@id":"https:\/\/arteconfort.com\/pt-pt\/#website","url":"https:\/\/arteconfort.com\/pt-pt\/","name":"Arteconfort","description":"Especialistas en productos del hogar","publisher":{"@id":"https:\/\/arteconfort.com\/pt-pt\/#organization"},"potentialAction":[{"@type":"SearchAction","target":{"@type":"EntryPoint","urlTemplate":"https:\/\/arteconfort.com\/pt-pt\/?s={search_term_string}"},"query-input":{"@type":"PropertyValueSpecification","valueRequired":true,"valueName":"search_term_string"}}],"inLanguage":"pt-PT"},{"@type":"Organization","@id":"https:\/\/arteconfort.com\/pt-pt\/#organization","name":"Arteconfort","url":"https:\/\/arteconfort.com\/pt-pt\/","logo":{"@type":"ImageObject","inLanguage":"pt-PT","@id":"https:\/\/arteconfort.com\/pt-pt\/#\/schema\/logo\/image\/","url":"https:\/\/arteconfort.com\/wp-content\/uploads\/2019\/07\/logo-arteconfort.png","contentUrl":"https:\/\/arteconfort.com\/wp-content\/uploads\/2019\/07\/logo-arteconfort.png","width":230,"height":88,"caption":"Arteconfort"},"image":{"@id":"https:\/\/arteconfort.com\/pt-pt\/#\/schema\/logo\/image\/"}}]}},"_links":{"self":[{"href":"https:\/\/arteconfort.com\/pt-pt\/wp-json\/wp\/v2\/product\/11507","targetHints":{"allow":["GET"]}}],"collection":[{"href":"https:\/\/arteconfort.com\/pt-pt\/wp-json\/wp\/v2\/product"}],"about":[{"href":"https:\/\/arteconfort.com\/pt-pt\/wp-json\/wp\/v2\/types\/product"}],"wp:featuredmedia":[{"embeddable":true,"href":"https:\/\/arteconfort.com\/pt-pt\/wp-json\/wp\/v2\/media\/20161"}],"wp:attachment":[{"href":"https:\/\/arteconfort.com\/pt-pt\/wp-json\/wp\/v2\/media?parent=11507"}],"wp:term":[{"taxonomy":"product_brand","embeddable":true,"href":"https:\/\/arteconfort.com\/pt-pt\/wp-json\/wp\/v2\/product_brand?post=11507"},{"taxonomy":"product_cat","embeddable":true,"href":"https:\/\/arteconfort.com\/pt-pt\/wp-json\/wp\/v2\/product_cat?post=11507"},{"taxonomy":"product_tag","embeddable":true,"href":"https:\/\/arteconfort.com\/pt-pt\/wp-json\/wp\/v2\/product_tag?post=11507"}],"curies":[{"name":"wp","href":"https:\/\/api.w.org\/{rel}","templated":true}]}}