{"id":11528,"date":"2020-07-22T14:45:51","date_gmt":"2020-07-22T12:45:51","guid":{"rendered":"https:\/\/arteconfort.com\/producto\/sem%20categoria\/tube-v\/"},"modified":"2022-09-27T09:35:13","modified_gmt":"2022-09-27T07:35:13","slug":"tube-v","status":"publish","type":"product","link":"https:\/\/arteconfort.com\/pt-pt\/producto\/tube-v\/","title":{"rendered":"TUBE-V"},"content":{"rendered":"<div class=\"wpb-content-wrapper\"><p>[vc_row][vc_column][vc_row_inner][vc_column_inner width=&#8221;1\/4&#8243; offset=&#8221;vc_col-xs-6&#8243;][wyde_info_box icon_set=&#8221;simple_line&#8221; icon_simple_line=&#8221;sl-refresh&#8221; title=&#8221;ORIENTABLE&#8221;]Pode ser rodado 180\u00ba verticalmente e 350\u00ba horizontalmente[\/wyde_info_box][\/vc_column_inner][\/vc_row_inner][vc_row_inner][vc_column_inner offset=&#8221;vc_hidden-xs&#8221;][vc_empty_space height=&#8221;60px&#8221;][\/vc_column_inner][\/vc_row_inner][\/vc_column][\/vc_row][vc_row][vc_column width=&#8221;1\/2&#8243;][vc_accordion collapsible=&#8221;true&#8221; active_tab=&#8221;false&#8221;][vc_accordion_tab title=&#8221;Caracter\u00edsticas gerais&#8221;][vc_column_text]<strong>Dimens\u00f5es<\/strong> 16,2&#215;10,3&#215;9,2cm<br \/>\n<strong>Material<\/strong> Alum\u00ednio<br \/>\n<b>Terminar <\/b>Branco\/Preto<br \/>\n<strong>IP<\/strong> 20<br \/>\n<strong>Garantia<\/strong> 3 anos[\/vc_column_text][\/vc_accordion_tab][vc_accordion_tab title=&#8221;Caracter\u00edsticas \u00f3pticas&#8221;][vc_column_text]<strong>Dura\u00e7\u00e3o\u00a0<\/strong>30.000h<br \/>\n<strong>IRC<\/strong> &gt;80<br \/>\n<strong>\u00c2ngulo de abertura<\/strong> 24\u00ba<br \/>\n<strong>CCT<\/strong> 3000K<br \/>\n<strong>Fluxo lum\u00ednico<\/strong> 1.500lm[\/vc_column_text][\/vc_accordion_tab][vc_accordion_tab title=&#8221;Caracter\u00edsticas el\u00e9ctricas&#8221;][vc_column_text]<b>Energia <\/b>15W<br \/>\n<strong>Fornecimento de energia <\/strong>220-240Vac<br \/>\n<strong>Frequ\u00eancia<\/strong> 50\/60Hz<br \/>\n<strong>Dimit\u00e1vel<\/strong> N\u00e3o<br \/>\n<strong>N\u00ba de igni\u00e7\u00f5es <\/strong>100.000[\/vc_column_text][\/vc_accordion_tab][vc_accordion_tab title=&#8221;LED&#8221;][vc_column_text]<strong>N\u00famero de LED<\/strong> 1<br \/>\n<strong>Tipo de LED<\/strong> COB<br \/>\n[\/vc_column_text][\/vc_accordion_tab][\/vc_accordion][\/vc_column][vc_column width=&#8221;1\/2&#8243;][vc_single_image image=&#8221;7788&#8243;][\/vc_column][\/vc_row]<\/p>\n<\/div>","protected":false},"excerpt":{"rendered":"<p>Os projectores TUBE-V como parte da pista trif\u00e1sica oferecem uma ilumina\u00e7\u00e3o eficaz e funcional. Com um \u00e2ngulo de rota\u00e7\u00e3o de at\u00e9 180\u00b0, \u00e9 poss\u00edvel dirigir os diferentes pontos de luz para o local desejado e adicionar tantos pontos quantos forem necess\u00e1rios.<br \/>\n<strong>Ref. 21TUBV3-015T30FE024NGR20D<\/strong><br \/>\n<strong>Ref. TUBEVBL15<\/strong>[vc_row][vc_column offset=&#8221;vc_hidden-xs&#8221;][vc_empty_space height=&#8221;30px&#8221;][\/vc_column][\/vc_row][vc_row][vc_column][vc_row_inner][vc_column_inner][wyde_info_box icon_set=&#8221;stroke_gap&#8221; icon_stroke_gap=&#8221;sg-Bulb&#8221; icon_position=&#8221;left&#8221; title=&#8221;ALTA LUMINOSIDADE&#8221;]Permite iluminar diferentes \u00e1reas de uma sala[\/wyde_info_box][vc_empty_space height=&#8221;15px&#8221;][\/vc_column_inner][\/vc_row_inner][vc_row_inner][vc_column_inner][wyde_info_box icon_set=&#8221;simple_line&#8221; icon_simple_line=&#8221;sl-refresh&#8221; icon_position=&#8221;left&#8221; title=&#8221;HOLOFOTES AJUST\u00c1VEIS&#8221;]Permite orientar os pontos de luz[\/wyde_info_box][vc_empty_space height=&#8221;15px&#8221;][\/vc_column_inner][\/vc_row_inner][vc_row_inner][vc_column_inner][wyde_info_box icon_set=&#8221;simple_line&#8221; icon_simple_line=&#8221;sl-wrench&#8221; icon_position=&#8221;left&#8221; title=&#8221;F\u00c1CIL MONTAGEM E LIMPEZA&#8221;]Manuten\u00e7\u00e3o com menos esfor\u00e7o[\/wyde_info_box][vc_empty_space height=&#8221;15px&#8221;][\/vc_column_inner][\/vc_row_inner][\/vc_column][\/vc_row][vc_row][vc_column offset=&#8221;vc_hidden-xs&#8221;][vc_empty_space height=&#8221;60px&#8221;][\/vc_column][\/vc_row][vc_row][vc_column width=&#8221;1\/3&#8243;][wyde_link_button icon_set=&#8221;simple_line&#8221; icon_simple_line=&#8221;sl-settings&#8221; style=&#8221;round&#8221; title=&#8221;Instru\u00e7\u00f5es&#8221; link=&#8221;url:https%3A%2F%2Farteconfort.com%2Fwp-content%2Fuploads%2F2020%2F08%2Fim-CARRIL.pdf||target:%20_blank|rel:nofollow&#8221; color=&#8221;#ffffff&#8221; bg_color=&#8221;#222222&#8243;][\/vc_column][\/vc_row][vc_row][vc_column offset=&#8221;vc_hidden-xs&#8221;][vc_empty_space][\/vc_column][\/vc_row][vc_row][vc_column][vc_empty_space height=&#8221;20px&#8221;][\/vc_column][\/vc_row]<\/p>\n","protected":false},"featured_media":36458,"template":"","meta":[],"product_brand":[],"product_cat":[1049,362,349],"product_tag":[],"class_list":{"0":"post-11528","1":"product","2":"type-product","3":"status-publish","4":"has-post-thumbnail","6":"product_cat-coleccion-antigua-pt","7":"product_cat-focos-pt-pt","8":"product_cat-iluminacion-pt-pt","10":"first","11":"instock","12":"shipping-taxable","13":"product-type-external"},"yoast_head":"<!-- This site is optimized with the Yoast SEO plugin v26.5 - https:\/\/yoast.com\/wordpress\/plugins\/seo\/ -->\n<title>TUBE-V - colecci\u00f3n antigua, Focos, Iluminaci\u00f3n - Arteconfort<\/title>\n<meta name=\"description\" content=\"Os projectores TUBE-V como parte da pista trif\u00e1sica oferecem uma ilumina\u00e7\u00e3o eficaz e funcional. Com um \u00e2ngulo de rota\u00e7\u00e3o de at\u00e9 180\u00b0, \u00e9 poss\u00edvel dirigir os diferentes pontos de luz para o local desejado e adicionar tantos pontos quantos forem necess\u00e1rios. Ref. 21TUBV3-015T30FE024NGR20D Ref. TUBEVBL15Permite iluminar diferentes \u00e1reas de uma salaPermite orientar os pontos de luzManuten\u00e7\u00e3o com menos esfor\u00e7o\" \/>\n<meta name=\"robots\" content=\"index, follow, max-snippet:-1, max-image-preview:large, max-video-preview:-1\" \/>\n<link rel=\"canonical\" href=\"https:\/\/arteconfort.com\/pt-pt\/producto\/tube-v\/\" \/>\n<meta property=\"og:locale\" content=\"pt_PT\" \/>\n<meta property=\"og:type\" content=\"article\" \/>\n<meta property=\"og:title\" content=\"TUBE-V - colecci\u00f3n antigua, Focos, Iluminaci\u00f3n - Arteconfort\" \/>\n<meta property=\"og:description\" content=\"Os projectores TUBE-V como parte da pista trif\u00e1sica oferecem uma ilumina\u00e7\u00e3o eficaz e funcional. Com um \u00e2ngulo de rota\u00e7\u00e3o de at\u00e9 180\u00b0, \u00e9 poss\u00edvel dirigir os diferentes pontos de luz para o local desejado e adicionar tantos pontos quantos forem necess\u00e1rios. Ref. 21TUBV3-015T30FE024NGR20D Ref. TUBEVBL15Permite iluminar diferentes \u00e1reas de uma salaPermite orientar os pontos de luzManuten\u00e7\u00e3o com menos esfor\u00e7o\" \/>\n<meta property=\"og:url\" content=\"https:\/\/arteconfort.com\/pt-pt\/producto\/tube-v\/\" \/>\n<meta property=\"og:site_name\" content=\"Arteconfort\" \/>\n<meta property=\"article:modified_time\" content=\"2022-09-27T07:35:13+00:00\" \/>\n<meta property=\"og:image\" content=\"https:\/\/arteconfort.com\/wp-content\/uploads\/2023\/10\/SPOTLIGHT-BLANCO-.webp\" \/>\n\t<meta property=\"og:image:width\" content=\"1024\" \/>\n\t<meta property=\"og:image:height\" content=\"1024\" \/>\n\t<meta property=\"og:image:type\" content=\"image\/webp\" \/>\n<meta name=\"twitter:card\" content=\"summary_large_image\" \/>\n<meta name=\"twitter:label1\" content=\"Tempo estimado de leitura\" \/>\n\t<meta name=\"twitter:data1\" content=\"1 minuto\" \/>\n<!-- \/ Yoast SEO plugin. -->","yoast_head_json":{"title":"TUBE-V - colecci\u00f3n antigua, Focos, Iluminaci\u00f3n - Arteconfort","description":"Os projectores TUBE-V como parte da pista trif\u00e1sica oferecem uma ilumina\u00e7\u00e3o eficaz e funcional. Com um \u00e2ngulo de rota\u00e7\u00e3o de at\u00e9 180\u00b0, \u00e9 poss\u00edvel dirigir os diferentes pontos de luz para o local desejado e adicionar tantos pontos quantos forem necess\u00e1rios. Ref. 21TUBV3-015T30FE024NGR20D Ref. TUBEVBL15Permite iluminar diferentes \u00e1reas de uma salaPermite orientar os pontos de luzManuten\u00e7\u00e3o com menos esfor\u00e7o","robots":{"index":"index","follow":"follow","max-snippet":"max-snippet:-1","max-image-preview":"max-image-preview:large","max-video-preview":"max-video-preview:-1"},"canonical":"https:\/\/arteconfort.com\/pt-pt\/producto\/tube-v\/","og_locale":"pt_PT","og_type":"article","og_title":"TUBE-V - colecci\u00f3n antigua, Focos, Iluminaci\u00f3n - Arteconfort","og_description":"Os projectores TUBE-V como parte da pista trif\u00e1sica oferecem uma ilumina\u00e7\u00e3o eficaz e funcional. Com um \u00e2ngulo de rota\u00e7\u00e3o de at\u00e9 180\u00b0, \u00e9 poss\u00edvel dirigir os diferentes pontos de luz para o local desejado e adicionar tantos pontos quantos forem necess\u00e1rios. Ref. 21TUBV3-015T30FE024NGR20D Ref. TUBEVBL15Permite iluminar diferentes \u00e1reas de uma salaPermite orientar os pontos de luzManuten\u00e7\u00e3o com menos esfor\u00e7o","og_url":"https:\/\/arteconfort.com\/pt-pt\/producto\/tube-v\/","og_site_name":"Arteconfort","article_modified_time":"2022-09-27T07:35:13+00:00","og_image":[{"width":1024,"height":1024,"url":"https:\/\/arteconfort.com\/wp-content\/uploads\/2023\/10\/SPOTLIGHT-BLANCO-.webp","type":"image\/webp"}],"twitter_card":"summary_large_image","twitter_misc":{"Tempo estimado de leitura":"1 minuto"},"schema":{"@context":"https:\/\/schema.org","@graph":[{"@type":"WebPage","@id":"https:\/\/arteconfort.com\/pt-pt\/producto\/tube-v\/","url":"https:\/\/arteconfort.com\/pt-pt\/producto\/tube-v\/","name":"TUBE-V - colecci\u00f3n antigua, Focos, Iluminaci\u00f3n - Arteconfort","isPartOf":{"@id":"https:\/\/arteconfort.com\/pt-pt\/#website"},"primaryImageOfPage":{"@id":"https:\/\/arteconfort.com\/pt-pt\/producto\/tube-v\/#primaryimage"},"image":{"@id":"https:\/\/arteconfort.com\/pt-pt\/producto\/tube-v\/#primaryimage"},"thumbnailUrl":"https:\/\/arteconfort.com\/wp-content\/uploads\/2023\/10\/SPOTLIGHT-BLANCO-.webp","datePublished":"2020-07-22T12:45:51+00:00","dateModified":"2022-09-27T07:35:13+00:00","description":"Os projectores TUBE-V como parte da pista trif\u00e1sica oferecem uma ilumina\u00e7\u00e3o eficaz e funcional. Com um \u00e2ngulo de rota\u00e7\u00e3o de at\u00e9 180\u00b0, \u00e9 poss\u00edvel dirigir os diferentes pontos de luz para o local desejado e adicionar tantos pontos quantos forem necess\u00e1rios. Ref. 21TUBV3-015T30FE024NGR20D Ref. TUBEVBL15Permite iluminar diferentes \u00e1reas de uma salaPermite orientar os pontos de luzManuten\u00e7\u00e3o com menos esfor\u00e7o","breadcrumb":{"@id":"https:\/\/arteconfort.com\/pt-pt\/producto\/tube-v\/#breadcrumb"},"inLanguage":"pt-PT","potentialAction":[{"@type":"ReadAction","target":["https:\/\/arteconfort.com\/pt-pt\/producto\/tube-v\/"]}]},{"@type":"ImageObject","inLanguage":"pt-PT","@id":"https:\/\/arteconfort.com\/pt-pt\/producto\/tube-v\/#primaryimage","url":"https:\/\/arteconfort.com\/wp-content\/uploads\/2023\/10\/SPOTLIGHT-BLANCO-.webp","contentUrl":"https:\/\/arteconfort.com\/wp-content\/uploads\/2023\/10\/SPOTLIGHT-BLANCO-.webp","width":1024,"height":1024},{"@type":"BreadcrumbList","@id":"https:\/\/arteconfort.com\/pt-pt\/producto\/tube-v\/#breadcrumb","itemListElement":[{"@type":"ListItem","position":1,"name":"Inicio","item":"https:\/\/arteconfort.com\/pt-pt\/"},{"@type":"ListItem","position":2,"name":"Tienda","item":"https:\/\/arteconfort.com\/pt-pt\/tienda-2\/"},{"@type":"ListItem","position":3,"name":"TUBE-V"}]},{"@type":"WebSite","@id":"https:\/\/arteconfort.com\/pt-pt\/#website","url":"https:\/\/arteconfort.com\/pt-pt\/","name":"Arteconfort","description":"Especialistas en productos del hogar","publisher":{"@id":"https:\/\/arteconfort.com\/pt-pt\/#organization"},"potentialAction":[{"@type":"SearchAction","target":{"@type":"EntryPoint","urlTemplate":"https:\/\/arteconfort.com\/pt-pt\/?s={search_term_string}"},"query-input":{"@type":"PropertyValueSpecification","valueRequired":true,"valueName":"search_term_string"}}],"inLanguage":"pt-PT"},{"@type":"Organization","@id":"https:\/\/arteconfort.com\/pt-pt\/#organization","name":"Arteconfort","url":"https:\/\/arteconfort.com\/pt-pt\/","logo":{"@type":"ImageObject","inLanguage":"pt-PT","@id":"https:\/\/arteconfort.com\/pt-pt\/#\/schema\/logo\/image\/","url":"https:\/\/arteconfort.com\/wp-content\/uploads\/2019\/07\/logo-arteconfort.png","contentUrl":"https:\/\/arteconfort.com\/wp-content\/uploads\/2019\/07\/logo-arteconfort.png","width":230,"height":88,"caption":"Arteconfort"},"image":{"@id":"https:\/\/arteconfort.com\/pt-pt\/#\/schema\/logo\/image\/"}}]}},"_links":{"self":[{"href":"https:\/\/arteconfort.com\/pt-pt\/wp-json\/wp\/v2\/product\/11528","targetHints":{"allow":["GET"]}}],"collection":[{"href":"https:\/\/arteconfort.com\/pt-pt\/wp-json\/wp\/v2\/product"}],"about":[{"href":"https:\/\/arteconfort.com\/pt-pt\/wp-json\/wp\/v2\/types\/product"}],"wp:featuredmedia":[{"embeddable":true,"href":"https:\/\/arteconfort.com\/pt-pt\/wp-json\/wp\/v2\/media\/36458"}],"wp:attachment":[{"href":"https:\/\/arteconfort.com\/pt-pt\/wp-json\/wp\/v2\/media?parent=11528"}],"wp:term":[{"taxonomy":"product_brand","embeddable":true,"href":"https:\/\/arteconfort.com\/pt-pt\/wp-json\/wp\/v2\/product_brand?post=11528"},{"taxonomy":"product_cat","embeddable":true,"href":"https:\/\/arteconfort.com\/pt-pt\/wp-json\/wp\/v2\/product_cat?post=11528"},{"taxonomy":"product_tag","embeddable":true,"href":"https:\/\/arteconfort.com\/pt-pt\/wp-json\/wp\/v2\/product_tag?post=11528"}],"curies":[{"name":"wp","href":"https:\/\/api.w.org\/{rel}","templated":true}]}}