{"id":11556,"date":"2020-01-23T17:34:50","date_gmt":"2020-01-23T16:34:50","guid":{"rendered":"https:\/\/arteconfort.com\/producto\/sem%20categoria\/tree\/"},"modified":"2022-03-11T09:24:08","modified_gmt":"2022-03-11T08:24:08","slug":"tree","status":"publish","type":"product","link":"https:\/\/arteconfort.com\/pt-pt\/producto\/tree\/","title":{"rendered":"TREE"},"content":{"rendered":"<div class=\"wpb-content-wrapper\"><p>[vc_row][vc_column width=&#8221;1\/2&#8243;][vc_accordion collapsible=&#8221;true&#8221; active_tab=&#8221;false&#8221;][vc_accordion_tab title=&#8221;Caracter\u00edsticas mec\u00e2nicas&#8221;][vc_column_text]<strong>Dimens\u00f5es<\/strong> 25x19x2mm<br \/>\n<strong>Material<\/strong> Pl\u00e1stico<br \/>\n<strong>IP<\/strong> 20<br \/>\n<strong>Garantia<\/strong> 2 anos[\/vc_column_text][\/vc_accordion_tab][vc_accordion_tab title=&#8221;Caracter\u00edsticas \u00f3pticas&#8221;][vc_column_text]<br \/>\n<b>Cor de luz<\/b> Verde<br \/>\n<strong>Dura\u00e7\u00e3o<\/strong> 10.000h[\/vc_column_text][\/vc_accordion_tab][vc_accordion_tab title=&#8221;Bateria&#8221;][vc_column_text]<strong>Tamanho<\/strong> AA<br \/>\n<strong>Quantidade<\/strong> 3<br \/>\n<strong>Voltagem<\/strong> 4,5V<br \/>\n<b>Inclu\u00eddo<\/b> N\u00e3o[\/vc_column_text][\/vc_accordion_tab][\/vc_accordion][\/vc_column][vc_column width=&#8221;1\/2&#8243;][vc_single_image image=&#8221;7096&#8243;][\/vc_column][\/vc_row]<\/p>\n<\/div>","protected":false},"excerpt":{"rendered":"<p>Adicione um toque de cor \u00e0 sua casa com esta luz de n\u00e9on em forma de pinheiro, perfeita para adicionar cor e originalidade a qualquer divis\u00e3o da sua casa. Pode decidir se prefere pendur\u00e1-lo ou col\u00e1-lo \u00e0 parede com o adesivo 3M inclu\u00eddo.<br \/>\n<strong>Ref. TREEVE115<\/strong>[vc_row][vc_column offset=&#8221;vc_hidden-xs&#8221;][vc_empty_space height=&#8221;30px&#8221;][\/vc_column][\/vc_row][vc_row][vc_column][vc_row_inner][vc_column_inner][wyde_info_box icon_set=&#8221;stroke_gap&#8221; icon_stroke_gap=&#8221;sg-BatteryFull&#8221; icon_position=&#8221;left&#8221; title=&#8221;CARREGAMENTO POR USB OU BATERIAS&#8221;]Para o ter sempre pronto[\/wyde_info_box][vc_empty_space height=&#8221;15px&#8221;][\/vc_column_inner][\/vc_row_inner][vc_row_inner][vc_column_inner][wyde_info_box icon_set=&#8221;bigmug_line&#8221; icon_bigmug_line=&#8221;bigmug-line-clone&#8221; icon_position=&#8221;left&#8221; title=&#8221;ADESIVO DE 3M INCLU\u00cdDO&#8221;]Pode col\u00e1-lo na parede ou pendur\u00e1-lo[\/wyde_info_box][vc_empty_space height=&#8221;15px&#8221;][\/vc_column_inner][\/vc_row_inner][\/vc_column][\/vc_row][vc_row][vc_column offset=&#8221;vc_hidden-xs&#8221;][vc_empty_space height=&#8221;60px&#8221;][\/vc_column][\/vc_row][vc_row][vc_column width=&#8221;1\/3&#8243;][wyde_link_button icon_set=&#8221;simple_line&#8221; icon_simple_line=&#8221;sl-settings&#8221; style=&#8221;round&#8221; title=&#8221;Instru\u00e7\u00f5es&#8221; link=&#8221;url:http%3A%2F%2Farteconfort.com%2Fwp-content%2Fuploads%2F2020%2F01%2Fim-TREE.pdf||target:%20_blank|rel:nofollow&#8221; color=&#8221;#ffffff&#8221; bg_color=&#8221;#222222&#8243;][\/vc_column][vc_column width=&#8221;1\/3&#8243;][\/vc_column][\/vc_row][vc_row][vc_column offset=&#8221;vc_hidden-xs&#8221;][vc_empty_space][\/vc_column][\/vc_row][vc_row][vc_column][vc_empty_space height=&#8221;20px&#8221;][\/vc_column][\/vc_row][vc_row background_mode=&#8221;color&#8221; background_color=&#8221;#f5f5f5&#8243;][vc_column text_align=&#8221;center&#8221;][vc_row_inner padding_size=&#8221;m-padding&#8221;][vc_column_inner text_align=&#8221;center&#8221;][vc_single_image alignment=&#8221;center&#8221; image=&#8221;1046&#8243;][vc_column_text]Encontre esta l\u00e2mpada LED de n\u00e9on para venda exclusivamente na LEROY MERLIN[\/vc_column_text][vc_empty_space height=&#8221;15px&#8221;][wyde_link_button icon_set=&#8221;simple_line&#8221; icon_simple_line=&#8221;sl-login&#8221; style=&#8221;outline round&#8221; title=&#8221;Ir para Leroy Merlin&#8221; link=&#8221;url:https%3A%2F%2Fwww.leroymerlin.es%2Ffp%2F82435788%2Fneon-abeto-verde-usb-red||target:%20_blank|rel:nofollow&#8221; color=&#8221;#61b4e4&#8243; hover_color=&#8221;#ffffff&#8221;][\/vc_column_inner][\/vc_row_inner][\/vc_column][\/vc_row]<\/p>\n","protected":false},"featured_media":36278,"template":"","meta":[],"product_brand":[],"product_cat":[407],"product_tag":[],"class_list":{"0":"post-11556","1":"product","2":"type-product","3":"status-publish","4":"has-post-thumbnail","6":"product_cat-descatalogados-pt-pt","8":"first","9":"instock","10":"shipping-taxable","11":"product-type-simple"},"yoast_head":"<!-- This site is optimized with the Yoast SEO plugin v26.5 - https:\/\/yoast.com\/wordpress\/plugins\/seo\/ -->\n<title>TREE - Descatalogados - Arteconfort<\/title>\n<meta name=\"description\" content=\"Adicione um toque de cor \u00e0 sua casa com esta luz de n\u00e9on em forma de pinheiro, perfeita para adicionar cor e originalidade a qualquer divis\u00e3o da sua casa. Pode decidir se prefere pendur\u00e1-lo ou col\u00e1-lo \u00e0 parede com o adesivo 3M inclu\u00eddo. Ref. TREEVE115Para o ter sempre prontoPode col\u00e1-lo na parede ou pendur\u00e1-loEncontre esta l\u00e2mpada LED de n\u00e9on para venda exclusivamente na LEROY MERLIN\" \/>\n<meta name=\"robots\" content=\"index, follow, max-snippet:-1, max-image-preview:large, max-video-preview:-1\" \/>\n<link rel=\"canonical\" href=\"https:\/\/arteconfort.com\/pt-pt\/producto\/tree\/\" \/>\n<meta property=\"og:locale\" content=\"pt_PT\" \/>\n<meta property=\"og:type\" content=\"article\" \/>\n<meta property=\"og:title\" content=\"TREE - Descatalogados - Arteconfort\" \/>\n<meta property=\"og:description\" content=\"Adicione um toque de cor \u00e0 sua casa com esta luz de n\u00e9on em forma de pinheiro, perfeita para adicionar cor e originalidade a qualquer divis\u00e3o da sua casa. Pode decidir se prefere pendur\u00e1-lo ou col\u00e1-lo \u00e0 parede com o adesivo 3M inclu\u00eddo. Ref. TREEVE115Para o ter sempre prontoPode col\u00e1-lo na parede ou pendur\u00e1-loEncontre esta l\u00e2mpada LED de n\u00e9on para venda exclusivamente na LEROY MERLIN\" \/>\n<meta property=\"og:url\" content=\"https:\/\/arteconfort.com\/pt-pt\/producto\/tree\/\" \/>\n<meta property=\"og:site_name\" content=\"Arteconfort\" \/>\n<meta property=\"article:modified_time\" content=\"2022-03-11T08:24:08+00:00\" \/>\n<meta property=\"og:image\" content=\"https:\/\/arteconfort.com\/wp-content\/uploads\/2023\/10\/TREE-luz-1.webp\" \/>\n\t<meta property=\"og:image:width\" content=\"1024\" \/>\n\t<meta property=\"og:image:height\" content=\"1024\" \/>\n\t<meta property=\"og:image:type\" content=\"image\/webp\" \/>\n<meta name=\"twitter:card\" content=\"summary_large_image\" \/>\n<meta name=\"twitter:label1\" content=\"Tempo estimado de leitura\" \/>\n\t<meta name=\"twitter:data1\" content=\"1 minuto\" \/>\n<!-- \/ Yoast SEO plugin. -->","yoast_head_json":{"title":"TREE - Descatalogados - Arteconfort","description":"Adicione um toque de cor \u00e0 sua casa com esta luz de n\u00e9on em forma de pinheiro, perfeita para adicionar cor e originalidade a qualquer divis\u00e3o da sua casa. Pode decidir se prefere pendur\u00e1-lo ou col\u00e1-lo \u00e0 parede com o adesivo 3M inclu\u00eddo. Ref. TREEVE115Para o ter sempre prontoPode col\u00e1-lo na parede ou pendur\u00e1-loEncontre esta l\u00e2mpada LED de n\u00e9on para venda exclusivamente na LEROY MERLIN","robots":{"index":"index","follow":"follow","max-snippet":"max-snippet:-1","max-image-preview":"max-image-preview:large","max-video-preview":"max-video-preview:-1"},"canonical":"https:\/\/arteconfort.com\/pt-pt\/producto\/tree\/","og_locale":"pt_PT","og_type":"article","og_title":"TREE - Descatalogados - Arteconfort","og_description":"Adicione um toque de cor \u00e0 sua casa com esta luz de n\u00e9on em forma de pinheiro, perfeita para adicionar cor e originalidade a qualquer divis\u00e3o da sua casa. Pode decidir se prefere pendur\u00e1-lo ou col\u00e1-lo \u00e0 parede com o adesivo 3M inclu\u00eddo. Ref. TREEVE115Para o ter sempre prontoPode col\u00e1-lo na parede ou pendur\u00e1-loEncontre esta l\u00e2mpada LED de n\u00e9on para venda exclusivamente na LEROY MERLIN","og_url":"https:\/\/arteconfort.com\/pt-pt\/producto\/tree\/","og_site_name":"Arteconfort","article_modified_time":"2022-03-11T08:24:08+00:00","og_image":[{"width":1024,"height":1024,"url":"https:\/\/arteconfort.com\/wp-content\/uploads\/2023\/10\/TREE-luz-1.webp","type":"image\/webp"}],"twitter_card":"summary_large_image","twitter_misc":{"Tempo estimado de leitura":"1 minuto"},"schema":{"@context":"https:\/\/schema.org","@graph":[{"@type":"WebPage","@id":"https:\/\/arteconfort.com\/pt-pt\/producto\/tree\/","url":"https:\/\/arteconfort.com\/pt-pt\/producto\/tree\/","name":"TREE - Descatalogados - Arteconfort","isPartOf":{"@id":"https:\/\/arteconfort.com\/pt-pt\/#website"},"primaryImageOfPage":{"@id":"https:\/\/arteconfort.com\/pt-pt\/producto\/tree\/#primaryimage"},"image":{"@id":"https:\/\/arteconfort.com\/pt-pt\/producto\/tree\/#primaryimage"},"thumbnailUrl":"https:\/\/arteconfort.com\/wp-content\/uploads\/2023\/10\/TREE-luz-1.webp","datePublished":"2020-01-23T16:34:50+00:00","dateModified":"2022-03-11T08:24:08+00:00","description":"Adicione um toque de cor \u00e0 sua casa com esta luz de n\u00e9on em forma de pinheiro, perfeita para adicionar cor e originalidade a qualquer divis\u00e3o da sua casa. Pode decidir se prefere pendur\u00e1-lo ou col\u00e1-lo \u00e0 parede com o adesivo 3M inclu\u00eddo. Ref. TREEVE115Para o ter sempre prontoPode col\u00e1-lo na parede ou pendur\u00e1-loEncontre esta l\u00e2mpada LED de n\u00e9on para venda exclusivamente na LEROY MERLIN","breadcrumb":{"@id":"https:\/\/arteconfort.com\/pt-pt\/producto\/tree\/#breadcrumb"},"inLanguage":"pt-PT","potentialAction":[{"@type":"ReadAction","target":["https:\/\/arteconfort.com\/pt-pt\/producto\/tree\/"]}]},{"@type":"ImageObject","inLanguage":"pt-PT","@id":"https:\/\/arteconfort.com\/pt-pt\/producto\/tree\/#primaryimage","url":"https:\/\/arteconfort.com\/wp-content\/uploads\/2023\/10\/TREE-luz-1.webp","contentUrl":"https:\/\/arteconfort.com\/wp-content\/uploads\/2023\/10\/TREE-luz-1.webp","width":1024,"height":1024},{"@type":"BreadcrumbList","@id":"https:\/\/arteconfort.com\/pt-pt\/producto\/tree\/#breadcrumb","itemListElement":[{"@type":"ListItem","position":1,"name":"Inicio","item":"https:\/\/arteconfort.com\/pt-pt\/"},{"@type":"ListItem","position":2,"name":"Tienda","item":"https:\/\/arteconfort.com\/pt-pt\/tienda-2\/"},{"@type":"ListItem","position":3,"name":"TREE"}]},{"@type":"WebSite","@id":"https:\/\/arteconfort.com\/pt-pt\/#website","url":"https:\/\/arteconfort.com\/pt-pt\/","name":"Arteconfort","description":"Especialistas en productos del hogar","publisher":{"@id":"https:\/\/arteconfort.com\/pt-pt\/#organization"},"potentialAction":[{"@type":"SearchAction","target":{"@type":"EntryPoint","urlTemplate":"https:\/\/arteconfort.com\/pt-pt\/?s={search_term_string}"},"query-input":{"@type":"PropertyValueSpecification","valueRequired":true,"valueName":"search_term_string"}}],"inLanguage":"pt-PT"},{"@type":"Organization","@id":"https:\/\/arteconfort.com\/pt-pt\/#organization","name":"Arteconfort","url":"https:\/\/arteconfort.com\/pt-pt\/","logo":{"@type":"ImageObject","inLanguage":"pt-PT","@id":"https:\/\/arteconfort.com\/pt-pt\/#\/schema\/logo\/image\/","url":"https:\/\/arteconfort.com\/wp-content\/uploads\/2019\/07\/logo-arteconfort.png","contentUrl":"https:\/\/arteconfort.com\/wp-content\/uploads\/2019\/07\/logo-arteconfort.png","width":230,"height":88,"caption":"Arteconfort"},"image":{"@id":"https:\/\/arteconfort.com\/pt-pt\/#\/schema\/logo\/image\/"}}]}},"_links":{"self":[{"href":"https:\/\/arteconfort.com\/pt-pt\/wp-json\/wp\/v2\/product\/11556","targetHints":{"allow":["GET"]}}],"collection":[{"href":"https:\/\/arteconfort.com\/pt-pt\/wp-json\/wp\/v2\/product"}],"about":[{"href":"https:\/\/arteconfort.com\/pt-pt\/wp-json\/wp\/v2\/types\/product"}],"wp:featuredmedia":[{"embeddable":true,"href":"https:\/\/arteconfort.com\/pt-pt\/wp-json\/wp\/v2\/media\/36278"}],"wp:attachment":[{"href":"https:\/\/arteconfort.com\/pt-pt\/wp-json\/wp\/v2\/media?parent=11556"}],"wp:term":[{"taxonomy":"product_brand","embeddable":true,"href":"https:\/\/arteconfort.com\/pt-pt\/wp-json\/wp\/v2\/product_brand?post=11556"},{"taxonomy":"product_cat","embeddable":true,"href":"https:\/\/arteconfort.com\/pt-pt\/wp-json\/wp\/v2\/product_cat?post=11556"},{"taxonomy":"product_tag","embeddable":true,"href":"https:\/\/arteconfort.com\/pt-pt\/wp-json\/wp\/v2\/product_tag?post=11556"}],"curies":[{"name":"wp","href":"https:\/\/api.w.org\/{rel}","templated":true}]}}