{"id":11566,"date":"2020-12-15T09:14:46","date_gmt":"2020-12-15T08:14:46","guid":{"rendered":"https:\/\/arteconfort.com\/producto\/sem%20categoria\/blake\/"},"modified":"2022-03-10T11:43:03","modified_gmt":"2022-03-10T10:43:03","slug":"blake","status":"publish","type":"product","link":"https:\/\/arteconfort.com\/pt-pt\/producto\/blake\/","title":{"rendered":"BLAKE"},"content":{"rendered":"<div class=\"wpb-content-wrapper\"><p>[vc_row][vc_column width=&#8221;1\/2&#8243;][vc_accordion collapsible=&#8221;true&#8221; active_tab=&#8221;false&#8221;][vc_accordion_tab title=&#8221;Caracter\u00edsticas mec\u00e2nicas&#8221;][vc_column_text]<strong>Dimens\u00f5es<\/strong> 42x50cm<br \/>\n<strong>Material<\/strong> Metal<br \/>\n<b>Terminar <\/b>Preto<br \/>\n<strong>IP<\/strong> 20<br \/>\n<strong>Garantia<\/strong> 2 anos[\/vc_column_text][\/vc_accordion_tab][vc_accordion_tab title=&#8221;Caracter\u00edsticas el\u00e9ctricas&#8221;][vc_column_text]<strong>Energia<\/strong> M\u00e1x. 40W (l\u00e2mpada n\u00e3o inclu\u00edda)<br \/>\n<strong>Fornecimento de energia <\/strong>220-240Vac<br \/>\n<strong>Frequ\u00eancia<\/strong> 50Hz<br \/>\n<strong>Casquilho<\/strong> E14[\/vc_column_text][\/vc_accordion_tab][\/vc_accordion][\/vc_column][vc_column width=&#8221;1\/2&#8243;][vc_single_image image=&#8221;8516&#8243;][\/vc_column][\/vc_row]<\/p>\n<\/div>","protected":false},"excerpt":{"rendered":"<p>Candeeiro de mesa original com dois abajures concebidos para decorar qualquer espa\u00e7o da casa com eleg\u00e2ncia e personalidade. Tanto o corpo como os dois abajures s\u00e3o feitos inteiramente de metal, resistentes e dur\u00e1veis, permitindo trazer um toque moderno e industrial \u00e0 sala. Esta l\u00e2mpada \u00e9 apenas para uso interior, o complemento ideal para quartos, corredores ou salas de estar.<br \/>\n<strong>Ref. BLAKENG113<\/strong>[vc_row][vc_column offset=&#8221;vc_hidden-xs&#8221;][vc_empty_space height=&#8221;30px&#8221;][\/vc_column][\/vc_row][vc_row][vc_column][vc_row_inner][vc_column_inner][wyde_info_box icon_set=&#8221;simple_line&#8221; icon_simple_line=&#8221;sl-wrench&#8221; icon_position=&#8221;left&#8221; title=&#8221;F\u00c1CIL MONTAGEM E LIMPEZA&#8221;]Manuten\u00e7\u00e3o com menos esfor\u00e7o[\/wyde_info_box][vc_empty_space height=&#8221;15px&#8221;][\/vc_column_inner][\/vc_row_inner][\/vc_column][\/vc_row][vc_row][vc_column offset=&#8221;vc_hidden-xs&#8221;][vc_empty_space height=&#8221;60px&#8221;][\/vc_column][\/vc_row][vc_row][vc_column width=&#8221;1\/3&#8243;][wyde_link_button icon_set=&#8221;simple_line&#8221; icon_simple_line=&#8221;sl-settings&#8221; style=&#8221;round&#8221; title=&#8221;Instru\u00e7\u00f5es&#8221; link=&#8221;url:https%3A%2F%2Farteconfort.com%2Fwp-content%2Fuploads%2F2020%2F12%2Fim-BLAKE.pdf||target:%20_blank|rel:nofollow&#8221; color=&#8221;#ffffff&#8221; bg_color=&#8221;#222222&#8243;][\/vc_column][\/vc_row][vc_row][vc_column offset=&#8221;vc_hidden-xs&#8221;][vc_empty_space][\/vc_column][\/vc_row][vc_row][vc_column][vc_empty_space height=&#8221;20px&#8221;][\/vc_column][\/vc_row]<\/p>\n","protected":false},"featured_media":35128,"template":"","meta":[],"product_brand":[],"product_cat":[407],"product_tag":[],"class_list":{"0":"post-11566","1":"product","2":"type-product","3":"status-publish","4":"has-post-thumbnail","6":"product_cat-descatalogados-pt-pt","8":"first","9":"instock","10":"shipping-taxable","11":"product-type-external"},"yoast_head":"<!-- This site is optimized with the Yoast SEO plugin v26.5 - https:\/\/yoast.com\/wordpress\/plugins\/seo\/ -->\n<title>BLAKE - Descatalogados - Arteconfort<\/title>\n<meta name=\"description\" content=\"Candeeiro de mesa original com dois abajures concebidos para decorar qualquer espa\u00e7o da casa com eleg\u00e2ncia e personalidade. Tanto o corpo como os dois abajures s\u00e3o feitos inteiramente de metal, resistentes e dur\u00e1veis, permitindo trazer um toque moderno e industrial \u00e0 sala. Esta l\u00e2mpada \u00e9 apenas para uso interior, o complemento ideal para quartos, corredores ou salas de estar. Ref. BLAKENG113Manuten\u00e7\u00e3o com menos esfor\u00e7o\" \/>\n<meta name=\"robots\" content=\"index, follow, max-snippet:-1, max-image-preview:large, max-video-preview:-1\" \/>\n<link rel=\"canonical\" href=\"https:\/\/arteconfort.com\/pt-pt\/producto\/blake\/\" \/>\n<meta property=\"og:locale\" content=\"pt_PT\" \/>\n<meta property=\"og:type\" content=\"article\" \/>\n<meta property=\"og:title\" content=\"BLAKE - Descatalogados - Arteconfort\" \/>\n<meta property=\"og:description\" content=\"Candeeiro de mesa original com dois abajures concebidos para decorar qualquer espa\u00e7o da casa com eleg\u00e2ncia e personalidade. Tanto o corpo como os dois abajures s\u00e3o feitos inteiramente de metal, resistentes e dur\u00e1veis, permitindo trazer um toque moderno e industrial \u00e0 sala. Esta l\u00e2mpada \u00e9 apenas para uso interior, o complemento ideal para quartos, corredores ou salas de estar. Ref. BLAKENG113Manuten\u00e7\u00e3o com menos esfor\u00e7o\" \/>\n<meta property=\"og:url\" content=\"https:\/\/arteconfort.com\/pt-pt\/producto\/blake\/\" \/>\n<meta property=\"og:site_name\" content=\"Arteconfort\" \/>\n<meta property=\"article:modified_time\" content=\"2022-03-10T10:43:03+00:00\" \/>\n<meta property=\"og:image\" content=\"https:\/\/arteconfort.com\/wp-content\/uploads\/2023\/10\/LAMPARA-BLAKE-1.webp\" \/>\n\t<meta property=\"og:image:width\" content=\"1024\" \/>\n\t<meta property=\"og:image:height\" content=\"1024\" \/>\n\t<meta property=\"og:image:type\" content=\"image\/webp\" \/>\n<meta name=\"twitter:card\" content=\"summary_large_image\" \/>\n<!-- \/ Yoast SEO plugin. -->","yoast_head_json":{"title":"BLAKE - Descatalogados - Arteconfort","description":"Candeeiro de mesa original com dois abajures concebidos para decorar qualquer espa\u00e7o da casa com eleg\u00e2ncia e personalidade. Tanto o corpo como os dois abajures s\u00e3o feitos inteiramente de metal, resistentes e dur\u00e1veis, permitindo trazer um toque moderno e industrial \u00e0 sala. Esta l\u00e2mpada \u00e9 apenas para uso interior, o complemento ideal para quartos, corredores ou salas de estar. Ref. BLAKENG113Manuten\u00e7\u00e3o com menos esfor\u00e7o","robots":{"index":"index","follow":"follow","max-snippet":"max-snippet:-1","max-image-preview":"max-image-preview:large","max-video-preview":"max-video-preview:-1"},"canonical":"https:\/\/arteconfort.com\/pt-pt\/producto\/blake\/","og_locale":"pt_PT","og_type":"article","og_title":"BLAKE - Descatalogados - Arteconfort","og_description":"Candeeiro de mesa original com dois abajures concebidos para decorar qualquer espa\u00e7o da casa com eleg\u00e2ncia e personalidade. Tanto o corpo como os dois abajures s\u00e3o feitos inteiramente de metal, resistentes e dur\u00e1veis, permitindo trazer um toque moderno e industrial \u00e0 sala. Esta l\u00e2mpada \u00e9 apenas para uso interior, o complemento ideal para quartos, corredores ou salas de estar. Ref. BLAKENG113Manuten\u00e7\u00e3o com menos esfor\u00e7o","og_url":"https:\/\/arteconfort.com\/pt-pt\/producto\/blake\/","og_site_name":"Arteconfort","article_modified_time":"2022-03-10T10:43:03+00:00","og_image":[{"width":1024,"height":1024,"url":"https:\/\/arteconfort.com\/wp-content\/uploads\/2023\/10\/LAMPARA-BLAKE-1.webp","type":"image\/webp"}],"twitter_card":"summary_large_image","schema":{"@context":"https:\/\/schema.org","@graph":[{"@type":"WebPage","@id":"https:\/\/arteconfort.com\/pt-pt\/producto\/blake\/","url":"https:\/\/arteconfort.com\/pt-pt\/producto\/blake\/","name":"BLAKE - Descatalogados - Arteconfort","isPartOf":{"@id":"https:\/\/arteconfort.com\/pt-pt\/#website"},"primaryImageOfPage":{"@id":"https:\/\/arteconfort.com\/pt-pt\/producto\/blake\/#primaryimage"},"image":{"@id":"https:\/\/arteconfort.com\/pt-pt\/producto\/blake\/#primaryimage"},"thumbnailUrl":"https:\/\/arteconfort.com\/wp-content\/uploads\/2023\/10\/LAMPARA-BLAKE-1.webp","datePublished":"2020-12-15T08:14:46+00:00","dateModified":"2022-03-10T10:43:03+00:00","description":"Candeeiro de mesa original com dois abajures concebidos para decorar qualquer espa\u00e7o da casa com eleg\u00e2ncia e personalidade. Tanto o corpo como os dois abajures s\u00e3o feitos inteiramente de metal, resistentes e dur\u00e1veis, permitindo trazer um toque moderno e industrial \u00e0 sala. Esta l\u00e2mpada \u00e9 apenas para uso interior, o complemento ideal para quartos, corredores ou salas de estar. Ref. BLAKENG113Manuten\u00e7\u00e3o com menos esfor\u00e7o","breadcrumb":{"@id":"https:\/\/arteconfort.com\/pt-pt\/producto\/blake\/#breadcrumb"},"inLanguage":"pt-PT","potentialAction":[{"@type":"ReadAction","target":["https:\/\/arteconfort.com\/pt-pt\/producto\/blake\/"]}]},{"@type":"ImageObject","inLanguage":"pt-PT","@id":"https:\/\/arteconfort.com\/pt-pt\/producto\/blake\/#primaryimage","url":"https:\/\/arteconfort.com\/wp-content\/uploads\/2023\/10\/LAMPARA-BLAKE-1.webp","contentUrl":"https:\/\/arteconfort.com\/wp-content\/uploads\/2023\/10\/LAMPARA-BLAKE-1.webp","width":1024,"height":1024},{"@type":"BreadcrumbList","@id":"https:\/\/arteconfort.com\/pt-pt\/producto\/blake\/#breadcrumb","itemListElement":[{"@type":"ListItem","position":1,"name":"Inicio","item":"https:\/\/arteconfort.com\/pt-pt\/"},{"@type":"ListItem","position":2,"name":"Tienda","item":"https:\/\/arteconfort.com\/pt-pt\/tienda-2\/"},{"@type":"ListItem","position":3,"name":"BLAKE"}]},{"@type":"WebSite","@id":"https:\/\/arteconfort.com\/pt-pt\/#website","url":"https:\/\/arteconfort.com\/pt-pt\/","name":"Arteconfort","description":"Especialistas en productos del hogar","publisher":{"@id":"https:\/\/arteconfort.com\/pt-pt\/#organization"},"potentialAction":[{"@type":"SearchAction","target":{"@type":"EntryPoint","urlTemplate":"https:\/\/arteconfort.com\/pt-pt\/?s={search_term_string}"},"query-input":{"@type":"PropertyValueSpecification","valueRequired":true,"valueName":"search_term_string"}}],"inLanguage":"pt-PT"},{"@type":"Organization","@id":"https:\/\/arteconfort.com\/pt-pt\/#organization","name":"Arteconfort","url":"https:\/\/arteconfort.com\/pt-pt\/","logo":{"@type":"ImageObject","inLanguage":"pt-PT","@id":"https:\/\/arteconfort.com\/pt-pt\/#\/schema\/logo\/image\/","url":"https:\/\/arteconfort.com\/wp-content\/uploads\/2019\/07\/logo-arteconfort.png","contentUrl":"https:\/\/arteconfort.com\/wp-content\/uploads\/2019\/07\/logo-arteconfort.png","width":230,"height":88,"caption":"Arteconfort"},"image":{"@id":"https:\/\/arteconfort.com\/pt-pt\/#\/schema\/logo\/image\/"}}]}},"_links":{"self":[{"href":"https:\/\/arteconfort.com\/pt-pt\/wp-json\/wp\/v2\/product\/11566","targetHints":{"allow":["GET"]}}],"collection":[{"href":"https:\/\/arteconfort.com\/pt-pt\/wp-json\/wp\/v2\/product"}],"about":[{"href":"https:\/\/arteconfort.com\/pt-pt\/wp-json\/wp\/v2\/types\/product"}],"wp:featuredmedia":[{"embeddable":true,"href":"https:\/\/arteconfort.com\/pt-pt\/wp-json\/wp\/v2\/media\/35128"}],"wp:attachment":[{"href":"https:\/\/arteconfort.com\/pt-pt\/wp-json\/wp\/v2\/media?parent=11566"}],"wp:term":[{"taxonomy":"product_brand","embeddable":true,"href":"https:\/\/arteconfort.com\/pt-pt\/wp-json\/wp\/v2\/product_brand?post=11566"},{"taxonomy":"product_cat","embeddable":true,"href":"https:\/\/arteconfort.com\/pt-pt\/wp-json\/wp\/v2\/product_cat?post=11566"},{"taxonomy":"product_tag","embeddable":true,"href":"https:\/\/arteconfort.com\/pt-pt\/wp-json\/wp\/v2\/product_tag?post=11566"}],"curies":[{"name":"wp","href":"https:\/\/api.w.org\/{rel}","templated":true}]}}