{"id":11578,"date":"2020-12-15T10:47:38","date_gmt":"2020-12-15T09:47:38","guid":{"rendered":"https:\/\/arteconfort.com\/producto\/sem%20categoria\/gary\/"},"modified":"2022-03-10T15:33:03","modified_gmt":"2022-03-10T14:33:03","slug":"gary","status":"publish","type":"product","link":"https:\/\/arteconfort.com\/pt-pt\/producto\/gary\/","title":{"rendered":"GARY"},"content":{"rendered":"<div class=\"wpb-content-wrapper\"><p>[vc_row][vc_column width=&#8221;1\/2&#8243;][vc_accordion collapsible=&#8221;true&#8221; active_tab=&#8221;false&#8221;][vc_accordion_tab title=&#8221;Caracter\u00edsticas mec\u00e2nicas&#8221;][vc_column_text]<strong>Dimens\u00f5es<\/strong> 26x42cm<br \/>\n<strong>Material<\/strong> Cer\u00e2mica e tecido<br \/>\n<b>Terminar <\/b>Branco<br \/>\n<strong>IP<\/strong> 20<br \/>\n<strong>Garantia<\/strong> 2 anos[\/vc_column_text][\/vc_accordion_tab][vc_accordion_tab title=&#8221;Caracter\u00edsticas el\u00e9ctricas&#8221;][vc_column_text]<b>Energia <\/b>M\u00e1x. 60W (L\u00e2mpada n\u00e3o inclu\u00edda)<br \/>\n<strong>Fornecimento de energia\u00a0 <\/strong>220-240Vac<br \/>\n<strong>Frequ\u00eancia<\/strong> 50Hz<br \/>\n<strong>Casquilho<\/strong> E27[\/vc_column_text][\/vc_accordion_tab][\/vc_accordion][\/vc_column][vc_column width=&#8221;1\/2&#8243;][vc_single_image image=&#8221;8528&#8243;][\/vc_column][\/vc_row]<\/p>\n<\/div>","protected":false},"excerpt":{"rendered":"<p>A l\u00e2mpada GARY \u00e9 a representa\u00e7\u00e3o perfeita da sofistica\u00e7\u00e3o e da subtileza. Com um corpo de cer\u00e2mica e sombra de tecido, esta l\u00e2mpada \u00e9 perfeita para trazer luz, espa\u00e7o e calor \u00e0 sala de estar ou a qualquer divis\u00e3o da casa. Um complemento vers\u00e1til que se adapta a qualquer estilo decorativo.<br \/>\n<strong>Ref. GARYBL113<\/strong>[vc_row][vc_column offset=&#8221;vc_hidden-xs&#8221;][vc_empty_space height=&#8221;30px&#8221;][\/vc_column][\/vc_row][vc_row][vc_column][vc_row_inner][vc_column_inner][wyde_info_box icon_set=&#8221;simple_line&#8221; icon_simple_line=&#8221;sl-wrench&#8221; icon_position=&#8221;left&#8221; title=&#8221;F\u00c1CIL MONTAGEM E LIMPEZA&#8221;]Manuten\u00e7\u00e3o com menos esfor\u00e7o[\/wyde_info_box][vc_empty_space height=&#8221;15px&#8221;][\/vc_column_inner][\/vc_row_inner][\/vc_column][\/vc_row][vc_row][vc_column offset=&#8221;vc_hidden-xs&#8221;][vc_empty_space height=&#8221;60px&#8221;][\/vc_column][\/vc_row][vc_row][vc_column width=&#8221;1\/3&#8243;][wyde_link_button icon_set=&#8221;simple_line&#8221; icon_simple_line=&#8221;sl-settings&#8221; style=&#8221;round&#8221; title=&#8221;Instru\u00e7\u00f5es&#8221; link=&#8221;url:https%3A%2F%2Farteconfort.com%2Fwp-content%2Fuploads%2F2020%2F12%2Fim-GARY.pdf||target:%20_blank|rel:nofollow&#8221; color=&#8221;#ffffff&#8221; bg_color=&#8221;#222222&#8243;][\/vc_column][\/vc_row][vc_row][vc_column offset=&#8221;vc_hidden-xs&#8221;][vc_empty_space][\/vc_column][\/vc_row][vc_row][vc_column][vc_empty_space height=&#8221;20px&#8221;][\/vc_column][\/vc_row]<\/p>\n","protected":false},"featured_media":35173,"template":"","meta":[],"product_brand":[],"product_cat":[407],"product_tag":[],"class_list":{"0":"post-11578","1":"product","2":"type-product","3":"status-publish","4":"has-post-thumbnail","6":"product_cat-descatalogados-pt-pt","8":"first","9":"instock","10":"shipping-taxable","11":"product-type-external"},"yoast_head":"<!-- This site is optimized with the Yoast SEO plugin v26.5 - https:\/\/yoast.com\/wordpress\/plugins\/seo\/ -->\n<title>GARY - Descatalogados - Arteconfort<\/title>\n<meta name=\"description\" content=\"A l\u00e2mpada GARY \u00e9 a representa\u00e7\u00e3o perfeita da sofistica\u00e7\u00e3o e da subtileza. Com um corpo de cer\u00e2mica e sombra de tecido, esta l\u00e2mpada \u00e9 perfeita para trazer luz, espa\u00e7o e calor \u00e0 sala de estar ou a qualquer divis\u00e3o da casa. Um complemento vers\u00e1til que se adapta a qualquer estilo decorativo. Ref. GARYBL113Manuten\u00e7\u00e3o com menos esfor\u00e7o\" \/>\n<meta name=\"robots\" content=\"index, follow, max-snippet:-1, max-image-preview:large, max-video-preview:-1\" \/>\n<link rel=\"canonical\" href=\"https:\/\/arteconfort.com\/pt-pt\/producto\/gary\/\" \/>\n<meta property=\"og:locale\" content=\"pt_PT\" \/>\n<meta property=\"og:type\" content=\"article\" \/>\n<meta property=\"og:title\" content=\"GARY - Descatalogados - Arteconfort\" \/>\n<meta property=\"og:description\" content=\"A l\u00e2mpada GARY \u00e9 a representa\u00e7\u00e3o perfeita da sofistica\u00e7\u00e3o e da subtileza. Com um corpo de cer\u00e2mica e sombra de tecido, esta l\u00e2mpada \u00e9 perfeita para trazer luz, espa\u00e7o e calor \u00e0 sala de estar ou a qualquer divis\u00e3o da casa. Um complemento vers\u00e1til que se adapta a qualquer estilo decorativo. Ref. GARYBL113Manuten\u00e7\u00e3o com menos esfor\u00e7o\" \/>\n<meta property=\"og:url\" content=\"https:\/\/arteconfort.com\/pt-pt\/producto\/gary\/\" \/>\n<meta property=\"og:site_name\" content=\"Arteconfort\" \/>\n<meta property=\"article:modified_time\" content=\"2022-03-10T14:33:03+00:00\" \/>\n<meta property=\"og:image\" content=\"https:\/\/arteconfort.com\/wp-content\/uploads\/2023\/10\/LAMPARA-GARY-1.webp\" \/>\n\t<meta property=\"og:image:width\" content=\"1024\" \/>\n\t<meta property=\"og:image:height\" content=\"1024\" \/>\n\t<meta property=\"og:image:type\" content=\"image\/webp\" \/>\n<meta name=\"twitter:card\" content=\"summary_large_image\" \/>\n<!-- \/ Yoast SEO plugin. -->","yoast_head_json":{"title":"GARY - Descatalogados - Arteconfort","description":"A l\u00e2mpada GARY \u00e9 a representa\u00e7\u00e3o perfeita da sofistica\u00e7\u00e3o e da subtileza. Com um corpo de cer\u00e2mica e sombra de tecido, esta l\u00e2mpada \u00e9 perfeita para trazer luz, espa\u00e7o e calor \u00e0 sala de estar ou a qualquer divis\u00e3o da casa. Um complemento vers\u00e1til que se adapta a qualquer estilo decorativo. Ref. GARYBL113Manuten\u00e7\u00e3o com menos esfor\u00e7o","robots":{"index":"index","follow":"follow","max-snippet":"max-snippet:-1","max-image-preview":"max-image-preview:large","max-video-preview":"max-video-preview:-1"},"canonical":"https:\/\/arteconfort.com\/pt-pt\/producto\/gary\/","og_locale":"pt_PT","og_type":"article","og_title":"GARY - Descatalogados - Arteconfort","og_description":"A l\u00e2mpada GARY \u00e9 a representa\u00e7\u00e3o perfeita da sofistica\u00e7\u00e3o e da subtileza. Com um corpo de cer\u00e2mica e sombra de tecido, esta l\u00e2mpada \u00e9 perfeita para trazer luz, espa\u00e7o e calor \u00e0 sala de estar ou a qualquer divis\u00e3o da casa. Um complemento vers\u00e1til que se adapta a qualquer estilo decorativo. Ref. GARYBL113Manuten\u00e7\u00e3o com menos esfor\u00e7o","og_url":"https:\/\/arteconfort.com\/pt-pt\/producto\/gary\/","og_site_name":"Arteconfort","article_modified_time":"2022-03-10T14:33:03+00:00","og_image":[{"width":1024,"height":1024,"url":"https:\/\/arteconfort.com\/wp-content\/uploads\/2023\/10\/LAMPARA-GARY-1.webp","type":"image\/webp"}],"twitter_card":"summary_large_image","schema":{"@context":"https:\/\/schema.org","@graph":[{"@type":"WebPage","@id":"https:\/\/arteconfort.com\/pt-pt\/producto\/gary\/","url":"https:\/\/arteconfort.com\/pt-pt\/producto\/gary\/","name":"GARY - Descatalogados - Arteconfort","isPartOf":{"@id":"https:\/\/arteconfort.com\/pt-pt\/#website"},"primaryImageOfPage":{"@id":"https:\/\/arteconfort.com\/pt-pt\/producto\/gary\/#primaryimage"},"image":{"@id":"https:\/\/arteconfort.com\/pt-pt\/producto\/gary\/#primaryimage"},"thumbnailUrl":"https:\/\/arteconfort.com\/wp-content\/uploads\/2023\/10\/LAMPARA-GARY-1.webp","datePublished":"2020-12-15T09:47:38+00:00","dateModified":"2022-03-10T14:33:03+00:00","description":"A l\u00e2mpada GARY \u00e9 a representa\u00e7\u00e3o perfeita da sofistica\u00e7\u00e3o e da subtileza. Com um corpo de cer\u00e2mica e sombra de tecido, esta l\u00e2mpada \u00e9 perfeita para trazer luz, espa\u00e7o e calor \u00e0 sala de estar ou a qualquer divis\u00e3o da casa. Um complemento vers\u00e1til que se adapta a qualquer estilo decorativo. Ref. GARYBL113Manuten\u00e7\u00e3o com menos esfor\u00e7o","breadcrumb":{"@id":"https:\/\/arteconfort.com\/pt-pt\/producto\/gary\/#breadcrumb"},"inLanguage":"pt-PT","potentialAction":[{"@type":"ReadAction","target":["https:\/\/arteconfort.com\/pt-pt\/producto\/gary\/"]}]},{"@type":"ImageObject","inLanguage":"pt-PT","@id":"https:\/\/arteconfort.com\/pt-pt\/producto\/gary\/#primaryimage","url":"https:\/\/arteconfort.com\/wp-content\/uploads\/2023\/10\/LAMPARA-GARY-1.webp","contentUrl":"https:\/\/arteconfort.com\/wp-content\/uploads\/2023\/10\/LAMPARA-GARY-1.webp","width":1024,"height":1024},{"@type":"BreadcrumbList","@id":"https:\/\/arteconfort.com\/pt-pt\/producto\/gary\/#breadcrumb","itemListElement":[{"@type":"ListItem","position":1,"name":"Inicio","item":"https:\/\/arteconfort.com\/pt-pt\/"},{"@type":"ListItem","position":2,"name":"Tienda","item":"https:\/\/arteconfort.com\/pt-pt\/tienda-2\/"},{"@type":"ListItem","position":3,"name":"GARY"}]},{"@type":"WebSite","@id":"https:\/\/arteconfort.com\/pt-pt\/#website","url":"https:\/\/arteconfort.com\/pt-pt\/","name":"Arteconfort","description":"Especialistas en productos del hogar","publisher":{"@id":"https:\/\/arteconfort.com\/pt-pt\/#organization"},"potentialAction":[{"@type":"SearchAction","target":{"@type":"EntryPoint","urlTemplate":"https:\/\/arteconfort.com\/pt-pt\/?s={search_term_string}"},"query-input":{"@type":"PropertyValueSpecification","valueRequired":true,"valueName":"search_term_string"}}],"inLanguage":"pt-PT"},{"@type":"Organization","@id":"https:\/\/arteconfort.com\/pt-pt\/#organization","name":"Arteconfort","url":"https:\/\/arteconfort.com\/pt-pt\/","logo":{"@type":"ImageObject","inLanguage":"pt-PT","@id":"https:\/\/arteconfort.com\/pt-pt\/#\/schema\/logo\/image\/","url":"https:\/\/arteconfort.com\/wp-content\/uploads\/2019\/07\/logo-arteconfort.png","contentUrl":"https:\/\/arteconfort.com\/wp-content\/uploads\/2019\/07\/logo-arteconfort.png","width":230,"height":88,"caption":"Arteconfort"},"image":{"@id":"https:\/\/arteconfort.com\/pt-pt\/#\/schema\/logo\/image\/"}}]}},"_links":{"self":[{"href":"https:\/\/arteconfort.com\/pt-pt\/wp-json\/wp\/v2\/product\/11578","targetHints":{"allow":["GET"]}}],"collection":[{"href":"https:\/\/arteconfort.com\/pt-pt\/wp-json\/wp\/v2\/product"}],"about":[{"href":"https:\/\/arteconfort.com\/pt-pt\/wp-json\/wp\/v2\/types\/product"}],"wp:featuredmedia":[{"embeddable":true,"href":"https:\/\/arteconfort.com\/pt-pt\/wp-json\/wp\/v2\/media\/35173"}],"wp:attachment":[{"href":"https:\/\/arteconfort.com\/pt-pt\/wp-json\/wp\/v2\/media?parent=11578"}],"wp:term":[{"taxonomy":"product_brand","embeddable":true,"href":"https:\/\/arteconfort.com\/pt-pt\/wp-json\/wp\/v2\/product_brand?post=11578"},{"taxonomy":"product_cat","embeddable":true,"href":"https:\/\/arteconfort.com\/pt-pt\/wp-json\/wp\/v2\/product_cat?post=11578"},{"taxonomy":"product_tag","embeddable":true,"href":"https:\/\/arteconfort.com\/pt-pt\/wp-json\/wp\/v2\/product_tag?post=11578"}],"curies":[{"name":"wp","href":"https:\/\/api.w.org\/{rel}","templated":true}]}}