{"id":11597,"date":"2019-08-27T10:19:55","date_gmt":"2019-08-27T08:19:55","guid":{"rendered":"https:\/\/arteconfort.com\/producto\/sem%20categoria\/teseo\/"},"modified":"2022-03-17T08:47:17","modified_gmt":"2022-03-17T07:47:17","slug":"teseo","status":"publish","type":"product","link":"https:\/\/arteconfort.com\/pt-pt\/producto\/teseo\/","title":{"rendered":"TESEO"},"content":{"rendered":"<div class=\"wpb-content-wrapper\"><p>[vc_row][vc_column width=&#8221;1\/2&#8243;][vc_accordion collapsible=&#8221;true&#8221; active_tab=&#8221;false&#8221;][vc_accordion_tab title=&#8221;Caracter\u00edsticas gerais&#8221;][vc_column_text]<strong>Dimens\u00f5es<\/strong> 140x345x320mm<br \/>\n<b>Terminar <\/b>Preto\/Branco e prata<br \/>\n<strong>IP<\/strong> 20<br \/>\n<strong>Garantia<\/strong> 2 anos[\/vc_column_text][\/vc_accordion_tab][vc_accordion_tab title=&#8221;Caracter\u00edsticas \u00f3pticas&#8221;][vc_column_text]<strong>Dura\u00e7\u00e3o\u00a0<\/strong>25.000h<br \/>\n<strong>IRC<\/strong> &gt;80<br \/>\n<strong>\u00c2ngulo de abertura <\/strong>120\u00ba<br \/>\n<strong>Adequado para acentua\u00e7\u00e3o <\/strong>N\u00e3o<br \/>\n<strong>CCT<\/strong> 5000K<br \/>\n<strong>Fluxo lum\u00ednico<\/strong> 385lm[\/vc_column_text][\/vc_accordion_tab][vc_accordion_tab title=&#8221;Caracter\u00edsticas el\u00e9ctricas&#8221;][vc_column_text]<b>Energia <\/b>7W<br \/>\n<strong>Fornecimento de energia <\/strong>220-240Vac<br \/>\n<strong>Frequ\u00eancia<\/strong> 50\/60Hz<br \/>\n<strong>Regul\u00e1vel<\/strong> Sim (3 n\u00edveis)<br \/>\n<strong>N\u00ba de igni\u00e7\u00f5es <\/strong>10.000<br \/>\n<strong>Tempo de liga\u00e7\u00e3o <\/strong>&lt;0,5s<br \/>\n<strong>Tempo de aquecimento <\/strong>&lt;2s[\/vc_column_text][\/vc_accordion_tab][\/vc_accordion][\/vc_column][vc_column width=&#8221;1\/2&#8243;][vc_single_image image=&#8221;6380&#8243;][\/vc_column][\/vc_row]<\/p>\n<\/div>","protected":false},"excerpt":{"rendered":"<p>Funcionalidade e eleg\u00e2ncia est\u00e3o unidas no design deste candeeiro de secret\u00e1ria com ilumina\u00e7\u00e3o LED, com temperatura ajust\u00e1vel em quatro intensidades e 5000K (luz branca). Complemento ideal para quartos, salas de estar e salas de jantar.<br \/>\n<strong>Ref. modelo negro 01FLTES-007T503D12NGR20D<\/strong><br \/>\n<strong>Ref. modelo blanco y plata 01FLTES-007T503D12BYP20D<\/strong>[vc_row][vc_column offset=&#8221;vc_hidden-xs&#8221;][vc_empty_space height=&#8221;30px&#8221;][\/vc_column][\/vc_row][vc_row][vc_column][vc_row_inner][vc_column_inner][wyde_info_box icon_set=&#8221;simple_line&#8221; icon_simple_line=&#8221;sl-equalizer&#8221; icon_position=&#8221;left&#8221; title=&#8221;3 N\u00cdVEIS DE REGULAMENTA\u00c7\u00c3O&#8221;]Escolha o n\u00edvel de ilumina\u00e7\u00e3o de que necessita[\/wyde_info_box][vc_empty_space height=&#8221;15px&#8221;][\/vc_column_inner][\/vc_row_inner][vc_row_inner][vc_column_inner][wyde_info_box icon_set=&#8221;simple_line&#8221; icon_simple_line=&#8221;sl-refresh&#8221; icon_position=&#8221;left&#8221; title=&#8221;CABE\u00c7A DE INCLINA\u00c7\u00c3O&#8221;]Ajusta a luz para uma melhor ilumina\u00e7\u00e3o[\/wyde_info_box][vc_empty_space height=&#8221;15px&#8221;][\/vc_column_inner][\/vc_row_inner][\/vc_column][\/vc_row][vc_row][vc_column offset=&#8221;vc_hidden-xs&#8221;][vc_empty_space height=&#8221;60px&#8221;][\/vc_column][\/vc_row][vc_row][vc_column width=&#8221;1\/3&#8243;][wyde_link_button icon_set=&#8221;simple_line&#8221; icon_simple_line=&#8221;sl-settings&#8221; style=&#8221;round&#8221; title=&#8221;Instru\u00e7\u00f5es&#8221; link=&#8221;url:http%3A%2F%2Farteconfort.com%2Fwp-content%2Fuploads%2F2019%2F10%2FINSTRUCCIONES_FLEXOS_ARTESOLAR_A6_ENG_ESP_TESEO.pdf||target:%20_blank|rel:nofollow&#8221; color=&#8221;#ffffff&#8221; bg_color=&#8221;#222222&#8243;][\/vc_column][\/vc_row][vc_row][vc_column offset=&#8221;vc_hidden-xs&#8221;][vc_empty_space][\/vc_column][\/vc_row]<\/p>\n","protected":false},"featured_media":35053,"template":"","meta":[],"product_brand":[],"product_cat":[407],"product_tag":[],"class_list":{"0":"post-11597","1":"product","2":"type-product","3":"status-publish","4":"has-post-thumbnail","6":"product_cat-descatalogados-pt-pt","8":"first","9":"instock","10":"shipping-taxable","11":"product-type-external"},"yoast_head":"<!-- This site is optimized with the Yoast SEO plugin v26.5 - https:\/\/yoast.com\/wordpress\/plugins\/seo\/ -->\n<title>TESEO - Descatalogados - Arteconfort<\/title>\n<meta name=\"description\" content=\"Funcionalidade e eleg\u00e2ncia est\u00e3o unidas no design deste candeeiro de secret\u00e1ria com ilumina\u00e7\u00e3o LED, com temperatura ajust\u00e1vel em quatro intensidades e 5000K (luz branca). Complemento ideal para quartos, salas de estar e salas de jantar. Ref. modelo negro 01FLTES-007T503D12NGR20D Ref. modelo blanco y plata 01FLTES-007T503D12BYP20DEscolha o n\u00edvel de ilumina\u00e7\u00e3o de que necessitaAjusta a luz para uma melhor ilumina\u00e7\u00e3o\" \/>\n<meta name=\"robots\" content=\"index, follow, max-snippet:-1, max-image-preview:large, max-video-preview:-1\" \/>\n<link rel=\"canonical\" href=\"https:\/\/arteconfort.com\/pt-pt\/producto\/teseo\/\" \/>\n<meta property=\"og:locale\" content=\"pt_PT\" \/>\n<meta property=\"og:type\" content=\"article\" \/>\n<meta property=\"og:title\" content=\"TESEO - Descatalogados - Arteconfort\" \/>\n<meta property=\"og:description\" content=\"Funcionalidade e eleg\u00e2ncia est\u00e3o unidas no design deste candeeiro de secret\u00e1ria com ilumina\u00e7\u00e3o LED, com temperatura ajust\u00e1vel em quatro intensidades e 5000K (luz branca). Complemento ideal para quartos, salas de estar e salas de jantar. Ref. modelo negro 01FLTES-007T503D12NGR20D Ref. modelo blanco y plata 01FLTES-007T503D12BYP20DEscolha o n\u00edvel de ilumina\u00e7\u00e3o de que necessitaAjusta a luz para uma melhor ilumina\u00e7\u00e3o\" \/>\n<meta property=\"og:url\" content=\"https:\/\/arteconfort.com\/pt-pt\/producto\/teseo\/\" \/>\n<meta property=\"og:site_name\" content=\"Arteconfort\" \/>\n<meta property=\"article:modified_time\" content=\"2022-03-17T07:47:17+00:00\" \/>\n<meta property=\"og:image\" content=\"https:\/\/arteconfort.com\/wp-content\/uploads\/2023\/10\/FLEXO-TESEO.webp\" \/>\n\t<meta property=\"og:image:width\" content=\"1024\" \/>\n\t<meta property=\"og:image:height\" content=\"1024\" \/>\n\t<meta property=\"og:image:type\" content=\"image\/webp\" \/>\n<meta name=\"twitter:card\" content=\"summary_large_image\" \/>\n<meta name=\"twitter:label1\" content=\"Tempo estimado de leitura\" \/>\n\t<meta name=\"twitter:data1\" content=\"1 minuto\" \/>\n<!-- \/ Yoast SEO plugin. -->","yoast_head_json":{"title":"TESEO - Descatalogados - Arteconfort","description":"Funcionalidade e eleg\u00e2ncia est\u00e3o unidas no design deste candeeiro de secret\u00e1ria com ilumina\u00e7\u00e3o LED, com temperatura ajust\u00e1vel em quatro intensidades e 5000K (luz branca). Complemento ideal para quartos, salas de estar e salas de jantar. Ref. modelo negro 01FLTES-007T503D12NGR20D Ref. modelo blanco y plata 01FLTES-007T503D12BYP20DEscolha o n\u00edvel de ilumina\u00e7\u00e3o de que necessitaAjusta a luz para uma melhor ilumina\u00e7\u00e3o","robots":{"index":"index","follow":"follow","max-snippet":"max-snippet:-1","max-image-preview":"max-image-preview:large","max-video-preview":"max-video-preview:-1"},"canonical":"https:\/\/arteconfort.com\/pt-pt\/producto\/teseo\/","og_locale":"pt_PT","og_type":"article","og_title":"TESEO - Descatalogados - Arteconfort","og_description":"Funcionalidade e eleg\u00e2ncia est\u00e3o unidas no design deste candeeiro de secret\u00e1ria com ilumina\u00e7\u00e3o LED, com temperatura ajust\u00e1vel em quatro intensidades e 5000K (luz branca). Complemento ideal para quartos, salas de estar e salas de jantar. Ref. modelo negro 01FLTES-007T503D12NGR20D Ref. modelo blanco y plata 01FLTES-007T503D12BYP20DEscolha o n\u00edvel de ilumina\u00e7\u00e3o de que necessitaAjusta a luz para uma melhor ilumina\u00e7\u00e3o","og_url":"https:\/\/arteconfort.com\/pt-pt\/producto\/teseo\/","og_site_name":"Arteconfort","article_modified_time":"2022-03-17T07:47:17+00:00","og_image":[{"width":1024,"height":1024,"url":"https:\/\/arteconfort.com\/wp-content\/uploads\/2023\/10\/FLEXO-TESEO.webp","type":"image\/webp"}],"twitter_card":"summary_large_image","twitter_misc":{"Tempo estimado de leitura":"1 minuto"},"schema":{"@context":"https:\/\/schema.org","@graph":[{"@type":"WebPage","@id":"https:\/\/arteconfort.com\/pt-pt\/producto\/teseo\/","url":"https:\/\/arteconfort.com\/pt-pt\/producto\/teseo\/","name":"TESEO - Descatalogados - Arteconfort","isPartOf":{"@id":"https:\/\/arteconfort.com\/pt-pt\/#website"},"primaryImageOfPage":{"@id":"https:\/\/arteconfort.com\/pt-pt\/producto\/teseo\/#primaryimage"},"image":{"@id":"https:\/\/arteconfort.com\/pt-pt\/producto\/teseo\/#primaryimage"},"thumbnailUrl":"https:\/\/arteconfort.com\/wp-content\/uploads\/2023\/10\/FLEXO-TESEO.webp","datePublished":"2019-08-27T08:19:55+00:00","dateModified":"2022-03-17T07:47:17+00:00","description":"Funcionalidade e eleg\u00e2ncia est\u00e3o unidas no design deste candeeiro de secret\u00e1ria com ilumina\u00e7\u00e3o LED, com temperatura ajust\u00e1vel em quatro intensidades e 5000K (luz branca). Complemento ideal para quartos, salas de estar e salas de jantar. Ref. modelo negro 01FLTES-007T503D12NGR20D Ref. modelo blanco y plata 01FLTES-007T503D12BYP20DEscolha o n\u00edvel de ilumina\u00e7\u00e3o de que necessitaAjusta a luz para uma melhor ilumina\u00e7\u00e3o","breadcrumb":{"@id":"https:\/\/arteconfort.com\/pt-pt\/producto\/teseo\/#breadcrumb"},"inLanguage":"pt-PT","potentialAction":[{"@type":"ReadAction","target":["https:\/\/arteconfort.com\/pt-pt\/producto\/teseo\/"]}]},{"@type":"ImageObject","inLanguage":"pt-PT","@id":"https:\/\/arteconfort.com\/pt-pt\/producto\/teseo\/#primaryimage","url":"https:\/\/arteconfort.com\/wp-content\/uploads\/2023\/10\/FLEXO-TESEO.webp","contentUrl":"https:\/\/arteconfort.com\/wp-content\/uploads\/2023\/10\/FLEXO-TESEO.webp","width":1024,"height":1024},{"@type":"BreadcrumbList","@id":"https:\/\/arteconfort.com\/pt-pt\/producto\/teseo\/#breadcrumb","itemListElement":[{"@type":"ListItem","position":1,"name":"Inicio","item":"https:\/\/arteconfort.com\/pt-pt\/"},{"@type":"ListItem","position":2,"name":"Tienda","item":"https:\/\/arteconfort.com\/pt-pt\/tienda-2\/"},{"@type":"ListItem","position":3,"name":"TESEO"}]},{"@type":"WebSite","@id":"https:\/\/arteconfort.com\/pt-pt\/#website","url":"https:\/\/arteconfort.com\/pt-pt\/","name":"Arteconfort","description":"Especialistas en productos del hogar","publisher":{"@id":"https:\/\/arteconfort.com\/pt-pt\/#organization"},"potentialAction":[{"@type":"SearchAction","target":{"@type":"EntryPoint","urlTemplate":"https:\/\/arteconfort.com\/pt-pt\/?s={search_term_string}"},"query-input":{"@type":"PropertyValueSpecification","valueRequired":true,"valueName":"search_term_string"}}],"inLanguage":"pt-PT"},{"@type":"Organization","@id":"https:\/\/arteconfort.com\/pt-pt\/#organization","name":"Arteconfort","url":"https:\/\/arteconfort.com\/pt-pt\/","logo":{"@type":"ImageObject","inLanguage":"pt-PT","@id":"https:\/\/arteconfort.com\/pt-pt\/#\/schema\/logo\/image\/","url":"https:\/\/arteconfort.com\/wp-content\/uploads\/2019\/07\/logo-arteconfort.png","contentUrl":"https:\/\/arteconfort.com\/wp-content\/uploads\/2019\/07\/logo-arteconfort.png","width":230,"height":88,"caption":"Arteconfort"},"image":{"@id":"https:\/\/arteconfort.com\/pt-pt\/#\/schema\/logo\/image\/"}}]}},"_links":{"self":[{"href":"https:\/\/arteconfort.com\/pt-pt\/wp-json\/wp\/v2\/product\/11597","targetHints":{"allow":["GET"]}}],"collection":[{"href":"https:\/\/arteconfort.com\/pt-pt\/wp-json\/wp\/v2\/product"}],"about":[{"href":"https:\/\/arteconfort.com\/pt-pt\/wp-json\/wp\/v2\/types\/product"}],"wp:featuredmedia":[{"embeddable":true,"href":"https:\/\/arteconfort.com\/pt-pt\/wp-json\/wp\/v2\/media\/35053"}],"wp:attachment":[{"href":"https:\/\/arteconfort.com\/pt-pt\/wp-json\/wp\/v2\/media?parent=11597"}],"wp:term":[{"taxonomy":"product_brand","embeddable":true,"href":"https:\/\/arteconfort.com\/pt-pt\/wp-json\/wp\/v2\/product_brand?post=11597"},{"taxonomy":"product_cat","embeddable":true,"href":"https:\/\/arteconfort.com\/pt-pt\/wp-json\/wp\/v2\/product_cat?post=11597"},{"taxonomy":"product_tag","embeddable":true,"href":"https:\/\/arteconfort.com\/pt-pt\/wp-json\/wp\/v2\/product_tag?post=11597"}],"curies":[{"name":"wp","href":"https:\/\/api.w.org\/{rel}","templated":true}]}}