{"id":12383,"date":"2021-06-02T11:19:37","date_gmt":"2021-06-02T09:19:37","guid":{"rendered":"https:\/\/arteconfort.com\/?post_type=product&#038;p=12383"},"modified":"2022-03-11T08:48:21","modified_gmt":"2022-03-11T07:48:21","slug":"mirror","status":"publish","type":"product","link":"https:\/\/arteconfort.com\/pt-pt\/producto\/mirror\/","title":{"rendered":"MIRROR"},"content":{"rendered":"<div class=\"wpb-content-wrapper\"><p>[vc_row][vc_column][vc_row_inner][vc_column_inner width=&#8221;1\/4&#8243; offset=&#8221;vc_col-xs-6&#8243;][wyde_info_box icon_set=&#8221;simple_line&#8221; icon_simple_line=&#8221;sl-bulb&#8221; title=&#8221;MEM\u00d3RIA DE TEMPERATURA DE COR&#8221;]Crie o seu ambiente[\/wyde_info_box][\/vc_column_inner][vc_column_inner width=&#8221;1\/4&#8243; offset=&#8221;vc_col-xs-6&#8243;][wyde_info_box icon_set=&#8221;bigmug_line&#8221; icon_bigmug_line=&#8221;bigmug-line-clone&#8221; title=&#8221;INCLUINDO ADESIVO&#8221;]Pode col\u00e1-lo na parede[\/wyde_info_box][\/vc_column_inner][vc_column_inner width=&#8221;1\/4&#8243; offset=&#8221;vc_col-xs-6&#8243;][wyde_info_box icon_set=&#8221;simple_line&#8221; icon_simple_line=&#8221;sl-power&#8221; title=&#8221;CARREGAMENTO USB&#8221;]Para um carregamento mais f\u00e1cil (ficha n\u00e3o inclu\u00edda)[\/wyde_info_box][\/vc_column_inner][\/vc_row_inner][vc_row_inner][vc_column_inner offset=&#8221;vc_hidden-xs&#8221;][vc_empty_space height=&#8221;60px&#8221;][\/vc_column_inner][\/vc_row_inner][\/vc_column][\/vc_row][vc_row][vc_column width=&#8221;1\/2&#8243;][vc_accordion collapsible=&#8221;true&#8221; active_tab=&#8221;false&#8221;][vc_accordion_tab title=&#8221;Caracter\u00edsticas mec\u00e2nicas&#8221;][vc_column_text]<strong>Dimens\u00f5es<\/strong> 4,5&#215;4,8&#215;4,5cm<em><br \/>\n<\/em><strong>Material<\/strong> Pl\u00e1stico<br \/>\n<strong>IP<\/strong> 44<br \/>\n<strong>Garantia<\/strong> 2 anos[\/vc_column_text][\/vc_accordion_tab][vc_accordion_tab title=&#8221;Caracter\u00edsticas \u00f3pticas&#8221;][vc_column_text]<br \/>\n<b>Cor de luz<\/b> 9 n\u00edveis regul\u00e1veis<br \/>\n<strong>Dura\u00e7\u00e3o<\/strong>\u00a010.000h<br \/>\n<strong>Carregamento via USB<\/strong> 5V 2A<br \/>\n<b>N\u00famero de l\u00e2mpadas <\/b>10<br \/>\n<b>Energia <\/b>8,5W<br \/>\n<strong>Fluxo luminoso<\/strong> 700lm<br \/>\n<strong>Temperatura de cor<\/strong> 3000K\/4000K\/6000L<br \/>\n<strong>\u00c2ngulo de abertura<\/strong> 360\u00ba<br \/>\n<strong>N\u00famero de igni\u00e7\u00f5es<\/strong> 50.000[\/vc_column_text][\/vc_accordion_tab][\/vc_accordion][\/vc_column][vc_column width=&#8221;1\/2&#8243;][vc_single_image image=&#8221;10067&#8243;][\/vc_column][\/vc_row]<\/p>\n<\/div>","protected":false},"excerpt":{"rendered":"<p>Vista as suas paredes com esta l\u00e2mpada espelhada, perfeita para encher a sua casa de luz e originalidade em qualquer altura do ano. Quando se trata de instala\u00e7\u00e3o, pode col\u00e1-lo \u00e0 parede com o adesivo inclu\u00eddo.<br \/>\n<strong>Ref. MIRRORBL115<\/strong>[vc_row][vc_column offset=&#8221;vc_hidden-xs&#8221;][vc_empty_space height=&#8221;30px&#8221;][\/vc_column][\/vc_row][vc_row][vc_column][vc_row_inner][vc_column_inner][wyde_info_box icon_set=&#8221;simple_line&#8221; icon_simple_line=&#8221;sl-eye&#8221; icon_position=&#8221;left&#8221; title=&#8221;ALTA RESTITUI\u00c7\u00c3O DE COR (&gt;90)&#8221;]Cores mais realistas[\/wyde_info_box][vc_empty_space height=&#8221;15px&#8221;][\/vc_column_inner][\/vc_row_inner][vc_row_inner][vc_column_inner][wyde_info_box icon_set=&#8221;simple_line&#8221; icon_simple_line=&#8221;sl-bulb&#8221; icon_position=&#8221;left&#8221; title=&#8221;3 TEMPERATURAS DE COR&#8221;]Ajuda a regular os ciclos circadianos[\/wyde_info_box][vc_empty_space height=&#8221;15px&#8221;][\/vc_column_inner][\/vc_row_inner][vc_row_inner][vc_column_inner][wyde_info_box icon_set=&#8221;bigmug_line&#8221; icon_bigmug_line=&#8221;bigmug-line-equalizar2&#8243; icon_position=&#8221;left&#8221; title=&#8221;LUZ DIM\u00c1VEL&#8221;]9 n\u00edveis (escalonados ou progressivos)[\/wyde_info_box][vc_empty_space height=&#8221;15px&#8221;][\/vc_column_inner][\/vc_row_inner][vc_row][vc_column offset=&#8221;vc_hidden-xs&#8221;][vc_empty_space height=&#8221;60px&#8221;][\/vc_column][\/vc_row][vc_row][vc_column width=&#8221;1\/3&#8243;][wyde_link_button icon_set=&#8221;simple_line&#8221; icon_simple_line=&#8221;sl-settings&#8221; style=&#8221;round&#8221; title=&#8221;Instru\u00e7\u00f5es&#8221; link=&#8221;url:http%3A%2F%2Farteconfort.com%2Fwp-content%2Fuploads%2F2021%2F07%2Fim-MIRROR.pdf||target:%20_blank|rel:nofollow&#8221; color=&#8221;#ffffff&#8221; bg_color=&#8221;#222222&#8243;][\/vc_column][vc_column width=&#8221;1\/3&#8243;][\/vc_column][\/vc_row][vc_row][vc_column offset=&#8221;vc_hidden-xs&#8221;][vc_empty_space][\/vc_column][\/vc_row][vc_row][vc_column][vc_empty_space height=&#8221;20px&#8221;][\/vc_column][\/vc_row][vc_row background_mode=&#8221;color&#8221; background_color=&#8221;#f5f5f5&#8243;][vc_column text_align=&#8221;center&#8221;][vc_row_inner padding_size=&#8221;m-padding&#8221;][vc_column_inner text_align=&#8221;center&#8221;][vc_single_image alignment=&#8221;center&#8221; image=&#8221;1046&#8243;][vc_column_text]Encontre esta luz LED para venda exclusivamente em LEROY MERLIN[\/vc_column_text][vc_empty_space height=&#8221;15px&#8221;][wyde_link_button icon_set=&#8221;simple_line&#8221; icon_simple_line=&#8221;sl-login&#8221; style=&#8221;outline round&#8221; title=&#8221;Ir para Leroy Merlin&#8221; link=&#8221;url:https%3A%2F%2Fwww.leroymerlin.es\/fp\/89159839\/aplique-de-10-luces-para-espejo-8-5w||target:%20_blank|rel:nofollow&#8221; color=&#8221;#61b4e4&#8243; hover_color=&#8221;#ffffff&#8221;][\/vc_column_inner][\/vc_row_inner][\/vc_column][\/vc_row]<\/p>\n","protected":false},"featured_media":19687,"template":"","meta":[],"product_brand":[],"product_cat":[1049,349,364],"product_tag":[],"class_list":{"0":"post-12383","1":"product","2":"type-product","3":"status-publish","4":"has-post-thumbnail","6":"product_cat-coleccion-antigua-pt","7":"product_cat-iluminacion-pt-pt","8":"product_cat-neon-pt-pt","10":"first","11":"instock","12":"shipping-taxable","13":"product-type-simple"},"yoast_head":"<!-- This site is optimized with the Yoast SEO plugin v26.5 - https:\/\/yoast.com\/wordpress\/plugins\/seo\/ -->\n<title>MIRROR - colecci\u00f3n antigua, Iluminaci\u00f3n, Ne\u00f3n - Arteconfort<\/title>\n<meta name=\"description\" content=\"Vista as suas paredes com esta l\u00e2mpada espelhada, perfeita para encher a sua casa de luz e originalidade em qualquer altura do ano. Quando se trata de instala\u00e7\u00e3o, pode col\u00e1-lo \u00e0 parede com o adesivo inclu\u00eddo. Ref. MIRRORBL115Cores mais realistasAjuda a regular os ciclos circadianos9 n\u00edveis (escalonados ou progressivos)Encontre esta luz LED para venda exclusivamente em LEROY MERLIN\" \/>\n<meta name=\"robots\" content=\"index, follow, max-snippet:-1, max-image-preview:large, max-video-preview:-1\" \/>\n<link rel=\"canonical\" href=\"https:\/\/arteconfort.com\/pt-pt\/producto\/mirror\/\" \/>\n<meta property=\"og:locale\" content=\"pt_PT\" \/>\n<meta property=\"og:type\" content=\"article\" \/>\n<meta property=\"og:title\" content=\"MIRROR - colecci\u00f3n antigua, Iluminaci\u00f3n, Ne\u00f3n - Arteconfort\" \/>\n<meta property=\"og:description\" content=\"Vista as suas paredes com esta l\u00e2mpada espelhada, perfeita para encher a sua casa de luz e originalidade em qualquer altura do ano. Quando se trata de instala\u00e7\u00e3o, pode col\u00e1-lo \u00e0 parede com o adesivo inclu\u00eddo. Ref. MIRRORBL115Cores mais realistasAjuda a regular os ciclos circadianos9 n\u00edveis (escalonados ou progressivos)Encontre esta luz LED para venda exclusivamente em LEROY MERLIN\" \/>\n<meta property=\"og:url\" content=\"https:\/\/arteconfort.com\/pt-pt\/producto\/mirror\/\" \/>\n<meta property=\"og:site_name\" content=\"Arteconfort\" \/>\n<meta property=\"article:modified_time\" content=\"2022-03-11T07:48:21+00:00\" \/>\n<meta property=\"og:image\" content=\"https:\/\/arteconfort.com\/wp-content\/uploads\/2021\/06\/MIRROR-ambiente2-1.jpg\" \/>\n\t<meta property=\"og:image:width\" content=\"1024\" \/>\n\t<meta property=\"og:image:height\" content=\"1024\" \/>\n\t<meta property=\"og:image:type\" content=\"image\/jpeg\" \/>\n<meta name=\"twitter:card\" content=\"summary_large_image\" \/>\n<meta name=\"twitter:label1\" content=\"Tempo estimado de leitura\" \/>\n\t<meta name=\"twitter:data1\" content=\"1 minuto\" \/>\n<!-- \/ Yoast SEO plugin. -->","yoast_head_json":{"title":"MIRROR - colecci\u00f3n antigua, Iluminaci\u00f3n, Ne\u00f3n - Arteconfort","description":"Vista as suas paredes com esta l\u00e2mpada espelhada, perfeita para encher a sua casa de luz e originalidade em qualquer altura do ano. Quando se trata de instala\u00e7\u00e3o, pode col\u00e1-lo \u00e0 parede com o adesivo inclu\u00eddo. Ref. MIRRORBL115Cores mais realistasAjuda a regular os ciclos circadianos9 n\u00edveis (escalonados ou progressivos)Encontre esta luz LED para venda exclusivamente em LEROY MERLIN","robots":{"index":"index","follow":"follow","max-snippet":"max-snippet:-1","max-image-preview":"max-image-preview:large","max-video-preview":"max-video-preview:-1"},"canonical":"https:\/\/arteconfort.com\/pt-pt\/producto\/mirror\/","og_locale":"pt_PT","og_type":"article","og_title":"MIRROR - colecci\u00f3n antigua, Iluminaci\u00f3n, Ne\u00f3n - Arteconfort","og_description":"Vista as suas paredes com esta l\u00e2mpada espelhada, perfeita para encher a sua casa de luz e originalidade em qualquer altura do ano. Quando se trata de instala\u00e7\u00e3o, pode col\u00e1-lo \u00e0 parede com o adesivo inclu\u00eddo. Ref. MIRRORBL115Cores mais realistasAjuda a regular os ciclos circadianos9 n\u00edveis (escalonados ou progressivos)Encontre esta luz LED para venda exclusivamente em LEROY MERLIN","og_url":"https:\/\/arteconfort.com\/pt-pt\/producto\/mirror\/","og_site_name":"Arteconfort","article_modified_time":"2022-03-11T07:48:21+00:00","og_image":[{"width":1024,"height":1024,"url":"https:\/\/arteconfort.com\/wp-content\/uploads\/2021\/06\/MIRROR-ambiente2-1.jpg","type":"image\/jpeg"}],"twitter_card":"summary_large_image","twitter_misc":{"Tempo estimado de leitura":"1 minuto"},"schema":{"@context":"https:\/\/schema.org","@graph":[{"@type":"WebPage","@id":"https:\/\/arteconfort.com\/pt-pt\/producto\/mirror\/","url":"https:\/\/arteconfort.com\/pt-pt\/producto\/mirror\/","name":"MIRROR - colecci\u00f3n antigua, Iluminaci\u00f3n, Ne\u00f3n - Arteconfort","isPartOf":{"@id":"https:\/\/arteconfort.com\/pt-pt\/#website"},"primaryImageOfPage":{"@id":"https:\/\/arteconfort.com\/pt-pt\/producto\/mirror\/#primaryimage"},"image":{"@id":"https:\/\/arteconfort.com\/pt-pt\/producto\/mirror\/#primaryimage"},"thumbnailUrl":"https:\/\/arteconfort.com\/wp-content\/uploads\/2021\/06\/MIRROR-ambiente2-1.jpg","datePublished":"2021-06-02T09:19:37+00:00","dateModified":"2022-03-11T07:48:21+00:00","description":"Vista as suas paredes com esta l\u00e2mpada espelhada, perfeita para encher a sua casa de luz e originalidade em qualquer altura do ano. Quando se trata de instala\u00e7\u00e3o, pode col\u00e1-lo \u00e0 parede com o adesivo inclu\u00eddo. Ref. MIRRORBL115Cores mais realistasAjuda a regular os ciclos circadianos9 n\u00edveis (escalonados ou progressivos)Encontre esta luz LED para venda exclusivamente em LEROY MERLIN","breadcrumb":{"@id":"https:\/\/arteconfort.com\/pt-pt\/producto\/mirror\/#breadcrumb"},"inLanguage":"pt-PT","potentialAction":[{"@type":"ReadAction","target":["https:\/\/arteconfort.com\/pt-pt\/producto\/mirror\/"]}]},{"@type":"ImageObject","inLanguage":"pt-PT","@id":"https:\/\/arteconfort.com\/pt-pt\/producto\/mirror\/#primaryimage","url":"https:\/\/arteconfort.com\/wp-content\/uploads\/2021\/06\/MIRROR-ambiente2-1.jpg","contentUrl":"https:\/\/arteconfort.com\/wp-content\/uploads\/2021\/06\/MIRROR-ambiente2-1.jpg","width":1024,"height":1024,"caption":"Bombillas LED de MIRROR con adhesivo"},{"@type":"BreadcrumbList","@id":"https:\/\/arteconfort.com\/pt-pt\/producto\/mirror\/#breadcrumb","itemListElement":[{"@type":"ListItem","position":1,"name":"Inicio","item":"https:\/\/arteconfort.com\/pt-pt\/"},{"@type":"ListItem","position":2,"name":"Tienda","item":"https:\/\/arteconfort.com\/pt-pt\/tienda-2\/"},{"@type":"ListItem","position":3,"name":"MIRROR"}]},{"@type":"WebSite","@id":"https:\/\/arteconfort.com\/pt-pt\/#website","url":"https:\/\/arteconfort.com\/pt-pt\/","name":"Arteconfort","description":"Especialistas en productos del hogar","publisher":{"@id":"https:\/\/arteconfort.com\/pt-pt\/#organization"},"potentialAction":[{"@type":"SearchAction","target":{"@type":"EntryPoint","urlTemplate":"https:\/\/arteconfort.com\/pt-pt\/?s={search_term_string}"},"query-input":{"@type":"PropertyValueSpecification","valueRequired":true,"valueName":"search_term_string"}}],"inLanguage":"pt-PT"},{"@type":"Organization","@id":"https:\/\/arteconfort.com\/pt-pt\/#organization","name":"Arteconfort","url":"https:\/\/arteconfort.com\/pt-pt\/","logo":{"@type":"ImageObject","inLanguage":"pt-PT","@id":"https:\/\/arteconfort.com\/pt-pt\/#\/schema\/logo\/image\/","url":"https:\/\/arteconfort.com\/wp-content\/uploads\/2019\/07\/logo-arteconfort.png","contentUrl":"https:\/\/arteconfort.com\/wp-content\/uploads\/2019\/07\/logo-arteconfort.png","width":230,"height":88,"caption":"Arteconfort"},"image":{"@id":"https:\/\/arteconfort.com\/pt-pt\/#\/schema\/logo\/image\/"}}]}},"_links":{"self":[{"href":"https:\/\/arteconfort.com\/pt-pt\/wp-json\/wp\/v2\/product\/12383","targetHints":{"allow":["GET"]}}],"collection":[{"href":"https:\/\/arteconfort.com\/pt-pt\/wp-json\/wp\/v2\/product"}],"about":[{"href":"https:\/\/arteconfort.com\/pt-pt\/wp-json\/wp\/v2\/types\/product"}],"wp:featuredmedia":[{"embeddable":true,"href":"https:\/\/arteconfort.com\/pt-pt\/wp-json\/wp\/v2\/media\/19687"}],"wp:attachment":[{"href":"https:\/\/arteconfort.com\/pt-pt\/wp-json\/wp\/v2\/media?parent=12383"}],"wp:term":[{"taxonomy":"product_brand","embeddable":true,"href":"https:\/\/arteconfort.com\/pt-pt\/wp-json\/wp\/v2\/product_brand?post=12383"},{"taxonomy":"product_cat","embeddable":true,"href":"https:\/\/arteconfort.com\/pt-pt\/wp-json\/wp\/v2\/product_cat?post=12383"},{"taxonomy":"product_tag","embeddable":true,"href":"https:\/\/arteconfort.com\/pt-pt\/wp-json\/wp\/v2\/product_tag?post=12383"}],"curies":[{"name":"wp","href":"https:\/\/api.w.org\/{rel}","templated":true}]}}