{"id":13507,"date":"2021-09-13T08:04:19","date_gmt":"2021-09-13T06:04:19","guid":{"rendered":"https:\/\/arteconfort.com\/?post_type=product&#038;p=13507"},"modified":"2022-04-08T13:20:32","modified_gmt":"2022-04-08T11:20:32","slug":"borealis-l-color","status":"publish","type":"product","link":"https:\/\/arteconfort.com\/pt-pt\/producto\/borealis-l-color\/","title":{"rendered":"BOREALIS L COLOR"},"content":{"rendered":"<div class=\"wpb-content-wrapper\"><p>[vc_row][vc_column][vc_row_inner][vc_column_inner width=&#8221;1\/4&#8243; offset=&#8221;vc_col-xs-6&#8243;][wyde_info_box icon_set=&#8221;bigmug_line&#8221; icon_bigmug_line=&#8221;bigmug-line-foggy-sun&#8221; title=&#8221;PAINEL SOLAR COM MAIOR \u00c1REA DE SUPERF\u00cdCIE&#8221;]Carga melhorada devido ao aumento do ganho solar e melhor qualidade do painel com maior convers\u00e3o de energia[\/wyde_info_box][\/vc_column_inner][vc_column_inner width=&#8221;1\/4&#8243; offset=&#8221;vc_col-xs-6&#8243;][wyde_info_box icon_set=&#8221;simple_line&#8221; icon_simple_line=&#8221;sl-rocket&#8221; title=&#8221;MAIOR EFICI\u00caNCIA E CAPACIDADE DA BATERIA&#8221;]Para uma autonomia mais duradoura[\/wyde_info_box][\/vc_column_inner][vc_column_inner width=&#8221;1\/4&#8243; offset=&#8221;vc_col-xs-6&#8243;][wyde_info_box icon_set=&#8221;simple_line&#8221; icon_simple_line=&#8221;sl-power&#8221; title=&#8221;F\u00c1CIL IGNI\u00c7\u00c3O&#8221;]Tem dois bot\u00f5es: ON\/OFF e altera\u00e7\u00e3o do modo de opera\u00e7\u00e3o[\/wyde_info_box][\/vc_column_inner][vc_column_inner width=&#8221;1\/4&#8243; offset=&#8221;vc_col-xs-6&#8243;][wyde_info_box icon_set=&#8221;simple_line&#8221; icon_simple_line=&#8221;sl-like&#8221; title=&#8221;F\u00c1CIL INSTALA\u00c7\u00c3O&#8221;]Basta enfiar o painel solar no ch\u00e3o e pendurar a grinalda, sem liga\u00e7\u00f5es el\u00e9ctricas[\/wyde_info_box][\/vc_column_inner][\/vc_row_inner][vc_row_inner][vc_column_inner offset=&#8221;vc_hidden-xs&#8221;][vc_empty_space][\/vc_column_inner][\/vc_row_inner][vc_row_inner][vc_column_inner offset=&#8221;vc_hidden-xs&#8221;][vc_empty_space height=&#8221;60px&#8221;][\/vc_column_inner][\/vc_row_inner][\/vc_column][\/vc_row][vc_row][vc_column width=&#8221;1\/2&#8243;][vc_accordion collapsible=&#8221;true&#8221; active_tab=&#8221;false&#8221;][vc_accordion_tab title=&#8221;Caracter\u00edsticas gerais&#8221;][vc_column_text]<strong>Dimens\u00f5es<\/strong> 8m (2m de cabo)<br \/>\n<strong>Material<\/strong> ABS+ vidro<br \/>\n<strong>L\u00e2mpada<\/strong> Filamento LED G40<br \/>\n<strong>Acabamento<\/strong> Preto<br \/>\n<strong>IP<\/strong> 65<br \/>\n<strong>Garantia<\/strong> 3 anos[\/vc_column_text][\/vc_accordion_tab][vc_accordion_tab title=&#8221;Painel solar&#8221;][vc_column_text]<strong>Material<\/strong> Policristalino<br \/>\n<strong>Tipo de encapsulamento <\/strong>PET<br \/>\n<strong>Tens\u00e3o<\/strong> 5,5 V [\/vc_column_text][\/vc_accordion_tab][vc_accordion_tab title=&#8221;Bateria&#8221;][vc_column_text]<strong>Tipo de bateria<\/strong>\u00a0Li-ion<br \/>\n<strong>Capacidade<\/strong> 4.400mAh<br \/>\n<strong>Tempo de carregamento<\/strong> 8h-12h<br \/>\n<strong>Autonomia<\/strong> 8h[\/vc_column_text][\/vc_accordion_tab][vc_accordion_tab title=&#8221;LED&#8221;][vc_column_text]<strong>N\u00famero de LEDs\u00a0<\/strong>25 + 2 de gra\u00e7a<br \/>\n<strong>\u00c2ngulo de abertura<\/strong> 270\u00ba<br \/>\n<strong>Vida \u00fatil<\/strong> 15.000 horas<br \/>\n<strong>CCT<\/strong> Luzes de cores diferentes<br \/>\n[\/vc_column_text][\/vc_accordion_tab][vc_accordion_tab title=&#8221;Modos de funcionamento&#8221;][vc_column_text]<strong>4 modos de igni\u00e7\u00e3o<\/strong>[\/vc_column_text][\/vc_accordion_tab][vc_accordion_tab title=&#8221;Sensor&#8221;][vc_column_text]<strong>Sensor<\/strong> N\u00e3o[\/vc_column_text][\/vc_accordion_tab][\/vc_accordion][\/vc_column][vc_column width=&#8221;1\/2&#8243;][vc_single_image image=&#8221;13499&#8243;][\/vc_column][\/vc_row]<\/p>\n<\/div>","protected":false},"excerpt":{"rendered":"<p>Adicione um efeito bonito e divertido ao seu jardim ou terra\u00e7o com a ilumina\u00e7\u00e3o decorativa desta grinalda solar que inclui 25 l\u00e2mpadas de vidro (mais 2 como presente). Tem tamb\u00e9m 4 modos de funcionamento \u00e0 escolha, dependendo do tipo de atmosfera que quer dar \u00e0 sua sala exterior e incorpora painel solar e carregamento USB. A embalagem deste produto \u00e9 ecol\u00f3gica, ou seja, n\u00e3o inclui pl\u00e1stico.<br \/>\n<strong>Ref. BOREALIS25COL31<\/strong>[vc_row][vc_column offset=&#8221;vc_hidden-xs&#8221;][vc_empty_space height=&#8221;30px&#8221;][\/vc_column][\/vc_row][vc_row][vc_column][vc_row_inner][vc_column_inner][wyde_info_box icon_set=&#8221;stroke_gap&#8221; icon_stroke_gap=&#8221;sl-eye&#8221; icon_position=&#8221;left&#8221; title=&#8221;ILUMINA\u00c7\u00c3O DECORATIVA COLORIDA&#8221;]Criar atmosferas diferentes com esta luz decorativa colorida[\/wyde_info_box][vc_empty_space height=&#8221;15px&#8221;][\/vc_column_inner][\/vc_row_inner][vc_row_inner][vc_column_inner][wyde_info_box icon_set=&#8221;stroke_gap&#8221; icon_stroke_gap=&#8221;sg-BatteryFull&#8221; icon_position=&#8221;left&#8221; title=&#8221;CARREGAMENTO USB&#8221;]Inclui entrada USB, por isso est\u00e1 sempre pronto a usar[\/wyde_info_box][vc_empty_space height=&#8221;15px&#8221;][\/vc_column_inner][\/vc_row_inner][vc_row_inner][vc_column_inner][wyde_info_box icon_set=&#8221;bigmug_line&#8221; icon_bigmug_line=&#8221;bigmug-line-equalizar2&#8243; icon_position=&#8221;left&#8221; title=&#8221;4 MODOS DE IGNI\u00c7\u00c3O&#8221;]Escolha entre diferentes modos de funcionamento[\/wyde_info_box][vc_empty_space height=&#8221;15px&#8221;][\/vc_column_inner][\/vc_row_inner][vc_row_inner][vc_column_inner][wyde_info_box icon_set=&#8221;simple_line&#8221; icon_simple_line=&#8221;sl-wrench&#8221; icon_position=&#8221;left&#8221; title=&#8221;2 OP\u00c7\u00d5ES DE MONTAGEM&#8221;]Instalar o painel solar suspenso ou como um farol[\/wyde_info_box][vc_empty_space height=&#8221;15px&#8221;][\/vc_column_inner][\/vc_row_inner][\/vc_column][\/vc_row][vc_row][vc_column offset=&#8221;vc_hidden-xs&#8221;][vc_empty_space height=&#8221;60px&#8221;][\/vc_column][\/vc_row][vc_row][vc_column width=&#8221;1\/3&#8243;][wyde_link_button icon_set=&#8221;simple_line&#8221; icon_simple_line=&#8221;sl-settings&#8221; style=&#8221;round&#8221; title=&#8221;Instru\u00e7\u00f5es&#8221; link=&#8221;url:https%3A%2F%2Farteconfort.com%2Fwp-content%2Fuploads\/2021\/09\/im-BOREALIS-L-COLOR.pdf||target:%20_blank|rel:nofollow&#8221; color=&#8221;#ffffff&#8221; bg_color=&#8221;#222222&#8243;][\/vc_column][vc_row][vc_column offset=&#8221;vc_hidden-xs&#8221;][vc_empty_space][\/vc_column][\/vc_row][vc_row][vc_column][vc_empty_space height=&#8221;20px&#8221;][\/vc_column][\/vc_row][vc_row background_mode=&#8221;color&#8221; background_color=&#8221;#f5f5f5&#8243;][vc_column text_align=&#8221;center&#8221;][vc_row_inner padding_size=&#8221;m-padding&#8221;][vc_column_inner text_align=&#8221;center&#8221;][vc_single_image alignment=&#8221;center&#8221; image=&#8221;1046&#8243;][vc_column_text]Encontre esta grinalda solar para venda exclusivamente em LEROY MERLIN[\/vc_column_text][vc_empty_space height=&#8221;15px&#8221;][wyde_link_button icon_set=&#8221;simple_line&#8221; icon_simple_line=&#8221;sl-login&#8221; style=&#8221;outline round&#8221; title=&#8221;Acesso a Leroy Merlin&#8221; link=&#8221;url:https%3A%2F%2Fwww.leroymerlin.es%2Ffp%2F82762404%2Fguirnalda-solar-borealis-25-luces-2700k-de-8m-con-usb||target:%20_blank|rel:nofollow&#8221; color=&#8221;#61b4e4&#8243; hover_color=&#8221;#ffffff&#8221;][\/vc_column_inner][\/vc_row_inner][\/vc_column][\/vc_row]<\/p>\n","protected":false},"featured_media":13494,"template":"","meta":[],"product_brand":[],"product_cat":[407],"product_tag":[],"class_list":{"0":"post-13507","1":"product","2":"type-product","3":"status-publish","4":"has-post-thumbnail","6":"product_cat-descatalogados-pt-pt","8":"first","9":"instock","10":"shipping-taxable","11":"product-type-simple"},"yoast_head":"<!-- This site is optimized with the Yoast SEO plugin v26.5 - https:\/\/yoast.com\/wordpress\/plugins\/seo\/ -->\n<title>BOREALIS L COLOR - Descatalogados - Arteconfort<\/title>\n<meta name=\"description\" content=\"Adicione um efeito bonito e divertido ao seu jardim ou terra\u00e7o com a ilumina\u00e7\u00e3o decorativa desta grinalda solar que inclui 25 l\u00e2mpadas de vidro (mais 2 como presente). Tem tamb\u00e9m 4 modos de funcionamento \u00e0 escolha, dependendo do tipo de atmosfera que quer dar \u00e0 sua sala exterior e incorpora painel solar e carregamento USB. A embalagem deste produto \u00e9 ecol\u00f3gica, ou seja, n\u00e3o inclui pl\u00e1stico. Ref. BOREALIS25COL31Criar atmosferas diferentes com esta luz decorativa coloridaInclui entrada USB, por isso est\u00e1 sempre pronto a usarEscolha entre diferentes modos de funcionamentoInstalar o painel solar suspenso ou como um farolEncontre esta grinalda solar para venda exclusivamente em LEROY MERLIN\" \/>\n<meta name=\"robots\" content=\"index, follow, max-snippet:-1, max-image-preview:large, max-video-preview:-1\" \/>\n<link rel=\"canonical\" href=\"https:\/\/arteconfort.com\/pt-pt\/producto\/borealis-l-color\/\" \/>\n<meta property=\"og:locale\" content=\"pt_PT\" \/>\n<meta property=\"og:type\" content=\"article\" \/>\n<meta property=\"og:title\" content=\"BOREALIS L COLOR - Descatalogados - Arteconfort\" \/>\n<meta property=\"og:description\" content=\"Adicione um efeito bonito e divertido ao seu jardim ou terra\u00e7o com a ilumina\u00e7\u00e3o decorativa desta grinalda solar que inclui 25 l\u00e2mpadas de vidro (mais 2 como presente). Tem tamb\u00e9m 4 modos de funcionamento \u00e0 escolha, dependendo do tipo de atmosfera que quer dar \u00e0 sua sala exterior e incorpora painel solar e carregamento USB. A embalagem deste produto \u00e9 ecol\u00f3gica, ou seja, n\u00e3o inclui pl\u00e1stico. Ref. BOREALIS25COL31Criar atmosferas diferentes com esta luz decorativa coloridaInclui entrada USB, por isso est\u00e1 sempre pronto a usarEscolha entre diferentes modos de funcionamentoInstalar o painel solar suspenso ou como um farolEncontre esta grinalda solar para venda exclusivamente em LEROY MERLIN\" \/>\n<meta property=\"og:url\" content=\"https:\/\/arteconfort.com\/pt-pt\/producto\/borealis-l-color\/\" \/>\n<meta property=\"og:site_name\" content=\"Arteconfort\" \/>\n<meta property=\"article:modified_time\" content=\"2022-04-08T11:20:32+00:00\" \/>\n<meta property=\"og:image\" content=\"https:\/\/arteconfort.com\/wp-content\/uploads\/2021\/09\/ambiente-BOREALIS-L-COLOR-11.jpg\" \/>\n\t<meta property=\"og:image:width\" content=\"1024\" \/>\n\t<meta property=\"og:image:height\" content=\"1024\" \/>\n\t<meta property=\"og:image:type\" content=\"image\/jpeg\" \/>\n<meta name=\"twitter:card\" content=\"summary_large_image\" \/>\n<meta name=\"twitter:label1\" content=\"Tempo estimado de leitura\" \/>\n\t<meta name=\"twitter:data1\" content=\"2 minutos\" \/>\n<!-- \/ Yoast SEO plugin. -->","yoast_head_json":{"title":"BOREALIS L COLOR - Descatalogados - Arteconfort","description":"Adicione um efeito bonito e divertido ao seu jardim ou terra\u00e7o com a ilumina\u00e7\u00e3o decorativa desta grinalda solar que inclui 25 l\u00e2mpadas de vidro (mais 2 como presente). Tem tamb\u00e9m 4 modos de funcionamento \u00e0 escolha, dependendo do tipo de atmosfera que quer dar \u00e0 sua sala exterior e incorpora painel solar e carregamento USB. A embalagem deste produto \u00e9 ecol\u00f3gica, ou seja, n\u00e3o inclui pl\u00e1stico. Ref. BOREALIS25COL31Criar atmosferas diferentes com esta luz decorativa coloridaInclui entrada USB, por isso est\u00e1 sempre pronto a usarEscolha entre diferentes modos de funcionamentoInstalar o painel solar suspenso ou como um farolEncontre esta grinalda solar para venda exclusivamente em LEROY MERLIN","robots":{"index":"index","follow":"follow","max-snippet":"max-snippet:-1","max-image-preview":"max-image-preview:large","max-video-preview":"max-video-preview:-1"},"canonical":"https:\/\/arteconfort.com\/pt-pt\/producto\/borealis-l-color\/","og_locale":"pt_PT","og_type":"article","og_title":"BOREALIS L COLOR - Descatalogados - Arteconfort","og_description":"Adicione um efeito bonito e divertido ao seu jardim ou terra\u00e7o com a ilumina\u00e7\u00e3o decorativa desta grinalda solar que inclui 25 l\u00e2mpadas de vidro (mais 2 como presente). Tem tamb\u00e9m 4 modos de funcionamento \u00e0 escolha, dependendo do tipo de atmosfera que quer dar \u00e0 sua sala exterior e incorpora painel solar e carregamento USB. A embalagem deste produto \u00e9 ecol\u00f3gica, ou seja, n\u00e3o inclui pl\u00e1stico. Ref. BOREALIS25COL31Criar atmosferas diferentes com esta luz decorativa coloridaInclui entrada USB, por isso est\u00e1 sempre pronto a usarEscolha entre diferentes modos de funcionamentoInstalar o painel solar suspenso ou como um farolEncontre esta grinalda solar para venda exclusivamente em LEROY MERLIN","og_url":"https:\/\/arteconfort.com\/pt-pt\/producto\/borealis-l-color\/","og_site_name":"Arteconfort","article_modified_time":"2022-04-08T11:20:32+00:00","og_image":[{"width":1024,"height":1024,"url":"https:\/\/arteconfort.com\/wp-content\/uploads\/2021\/09\/ambiente-BOREALIS-L-COLOR-11.jpg","type":"image\/jpeg"}],"twitter_card":"summary_large_image","twitter_misc":{"Tempo estimado de leitura":"2 minutos"},"schema":{"@context":"https:\/\/schema.org","@graph":[{"@type":"WebPage","@id":"https:\/\/arteconfort.com\/pt-pt\/producto\/borealis-l-color\/","url":"https:\/\/arteconfort.com\/pt-pt\/producto\/borealis-l-color\/","name":"BOREALIS L COLOR - Descatalogados - Arteconfort","isPartOf":{"@id":"https:\/\/arteconfort.com\/pt-pt\/#website"},"primaryImageOfPage":{"@id":"https:\/\/arteconfort.com\/pt-pt\/producto\/borealis-l-color\/#primaryimage"},"image":{"@id":"https:\/\/arteconfort.com\/pt-pt\/producto\/borealis-l-color\/#primaryimage"},"thumbnailUrl":"https:\/\/arteconfort.com\/wp-content\/uploads\/2021\/09\/ambiente-BOREALIS-L-COLOR-11.jpg","datePublished":"2021-09-13T06:04:19+00:00","dateModified":"2022-04-08T11:20:32+00:00","description":"Adicione um efeito bonito e divertido ao seu jardim ou terra\u00e7o com a ilumina\u00e7\u00e3o decorativa desta grinalda solar que inclui 25 l\u00e2mpadas de vidro (mais 2 como presente). Tem tamb\u00e9m 4 modos de funcionamento \u00e0 escolha, dependendo do tipo de atmosfera que quer dar \u00e0 sua sala exterior e incorpora painel solar e carregamento USB. A embalagem deste produto \u00e9 ecol\u00f3gica, ou seja, n\u00e3o inclui pl\u00e1stico. Ref. BOREALIS25COL31Criar atmosferas diferentes com esta luz decorativa coloridaInclui entrada USB, por isso est\u00e1 sempre pronto a usarEscolha entre diferentes modos de funcionamentoInstalar o painel solar suspenso ou como um farolEncontre esta grinalda solar para venda exclusivamente em LEROY MERLIN","breadcrumb":{"@id":"https:\/\/arteconfort.com\/pt-pt\/producto\/borealis-l-color\/#breadcrumb"},"inLanguage":"pt-PT","potentialAction":[{"@type":"ReadAction","target":["https:\/\/arteconfort.com\/pt-pt\/producto\/borealis-l-color\/"]}]},{"@type":"ImageObject","inLanguage":"pt-PT","@id":"https:\/\/arteconfort.com\/pt-pt\/producto\/borealis-l-color\/#primaryimage","url":"https:\/\/arteconfort.com\/wp-content\/uploads\/2021\/09\/ambiente-BOREALIS-L-COLOR-11.jpg","contentUrl":"https:\/\/arteconfort.com\/wp-content\/uploads\/2021\/09\/ambiente-BOREALIS-L-COLOR-11.jpg","width":1024,"height":1024,"caption":"Ambiente guirnalda solar BOREALIS COLOR L encendida sobre \u00e1rbol"},{"@type":"BreadcrumbList","@id":"https:\/\/arteconfort.com\/pt-pt\/producto\/borealis-l-color\/#breadcrumb","itemListElement":[{"@type":"ListItem","position":1,"name":"Inicio","item":"https:\/\/arteconfort.com\/pt-pt\/"},{"@type":"ListItem","position":2,"name":"Tienda","item":"https:\/\/arteconfort.com\/pt-pt\/tienda-2\/"},{"@type":"ListItem","position":3,"name":"BOREALIS L COLOR"}]},{"@type":"WebSite","@id":"https:\/\/arteconfort.com\/pt-pt\/#website","url":"https:\/\/arteconfort.com\/pt-pt\/","name":"Arteconfort","description":"Especialistas en productos del hogar","publisher":{"@id":"https:\/\/arteconfort.com\/pt-pt\/#organization"},"potentialAction":[{"@type":"SearchAction","target":{"@type":"EntryPoint","urlTemplate":"https:\/\/arteconfort.com\/pt-pt\/?s={search_term_string}"},"query-input":{"@type":"PropertyValueSpecification","valueRequired":true,"valueName":"search_term_string"}}],"inLanguage":"pt-PT"},{"@type":"Organization","@id":"https:\/\/arteconfort.com\/pt-pt\/#organization","name":"Arteconfort","url":"https:\/\/arteconfort.com\/pt-pt\/","logo":{"@type":"ImageObject","inLanguage":"pt-PT","@id":"https:\/\/arteconfort.com\/pt-pt\/#\/schema\/logo\/image\/","url":"https:\/\/arteconfort.com\/wp-content\/uploads\/2019\/07\/logo-arteconfort.png","contentUrl":"https:\/\/arteconfort.com\/wp-content\/uploads\/2019\/07\/logo-arteconfort.png","width":230,"height":88,"caption":"Arteconfort"},"image":{"@id":"https:\/\/arteconfort.com\/pt-pt\/#\/schema\/logo\/image\/"}}]}},"_links":{"self":[{"href":"https:\/\/arteconfort.com\/pt-pt\/wp-json\/wp\/v2\/product\/13507","targetHints":{"allow":["GET"]}}],"collection":[{"href":"https:\/\/arteconfort.com\/pt-pt\/wp-json\/wp\/v2\/product"}],"about":[{"href":"https:\/\/arteconfort.com\/pt-pt\/wp-json\/wp\/v2\/types\/product"}],"wp:featuredmedia":[{"embeddable":true,"href":"https:\/\/arteconfort.com\/pt-pt\/wp-json\/wp\/v2\/media\/13494"}],"wp:attachment":[{"href":"https:\/\/arteconfort.com\/pt-pt\/wp-json\/wp\/v2\/media?parent=13507"}],"wp:term":[{"taxonomy":"product_brand","embeddable":true,"href":"https:\/\/arteconfort.com\/pt-pt\/wp-json\/wp\/v2\/product_brand?post=13507"},{"taxonomy":"product_cat","embeddable":true,"href":"https:\/\/arteconfort.com\/pt-pt\/wp-json\/wp\/v2\/product_cat?post=13507"},{"taxonomy":"product_tag","embeddable":true,"href":"https:\/\/arteconfort.com\/pt-pt\/wp-json\/wp\/v2\/product_tag?post=13507"}],"curies":[{"name":"wp","href":"https:\/\/api.w.org\/{rel}","templated":true}]}}