{"id":13547,"date":"2021-09-13T11:29:17","date_gmt":"2021-09-13T09:29:17","guid":{"rendered":"https:\/\/arteconfort.com\/?post_type=product&#038;p=13547"},"modified":"2022-04-21T10:35:02","modified_gmt":"2022-04-21T08:35:02","slug":"enif-warm","status":"publish","type":"product","link":"https:\/\/arteconfort.com\/pt-pt\/producto\/enif-warm\/","title":{"rendered":"ENIF WARM"},"content":{"rendered":"<div class=\"wpb-content-wrapper\"><p>[vc_row][vc_column][vc_row_inner][vc_column_inner width=&#8221;1\/4&#8243; offset=&#8221;vc_col-xs-6&#8243;][wyde_info_box icon_set=&#8221;bigmug_line&#8221; icon_bigmug_line=&#8221;bigmug-line-foggy-sun&#8221; title=&#8221;ALTA CAPACIDADE DA BATERIA&#8221;]Para uma autonomia mais duradoura[\/wyde_info_box][\/vc_column_inner][vc_column_inner width=&#8221;1\/4&#8243; offset=&#8221;vc_col-xs-6&#8243;][wyde_info_box icon_set=&#8221;simple_line&#8221; icon_simple_line=&#8221;sl-bulb&#8221; title=&#8221;TEMPERATURA DE COR 3000K&#8221;]Ajuda a regular os ciclos circadianos[\/wyde_info_box][\/vc_column_inner][vc_column_inner width=&#8221;1\/4&#8243; offset=&#8221;vc_col-xs-6&#8243;][wyde_info_box icon_set=&#8221;simple_line&#8221; icon_simple_line=&#8221;sl-power&#8221; title=&#8221;F\u00c1CIL IGNI\u00c7\u00c3O&#8221;]Tem dois bot\u00f5es: ON\/OFF e altera\u00e7\u00e3o do modo de opera\u00e7\u00e3o[\/wyde_info_box][\/vc_column_inner][vc_column_inner width=&#8221;1\/4&#8243; offset=&#8221;vc_col-xs-6&#8243;][wyde_info_box icon_set=&#8221;simple_line&#8221; icon_simple_line=&#8221;sl-like&#8221; title=&#8221;F\u00c1CIL INSTALA\u00c7\u00c3O&#8221;]Basta enfiar o painel solar no ch\u00e3o e pendurar a grinalda, sem liga\u00e7\u00f5es el\u00e9ctricas[\/wyde_info_box][\/vc_column_inner][\/vc_row_inner][vc_row_inner][vc_column_inner offset=&#8221;vc_hidden-xs&#8221;][vc_empty_space][\/vc_column_inner][\/vc_row_inner][vc_row_inner][vc_column_inner offset=&#8221;vc_hidden-xs&#8221;][vc_empty_space height=&#8221;60px&#8221;][\/vc_column_inner][\/vc_row_inner][\/vc_column][vc_row][vc_column width=&#8221;1\/2&#8243;][vc_accordion collapsible=&#8221;true&#8221; active_tab=&#8221;false&#8221;][vc_accordion_tab title=&#8221;Caracter\u00edsticas gerais&#8221;][vc_column_text]<strong>Dimens\u00f5es<\/strong> 6,5m<br \/>\n<strong>Material<\/strong> ABS<br \/>\n<strong>Terminado<\/strong> Maio verde<br \/>\n<strong>IP<\/strong> 65<br \/>\n<strong>Garantia<\/strong> 3 anos[\/vc_column_text][\/vc_accordion_tab][vc_accordion_tab title=&#8221;Painel solar&#8221;][vc_column_text]<strong>Material<\/strong> Policristalino<br \/>\n<strong>Tipo de encapsulamento <\/strong>Silicone<br \/>\n<strong>Tens\u00e3o<\/strong> 2V[\/vc_column_text][\/vc_accordion_tab][vc_accordion_tab title=&#8221;Bateria&#8221;][vc_column_text]<strong>Tipo de bateria <\/strong>AA Ni-MH<br \/>\n<strong>Tens\u00e3o de carga<\/strong> 1,2V<br \/>\n<strong>Capacidade<\/strong> 600mAh<br \/>\n<strong>Tempo de carregamento<\/strong> 8h<br \/>\n<strong>Autonomia<\/strong> 8h[\/vc_column_text][\/vc_accordion_tab][vc_accordion_tab title=&#8221;LED&#8221;][vc_column_text]<strong>N\u00famero de LEDs<\/strong>\u00a030<br \/>\n<strong>Tipo de LED<\/strong> SMD<br \/>\n<strong>\u00c2ngulo de abertura<\/strong> 360\u00ba<br \/>\n<b>Vida \u00fatil <\/b>15.000 horas<br \/>\n<strong>CCT<\/strong> 3000K[\/vc_column_text][\/vc_accordion_tab][vc_accordion_tab title=&#8221;Modos de funcionamento&#8221;][vc_column_text]<strong>8 modos de igni\u00e7\u00e3o<\/strong>[\/vc_column_text][\/vc_accordion_tab][vc_accordion_tab title=&#8221;Sensor&#8221;][vc_column_text]<strong>Sensor<\/strong> No[\/vc_column_text][\/vc_accordion_tab][\/vc_accordion][\/vc_column][vc_column width=&#8221;1\/2&#8243;][vc_single_image image=&#8221;13539&#8243;][\/vc_column][\/vc_row]<\/p>\n<\/div>","protected":false},"excerpt":{"rendered":"<p>Crie os seus pr\u00f3prios ambientes no seu jardim ou terra\u00e7o com a grinalda solar exterior ENIF WARM e traga um toque quente e \u00edntimo aos seus quartos com os 8 diferentes modos de funcionamento em branco quente, gra\u00e7as \u00e0s suas 30 l\u00e2mpadas em forma de l\u00e1grima. Al\u00e9m disso, pode escolher se quer coloc\u00e1-lo como um farol ou suspenso. A embalagem deste produto \u00e9 ecol\u00f3gica, ou seja, n\u00e3o inclui pl\u00e1stico.<br \/>\n<strong>Ref. ENIFWARM31<\/strong>[vc_row][vc_column offset=&#8221;vc_hidden-xs&#8221;][vc_empty_space height=&#8221;30px&#8221;][\/vc_column][\/vc_row][vc_row][vc_column][vc_row_inner][vc_column_inner][wyde_info_box icon_set=&#8221;bigmug_line&#8221; icon_bigmug_line=&#8221;bigmug-line-equalizar2&#8243; icon_position=&#8221;left&#8221; title=&#8221;8 MODOS DE IGNI\u00c7\u00c3O&#8221;]Escolha o modo de funcionamento da sua escolha[\/wyde_info_box][vc_empty_space height=&#8221;15px&#8221;][\/vc_column_inner][\/vc_row_inner][vc_row_inner][vc_column_inner][wyde_info_box icon_set=&#8221;simple_line&#8221; icon_simple_line=&#8221;sl-eye&#8221; icon_position=&#8221;left&#8221; title=&#8221;ILUMINA\u00c7\u00c3O DECORATIVA&#8221;]Criar um ambiente quente \u00fanico com a luz branca decorativa quente[\/wyde_info_box][vc_empty_space height=&#8221;15px&#8221;][\/vc_column_inner][\/vc_row_inner][vc_row_inner][vc_column_inner][wyde_info_box icon_set=&#8221;simple_line&#8221; icon_simple_line=&#8221;sl-wrench&#8221; icon_position=&#8221;left&#8221; title=&#8221;2 OP\u00c7\u00d5ES DE MONTAGEM&#8221;]Instalar o painel solar suspenso ou como um farol[\/wyde_info_box][vc_empty_space height=&#8221;15px&#8221;][\/vc_column_inner][\/vc_row_inner][\/vc_column][\/vc_row][vc_row][vc_column offset=&#8221;vc_hidden-xs&#8221;][vc_empty_space height=&#8221;60px&#8221;][\/vc_column][\/vc_row][vc_row][vc_column width=&#8221;1\/3&#8243;][wyde_link_button icon_set=&#8221;simple_line&#8221; icon_simple_line=&#8221;sl-settings&#8221; style=&#8221;round&#8221; title=&#8221;Instru\u00e7\u00f5es&#8221; link=&#8221;url:http%3A%2F%2Farteconfort.com%2Fwp-content%2Fuploads\/2021\/09\/im-ENIF-WARM.pdf||target:%20_blank|rel:nofollow&#8221; color=&#8221;#ffffff&#8221; bg_color=&#8221;#222222&#8243;][\/vc_column][vc_row][vc_column offset=&#8221;vc_hidden-xs&#8221;][vc_empty_space][\/vc_column][\/vc_row][vc_row][vc_column][vc_empty_space height=&#8221;20px&#8221;][\/vc_column][\/vc_row][vc_row background_mode=&#8221;color&#8221; background_color=&#8221;#f5f5f5&#8243;][vc_column text_align=&#8221;center&#8221;][vc_row_inner padding_size=&#8221;m-padding&#8221;][vc_column_inner text_align=&#8221;center&#8221;][vc_single_image alignment=&#8221;center&#8221; image=&#8221;1046&#8243;][vc_column_text]Encontre esta grinalda solar para venda exclusivamente em LEROY MERLIN[\/vc_column_text][vc_empty_space height=&#8221;15px&#8221;][wyde_link_button icon_set=&#8221;simple_line&#8221; icon_simple_line=&#8221;sl-login&#8221; style=&#8221;outline round&#8221; title=&#8221;Iniciar sess\u00e3o em Leroy Merlin&#8221; link=&#8221;url:http%3A%2F%2Fwww.leroymerlin.es%2Ffp%2F82051929%2Fguirnalda-solar-arte-lagrima-enif||target:%20_blank|rel:nofollow&#8221; color=&#8221;#61b4e4&#8243; hover_color=&#8221;#ffffff&#8221;][\/vc_column_inner][\/vc_row_inner][\/vc_column][\/vc_row]<\/p>\n","protected":false},"featured_media":51576,"template":"","meta":[],"product_brand":[],"product_cat":[341,338],"product_tag":[],"class_list":{"0":"post-13547","1":"product","2":"type-product","3":"status-publish","4":"has-post-thumbnail","6":"product_cat-iluminacion-solar-de-pared-pt-pt","7":"product_cat-solar-pt-pt","9":"first","10":"instock","11":"shipping-taxable","12":"product-type-external"},"yoast_head":"<!-- This site is optimized with the Yoast SEO plugin v26.5 - https:\/\/yoast.com\/wordpress\/plugins\/seo\/ -->\n<title>ENIF WARM - Pared, Solar - Arteconfort<\/title>\n<meta name=\"description\" content=\"Crie os seus pr\u00f3prios ambientes no seu jardim ou terra\u00e7o com a grinalda solar exterior ENIF WARM e traga um toque quente e \u00edntimo aos seus quartos com os 8 diferentes modos de funcionamento em branco quente, gra\u00e7as \u00e0s suas 30 l\u00e2mpadas em forma de l\u00e1grima. Al\u00e9m disso, pode escolher se quer coloc\u00e1-lo como um farol ou suspenso. A embalagem deste produto \u00e9 ecol\u00f3gica, ou seja, n\u00e3o inclui pl\u00e1stico. Ref. ENIFWARM31Escolha o modo de funcionamento da sua escolhaCriar um ambiente quente \u00fanico com a luz branca decorativa quenteInstalar o painel solar suspenso ou como um farolEncontre esta grinalda solar para venda exclusivamente em LEROY MERLIN\" \/>\n<meta name=\"robots\" content=\"index, follow, max-snippet:-1, max-image-preview:large, max-video-preview:-1\" \/>\n<link rel=\"canonical\" href=\"https:\/\/arteconfort.com\/pt-pt\/producto\/enif-warm\/\" \/>\n<meta property=\"og:locale\" content=\"pt_PT\" \/>\n<meta property=\"og:type\" content=\"article\" \/>\n<meta property=\"og:title\" content=\"ENIF WARM - Pared, Solar - Arteconfort\" \/>\n<meta property=\"og:description\" content=\"Crie os seus pr\u00f3prios ambientes no seu jardim ou terra\u00e7o com a grinalda solar exterior ENIF WARM e traga um toque quente e \u00edntimo aos seus quartos com os 8 diferentes modos de funcionamento em branco quente, gra\u00e7as \u00e0s suas 30 l\u00e2mpadas em forma de l\u00e1grima. Al\u00e9m disso, pode escolher se quer coloc\u00e1-lo como um farol ou suspenso. A embalagem deste produto \u00e9 ecol\u00f3gica, ou seja, n\u00e3o inclui pl\u00e1stico. Ref. ENIFWARM31Escolha o modo de funcionamento da sua escolhaCriar um ambiente quente \u00fanico com a luz branca decorativa quenteInstalar o painel solar suspenso ou como um farolEncontre esta grinalda solar para venda exclusivamente em LEROY MERLIN\" \/>\n<meta property=\"og:url\" content=\"https:\/\/arteconfort.com\/pt-pt\/producto\/enif-warm\/\" \/>\n<meta property=\"og:site_name\" content=\"Arteconfort\" \/>\n<meta property=\"article:modified_time\" content=\"2022-04-21T08:35:02+00:00\" \/>\n<meta property=\"og:image\" content=\"https:\/\/arteconfort.com\/wp-content\/uploads\/2025\/10\/ambiente-ENIF-WARM-7.webp\" \/>\n\t<meta property=\"og:image:width\" content=\"1024\" \/>\n\t<meta property=\"og:image:height\" content=\"1024\" \/>\n\t<meta property=\"og:image:type\" content=\"image\/webp\" \/>\n<meta name=\"twitter:card\" content=\"summary_large_image\" \/>\n<meta name=\"twitter:label1\" content=\"Tempo estimado de leitura\" \/>\n\t<meta name=\"twitter:data1\" content=\"2 minutos\" \/>\n<!-- \/ Yoast SEO plugin. -->","yoast_head_json":{"title":"ENIF WARM - Pared, Solar - Arteconfort","description":"Crie os seus pr\u00f3prios ambientes no seu jardim ou terra\u00e7o com a grinalda solar exterior ENIF WARM e traga um toque quente e \u00edntimo aos seus quartos com os 8 diferentes modos de funcionamento em branco quente, gra\u00e7as \u00e0s suas 30 l\u00e2mpadas em forma de l\u00e1grima. Al\u00e9m disso, pode escolher se quer coloc\u00e1-lo como um farol ou suspenso. A embalagem deste produto \u00e9 ecol\u00f3gica, ou seja, n\u00e3o inclui pl\u00e1stico. Ref. ENIFWARM31Escolha o modo de funcionamento da sua escolhaCriar um ambiente quente \u00fanico com a luz branca decorativa quenteInstalar o painel solar suspenso ou como um farolEncontre esta grinalda solar para venda exclusivamente em LEROY MERLIN","robots":{"index":"index","follow":"follow","max-snippet":"max-snippet:-1","max-image-preview":"max-image-preview:large","max-video-preview":"max-video-preview:-1"},"canonical":"https:\/\/arteconfort.com\/pt-pt\/producto\/enif-warm\/","og_locale":"pt_PT","og_type":"article","og_title":"ENIF WARM - Pared, Solar - Arteconfort","og_description":"Crie os seus pr\u00f3prios ambientes no seu jardim ou terra\u00e7o com a grinalda solar exterior ENIF WARM e traga um toque quente e \u00edntimo aos seus quartos com os 8 diferentes modos de funcionamento em branco quente, gra\u00e7as \u00e0s suas 30 l\u00e2mpadas em forma de l\u00e1grima. Al\u00e9m disso, pode escolher se quer coloc\u00e1-lo como um farol ou suspenso. A embalagem deste produto \u00e9 ecol\u00f3gica, ou seja, n\u00e3o inclui pl\u00e1stico. Ref. ENIFWARM31Escolha o modo de funcionamento da sua escolhaCriar um ambiente quente \u00fanico com a luz branca decorativa quenteInstalar o painel solar suspenso ou como um farolEncontre esta grinalda solar para venda exclusivamente em LEROY MERLIN","og_url":"https:\/\/arteconfort.com\/pt-pt\/producto\/enif-warm\/","og_site_name":"Arteconfort","article_modified_time":"2022-04-21T08:35:02+00:00","og_image":[{"width":1024,"height":1024,"url":"https:\/\/arteconfort.com\/wp-content\/uploads\/2025\/10\/ambiente-ENIF-WARM-7.webp","type":"image\/webp"}],"twitter_card":"summary_large_image","twitter_misc":{"Tempo estimado de leitura":"2 minutos"},"schema":{"@context":"https:\/\/schema.org","@graph":[{"@type":"WebPage","@id":"https:\/\/arteconfort.com\/pt-pt\/producto\/enif-warm\/","url":"https:\/\/arteconfort.com\/pt-pt\/producto\/enif-warm\/","name":"ENIF WARM - Pared, Solar - Arteconfort","isPartOf":{"@id":"https:\/\/arteconfort.com\/pt-pt\/#website"},"primaryImageOfPage":{"@id":"https:\/\/arteconfort.com\/pt-pt\/producto\/enif-warm\/#primaryimage"},"image":{"@id":"https:\/\/arteconfort.com\/pt-pt\/producto\/enif-warm\/#primaryimage"},"thumbnailUrl":"https:\/\/arteconfort.com\/wp-content\/uploads\/2025\/10\/ambiente-ENIF-WARM-7.webp","datePublished":"2021-09-13T09:29:17+00:00","dateModified":"2022-04-21T08:35:02+00:00","description":"Crie os seus pr\u00f3prios ambientes no seu jardim ou terra\u00e7o com a grinalda solar exterior ENIF WARM e traga um toque quente e \u00edntimo aos seus quartos com os 8 diferentes modos de funcionamento em branco quente, gra\u00e7as \u00e0s suas 30 l\u00e2mpadas em forma de l\u00e1grima. Al\u00e9m disso, pode escolher se quer coloc\u00e1-lo como um farol ou suspenso. A embalagem deste produto \u00e9 ecol\u00f3gica, ou seja, n\u00e3o inclui pl\u00e1stico. Ref. ENIFWARM31Escolha o modo de funcionamento da sua escolhaCriar um ambiente quente \u00fanico com a luz branca decorativa quenteInstalar o painel solar suspenso ou como um farolEncontre esta grinalda solar para venda exclusivamente em LEROY MERLIN","breadcrumb":{"@id":"https:\/\/arteconfort.com\/pt-pt\/producto\/enif-warm\/#breadcrumb"},"inLanguage":"pt-PT","potentialAction":[{"@type":"ReadAction","target":["https:\/\/arteconfort.com\/pt-pt\/producto\/enif-warm\/"]}]},{"@type":"ImageObject","inLanguage":"pt-PT","@id":"https:\/\/arteconfort.com\/pt-pt\/producto\/enif-warm\/#primaryimage","url":"https:\/\/arteconfort.com\/wp-content\/uploads\/2025\/10\/ambiente-ENIF-WARM-7.webp","contentUrl":"https:\/\/arteconfort.com\/wp-content\/uploads\/2025\/10\/ambiente-ENIF-WARM-7.webp","width":1024,"height":1024},{"@type":"BreadcrumbList","@id":"https:\/\/arteconfort.com\/pt-pt\/producto\/enif-warm\/#breadcrumb","itemListElement":[{"@type":"ListItem","position":1,"name":"Inicio","item":"https:\/\/arteconfort.com\/pt-pt\/"},{"@type":"ListItem","position":2,"name":"Tienda","item":"https:\/\/arteconfort.com\/pt-pt\/tienda-2\/"},{"@type":"ListItem","position":3,"name":"ENIF WARM"}]},{"@type":"WebSite","@id":"https:\/\/arteconfort.com\/pt-pt\/#website","url":"https:\/\/arteconfort.com\/pt-pt\/","name":"Arteconfort","description":"Especialistas en productos del hogar","publisher":{"@id":"https:\/\/arteconfort.com\/pt-pt\/#organization"},"potentialAction":[{"@type":"SearchAction","target":{"@type":"EntryPoint","urlTemplate":"https:\/\/arteconfort.com\/pt-pt\/?s={search_term_string}"},"query-input":{"@type":"PropertyValueSpecification","valueRequired":true,"valueName":"search_term_string"}}],"inLanguage":"pt-PT"},{"@type":"Organization","@id":"https:\/\/arteconfort.com\/pt-pt\/#organization","name":"Arteconfort","url":"https:\/\/arteconfort.com\/pt-pt\/","logo":{"@type":"ImageObject","inLanguage":"pt-PT","@id":"https:\/\/arteconfort.com\/pt-pt\/#\/schema\/logo\/image\/","url":"https:\/\/arteconfort.com\/wp-content\/uploads\/2019\/07\/logo-arteconfort.png","contentUrl":"https:\/\/arteconfort.com\/wp-content\/uploads\/2019\/07\/logo-arteconfort.png","width":230,"height":88,"caption":"Arteconfort"},"image":{"@id":"https:\/\/arteconfort.com\/pt-pt\/#\/schema\/logo\/image\/"}}]}},"_links":{"self":[{"href":"https:\/\/arteconfort.com\/pt-pt\/wp-json\/wp\/v2\/product\/13547","targetHints":{"allow":["GET"]}}],"collection":[{"href":"https:\/\/arteconfort.com\/pt-pt\/wp-json\/wp\/v2\/product"}],"about":[{"href":"https:\/\/arteconfort.com\/pt-pt\/wp-json\/wp\/v2\/types\/product"}],"wp:featuredmedia":[{"embeddable":true,"href":"https:\/\/arteconfort.com\/pt-pt\/wp-json\/wp\/v2\/media\/51576"}],"wp:attachment":[{"href":"https:\/\/arteconfort.com\/pt-pt\/wp-json\/wp\/v2\/media?parent=13547"}],"wp:term":[{"taxonomy":"product_brand","embeddable":true,"href":"https:\/\/arteconfort.com\/pt-pt\/wp-json\/wp\/v2\/product_brand?post=13547"},{"taxonomy":"product_cat","embeddable":true,"href":"https:\/\/arteconfort.com\/pt-pt\/wp-json\/wp\/v2\/product_cat?post=13547"},{"taxonomy":"product_tag","embeddable":true,"href":"https:\/\/arteconfort.com\/pt-pt\/wp-json\/wp\/v2\/product_tag?post=13547"}],"curies":[{"name":"wp","href":"https:\/\/api.w.org\/{rel}","templated":true}]}}