{"id":13623,"date":"2021-09-13T12:23:32","date_gmt":"2021-09-13T10:23:32","guid":{"rendered":"https:\/\/arteconfort.com\/?post_type=product&#038;p=13623"},"modified":"2022-09-27T09:43:14","modified_gmt":"2022-09-27T07:43:14","slug":"orion","status":"publish","type":"product","link":"https:\/\/arteconfort.com\/pt-pt\/producto\/orion\/","title":{"rendered":"ORI\u00d3N"},"content":{"rendered":"<div class=\"wpb-content-wrapper\"><p>[vc_row][vc_column][vc_row_inner][vc_column_inner width=&#8221;1\/4&#8243; offset=&#8221;vc_col-xs-6&#8243;][wyde_info_box icon_set=&#8221;simple_line&#8221; icon_simple_line=&#8221;sl-logout&#8221; title=&#8221;IP 65&#8243;]Para utiliza\u00e7\u00e3o no exterior em todas as condi\u00e7\u00f5es climat\u00e9ricas[\/wyde_info_box][\/vc_column_inner][vc_column_inner width=&#8221;1\/4&#8243; offset=&#8221;vc_col-xs-6&#8243;][wyde_info_box icon_set=&#8221;bigmug_line&#8221; icon_bigmug_line=&#8221;bigmug-line-video&#8221; title=&#8221;\u00c1REA DE PROJEC\u00c7\u00c3O AT\u00c9 40M2&#8243;]Pode usar o projector a uma dist\u00e2ncia m\u00e1xima de 40m2[\/wyde_info_box][\/vc_column_inner][vc_column_inner width=&#8221;1\/4&#8243; offset=&#8221;vc_col-xs-6&#8243;][wyde_info_box icon_set=&#8221;simple_line&#8221; icon_simple_line=&#8221;bigmug-line-clock&#8221; title=&#8221;2.000 HORAS DE VIDA \u00daTIL&#8221;]Para uma vida mais longa[\/wyde_info_box][\/vc_column_inner][\/vc_row_inner][vc_row_inner][vc_column_inner offset=&#8221;vc_hidden-xs&#8221;][vc_empty_space height=&#8221;60px&#8221;][\/vc_column_inner][\/vc_row_inner][\/vc_column][\/vc_row][vc_row][vc_column width=&#8221;1\/2&#8243;][vc_accordion collapsible=&#8221;true&#8221; active_tab=&#8221;false&#8221;][vc_accordion_tab title=&#8221;Caracter\u00edsticas mec\u00e2nicas&#8221;][vc_column_text]<strong>Dimens\u00f5es<\/strong> 29x13x9cm<em><br \/>\n<\/em><strong>Material<\/strong> ABS<br \/>\n<strong>Acabamento<\/strong> Noir<br \/>\n<strong>IP<\/strong> 65<br \/>\n<strong>Garantia<\/strong> 2 anos[\/vc_column_text][\/vc_accordion_tab][vc_accordion_tab title=&#8221;Caracter\u00edsticas \u00f3pticas&#8221;][vc_column_text]<br \/>\n<strong>Vida \u00fatil<\/strong> 2.000h<br \/>\n<b>N\u00famero de LEDs <\/b>4<br \/>\n<strong>Tens\u00e3o<\/strong> 100-240Vac 50\/60Hz<br \/>\n<strong>Energia<\/strong> 6W<strong><br \/>\n\u00c2ngulo de abertura<\/strong> 120\u00ba<br \/>\n<strong>N\u00famero de igni\u00e7\u00f5es<\/strong> 2.000[\/vc_column_text][\/vc_accordion_tab][vc_accordion_tab title=&#8221;Comando&#8221;][vc_column_text]<strong>Pilhas inclu\u00edda<\/strong>s Sim<br \/>\n<strong>Tipo de pilha<\/strong> CR2025[\/vc_column_text][\/vc_accordion_tab][\/vc_accordion][\/vc_column][vc_column width=&#8221;1\/2&#8243;][vc_single_image image=&#8221;13560&#8243;][\/vc_column][\/vc_row]<\/p>\n<\/div>","protected":false},"excerpt":{"rendered":"<p>Decore a parede da sua fachada com o projector ORION durante os momentos mais especiais do ano: Natal, Dia dos Namorados, anivers\u00e1rios, Halloween, etc., e torne os seus exteriores no centro das aten\u00e7\u00f5es. O produto inclui 6 cart\u00f5es com diferentes modelos e um controlo remoto, al\u00e9m disso, a embalagem \u00e9 ecol\u00f3gica, ou seja, n\u00e3o inclui pl\u00e1stico.<br \/>\n<strong>Ref. ORIONNG115<\/strong>[vc_row][vc_column offset=&#8221;vc_hidden-xs&#8221;][vc_empty_space height=&#8221;30px&#8221;][\/vc_column][\/vc_row][vc_row][vc_column][vc_row_inner][vc_column_inner][wyde_info_box icon_set=&#8221;simple_line&#8221; icon_simple_line=&#8221;sl-bulb&#8221; icon_position=&#8221;left&#8221; title=&#8221;4 LEDs&#8221;]Decorem os vossos quartos enquanto poupam energia[\/wyde_info_box][vc_empty_space height=&#8221;15px&#8221;][\/vc_column_inner][\/vc_row_inner][vc_row_inner][vc_column_inner][wyde_info_box icon_set=&#8221;simple_line&#8221; icon_simple_line=&#8221;bigmug-line-images&#8221; icon_position=&#8221;left&#8221; title=&#8221;6 CART\u00d5ES COM DIFERENTES MODELOS&#8221;]Escolher o mais adequado para a \u00e9poca do ano[\/wyde_info_box][vc_empty_space height=&#8221;15px&#8221;][vc_row_inner][vc_column_inner][wyde_info_box icon_set=&#8221;simple_line&#8221; icon_simple_line=&#8221;sl-power&#8221; icon_position=&#8221;left&#8221; title=&#8221;PLUG INCLU\u00cdDO&#8221;]Para um carregamento mais f\u00e1cil[\/wyde_info_box][vc_empty_space height=&#8221;15px&#8221;][vc_row_inner][vc_column_inner][wyde_info_box icon_set=&#8221;simple_line&#8221; icon_simple_line=&#8221;sl-mouse&#8221; icon_position=&#8221;left&#8221; title=&#8221;INCLUINDO CONTROLO REMOTO&#8221;]At\u00e9 15 metros[\/wyde_info_box][vc_empty_space height=&#8221;15px&#8221;][\/vc_column_inner][\/vc_row_inner][vc_row][vc_column offset=&#8221;vc_hidden-xs&#8221;][vc_empty_space height=&#8221;60px&#8221;][\/vc_column][\/vc_row][vc_row][vc_column width=&#8221;1\/3&#8243;][wyde_link_button icon_set=&#8221;simple_line&#8221; icon_simple_line=&#8221;sl-settings&#8221; style=&#8221;round&#8221; title=&#8221;Instru\u00e7\u00f5es&#8221; link=&#8221;url:http%3A%2F%2Farteconfort.com%2Fwp-content\/uploads\/2021\/09\/im-ORION.pdf||target:%20_blank|rel:nofollow&#8221; color=&#8221;#ffffff&#8221; bg_color=&#8221;#222222&#8243;][\/vc_column][vc_column width=&#8221;1\/3&#8243;][\/vc_column][\/vc_row][vc_row][vc_column offset=&#8221;vc_hidden-xs&#8221;][vc_empty_space][\/vc_column][\/vc_row]<\/p>\n","protected":false},"featured_media":19720,"template":"","meta":[],"product_brand":[],"product_cat":[407],"product_tag":[],"class_list":{"0":"post-13623","1":"product","2":"type-product","3":"status-publish","4":"has-post-thumbnail","6":"product_cat-descatalogados-pt-pt","8":"first","9":"instock","10":"shipping-taxable","11":"product-type-simple"},"yoast_head":"<!-- This site is optimized with the Yoast SEO plugin v26.5 - https:\/\/yoast.com\/wordpress\/plugins\/seo\/ -->\n<title>ORI\u00d3N - Descatalogados - Arteconfort<\/title>\n<meta name=\"description\" content=\"Decore a parede da sua fachada com o projector ORION durante os momentos mais especiais do ano: Natal, Dia dos Namorados, anivers\u00e1rios, Halloween, etc., e torne os seus exteriores no centro das aten\u00e7\u00f5es. O produto inclui 6 cart\u00f5es com diferentes modelos e um controlo remoto, al\u00e9m disso, a embalagem \u00e9 ecol\u00f3gica, ou seja, n\u00e3o inclui pl\u00e1stico. Ref. ORIONNG115Decorem os vossos quartos enquanto poupam energiaEscolher o mais adequado para a \u00e9poca do anoPara um carregamento mais f\u00e1cilAt\u00e9 15 metros\" \/>\n<meta name=\"robots\" content=\"index, follow, max-snippet:-1, max-image-preview:large, max-video-preview:-1\" \/>\n<link rel=\"canonical\" href=\"https:\/\/arteconfort.com\/pt-pt\/producto\/orion\/\" \/>\n<meta property=\"og:locale\" content=\"pt_PT\" \/>\n<meta property=\"og:type\" content=\"article\" \/>\n<meta property=\"og:title\" content=\"ORI\u00d3N - Descatalogados - Arteconfort\" \/>\n<meta property=\"og:description\" content=\"Decore a parede da sua fachada com o projector ORION durante os momentos mais especiais do ano: Natal, Dia dos Namorados, anivers\u00e1rios, Halloween, etc., e torne os seus exteriores no centro das aten\u00e7\u00f5es. O produto inclui 6 cart\u00f5es com diferentes modelos e um controlo remoto, al\u00e9m disso, a embalagem \u00e9 ecol\u00f3gica, ou seja, n\u00e3o inclui pl\u00e1stico. Ref. ORIONNG115Decorem os vossos quartos enquanto poupam energiaEscolher o mais adequado para a \u00e9poca do anoPara um carregamento mais f\u00e1cilAt\u00e9 15 metros\" \/>\n<meta property=\"og:url\" content=\"https:\/\/arteconfort.com\/pt-pt\/producto\/orion\/\" \/>\n<meta property=\"og:site_name\" content=\"Arteconfort\" \/>\n<meta property=\"article:modified_time\" content=\"2022-09-27T07:43:14+00:00\" \/>\n<meta property=\"og:image\" content=\"https:\/\/arteconfort.com\/wp-content\/uploads\/2021\/09\/ORION-pack-1.jpg\" \/>\n\t<meta property=\"og:image:width\" content=\"1024\" \/>\n\t<meta property=\"og:image:height\" content=\"1024\" \/>\n\t<meta property=\"og:image:type\" content=\"image\/jpeg\" \/>\n<meta name=\"twitter:card\" content=\"summary_large_image\" \/>\n<meta name=\"twitter:label1\" content=\"Tempo estimado de leitura\" \/>\n\t<meta name=\"twitter:data1\" content=\"1 minuto\" \/>\n<!-- \/ Yoast SEO plugin. -->","yoast_head_json":{"title":"ORI\u00d3N - Descatalogados - Arteconfort","description":"Decore a parede da sua fachada com o projector ORION durante os momentos mais especiais do ano: Natal, Dia dos Namorados, anivers\u00e1rios, Halloween, etc., e torne os seus exteriores no centro das aten\u00e7\u00f5es. O produto inclui 6 cart\u00f5es com diferentes modelos e um controlo remoto, al\u00e9m disso, a embalagem \u00e9 ecol\u00f3gica, ou seja, n\u00e3o inclui pl\u00e1stico. Ref. ORIONNG115Decorem os vossos quartos enquanto poupam energiaEscolher o mais adequado para a \u00e9poca do anoPara um carregamento mais f\u00e1cilAt\u00e9 15 metros","robots":{"index":"index","follow":"follow","max-snippet":"max-snippet:-1","max-image-preview":"max-image-preview:large","max-video-preview":"max-video-preview:-1"},"canonical":"https:\/\/arteconfort.com\/pt-pt\/producto\/orion\/","og_locale":"pt_PT","og_type":"article","og_title":"ORI\u00d3N - Descatalogados - Arteconfort","og_description":"Decore a parede da sua fachada com o projector ORION durante os momentos mais especiais do ano: Natal, Dia dos Namorados, anivers\u00e1rios, Halloween, etc., e torne os seus exteriores no centro das aten\u00e7\u00f5es. O produto inclui 6 cart\u00f5es com diferentes modelos e um controlo remoto, al\u00e9m disso, a embalagem \u00e9 ecol\u00f3gica, ou seja, n\u00e3o inclui pl\u00e1stico. Ref. ORIONNG115Decorem os vossos quartos enquanto poupam energiaEscolher o mais adequado para a \u00e9poca do anoPara um carregamento mais f\u00e1cilAt\u00e9 15 metros","og_url":"https:\/\/arteconfort.com\/pt-pt\/producto\/orion\/","og_site_name":"Arteconfort","article_modified_time":"2022-09-27T07:43:14+00:00","og_image":[{"width":1024,"height":1024,"url":"https:\/\/arteconfort.com\/wp-content\/uploads\/2021\/09\/ORION-pack-1.jpg","type":"image\/jpeg"}],"twitter_card":"summary_large_image","twitter_misc":{"Tempo estimado de leitura":"1 minuto"},"schema":{"@context":"https:\/\/schema.org","@graph":[{"@type":"WebPage","@id":"https:\/\/arteconfort.com\/pt-pt\/producto\/orion\/","url":"https:\/\/arteconfort.com\/pt-pt\/producto\/orion\/","name":"ORI\u00d3N - Descatalogados - Arteconfort","isPartOf":{"@id":"https:\/\/arteconfort.com\/pt-pt\/#website"},"primaryImageOfPage":{"@id":"https:\/\/arteconfort.com\/pt-pt\/producto\/orion\/#primaryimage"},"image":{"@id":"https:\/\/arteconfort.com\/pt-pt\/producto\/orion\/#primaryimage"},"thumbnailUrl":"https:\/\/arteconfort.com\/wp-content\/uploads\/2021\/09\/ORION-pack-1.jpg","datePublished":"2021-09-13T10:23:32+00:00","dateModified":"2022-09-27T07:43:14+00:00","description":"Decore a parede da sua fachada com o projector ORION durante os momentos mais especiais do ano: Natal, Dia dos Namorados, anivers\u00e1rios, Halloween, etc., e torne os seus exteriores no centro das aten\u00e7\u00f5es. O produto inclui 6 cart\u00f5es com diferentes modelos e um controlo remoto, al\u00e9m disso, a embalagem \u00e9 ecol\u00f3gica, ou seja, n\u00e3o inclui pl\u00e1stico. Ref. ORIONNG115Decorem os vossos quartos enquanto poupam energiaEscolher o mais adequado para a \u00e9poca do anoPara um carregamento mais f\u00e1cilAt\u00e9 15 metros","breadcrumb":{"@id":"https:\/\/arteconfort.com\/pt-pt\/producto\/orion\/#breadcrumb"},"inLanguage":"pt-PT","potentialAction":[{"@type":"ReadAction","target":["https:\/\/arteconfort.com\/pt-pt\/producto\/orion\/"]}]},{"@type":"ImageObject","inLanguage":"pt-PT","@id":"https:\/\/arteconfort.com\/pt-pt\/producto\/orion\/#primaryimage","url":"https:\/\/arteconfort.com\/wp-content\/uploads\/2021\/09\/ORION-pack-1.jpg","contentUrl":"https:\/\/arteconfort.com\/wp-content\/uploads\/2021\/09\/ORION-pack-1.jpg","width":1024,"height":1024,"caption":"Pack ORI\u00d3N"},{"@type":"BreadcrumbList","@id":"https:\/\/arteconfort.com\/pt-pt\/producto\/orion\/#breadcrumb","itemListElement":[{"@type":"ListItem","position":1,"name":"Inicio","item":"https:\/\/arteconfort.com\/pt-pt\/"},{"@type":"ListItem","position":2,"name":"Tienda","item":"https:\/\/arteconfort.com\/pt-pt\/tienda-2\/"},{"@type":"ListItem","position":3,"name":"ORI\u00d3N"}]},{"@type":"WebSite","@id":"https:\/\/arteconfort.com\/pt-pt\/#website","url":"https:\/\/arteconfort.com\/pt-pt\/","name":"Arteconfort","description":"Especialistas en productos del hogar","publisher":{"@id":"https:\/\/arteconfort.com\/pt-pt\/#organization"},"potentialAction":[{"@type":"SearchAction","target":{"@type":"EntryPoint","urlTemplate":"https:\/\/arteconfort.com\/pt-pt\/?s={search_term_string}"},"query-input":{"@type":"PropertyValueSpecification","valueRequired":true,"valueName":"search_term_string"}}],"inLanguage":"pt-PT"},{"@type":"Organization","@id":"https:\/\/arteconfort.com\/pt-pt\/#organization","name":"Arteconfort","url":"https:\/\/arteconfort.com\/pt-pt\/","logo":{"@type":"ImageObject","inLanguage":"pt-PT","@id":"https:\/\/arteconfort.com\/pt-pt\/#\/schema\/logo\/image\/","url":"https:\/\/arteconfort.com\/wp-content\/uploads\/2019\/07\/logo-arteconfort.png","contentUrl":"https:\/\/arteconfort.com\/wp-content\/uploads\/2019\/07\/logo-arteconfort.png","width":230,"height":88,"caption":"Arteconfort"},"image":{"@id":"https:\/\/arteconfort.com\/pt-pt\/#\/schema\/logo\/image\/"}}]}},"_links":{"self":[{"href":"https:\/\/arteconfort.com\/pt-pt\/wp-json\/wp\/v2\/product\/13623","targetHints":{"allow":["GET"]}}],"collection":[{"href":"https:\/\/arteconfort.com\/pt-pt\/wp-json\/wp\/v2\/product"}],"about":[{"href":"https:\/\/arteconfort.com\/pt-pt\/wp-json\/wp\/v2\/types\/product"}],"wp:featuredmedia":[{"embeddable":true,"href":"https:\/\/arteconfort.com\/pt-pt\/wp-json\/wp\/v2\/media\/19720"}],"wp:attachment":[{"href":"https:\/\/arteconfort.com\/pt-pt\/wp-json\/wp\/v2\/media?parent=13623"}],"wp:term":[{"taxonomy":"product_brand","embeddable":true,"href":"https:\/\/arteconfort.com\/pt-pt\/wp-json\/wp\/v2\/product_brand?post=13623"},{"taxonomy":"product_cat","embeddable":true,"href":"https:\/\/arteconfort.com\/pt-pt\/wp-json\/wp\/v2\/product_cat?post=13623"},{"taxonomy":"product_tag","embeddable":true,"href":"https:\/\/arteconfort.com\/pt-pt\/wp-json\/wp\/v2\/product_tag?post=13623"}],"curies":[{"name":"wp","href":"https:\/\/api.w.org\/{rel}","templated":true}]}}