{"id":13703,"date":"2021-09-13T14:04:02","date_gmt":"2021-09-13T12:04:02","guid":{"rendered":"https:\/\/arteconfort.com\/?post_type=product&#038;p=13703"},"modified":"2022-04-21T11:00:03","modified_gmt":"2022-04-21T09:00:03","slug":"indus","status":"publish","type":"product","link":"https:\/\/arteconfort.com\/pt-pt\/producto\/indus\/","title":{"rendered":"INDUS"},"content":{"rendered":"<div class=\"wpb-content-wrapper\"><p>[vc_row][vc_column][vc_row_inner][vc_column_inner width=&#8221;1\/4&#8243; offset=&#8221;vc_col-xs-6&#8243;][wyde_info_box icon_set=&#8221;bigmug_line&#8221; icon_bigmug_line=&#8221;bigmug-line-foggy-sun&#8221; title=&#8221;MAIOR EFICI\u00caNCIA E CAPACIDADE DA BATERIA&#8221;]Para uma autonomia mais duradoura[\/wyde_info_box][\/vc_column_inner][vc_column_inner width=&#8221;1\/4&#8243; offset=&#8221;vc_col-xs-6&#8243;][wyde_info_box icon_set=&#8221;simple_line&#8221; icon_simple_line=&#8221;sl-bulb&#8221; title=&#8221;3000K TEMPERATURA DE COR&#8221;]Ajuda a regular os ciclos circadianos[\/wyde_info_box][\/vc_column_inner][vc_column_inner width=&#8221;1\/4&#8243; offset=&#8221;vc_col-xs-6&#8243;][wyde_info_box icon_set=&#8221;simple_line&#8221; icon_simple_line=&#8221;sl-power&#8221; title=&#8221;F\u00c1CIL IGNI\u00c7\u00c3O&#8221;]Tem dois bot\u00f5es: ON\/OFF e altera\u00e7\u00e3o do modo de opera\u00e7\u00e3o[\/wyde_info_box][\/vc_column_inner][vc_column_inner width=&#8221;1\/4&#8243; offset=&#8221;vc_col-xs-6&#8243;][wyde_info_box icon_set=&#8221;simple_line&#8221; icon_simple_line=&#8221;sl-like&#8221; title=&#8221;F\u00c1CIL INSTALA\u00c7\u00c3O&#8221;]Basta enfiar o painel solar no ch\u00e3o e pendurar a grinalda, sem liga\u00e7\u00f5es el\u00e9ctricas[\/wyde_info_box][\/vc_column_inner][\/vc_row_inner][vc_row_inner][vc_column_inner offset=&#8221;vc_hidden-xs&#8221;][vc_empty_space][\/vc_column_inner][\/vc_row_inner][vc_row_inner][vc_column_inner offset=&#8221;vc_hidden-xs&#8221;][vc_empty_space height=&#8221;60px&#8221;][\/vc_column_inner][\/vc_row_inner][\/vc_column][vc_row][vc_column width=&#8221;1\/2&#8243;][vc_accordion collapsible=&#8221;true&#8221; active_tab=&#8221;false&#8221;][vc_accordion_tab title=&#8221;Caracter\u00edsticas gerais&#8221;][vc_column_text]<strong>Dimens\u00f5es<\/strong> 9,5m<br \/>\n<strong>Material<\/strong> ABS<br \/>\n<strong>Acabamento<\/strong> Prata\/Transparente<br \/>\n<strong>IP<\/strong> 65<br \/>\n<strong>Garantia<\/strong> 3 anos[\/vc_column_text][\/vc_accordion_tab][vc_accordion_tab title=&#8221;Painel solar&#8221;][vc_column_text]<strong>Material<\/strong> Policristalino<br \/>\n<strong>Tipo de encapsulamento <\/strong>Silicone<strong><br \/>\nVoltagem<\/strong> 2V[\/vc_column_text][\/vc_accordion_tab][vc_accordion_tab title=&#8221;Bateria&#8221;][vc_column_text]<strong>Tipo de bateria<\/strong>\u00a0AA Ni-MH<br \/>\n<strong>Tens\u00e3o de carregamento<\/strong> 1,2V<br \/>\n<strong>Capacidade<\/strong> 600mAh<br \/>\n<strong>Tempo de carga<\/strong> 8-12h<br \/>\n<strong>Autonomia<\/strong> 8h[\/vc_column_text][\/vc_accordion_tab][vc_accordion_tab title=&#8221;LED&#8221;][vc_column_text]<strong>N\u00famero de LEDs<\/strong> 50<br \/>\n<strong>Tipo de LED<\/strong> SMD<br \/>\n<strong>\u00c2ngulo de abertura<\/strong> 360\u00ba<br \/>\n<strong>Vida \u00fatil<\/strong> 15.000 horas<br \/>\n<strong>CCT<\/strong> 3000k[\/vc_column_text][\/vc_accordion_tab][vc_accordion_tab title=&#8221;Modos de funcionamiento&#8221;][vc_column_text]<strong>8 modos de igni\u00e7\u00e3o<\/strong>[\/vc_column_text][\/vc_accordion_tab][vc_accordion_tab title=&#8221;Sensor&#8221;][vc_column_text]<strong>Sensor<\/strong> N\u00e3o[\/vc_column_text][\/vc_accordion_tab][\/vc_accordion][\/vc_column][vc_column width=&#8221;1\/2&#8243;][vc_single_image image=&#8221;13639&#8243;][\/vc_column][\/vc_row]<\/p>\n<\/div>","protected":false},"excerpt":{"rendered":"<p>Decore as suas salas exteriores em qualquer altura do ano com esta grinalda solar de 50 l\u00e2mpadas LED, dando um toque \u00edntimo e \u00fanico aos seus ambientes, gra\u00e7as ao tom branco quente da luz. Incorpora 8 modos de funcionamento diferentes com uma autonomia de 8 horas. Al\u00e9m disso, pode escolher se os quer colocar como farol ou como suspensos. A embalagem deste produto \u00e9 ecol\u00f3gica, ou seja, n\u00e3o inclui pl\u00e1stico.<br \/>\n<strong>Ref. INDUSTR31<\/strong>[vc_row][vc_column offset=&#8221;vc_hidden-xs&#8221;][vc_empty_space height=&#8221;30px&#8221;][\/vc_column][\/vc_row][vc_row][vc_column][vc_row_inner][vc_column_inner][wyde_info_box icon_set=&#8221;bigmug_line&#8221; icon_bigmug_line=&#8221;bigmug-line-equalizar2&#8243; icon_position=&#8221;left&#8221; title=&#8221;8 MODOS DE IGNI\u00c7\u00c3O&#8221;]Escolha o modo de funcionamento da sua escolha[\/wyde_info_box][vc_empty_space height=&#8221;15px&#8221;][\/vc_column_inner][\/vc_row_inner][vc_row_inner][vc_column_inner][wyde_info_box icon_set=&#8221;simple_line&#8221; icon_simple_line=&#8221;sl-eye&#8221; icon_position=&#8221;left&#8221; title=&#8221;ILUMINA\u00c7\u00c3O DECORATIVA&#8221;]Criar um ambiente quente \u00fanico com luz decorativa em tom branco quente[\/wyde_info_box][vc_empty_space height=&#8221;15px&#8221;][\/vc_column_inner][\/vc_row_inner][vc_row_inner][vc_column_inner][wyde_info_box icon_set=&#8221;simple_line&#8221; icon_simple_line=&#8221;sl-wrench&#8221; icon_position=&#8221;left&#8221; title=&#8221;2 OP\u00c7\u00d5ES DE MONTAGEM&#8221;]Instalar o painel solar suspenso ou como um farol[\/wyde_info_box][vc_empty_space height=&#8221;15px&#8221;][\/vc_column_inner][\/vc_row_inner][\/vc_column][\/vc_row][vc_row][vc_column offset=&#8221;vc_hidden-xs&#8221;][vc_empty_space height=&#8221;60px&#8221;][\/vc_column][\/vc_row][vc_row][vc_column width=&#8221;1\/3&#8243;][wyde_link_button icon_set=&#8221;simple_line&#8221; icon_simple_line=&#8221;sl-settings&#8221; style=&#8221;round&#8221; title=&#8221;Instru\u00e7\u00f5es&#8221; link=&#8221;url:http%3A%2F%2Farteconfort.com%2Fwp-content\/uploads\/2021\/09\/im-INDUS.pdf||target:%20_blank|rel:nofollow&#8221; color=&#8221;#ffffff&#8221; bg_color=&#8221;#222222&#8243;][\/vc_column][vc_row][vc_column offset=&#8221;vc_hidden-xs&#8221;][vc_empty_space][\/vc_column][\/vc_row][vc_row][vc_column][vc_empty_space height=&#8221;20px&#8221;][\/vc_column][\/vc_row][vc_row background_mode=&#8221;color&#8221; background_color=&#8221;#f5f5f5&#8243;][vc_column text_align=&#8221;center&#8221;][vc_row_inner padding_size=&#8221;m-padding&#8221;][vc_column_inner text_align=&#8221;center&#8221;][vc_single_image alignment=&#8221;center&#8221; image=&#8221;1046&#8243;][vc_column_text]Encontre esta grinalda solar para venda exclusivamente em LEROY MERLIN[\/vc_column_text][vc_empty_space height=&#8221;15px&#8221;][wyde_link_button icon_set=&#8221;simple_line&#8221; icon_simple_line=&#8221;sl-login&#8221; style=&#8221;outline round&#8221; title=&#8221;Entrar para Leroy Merlin&#8221; link=&#8221;url:https%3A%2F%2Fwww.leroymerlin.es%2Ffp%2F82925994%2Fguirnalda-solar-indus-de-950-cm-50-luces-ip65||target:%20_blank|rel:nofollow&#8221; color=&#8221;#61b4e4&#8243; hover_color=&#8221;#ffffff&#8221;][\/vc_column_inner][\/vc_row_inner][\/vc_column][\/vc_row]<\/p>\n","protected":false},"featured_media":31938,"template":"","meta":[],"product_brand":[],"product_cat":[407],"product_tag":[],"class_list":{"0":"post-13703","1":"product","2":"type-product","3":"status-publish","4":"has-post-thumbnail","6":"product_cat-descatalogados-pt-pt","8":"first","9":"instock","10":"shipping-taxable","11":"product-type-external"},"yoast_head":"<!-- This site is optimized with the Yoast SEO plugin v26.5 - https:\/\/yoast.com\/wordpress\/plugins\/seo\/ -->\n<title>INDUS - Descatalogados - Arteconfort<\/title>\n<meta name=\"description\" content=\"Decore as suas salas exteriores em qualquer altura do ano com esta grinalda solar de 50 l\u00e2mpadas LED, dando um toque \u00edntimo e \u00fanico aos seus ambientes, gra\u00e7as ao tom branco quente da luz. Incorpora 8 modos de funcionamento diferentes com uma autonomia de 8 horas. Al\u00e9m disso, pode escolher se os quer colocar como farol ou como suspensos. A embalagem deste produto \u00e9 ecol\u00f3gica, ou seja, n\u00e3o inclui pl\u00e1stico. Ref. INDUSTR31Escolha o modo de funcionamento da sua escolhaCriar um ambiente quente \u00fanico com luz decorativa em tom branco quenteInstalar o painel solar suspenso ou como um farolEncontre esta grinalda solar para venda exclusivamente em LEROY MERLIN\" \/>\n<meta name=\"robots\" content=\"index, follow, max-snippet:-1, max-image-preview:large, max-video-preview:-1\" \/>\n<link rel=\"canonical\" href=\"https:\/\/arteconfort.com\/pt-pt\/producto\/indus\/\" \/>\n<meta property=\"og:locale\" content=\"pt_PT\" \/>\n<meta property=\"og:type\" content=\"article\" \/>\n<meta property=\"og:title\" content=\"INDUS - Descatalogados - Arteconfort\" \/>\n<meta property=\"og:description\" content=\"Decore as suas salas exteriores em qualquer altura do ano com esta grinalda solar de 50 l\u00e2mpadas LED, dando um toque \u00edntimo e \u00fanico aos seus ambientes, gra\u00e7as ao tom branco quente da luz. Incorpora 8 modos de funcionamento diferentes com uma autonomia de 8 horas. Al\u00e9m disso, pode escolher se os quer colocar como farol ou como suspensos. A embalagem deste produto \u00e9 ecol\u00f3gica, ou seja, n\u00e3o inclui pl\u00e1stico. Ref. INDUSTR31Escolha o modo de funcionamento da sua escolhaCriar um ambiente quente \u00fanico com luz decorativa em tom branco quenteInstalar o painel solar suspenso ou como um farolEncontre esta grinalda solar para venda exclusivamente em LEROY MERLIN\" \/>\n<meta property=\"og:url\" content=\"https:\/\/arteconfort.com\/pt-pt\/producto\/indus\/\" \/>\n<meta property=\"og:site_name\" content=\"Arteconfort\" \/>\n<meta property=\"article:modified_time\" content=\"2022-04-21T09:00:03+00:00\" \/>\n<meta property=\"og:image\" content=\"https:\/\/arteconfort.com\/wp-content\/uploads\/2023\/10\/INDUS-pack.webp\" \/>\n\t<meta property=\"og:image:width\" content=\"1024\" \/>\n\t<meta property=\"og:image:height\" content=\"1024\" \/>\n\t<meta property=\"og:image:type\" content=\"image\/webp\" \/>\n<meta name=\"twitter:card\" content=\"summary_large_image\" \/>\n<meta name=\"twitter:label1\" content=\"Tempo estimado de leitura\" \/>\n\t<meta name=\"twitter:data1\" content=\"2 minutos\" \/>\n<!-- \/ Yoast SEO plugin. -->","yoast_head_json":{"title":"INDUS - Descatalogados - Arteconfort","description":"Decore as suas salas exteriores em qualquer altura do ano com esta grinalda solar de 50 l\u00e2mpadas LED, dando um toque \u00edntimo e \u00fanico aos seus ambientes, gra\u00e7as ao tom branco quente da luz. Incorpora 8 modos de funcionamento diferentes com uma autonomia de 8 horas. Al\u00e9m disso, pode escolher se os quer colocar como farol ou como suspensos. A embalagem deste produto \u00e9 ecol\u00f3gica, ou seja, n\u00e3o inclui pl\u00e1stico. Ref. INDUSTR31Escolha o modo de funcionamento da sua escolhaCriar um ambiente quente \u00fanico com luz decorativa em tom branco quenteInstalar o painel solar suspenso ou como um farolEncontre esta grinalda solar para venda exclusivamente em LEROY MERLIN","robots":{"index":"index","follow":"follow","max-snippet":"max-snippet:-1","max-image-preview":"max-image-preview:large","max-video-preview":"max-video-preview:-1"},"canonical":"https:\/\/arteconfort.com\/pt-pt\/producto\/indus\/","og_locale":"pt_PT","og_type":"article","og_title":"INDUS - Descatalogados - Arteconfort","og_description":"Decore as suas salas exteriores em qualquer altura do ano com esta grinalda solar de 50 l\u00e2mpadas LED, dando um toque \u00edntimo e \u00fanico aos seus ambientes, gra\u00e7as ao tom branco quente da luz. Incorpora 8 modos de funcionamento diferentes com uma autonomia de 8 horas. Al\u00e9m disso, pode escolher se os quer colocar como farol ou como suspensos. A embalagem deste produto \u00e9 ecol\u00f3gica, ou seja, n\u00e3o inclui pl\u00e1stico. Ref. INDUSTR31Escolha o modo de funcionamento da sua escolhaCriar um ambiente quente \u00fanico com luz decorativa em tom branco quenteInstalar o painel solar suspenso ou como um farolEncontre esta grinalda solar para venda exclusivamente em LEROY MERLIN","og_url":"https:\/\/arteconfort.com\/pt-pt\/producto\/indus\/","og_site_name":"Arteconfort","article_modified_time":"2022-04-21T09:00:03+00:00","og_image":[{"width":1024,"height":1024,"url":"https:\/\/arteconfort.com\/wp-content\/uploads\/2023\/10\/INDUS-pack.webp","type":"image\/webp"}],"twitter_card":"summary_large_image","twitter_misc":{"Tempo estimado de leitura":"2 minutos"},"schema":{"@context":"https:\/\/schema.org","@graph":[{"@type":"WebPage","@id":"https:\/\/arteconfort.com\/pt-pt\/producto\/indus\/","url":"https:\/\/arteconfort.com\/pt-pt\/producto\/indus\/","name":"INDUS - Descatalogados - Arteconfort","isPartOf":{"@id":"https:\/\/arteconfort.com\/pt-pt\/#website"},"primaryImageOfPage":{"@id":"https:\/\/arteconfort.com\/pt-pt\/producto\/indus\/#primaryimage"},"image":{"@id":"https:\/\/arteconfort.com\/pt-pt\/producto\/indus\/#primaryimage"},"thumbnailUrl":"https:\/\/arteconfort.com\/wp-content\/uploads\/2023\/10\/INDUS-pack.webp","datePublished":"2021-09-13T12:04:02+00:00","dateModified":"2022-04-21T09:00:03+00:00","description":"Decore as suas salas exteriores em qualquer altura do ano com esta grinalda solar de 50 l\u00e2mpadas LED, dando um toque \u00edntimo e \u00fanico aos seus ambientes, gra\u00e7as ao tom branco quente da luz. Incorpora 8 modos de funcionamento diferentes com uma autonomia de 8 horas. Al\u00e9m disso, pode escolher se os quer colocar como farol ou como suspensos. A embalagem deste produto \u00e9 ecol\u00f3gica, ou seja, n\u00e3o inclui pl\u00e1stico. Ref. INDUSTR31Escolha o modo de funcionamento da sua escolhaCriar um ambiente quente \u00fanico com luz decorativa em tom branco quenteInstalar o painel solar suspenso ou como um farolEncontre esta grinalda solar para venda exclusivamente em LEROY MERLIN","breadcrumb":{"@id":"https:\/\/arteconfort.com\/pt-pt\/producto\/indus\/#breadcrumb"},"inLanguage":"pt-PT","potentialAction":[{"@type":"ReadAction","target":["https:\/\/arteconfort.com\/pt-pt\/producto\/indus\/"]}]},{"@type":"ImageObject","inLanguage":"pt-PT","@id":"https:\/\/arteconfort.com\/pt-pt\/producto\/indus\/#primaryimage","url":"https:\/\/arteconfort.com\/wp-content\/uploads\/2023\/10\/INDUS-pack.webp","contentUrl":"https:\/\/arteconfort.com\/wp-content\/uploads\/2023\/10\/INDUS-pack.webp","width":1024,"height":1024,"caption":"Guirnalda solar INDUS"},{"@type":"BreadcrumbList","@id":"https:\/\/arteconfort.com\/pt-pt\/producto\/indus\/#breadcrumb","itemListElement":[{"@type":"ListItem","position":1,"name":"Inicio","item":"https:\/\/arteconfort.com\/pt-pt\/"},{"@type":"ListItem","position":2,"name":"Tienda","item":"https:\/\/arteconfort.com\/pt-pt\/tienda-2\/"},{"@type":"ListItem","position":3,"name":"INDUS"}]},{"@type":"WebSite","@id":"https:\/\/arteconfort.com\/pt-pt\/#website","url":"https:\/\/arteconfort.com\/pt-pt\/","name":"Arteconfort","description":"Especialistas en productos del hogar","publisher":{"@id":"https:\/\/arteconfort.com\/pt-pt\/#organization"},"potentialAction":[{"@type":"SearchAction","target":{"@type":"EntryPoint","urlTemplate":"https:\/\/arteconfort.com\/pt-pt\/?s={search_term_string}"},"query-input":{"@type":"PropertyValueSpecification","valueRequired":true,"valueName":"search_term_string"}}],"inLanguage":"pt-PT"},{"@type":"Organization","@id":"https:\/\/arteconfort.com\/pt-pt\/#organization","name":"Arteconfort","url":"https:\/\/arteconfort.com\/pt-pt\/","logo":{"@type":"ImageObject","inLanguage":"pt-PT","@id":"https:\/\/arteconfort.com\/pt-pt\/#\/schema\/logo\/image\/","url":"https:\/\/arteconfort.com\/wp-content\/uploads\/2019\/07\/logo-arteconfort.png","contentUrl":"https:\/\/arteconfort.com\/wp-content\/uploads\/2019\/07\/logo-arteconfort.png","width":230,"height":88,"caption":"Arteconfort"},"image":{"@id":"https:\/\/arteconfort.com\/pt-pt\/#\/schema\/logo\/image\/"}}]}},"_links":{"self":[{"href":"https:\/\/arteconfort.com\/pt-pt\/wp-json\/wp\/v2\/product\/13703","targetHints":{"allow":["GET"]}}],"collection":[{"href":"https:\/\/arteconfort.com\/pt-pt\/wp-json\/wp\/v2\/product"}],"about":[{"href":"https:\/\/arteconfort.com\/pt-pt\/wp-json\/wp\/v2\/types\/product"}],"wp:featuredmedia":[{"embeddable":true,"href":"https:\/\/arteconfort.com\/pt-pt\/wp-json\/wp\/v2\/media\/31938"}],"wp:attachment":[{"href":"https:\/\/arteconfort.com\/pt-pt\/wp-json\/wp\/v2\/media?parent=13703"}],"wp:term":[{"taxonomy":"product_brand","embeddable":true,"href":"https:\/\/arteconfort.com\/pt-pt\/wp-json\/wp\/v2\/product_brand?post=13703"},{"taxonomy":"product_cat","embeddable":true,"href":"https:\/\/arteconfort.com\/pt-pt\/wp-json\/wp\/v2\/product_cat?post=13703"},{"taxonomy":"product_tag","embeddable":true,"href":"https:\/\/arteconfort.com\/pt-pt\/wp-json\/wp\/v2\/product_tag?post=13703"}],"curies":[{"name":"wp","href":"https:\/\/api.w.org\/{rel}","templated":true}]}}