{"id":16907,"date":"2021-10-25T14:02:41","date_gmt":"2021-10-25T12:02:41","guid":{"rendered":"https:\/\/arteconfort.com\/?post_type=product&#038;p=16907"},"modified":"2023-04-24T11:23:24","modified_gmt":"2023-04-24T09:23:24","slug":"era-l","status":"publish","type":"product","link":"https:\/\/arteconfort.com\/pt-pt\/producto\/era-l\/","title":{"rendered":"ERA L"},"content":{"rendered":"<div class=\"wpb-content-wrapper\"><p>[vc_row][vc_column][vc_row_inner][vc_column_inner width=&#8221;1\/4&#8243; offset=&#8221;vc_col-xs-6&#8243;][wyde_info_box icon_set=&#8221;bigmug_line&#8221; icon_bigmug_line=&#8221;bigmug-line-foggy-sun&#8221; title=&#8221;PAINEL SOLAR COM MAIOR \u00c1REA DE SUPERF\u00cdCIE&#8221;]Carga melhorada devido ao aumento do ganho solar e melhor qualidade do painel com maior convers\u00e3o de energia[\/wyde_info_box][\/vc_column_inner][vc_column_inner width=&#8221;1\/4&#8243; offset=&#8221;vc_col-xs-6&#8243;][wyde_info_box icon_set=&#8221;simple_line&#8221; icon_simple_line=&#8221;sl-rocket&#8221; title=&#8221;MAIOR EFICI\u00caNCIA E CAPACIDADE DA BATERIA&#8221;]Para uma autonomia mais duradoura[\/wyde_info_box][\/vc_column_inner][\/vc_row_inner][vc_row_inner][vc_column_inner offset=&#8221;vc_hidden-xs&#8221;][vc_empty_space height=&#8221;60px&#8221;][\/vc_column_inner][\/vc_row_inner][\/vc_column][\/vc_row][vc_row][vc_column width=&#8221;1\/2&#8243;][vc_accordion collapsible=&#8221;true&#8221; active_tab=&#8221;false&#8221;][vc_accordion_tab title=&#8221;Caracter\u00edsticas gerais&#8221;][vc_column_text]<strong>Dimens\u00f5es<\/strong> 12,8&#215;7,7&#215;3,1cm<br \/>\n<strong>Material<\/strong> A\u00e7o Inoxid\u00e1vel<br \/>\n<strong>Acabamento<\/strong> Prata<br \/>\n<strong>IP<\/strong> 44<br \/>\n<strong>Garantia<\/strong> de 3 anos[\/vc_column_text][\/vc_accordion_tab][vc_accordion_tab title=&#8221;Painel solar&#8221;][vc_column_text]<strong>Material<\/strong> Monocristalino<br \/>\n<strong>Tipo de encapsulamento<\/strong> PET<br \/>\n[\/vc_column_text][\/vc_accordion_tab][vc_accordion_tab title=&#8221;Bateria&#8221;][vc_column_text]<strong>Bateria tipo<\/strong> Ni-MH AA<br \/>\n<strong>Tens\u00e3o de carregamento<\/strong> 1.3V<br \/>\n<strong>Capacidade<\/strong> 1300mAh<br \/>\n<strong>Tempo de carregamento<\/strong> 8-12h<br \/>\n<strong>Autonomia<\/strong> 8h[\/vc_column_text][\/vc_accordion_tab][vc_accordion_tab title=&#8221;LED&#8221;][vc_column_text]<strong>Tipo SMD<\/strong> LED<br \/>\n<strong>Pot\u00eancia<\/strong> 1.8W<br \/>\n<strong>CCT<\/strong> 6000K<br \/>\n<strong>Fluxo luminoso<\/strong> 40lm[\/vc_column_text][\/vc_accordion_tab][vc_accordion_tab title=&#8221;Modos de funcionamento&#8221;][vc_column_text]<strong>Modo 1<\/strong> Ligado a 40lm.[\/vc_column_text][\/vc_accordion_tab][vc_accordion_tab title=&#8221;Sensor&#8221;][vc_column_text]<strong>Sensor<\/strong> N\u00e3o[\/vc_column_text][\/vc_accordion_tab][\/vc_accordion][\/vc_column][vc_column width=&#8221;1\/2&#8243;][vc_single_image image=&#8221;15235&#8243;][\/vc_column][\/vc_row]<\/p>\n<\/div>","protected":false},"excerpt":{"rendered":"<p>A luz solar de parede ERA L \u00e9 perfeita como ilumina\u00e7\u00e3o de escadas para o seu jardim ou terra\u00e7o gra\u00e7as ao seu painel de alta qualidade e maior superf\u00edcie, aumentando a carga de luz solar e fornecendo mais horas de luz. Este desenho \u00e9 feito de a\u00e7o inoxid\u00e1vel, prevenindo a corros\u00e3o e tem um grau de protec\u00e7\u00e3o de 44.<br \/>\n<strong>Ref. ERALPL31<\/strong>[vc_row][vc_column offset=&#8221;vc_hidden-xs&#8221;][vc_empty_space height=&#8221;30px&#8221;][\/vc_column][\/vc_row][vc_row][vc_column][vc_row_inner][vc_column_inner][wyde_info_box icon_set=&#8221;simple_line&#8221; icon_simple_line=&#8221;sl-home&#8221; icon_position=&#8221;left&#8221; title=&#8221;UTILIZA\u00c7\u00c3O EM ESTAIRAS&#8221;]Perfeito para marca\u00e7\u00e3o de passos[\/wyde_info_box][vc_empty_space height=&#8221;15px&#8221;][\/vc_column_inner][\/vc_row_inner][vc_row_inner][vc_column_inner][wyde_info_box icon_set=&#8221;simple_line&#8221; icon_simple_line=&#8221;sl-graph&#8221; icon_position=&#8221;left&#8221; title=&#8221;MAIOR INCLINA\u00c7\u00c3O DO PAINEL&#8221;]Optimiza a carga gra\u00e7as ao \u00e2ngulo de inclina\u00e7\u00e3o[\/wyde_info_box][vc_empty_space height=&#8221;15px&#8221;][\/vc_column_inner][\/vc_row_inner][vc_row_inner][vc_column_inner][wyde_info_box icon_set=&#8221;simple_line&#8221; icon_simple_line=&#8221;sl-chemistry&#8221; icon_position=&#8221;left&#8221; title=&#8221;ANTI-CORROSIVO&#8221;]Corpo em a\u00e7o inoxid\u00e1vel[\/wyde_info_box][vc_empty_space height=&#8221;15px&#8221;][\/vc_column_inner][\/vc_row_inner][\/vc_column][\/vc_row][vc_row][vc_column offset=&#8221;vc_hidden-xs&#8221;][vc_empty_space height=&#8221;60px&#8221;][\/vc_column][\/vc_row][vc_row][vc_column width=&#8221;1\/3&#8243;][wyde_link_button icon_set=&#8221;simple_line&#8221; icon_simple_line=&#8221;sl-settings&#8221; style=&#8221;round&#8221; title=&#8221;Instru\u00e7\u00f5es&#8221; link=&#8221;url:http%3A%2F%2Farteconfort.com%2Fwp-content%2Fuploads\/2021\/11\/im-ERA-L.pdf||target:%20_blank|rel:nofollow&#8221; color=&#8221;#ffffff&#8221; bg_color=&#8221;#222222&#8243;][\/vc_column][vc_column offset=&#8221;vc_hidden-xs&#8221;][vc_empty_space][\/vc_column][\/vc_row][vc_row][vc_column][vc_empty_space height=&#8221;20px&#8221;][\/vc_column][\/vc_row][vc_row background_mode=&#8221;color&#8221; background_color=&#8221;#f5f5f5&#8243;][vc_column text_align=&#8221;center&#8221;][vc_row_inner padding_size=&#8221;m-padding&#8221;][vc_column_inner text_align=&#8221;center&#8221;][vc_single_image alignment=&#8221;center&#8221; image=&#8221;1046&#8243;][vc_column_text]Encontre esta luz de escada solar para venda exclusivamente em LEROY MERLIN[\/vc_column_text][vc_empty_space height=&#8221;15px&#8221;][wyde_link_button icon_set=&#8221;simple_line&#8221; icon_simple_line=&#8221;sl-login&#8221; style=&#8221;outline round&#8221; title=&#8221;Acesso a Leroy Merlin&#8221; link=&#8221;url:https%3A%2F%2Fwww.leroymerlin.es%2Ffp%2F83424582%2Faplique-solar-led-era-grande-6000k-gris||target:%20_blank|rel:nofollow&#8221; color=&#8221;#61b4e4&#8243; hover_color=&#8221;#ffffff&#8221;][\/vc_column_inner][\/vc_row_inner][\/vc_column][\/vc_row]<\/p>\n","protected":false},"featured_media":31833,"template":"","meta":[],"product_brand":[],"product_cat":[341,338],"product_tag":[],"class_list":{"0":"post-16907","1":"product","2":"type-product","3":"status-publish","4":"has-post-thumbnail","6":"product_cat-iluminacion-solar-de-pared-pt-pt","7":"product_cat-solar-pt-pt","9":"first","10":"instock","11":"shipping-taxable","12":"product-type-simple"},"yoast_head":"<!-- This site is optimized with the Yoast SEO plugin v26.5 - https:\/\/yoast.com\/wordpress\/plugins\/seo\/ -->\n<title>ERA L - Pared, Solar - Arteconfort<\/title>\n<meta name=\"description\" content=\"A luz solar de parede ERA L \u00e9 perfeita como ilumina\u00e7\u00e3o de escadas para o seu jardim ou terra\u00e7o gra\u00e7as ao seu painel de alta qualidade e maior superf\u00edcie, aumentando a carga de luz solar e fornecendo mais horas de luz. Este desenho \u00e9 feito de a\u00e7o inoxid\u00e1vel, prevenindo a corros\u00e3o e tem um grau de protec\u00e7\u00e3o de 44. Ref. ERALPL31Perfeito para marca\u00e7\u00e3o de passosOptimiza a carga gra\u00e7as ao \u00e2ngulo de inclina\u00e7\u00e3oCorpo em a\u00e7o inoxid\u00e1velEncontre esta luz de escada solar para venda exclusivamente em LEROY MERLIN\" \/>\n<meta name=\"robots\" content=\"index, follow, max-snippet:-1, max-image-preview:large, max-video-preview:-1\" \/>\n<link rel=\"canonical\" href=\"https:\/\/arteconfort.com\/pt-pt\/producto\/era-l\/\" \/>\n<meta property=\"og:locale\" content=\"pt_PT\" \/>\n<meta property=\"og:type\" content=\"article\" \/>\n<meta property=\"og:title\" content=\"ERA L - Pared, Solar - Arteconfort\" \/>\n<meta property=\"og:description\" content=\"A luz solar de parede ERA L \u00e9 perfeita como ilumina\u00e7\u00e3o de escadas para o seu jardim ou terra\u00e7o gra\u00e7as ao seu painel de alta qualidade e maior superf\u00edcie, aumentando a carga de luz solar e fornecendo mais horas de luz. Este desenho \u00e9 feito de a\u00e7o inoxid\u00e1vel, prevenindo a corros\u00e3o e tem um grau de protec\u00e7\u00e3o de 44. Ref. ERALPL31Perfeito para marca\u00e7\u00e3o de passosOptimiza a carga gra\u00e7as ao \u00e2ngulo de inclina\u00e7\u00e3oCorpo em a\u00e7o inoxid\u00e1velEncontre esta luz de escada solar para venda exclusivamente em LEROY MERLIN\" \/>\n<meta property=\"og:url\" content=\"https:\/\/arteconfort.com\/pt-pt\/producto\/era-l\/\" \/>\n<meta property=\"og:site_name\" content=\"Arteconfort\" \/>\n<meta property=\"article:modified_time\" content=\"2023-04-24T09:23:24+00:00\" \/>\n<meta property=\"og:image\" content=\"https:\/\/arteconfort.com\/wp-content\/uploads\/2023\/10\/ERA-L.webp\" \/>\n\t<meta property=\"og:image:width\" content=\"1024\" \/>\n\t<meta property=\"og:image:height\" content=\"1024\" \/>\n\t<meta property=\"og:image:type\" content=\"image\/webp\" \/>\n<meta name=\"twitter:card\" content=\"summary_large_image\" \/>\n<meta name=\"twitter:label1\" content=\"Tempo estimado de leitura\" \/>\n\t<meta name=\"twitter:data1\" content=\"1 minuto\" \/>\n<!-- \/ Yoast SEO plugin. -->","yoast_head_json":{"title":"ERA L - Pared, Solar - Arteconfort","description":"A luz solar de parede ERA L \u00e9 perfeita como ilumina\u00e7\u00e3o de escadas para o seu jardim ou terra\u00e7o gra\u00e7as ao seu painel de alta qualidade e maior superf\u00edcie, aumentando a carga de luz solar e fornecendo mais horas de luz. Este desenho \u00e9 feito de a\u00e7o inoxid\u00e1vel, prevenindo a corros\u00e3o e tem um grau de protec\u00e7\u00e3o de 44. Ref. ERALPL31Perfeito para marca\u00e7\u00e3o de passosOptimiza a carga gra\u00e7as ao \u00e2ngulo de inclina\u00e7\u00e3oCorpo em a\u00e7o inoxid\u00e1velEncontre esta luz de escada solar para venda exclusivamente em LEROY MERLIN","robots":{"index":"index","follow":"follow","max-snippet":"max-snippet:-1","max-image-preview":"max-image-preview:large","max-video-preview":"max-video-preview:-1"},"canonical":"https:\/\/arteconfort.com\/pt-pt\/producto\/era-l\/","og_locale":"pt_PT","og_type":"article","og_title":"ERA L - Pared, Solar - Arteconfort","og_description":"A luz solar de parede ERA L \u00e9 perfeita como ilumina\u00e7\u00e3o de escadas para o seu jardim ou terra\u00e7o gra\u00e7as ao seu painel de alta qualidade e maior superf\u00edcie, aumentando a carga de luz solar e fornecendo mais horas de luz. Este desenho \u00e9 feito de a\u00e7o inoxid\u00e1vel, prevenindo a corros\u00e3o e tem um grau de protec\u00e7\u00e3o de 44. Ref. ERALPL31Perfeito para marca\u00e7\u00e3o de passosOptimiza a carga gra\u00e7as ao \u00e2ngulo de inclina\u00e7\u00e3oCorpo em a\u00e7o inoxid\u00e1velEncontre esta luz de escada solar para venda exclusivamente em LEROY MERLIN","og_url":"https:\/\/arteconfort.com\/pt-pt\/producto\/era-l\/","og_site_name":"Arteconfort","article_modified_time":"2023-04-24T09:23:24+00:00","og_image":[{"width":1024,"height":1024,"url":"https:\/\/arteconfort.com\/wp-content\/uploads\/2023\/10\/ERA-L.webp","type":"image\/webp"}],"twitter_card":"summary_large_image","twitter_misc":{"Tempo estimado de leitura":"1 minuto"},"schema":{"@context":"https:\/\/schema.org","@graph":[{"@type":"WebPage","@id":"https:\/\/arteconfort.com\/pt-pt\/producto\/era-l\/","url":"https:\/\/arteconfort.com\/pt-pt\/producto\/era-l\/","name":"ERA L - Pared, Solar - Arteconfort","isPartOf":{"@id":"https:\/\/arteconfort.com\/pt-pt\/#website"},"primaryImageOfPage":{"@id":"https:\/\/arteconfort.com\/pt-pt\/producto\/era-l\/#primaryimage"},"image":{"@id":"https:\/\/arteconfort.com\/pt-pt\/producto\/era-l\/#primaryimage"},"thumbnailUrl":"https:\/\/arteconfort.com\/wp-content\/uploads\/2023\/10\/ERA-L.webp","datePublished":"2021-10-25T12:02:41+00:00","dateModified":"2023-04-24T09:23:24+00:00","description":"A luz solar de parede ERA L \u00e9 perfeita como ilumina\u00e7\u00e3o de escadas para o seu jardim ou terra\u00e7o gra\u00e7as ao seu painel de alta qualidade e maior superf\u00edcie, aumentando a carga de luz solar e fornecendo mais horas de luz. Este desenho \u00e9 feito de a\u00e7o inoxid\u00e1vel, prevenindo a corros\u00e3o e tem um grau de protec\u00e7\u00e3o de 44. Ref. ERALPL31Perfeito para marca\u00e7\u00e3o de passosOptimiza a carga gra\u00e7as ao \u00e2ngulo de inclina\u00e7\u00e3oCorpo em a\u00e7o inoxid\u00e1velEncontre esta luz de escada solar para venda exclusivamente em LEROY MERLIN","breadcrumb":{"@id":"https:\/\/arteconfort.com\/pt-pt\/producto\/era-l\/#breadcrumb"},"inLanguage":"pt-PT","potentialAction":[{"@type":"ReadAction","target":["https:\/\/arteconfort.com\/pt-pt\/producto\/era-l\/"]}]},{"@type":"ImageObject","inLanguage":"pt-PT","@id":"https:\/\/arteconfort.com\/pt-pt\/producto\/era-l\/#primaryimage","url":"https:\/\/arteconfort.com\/wp-content\/uploads\/2023\/10\/ERA-L.webp","contentUrl":"https:\/\/arteconfort.com\/wp-content\/uploads\/2023\/10\/ERA-L.webp","width":1024,"height":1024,"caption":"Aplique de pared ERA L"},{"@type":"BreadcrumbList","@id":"https:\/\/arteconfort.com\/pt-pt\/producto\/era-l\/#breadcrumb","itemListElement":[{"@type":"ListItem","position":1,"name":"Inicio","item":"https:\/\/arteconfort.com\/pt-pt\/"},{"@type":"ListItem","position":2,"name":"Tienda","item":"https:\/\/arteconfort.com\/pt-pt\/tienda-2\/"},{"@type":"ListItem","position":3,"name":"ERA L"}]},{"@type":"WebSite","@id":"https:\/\/arteconfort.com\/pt-pt\/#website","url":"https:\/\/arteconfort.com\/pt-pt\/","name":"Arteconfort","description":"Especialistas en productos del hogar","publisher":{"@id":"https:\/\/arteconfort.com\/pt-pt\/#organization"},"potentialAction":[{"@type":"SearchAction","target":{"@type":"EntryPoint","urlTemplate":"https:\/\/arteconfort.com\/pt-pt\/?s={search_term_string}"},"query-input":{"@type":"PropertyValueSpecification","valueRequired":true,"valueName":"search_term_string"}}],"inLanguage":"pt-PT"},{"@type":"Organization","@id":"https:\/\/arteconfort.com\/pt-pt\/#organization","name":"Arteconfort","url":"https:\/\/arteconfort.com\/pt-pt\/","logo":{"@type":"ImageObject","inLanguage":"pt-PT","@id":"https:\/\/arteconfort.com\/pt-pt\/#\/schema\/logo\/image\/","url":"https:\/\/arteconfort.com\/wp-content\/uploads\/2019\/07\/logo-arteconfort.png","contentUrl":"https:\/\/arteconfort.com\/wp-content\/uploads\/2019\/07\/logo-arteconfort.png","width":230,"height":88,"caption":"Arteconfort"},"image":{"@id":"https:\/\/arteconfort.com\/pt-pt\/#\/schema\/logo\/image\/"}}]}},"_links":{"self":[{"href":"https:\/\/arteconfort.com\/pt-pt\/wp-json\/wp\/v2\/product\/16907","targetHints":{"allow":["GET"]}}],"collection":[{"href":"https:\/\/arteconfort.com\/pt-pt\/wp-json\/wp\/v2\/product"}],"about":[{"href":"https:\/\/arteconfort.com\/pt-pt\/wp-json\/wp\/v2\/types\/product"}],"wp:featuredmedia":[{"embeddable":true,"href":"https:\/\/arteconfort.com\/pt-pt\/wp-json\/wp\/v2\/media\/31833"}],"wp:attachment":[{"href":"https:\/\/arteconfort.com\/pt-pt\/wp-json\/wp\/v2\/media?parent=16907"}],"wp:term":[{"taxonomy":"product_brand","embeddable":true,"href":"https:\/\/arteconfort.com\/pt-pt\/wp-json\/wp\/v2\/product_brand?post=16907"},{"taxonomy":"product_cat","embeddable":true,"href":"https:\/\/arteconfort.com\/pt-pt\/wp-json\/wp\/v2\/product_cat?post=16907"},{"taxonomy":"product_tag","embeddable":true,"href":"https:\/\/arteconfort.com\/pt-pt\/wp-json\/wp\/v2\/product_tag?post=16907"}],"curies":[{"name":"wp","href":"https:\/\/api.w.org\/{rel}","templated":true}]}}