{"id":18598,"date":"2021-10-25T13:59:03","date_gmt":"2021-10-25T11:59:03","guid":{"rendered":"https:\/\/arteconfort.com\/?post_type=product&#038;p=18598"},"modified":"2022-04-21T11:13:58","modified_gmt":"2022-04-21T09:13:58","slug":"iris-sobremuro","status":"publish","type":"product","link":"https:\/\/arteconfort.com\/pt-pt\/producto\/iris-sobremuro\/","title":{"rendered":"IRIS SOBREMURO"},"content":{"rendered":"<div class=\"wpb-content-wrapper\"><p>[vc_row][vc_column][vc_row_inner][vc_column_inner width=&#8221;1\/4&#8243; offset=&#8221;vc_col-xs-6&#8243;][wyde_info_box icon_set=&#8221;bigmug_line&#8221; icon_bigmug_line=&#8221;bigmug-line-foggy-sun&#8221; title=&#8221;PAINEL SOLAR COM MAIOR \u00c1REA DE SUPERF\u00cdCIE&#8221;]Melhor carregamento devido a uma maior recolha solar e qualidade do painel para uma maior convers\u00e3o energ\u00e9tica[\/wyde_info_box][\/vc_column_inner][vc_column_inner width=&#8221;1\/4&#8243; offset=&#8221;vc_col-xs-6&#8243;][wyde_info_box icon_set=&#8221;simple_line&#8221; icon_simple_line=&#8221;sl-rocket&#8221; title=&#8221;BATERIA MAIS EFICIENTE E DE MAIOR CAPACIDADE&#8221;]Para uma autonomia mais duradoura[\/wyde_info_box][\/vc_column_inner][vc_column_inner width=&#8221;1\/4&#8243; offset=&#8221;vc_col-xs-6&#8243;][wyde_info_box icon_set=&#8221;simple_line&#8221; icon_simple_line=&#8221;sl-like&#8221; title=&#8221;F\u00c1CIL INSTALA\u00c7\u00c3O&#8221;]Aparafusar a placa de instala\u00e7\u00e3o \u00e0 parede e colocar a luz da parede na parede[\/wyde_info_box][\/vc_column_inner][\/vc_row_inner][vc_row_inner][vc_column_inner offset=&#8221;vc_hidden-xs&#8221;][vc_empty_space height=&#8221;60px&#8221;][\/vc_column_inner][\/vc_row_inner][\/vc_column][\/vc_row][vc_row][vc_column width=&#8221;1\/2&#8243;][vc_accordion collapsible=&#8221;true&#8221; active_tab=&#8221;false&#8221;][vc_accordion_tab title=&#8221;Caracter\u00edsticas gerais&#8221;][vc_column_text]<strong>Dimens\u00f5es<\/strong> 28x215cm<br \/>\n<strong>Material<\/strong> Alum\u00ednio e PC<br \/>\n<strong>Acabamento<\/strong> Cinzento<br \/>\n<strong>IP<\/strong> 64<br \/>\n<strong>Garantia<\/strong> de 3 anos[\/vc_column_text][\/vc_accordion_tab][vc_accordion_tab title=&#8221;Painel solar&#8221;][vc_column_text]<strong>Material<\/strong> Monocristalino<br \/>\n<strong>Tipo de encapsulamento<\/strong> Vidro<br \/>\n<strong>Pot\u00eancia<\/strong> 13,4W[\/vc_column_text][\/vc_accordion_tab][vc_accordion_tab title=&#8221;Bateria&#8221;][vc_column_text]<strong>Bateria tipo<\/strong> Li-ion 18650<br \/>\n<strong>Tens\u00e3o de carregamento<\/strong> 3.7V<br \/>\n<strong>Capacidade<\/strong> (X3) 2,000mAh<br \/>\n<strong>Tempo de carregamento<\/strong> 8-12h<br \/>\n<strong>Autonomia<\/strong> 8h[\/vc_column_text][\/vc_accordion_tab][vc_accordion_tab title=&#8221;LED&#8221;][vc_column_text]<strong>LED tipo<\/strong> SMD OSRAM<br \/>\n<strong>\u00c2ngulo de abertura<\/strong> 135\u00ba<br \/>\n<strong>CCT<\/strong> 4000K<br \/>\n<strong>Fluxo luminoso<\/strong> 2.000lm[\/vc_column_text][\/vc_accordion_tab][vc_accordion_tab title=&#8221;Modos de funcionamento&#8221;][vc_column_text]<strong>Modo 1<\/strong> Ligado a 200lm. Muda para 2.000lm quando a presen\u00e7a \u00e9 detectada. Regressa \u00e0 espera depois de 60&#8243;.<br \/>\n<strong>Modo 2<\/strong> Desligado. Muda para 2.000lm quando a presen\u00e7a \u00e9 detectada. Regressa \u00e0 espera depois de 60&#8243;.<br \/>\n<strong>Modo 3<\/strong> Fixado em 600lm durante 6 horas.<br \/>\n<strong>Modo 4<\/strong> Firme a 2.000lm durante 1 hora.[\/vc_column_text][\/vc_accordion_tab][vc_accordion_tab title=&#8221;Sensor&#8221;][vc_column_text]<strong>Sensor<\/strong> Sim<br \/>\n<strong>Dist\u00e2ncia de detec\u00e7\u00e3o<\/strong> At\u00e9 6m<br \/>\n<strong>\u00c2ngulo de detec\u00e7\u00e3o<\/strong> 120\u00ba<br \/>\n<strong>Tempo de cortesia<\/strong> 60s[\/vc_column_text][\/vc_accordion_tab][\/vc_accordion][\/vc_column][vc_column width=&#8221;1\/2&#8243;][vc_single_image image=&#8221;16202&#8243;][\/vc_column][\/vc_row]<\/p>\n<\/div>","protected":false},"excerpt":{"rendered":"<p>A l\u00e2mpada de parede solar IRIS caracteriza-se por um design discreto e elegante, tornando-a o complemento ideal para iluminar qualquer \u00e1rea do seu jardim ou terra\u00e7o. A l\u00e2mpada de parede IRIS incorpora um painel de alta qualidade que lhe permite captar a luz solar de uma forma mais eficiente. Tem tamb\u00e9m um sensor de movimento e programa\u00e7\u00e3o com 4 modos de ilumina\u00e7\u00e3o diferentes.<br \/>\n<strong>Ref. IRISGR32 <\/strong>[vc_row][vc_column offset=&#8221;vc_hidden-xs&#8221;][vc_empty_space height=&#8221;30px&#8221;][\/vc_column][\/vc_row][vc_row][vc_column][vc_row_inner][vc_column_inner][wyde_info_box icon_set=&#8221;stroke_gap&#8221; icon_stroke_gap=&#8221;sg-Antenna2&#8243; icon_position=&#8221;left&#8221; title=&#8221;SENSOR DE PRESEN\u00c7A&#8221;]Detec\u00e7\u00e3o de movimento e acendimento autom\u00e1tico da luz[\/wyde_info_box][vc_empty_space height=&#8221;15px&#8221;][\/vc_column_inner][\/vc_row_inner][vc_row_inner][vc_column_inner][wyde_info_box icon_set=&#8221;stroke_gap&#8221; icon_stroke_gap=&#8221;sg-Bulb&#8221; icon_position=&#8221;left&#8221; title=&#8221;ALTA LUMINOSIDADE&#8221;]Permite iluminar grandes \u00e1reas do jardim[\/wyde_info_box][vc_empty_space height=&#8221;15px&#8221;][\/vc_column_inner][\/vc_row_inner][vc_row_inner][vc_column_inner][wyde_info_box icon_set=&#8221;bigmug_line&#8221; icon_bigmug_line=&#8221;bigmug-line-equalizar2&#8243; icon_position=&#8221;left&#8221; title=&#8221;4 MODOS DE COMUTA\u00c7\u00c3O&#8221;]Escolha entre diferentes modos de funcionamento com ou sem sensor de presen\u00e7a[\/wyde_info_box][vc_empty_space height=&#8221;15px&#8221;][\/vc_column_inner][\/vc_row_inner][\/vc_column][\/vc_row][vc_row][vc_column offset=&#8221;vc_hidden-xs&#8221;][vc_empty_space height=&#8221;60px&#8221;][\/vc_column][\/vc_row][vc_row][vc_column width=&#8221;1\/3&#8243;][wyde_link_button icon_set=&#8221;simple_line&#8221; icon_simple_line=&#8221;sl-settings&#8221; style=&#8221;round&#8221; title=&#8221;Instru\u00e7\u00f5es&#8221; link=&#8221;url:https%3A%2F%2Farteconfort.com%2Fwp-content%2Fuploads%2F2022%2F02%2Fim-IRIS.pdf||target:%20_blank|rel:nofollow&#8221; color=&#8221;#ffffff&#8221; bg_color=&#8221;#222222&#8243;][\/vc_column][\/vc_row][vc_row][vc_column offset=&#8221;vc_hidden-xs&#8221;][vc_empty_space][\/vc_column][\/vc_row][vc_row][vc_column][vc_empty_space height=&#8221;20px&#8221;][\/vc_column][\/vc_row][vc_row background_mode=&#8221;color&#8221; background_color=&#8221;#f5f5f5&#8243;][vc_column text_align=&#8221;center&#8221;][vc_row_inner padding_size=&#8221;m-padding&#8221;][vc_column_inner text_align=&#8221;center&#8221;][vc_single_image alignment=&#8221;center&#8221; image=&#8221;1046&#8243;][vc_column_text]Encontre esta luz de parede solar exclusivamente \u00e0 venda em LEROY MERLIN[\/vc_column_text][vc_empty_space height=&#8221;15px&#8221;][wyde_link_button icon_set=&#8221;simple_line&#8221; icon_simple_line=&#8221;sl-login&#8221; style=&#8221;outline round&#8221; title=&#8221;Acesso a Leroy Merlin&#8221; link=&#8221;url:https%3A%2F%2Fwww.leroymerlin.es%2Ffp%2F83424642%2Fsobremuro-solar-iris-plata-4000k-y-33-cm-de-alto||target:%20_blank|rel:nofollow&#8221; color=&#8221;#61b4e4&#8243; hover_color=&#8221;#ffffff&#8221;][\/vc_column_inner][\/vc_row_inner][\/vc_column][\/vc_row]<\/p>\n","protected":false},"featured_media":34738,"template":"","meta":[],"product_brand":[],"product_cat":[407],"product_tag":[],"class_list":{"0":"post-18598","1":"product","2":"type-product","3":"status-publish","4":"has-post-thumbnail","6":"product_cat-descatalogados-pt-pt","8":"first","9":"instock","10":"shipping-taxable","11":"product-type-simple"},"yoast_head":"<!-- This site is optimized with the Yoast SEO plugin v26.5 - https:\/\/yoast.com\/wordpress\/plugins\/seo\/ -->\n<title>IRIS SOBREMURO - Descatalogados - Arteconfort<\/title>\n<meta name=\"description\" content=\"A l\u00e2mpada de parede solar IRIS caracteriza-se por um design discreto e elegante, tornando-a o complemento ideal para iluminar qualquer \u00e1rea do seu jardim ou terra\u00e7o. A l\u00e2mpada de parede IRIS incorpora um painel de alta qualidade que lhe permite captar a luz solar de uma forma mais eficiente. Tem tamb\u00e9m um sensor de movimento e programa\u00e7\u00e3o com 4 modos de ilumina\u00e7\u00e3o diferentes. Ref. IRISGR32 Detec\u00e7\u00e3o de movimento e acendimento autom\u00e1tico da luzPermite iluminar grandes \u00e1reas do jardimEscolha entre diferentes modos de funcionamento com ou sem sensor de presen\u00e7aEncontre esta luz de parede solar exclusivamente \u00e0 venda em LEROY MERLIN\" \/>\n<meta name=\"robots\" content=\"index, follow, max-snippet:-1, max-image-preview:large, max-video-preview:-1\" \/>\n<link rel=\"canonical\" href=\"https:\/\/arteconfort.com\/pt-pt\/producto\/iris-sobremuro\/\" \/>\n<meta property=\"og:locale\" content=\"pt_PT\" \/>\n<meta property=\"og:type\" content=\"article\" \/>\n<meta property=\"og:title\" content=\"IRIS SOBREMURO - Descatalogados - Arteconfort\" \/>\n<meta property=\"og:description\" content=\"A l\u00e2mpada de parede solar IRIS caracteriza-se por um design discreto e elegante, tornando-a o complemento ideal para iluminar qualquer \u00e1rea do seu jardim ou terra\u00e7o. A l\u00e2mpada de parede IRIS incorpora um painel de alta qualidade que lhe permite captar a luz solar de uma forma mais eficiente. Tem tamb\u00e9m um sensor de movimento e programa\u00e7\u00e3o com 4 modos de ilumina\u00e7\u00e3o diferentes. Ref. IRISGR32 Detec\u00e7\u00e3o de movimento e acendimento autom\u00e1tico da luzPermite iluminar grandes \u00e1reas do jardimEscolha entre diferentes modos de funcionamento com ou sem sensor de presen\u00e7aEncontre esta luz de parede solar exclusivamente \u00e0 venda em LEROY MERLIN\" \/>\n<meta property=\"og:url\" content=\"https:\/\/arteconfort.com\/pt-pt\/producto\/iris-sobremuro\/\" \/>\n<meta property=\"og:site_name\" content=\"Arteconfort\" \/>\n<meta property=\"article:modified_time\" content=\"2022-04-21T09:13:58+00:00\" \/>\n<meta property=\"og:image\" content=\"https:\/\/arteconfort.com\/wp-content\/uploads\/2023\/10\/IRIS-SOBREMURO.webp\" \/>\n\t<meta property=\"og:image:width\" content=\"1024\" \/>\n\t<meta property=\"og:image:height\" content=\"1024\" \/>\n\t<meta property=\"og:image:type\" content=\"image\/webp\" \/>\n<meta name=\"twitter:card\" content=\"summary_large_image\" \/>\n<meta name=\"twitter:label1\" content=\"Tempo estimado de leitura\" \/>\n\t<meta name=\"twitter:data1\" content=\"2 minutos\" \/>\n<!-- \/ Yoast SEO plugin. -->","yoast_head_json":{"title":"IRIS SOBREMURO - Descatalogados - Arteconfort","description":"A l\u00e2mpada de parede solar IRIS caracteriza-se por um design discreto e elegante, tornando-a o complemento ideal para iluminar qualquer \u00e1rea do seu jardim ou terra\u00e7o. A l\u00e2mpada de parede IRIS incorpora um painel de alta qualidade que lhe permite captar a luz solar de uma forma mais eficiente. Tem tamb\u00e9m um sensor de movimento e programa\u00e7\u00e3o com 4 modos de ilumina\u00e7\u00e3o diferentes. Ref. IRISGR32 Detec\u00e7\u00e3o de movimento e acendimento autom\u00e1tico da luzPermite iluminar grandes \u00e1reas do jardimEscolha entre diferentes modos de funcionamento com ou sem sensor de presen\u00e7aEncontre esta luz de parede solar exclusivamente \u00e0 venda em LEROY MERLIN","robots":{"index":"index","follow":"follow","max-snippet":"max-snippet:-1","max-image-preview":"max-image-preview:large","max-video-preview":"max-video-preview:-1"},"canonical":"https:\/\/arteconfort.com\/pt-pt\/producto\/iris-sobremuro\/","og_locale":"pt_PT","og_type":"article","og_title":"IRIS SOBREMURO - Descatalogados - Arteconfort","og_description":"A l\u00e2mpada de parede solar IRIS caracteriza-se por um design discreto e elegante, tornando-a o complemento ideal para iluminar qualquer \u00e1rea do seu jardim ou terra\u00e7o. A l\u00e2mpada de parede IRIS incorpora um painel de alta qualidade que lhe permite captar a luz solar de uma forma mais eficiente. Tem tamb\u00e9m um sensor de movimento e programa\u00e7\u00e3o com 4 modos de ilumina\u00e7\u00e3o diferentes. Ref. IRISGR32 Detec\u00e7\u00e3o de movimento e acendimento autom\u00e1tico da luzPermite iluminar grandes \u00e1reas do jardimEscolha entre diferentes modos de funcionamento com ou sem sensor de presen\u00e7aEncontre esta luz de parede solar exclusivamente \u00e0 venda em LEROY MERLIN","og_url":"https:\/\/arteconfort.com\/pt-pt\/producto\/iris-sobremuro\/","og_site_name":"Arteconfort","article_modified_time":"2022-04-21T09:13:58+00:00","og_image":[{"width":1024,"height":1024,"url":"https:\/\/arteconfort.com\/wp-content\/uploads\/2023\/10\/IRIS-SOBREMURO.webp","type":"image\/webp"}],"twitter_card":"summary_large_image","twitter_misc":{"Tempo estimado de leitura":"2 minutos"},"schema":{"@context":"https:\/\/schema.org","@graph":[{"@type":"WebPage","@id":"https:\/\/arteconfort.com\/pt-pt\/producto\/iris-sobremuro\/","url":"https:\/\/arteconfort.com\/pt-pt\/producto\/iris-sobremuro\/","name":"IRIS SOBREMURO - Descatalogados - Arteconfort","isPartOf":{"@id":"https:\/\/arteconfort.com\/pt-pt\/#website"},"primaryImageOfPage":{"@id":"https:\/\/arteconfort.com\/pt-pt\/producto\/iris-sobremuro\/#primaryimage"},"image":{"@id":"https:\/\/arteconfort.com\/pt-pt\/producto\/iris-sobremuro\/#primaryimage"},"thumbnailUrl":"https:\/\/arteconfort.com\/wp-content\/uploads\/2023\/10\/IRIS-SOBREMURO.webp","datePublished":"2021-10-25T11:59:03+00:00","dateModified":"2022-04-21T09:13:58+00:00","description":"A l\u00e2mpada de parede solar IRIS caracteriza-se por um design discreto e elegante, tornando-a o complemento ideal para iluminar qualquer \u00e1rea do seu jardim ou terra\u00e7o. A l\u00e2mpada de parede IRIS incorpora um painel de alta qualidade que lhe permite captar a luz solar de uma forma mais eficiente. Tem tamb\u00e9m um sensor de movimento e programa\u00e7\u00e3o com 4 modos de ilumina\u00e7\u00e3o diferentes. Ref. IRISGR32 Detec\u00e7\u00e3o de movimento e acendimento autom\u00e1tico da luzPermite iluminar grandes \u00e1reas do jardimEscolha entre diferentes modos de funcionamento com ou sem sensor de presen\u00e7aEncontre esta luz de parede solar exclusivamente \u00e0 venda em LEROY MERLIN","breadcrumb":{"@id":"https:\/\/arteconfort.com\/pt-pt\/producto\/iris-sobremuro\/#breadcrumb"},"inLanguage":"pt-PT","potentialAction":[{"@type":"ReadAction","target":["https:\/\/arteconfort.com\/pt-pt\/producto\/iris-sobremuro\/"]}]},{"@type":"ImageObject","inLanguage":"pt-PT","@id":"https:\/\/arteconfort.com\/pt-pt\/producto\/iris-sobremuro\/#primaryimage","url":"https:\/\/arteconfort.com\/wp-content\/uploads\/2023\/10\/IRIS-SOBREMURO.webp","contentUrl":"https:\/\/arteconfort.com\/wp-content\/uploads\/2023\/10\/IRIS-SOBREMURO.webp","width":1024,"height":1024,"caption":"Aplique de sobremuro solar IRIS"},{"@type":"BreadcrumbList","@id":"https:\/\/arteconfort.com\/pt-pt\/producto\/iris-sobremuro\/#breadcrumb","itemListElement":[{"@type":"ListItem","position":1,"name":"Inicio","item":"https:\/\/arteconfort.com\/pt-pt\/"},{"@type":"ListItem","position":2,"name":"Tienda","item":"https:\/\/arteconfort.com\/pt-pt\/tienda-2\/"},{"@type":"ListItem","position":3,"name":"IRIS SOBREMURO"}]},{"@type":"WebSite","@id":"https:\/\/arteconfort.com\/pt-pt\/#website","url":"https:\/\/arteconfort.com\/pt-pt\/","name":"Arteconfort","description":"Especialistas en productos del hogar","publisher":{"@id":"https:\/\/arteconfort.com\/pt-pt\/#organization"},"potentialAction":[{"@type":"SearchAction","target":{"@type":"EntryPoint","urlTemplate":"https:\/\/arteconfort.com\/pt-pt\/?s={search_term_string}"},"query-input":{"@type":"PropertyValueSpecification","valueRequired":true,"valueName":"search_term_string"}}],"inLanguage":"pt-PT"},{"@type":"Organization","@id":"https:\/\/arteconfort.com\/pt-pt\/#organization","name":"Arteconfort","url":"https:\/\/arteconfort.com\/pt-pt\/","logo":{"@type":"ImageObject","inLanguage":"pt-PT","@id":"https:\/\/arteconfort.com\/pt-pt\/#\/schema\/logo\/image\/","url":"https:\/\/arteconfort.com\/wp-content\/uploads\/2019\/07\/logo-arteconfort.png","contentUrl":"https:\/\/arteconfort.com\/wp-content\/uploads\/2019\/07\/logo-arteconfort.png","width":230,"height":88,"caption":"Arteconfort"},"image":{"@id":"https:\/\/arteconfort.com\/pt-pt\/#\/schema\/logo\/image\/"}}]}},"_links":{"self":[{"href":"https:\/\/arteconfort.com\/pt-pt\/wp-json\/wp\/v2\/product\/18598","targetHints":{"allow":["GET"]}}],"collection":[{"href":"https:\/\/arteconfort.com\/pt-pt\/wp-json\/wp\/v2\/product"}],"about":[{"href":"https:\/\/arteconfort.com\/pt-pt\/wp-json\/wp\/v2\/types\/product"}],"wp:featuredmedia":[{"embeddable":true,"href":"https:\/\/arteconfort.com\/pt-pt\/wp-json\/wp\/v2\/media\/34738"}],"wp:attachment":[{"href":"https:\/\/arteconfort.com\/pt-pt\/wp-json\/wp\/v2\/media?parent=18598"}],"wp:term":[{"taxonomy":"product_brand","embeddable":true,"href":"https:\/\/arteconfort.com\/pt-pt\/wp-json\/wp\/v2\/product_brand?post=18598"},{"taxonomy":"product_cat","embeddable":true,"href":"https:\/\/arteconfort.com\/pt-pt\/wp-json\/wp\/v2\/product_cat?post=18598"},{"taxonomy":"product_tag","embeddable":true,"href":"https:\/\/arteconfort.com\/pt-pt\/wp-json\/wp\/v2\/product_tag?post=18598"}],"curies":[{"name":"wp","href":"https:\/\/api.w.org\/{rel}","templated":true}]}}