{"id":20876,"date":"2021-10-25T13:45:58","date_gmt":"2021-10-25T11:45:58","guid":{"rendered":"https:\/\/arteconfort.com\/?post_type=product&#038;p=20876"},"modified":"2023-10-18T13:45:28","modified_gmt":"2023-10-18T11:45:28","slug":"etna","status":"publish","type":"product","link":"https:\/\/arteconfort.com\/pt-pt\/producto\/etna\/","title":{"rendered":"ETNA"},"content":{"rendered":"<div class=\"wpb-content-wrapper\"><p>[vc_row][vc_column][vc_empty_space height=&#8221;60px&#8221;][vc_row_inner][vc_column_inner width=&#8221;1\/3&#8243;][wyde_info_box icon_set=&#8221;simple_line&#8221; icon_simple_line=&#8221;sl-energy&#8221; icon_position=&#8221;left&#8221; title=&#8221;CARACTER\u00cdSTICAS F\u00cdSICAS E EL\u00c9CTRICAS&#8221;][\/wyde_info_box][vc_empty_space height=&#8221;10px&#8221;][vc_column_text]Altura: <strong>41cm<\/strong><br \/>\nDi\u00e2metro: <strong>107cm<\/strong><br \/>\nPeso: <strong>&#8211;<\/strong><br \/>\nMaterial do corpo: <strong>Metal<\/strong><br \/>\nMaterial da l\u00e2mina: <strong>PC<\/strong><br \/>\nAcabamento do corpo: <strong>Preto mate<\/strong><br \/>\nAcabamento da l\u00e2mina: <strong>Transparente<\/strong><br \/>\nN\u00ba de l\u00e2minas: <strong>3<\/strong><br \/>\nL\u00e2minas revers\u00edveis: <strong>N\u00e3o<\/strong><br \/>\nMotor: <strong>DC<\/strong><br \/>\nVoltagem: <strong>&#8211;<\/strong><br \/>\nPot\u00eancia de velocidade: <strong>6,3W-10,2W-13,7W-17,9W-27W<\/strong><br \/>\nRPM de velocidades: <strong>160-180-198-213-237<\/strong><br \/>\nEmiss\u00e3o sonora de velocidades: <strong>3840-5880-6360-7920-8700<\/strong><br \/>\nTaxa de fluxo de ar das velocidades: <strong>&#8211;<\/strong><br \/>\nSuperf\u00edcie m\u00e1xima recomendada:<strong> &lt;20m<sup>2<\/sup><\/strong><br \/>\nIP: <strong>20<\/strong><br \/>\nInclina\u00e7\u00e3o m\u00e1xima do tecto: <strong>15\u00ba\u00a0<\/strong><br \/>\nDist\u00e2ncia de seguran\u00e7a: <strong>2,3m<\/strong><br \/>\nIsolamento el\u00e9ctrico:<strong> Classe I<\/strong><br \/>\nAcess\u00f3rios:<strong> &#8211;<\/strong><br \/>\nGarantia:<strong> 3 anos<\/strong>[\/vc_column_text][\/vc_column_inner][vc_column_inner width=&#8221;1\/3&#8243;][wyde_info_box icon_set=&#8221;simple_line&#8221; icon_simple_line=&#8221;sl-mouse&#8221; icon_position=&#8221;left&#8221; title=&#8221;CONTROLO E FUN\u00c7\u00d5ES&#8221;][\/wyde_info_box][vc_empty_space height=&#8221;10px&#8221;][vc_column_text]Mando: <strong>S\u00ed<\/strong><br \/>\nPilas: <strong>23A<\/strong><br \/>\nN\u00ba de velocidades: <strong>5<\/strong><br \/>\nProgramaci\u00f3n: <strong>1h-4h-8h<\/strong><br \/>\nModo brisa: <strong>No<\/strong><br \/>\nModo verano\/invierno: <strong>S\u00ed<\/strong><br \/>\nTermostato: <strong>No<\/strong><br \/>\nMemoria de encendido: <strong>S\u00ed<\/strong><br \/>\nConexi\u00f3n Wi-Fi: <strong>No<\/strong><br \/>\nConexi\u00f3n bluetooth: <strong>No<\/strong>[\/vc_column_text][\/vc_column_inner][vc_column_inner width=&#8221;1\/3&#8243;][wyde_info_box icon_set=&#8221;stroke_gap&#8221; icon_stroke_gap=&#8221;sg-Bulb&#8221; icon_position=&#8221;left&#8221; title=&#8221;ILUMINACI\u00d3N&#8221;][\/wyde_info_box][vc_empty_space height=&#8221;10px&#8221;][vc_column_text]Flujo lum\u00ednico: <strong>3.200lm<\/strong><br \/>\nPotencia LED: <strong>32W<\/strong><br \/>\nTemperatura de color: <strong>S\u00ed<\/strong><br \/>\nCambio de temperatura de color: <strong>3000K-4000K-5500K<\/strong><br \/>\nRegulaci\u00f3n de intensidad: <strong>&#8211;<\/strong><br \/>\n\u00c1ngulo de apertura: <strong>160\u00ba<\/strong><br \/>\nVida media: <strong>25.000h<\/strong><br \/>\nN\u00ba de encendidos: <strong>15.000<\/strong><br \/>\nMemoria de temperatura de color: <strong>S\u00ed<\/strong><br \/>\nEtiqueta eficiencia energ\u00e9tica: <strong>F<\/strong>[\/vc_column_text][\/vc_column_inner][\/vc_row_inner][vc_empty_space height=&#8221;60px&#8221;][\/vc_column][\/vc_row][vc_row vertical_align=&#8221;middle&#8221; padding_size=&#8221;no-padding&#8221; background_mode=&#8221;color&#8221; background_color=&#8221;#f5f5f5&#8243;][vc_column text_align=&#8221;center&#8221; padding_size=&#8221;no-padding&#8221;][vc_row_inner vertical_align=&#8221;middle&#8221; padding_size=&#8221;no-padding&#8221; css=&#8221;.vc_custom_1664367242377{padding-top: 30px !important;padding-right: 60px !important;padding-bottom: 30px !important;padding-left: 60px !important;}&#8221;][vc_column_inner padding_size=&#8221;no-padding&#8221; width=&#8221;2\/3&#8243;][wyde_heading style=&#8221;2&#8243; title_tag=&#8221;h3&#8243; title=&#8221;Pe\u00e7as sobressalentes dispon\u00edveis para o ventilador ETNA&#8221; heading_color=&#8221;#000000&#8243;][vc_column_text]Pode adquirir a sua pe\u00e7a de substitui\u00e7\u00e3o para o seu ventilador na mesma loja onde comprou o seu ventilador ou noutra loja da mesma cadeia.[\/vc_column_text][vc_empty_space][wyde_info_box icon=&#8221;fa fa-check&#8221; icon_position=&#8221;left&#8221; title=&#8221;TULIPA DE LUZ&#8221;][\/wyde_info_box][wyde_info_box icon=&#8221;fa fa-check&#8221; icon_position=&#8221;left&#8221; title=&#8221;PLACA DE LED&#8221;][\/wyde_info_box][wyde_info_box icon=&#8221;fa fa-check&#8221; icon_position=&#8221;left&#8221; title=&#8221;CONTROLO REMOTO&#8221;][\/wyde_info_box][wyde_info_box icon=&#8221;fa fa-check&#8221; icon_position=&#8221;left&#8221; title=&#8221;CONTROLADOR&#8221;][\/wyde_info_box][vc_empty_space height=&#8221;20px&#8221;][\/vc_column_inner][vc_column_inner text_align=&#8221;center&#8221; width=&#8221;1\/3&#8243; background_color=&#8221;#ffffff&#8221;][vc_empty_space height=&#8221;20px&#8221;][vc_column_text]<em>Se tiver alguma d\u00favida, pode contactar-nos atrav\u00e9s do formul\u00e1rio de contacto:<\/em>[\/vc_column_text][vc_empty_space height=&#8221;20px&#8221;][wyde_link_button icon_set=&#8221;simple_line&#8221; icon_simple_line=&#8221;sl-bubbles&#8221; style=&#8221;outline round&#8221; title=&#8221;Consultar&#8221; link=&#8221;url:https%3A%2F%2Farteconfort.com%2Fcontacto%2F|||&#8221; color=&#8221;#61b4e4&#8243; hover_color=&#8221;#ffffff&#8221;][vc_empty_space height=&#8221;40px&#8221;][vc_single_image alignment=&#8221;center&#8221; image=&#8221;24271&#8243;][\/vc_column_inner][\/vc_row_inner][\/vc_column][\/vc_row]<\/p>\n<\/div>","protected":false},"excerpt":{"rendered":"<p>Ventilador de tecto Etna com luz LED integrada e mem\u00f3ria de temperatura de cor. Tem um corpo met\u00e1lico e 3 l\u00e2minas transparentes retr\u00e1cteis, \u00e9 f\u00e1cil de instalar e adequado para tectos inclinados (at\u00e9 15\u00ba). Tem um motor DC (corrente cont\u00ednua) altamente eficiente, inclui um controlo remoto para controlar e alterar os modos de programa\u00e7\u00e3o (1h-4h-8h), a temperatura de cor (3.000K-4.000K-5.500K), as velocidades (5) e o modo de Inverno-Ver\u00e3o. Este elegante modelo pode ser utilizado em salas com menos de 20m<sup>2<\/sup>.<br \/>\n<strong>Ref. ETNANG21<\/strong><\/p>\n<ul style=\"list-style-type: circle; padding-left: 80px;\">\n<li>Ventilador para quartos de tamanho m\u00e9dio<\/li>\n<li>Grande fluxo de ar<\/li>\n<li>Ilumina\u00e7\u00e3o LED com mem\u00f3ria de temperatura de cor<\/li>\n<\/ul>\n<p>[vc_row][vc_column width=&#8221;1\/3&#8243;][wyde_link_button icon_set=&#8221;simple_line&#8221; icon_simple_line=&#8221;sl-settings&#8221; style=&#8221;round&#8221; title=&#8221;Instru\u00e7\u00f5es&#8221; link=&#8221;url:https%3A%2F%2Farteconfort.com%2Fwp-content%2Fuploads%2F2022%2F02%2Fim-ETNA.pdf||target:%20_blank|rel:nofollow&#8221; color=&#8221;#ffffff&#8221; bg_color=&#8221;#222222&#8243;][\/vc_column][\/vc_row]<\/p>\n","protected":false},"featured_media":30703,"template":"","meta":[],"product_brand":[],"product_cat":[407],"product_tag":[],"class_list":{"0":"post-20876","1":"product","2":"type-product","3":"status-publish","4":"has-post-thumbnail","6":"product_cat-descatalogados-pt-pt","8":"first","9":"instock","10":"shipping-taxable","11":"product-type-external"},"yoast_head":"<!-- This site is optimized with the Yoast SEO plugin v26.5 - https:\/\/yoast.com\/wordpress\/plugins\/seo\/ -->\n<title>ETNA - Descatalogados - Arteconfort<\/title>\n<meta name=\"description\" content=\"Ventilador de tecto Etna com luz LED integrada e mem\u00f3ria de temperatura de cor. Tem um corpo met\u00e1lico e 3 l\u00e2minas transparentes retr\u00e1cteis, \u00e9 f\u00e1cil de instalar e adequado para tectos inclinados (at\u00e9 15\u00ba). Tem um motor DC (corrente cont\u00ednua) altamente eficiente, inclui um controlo remoto para controlar e alterar os modos de programa\u00e7\u00e3o (1h-4h-8h), a temperatura de cor (3.000K-4.000K-5.500K), as velocidades (5) e o modo de Inverno-Ver\u00e3o. Este elegante modelo pode ser utilizado em salas com menos de 20m2. Ref. ETNANG21   Ventilador para quartos de tamanho m\u00e9dio  Grande fluxo de ar  Ilumina\u00e7\u00e3o LED com mem\u00f3ria de temperatura de cor\" \/>\n<meta name=\"robots\" content=\"index, follow, max-snippet:-1, max-image-preview:large, max-video-preview:-1\" \/>\n<link rel=\"canonical\" href=\"https:\/\/arteconfort.com\/pt-pt\/producto\/etna\/\" \/>\n<meta property=\"og:locale\" content=\"pt_PT\" \/>\n<meta property=\"og:type\" content=\"article\" \/>\n<meta property=\"og:title\" content=\"ETNA - Descatalogados - Arteconfort\" \/>\n<meta property=\"og:description\" content=\"Ventilador de tecto Etna com luz LED integrada e mem\u00f3ria de temperatura de cor. Tem um corpo met\u00e1lico e 3 l\u00e2minas transparentes retr\u00e1cteis, \u00e9 f\u00e1cil de instalar e adequado para tectos inclinados (at\u00e9 15\u00ba). Tem um motor DC (corrente cont\u00ednua) altamente eficiente, inclui um controlo remoto para controlar e alterar os modos de programa\u00e7\u00e3o (1h-4h-8h), a temperatura de cor (3.000K-4.000K-5.500K), as velocidades (5) e o modo de Inverno-Ver\u00e3o. Este elegante modelo pode ser utilizado em salas com menos de 20m2. Ref. ETNANG21   Ventilador para quartos de tamanho m\u00e9dio  Grande fluxo de ar  Ilumina\u00e7\u00e3o LED com mem\u00f3ria de temperatura de cor\" \/>\n<meta property=\"og:url\" content=\"https:\/\/arteconfort.com\/pt-pt\/producto\/etna\/\" \/>\n<meta property=\"og:site_name\" content=\"Arteconfort\" \/>\n<meta property=\"article:modified_time\" content=\"2023-10-18T11:45:28+00:00\" \/>\n<meta property=\"og:image\" content=\"https:\/\/arteconfort.com\/wp-content\/uploads\/2023\/10\/ETNA.webp\" \/>\n\t<meta property=\"og:image:width\" content=\"1024\" \/>\n\t<meta property=\"og:image:height\" content=\"1024\" \/>\n\t<meta property=\"og:image:type\" content=\"image\/webp\" \/>\n<meta name=\"twitter:card\" content=\"summary_large_image\" \/>\n<meta name=\"twitter:label1\" content=\"Tempo estimado de leitura\" \/>\n\t<meta name=\"twitter:data1\" content=\"2 minutos\" \/>\n<!-- \/ Yoast SEO plugin. -->","yoast_head_json":{"title":"ETNA - Descatalogados - Arteconfort","description":"Ventilador de tecto Etna com luz LED integrada e mem\u00f3ria de temperatura de cor. Tem um corpo met\u00e1lico e 3 l\u00e2minas transparentes retr\u00e1cteis, \u00e9 f\u00e1cil de instalar e adequado para tectos inclinados (at\u00e9 15\u00ba). Tem um motor DC (corrente cont\u00ednua) altamente eficiente, inclui um controlo remoto para controlar e alterar os modos de programa\u00e7\u00e3o (1h-4h-8h), a temperatura de cor (3.000K-4.000K-5.500K), as velocidades (5) e o modo de Inverno-Ver\u00e3o. Este elegante modelo pode ser utilizado em salas com menos de 20m2. Ref. ETNANG21   Ventilador para quartos de tamanho m\u00e9dio  Grande fluxo de ar  Ilumina\u00e7\u00e3o LED com mem\u00f3ria de temperatura de cor","robots":{"index":"index","follow":"follow","max-snippet":"max-snippet:-1","max-image-preview":"max-image-preview:large","max-video-preview":"max-video-preview:-1"},"canonical":"https:\/\/arteconfort.com\/pt-pt\/producto\/etna\/","og_locale":"pt_PT","og_type":"article","og_title":"ETNA - Descatalogados - Arteconfort","og_description":"Ventilador de tecto Etna com luz LED integrada e mem\u00f3ria de temperatura de cor. Tem um corpo met\u00e1lico e 3 l\u00e2minas transparentes retr\u00e1cteis, \u00e9 f\u00e1cil de instalar e adequado para tectos inclinados (at\u00e9 15\u00ba). Tem um motor DC (corrente cont\u00ednua) altamente eficiente, inclui um controlo remoto para controlar e alterar os modos de programa\u00e7\u00e3o (1h-4h-8h), a temperatura de cor (3.000K-4.000K-5.500K), as velocidades (5) e o modo de Inverno-Ver\u00e3o. Este elegante modelo pode ser utilizado em salas com menos de 20m2. Ref. ETNANG21   Ventilador para quartos de tamanho m\u00e9dio  Grande fluxo de ar  Ilumina\u00e7\u00e3o LED com mem\u00f3ria de temperatura de cor","og_url":"https:\/\/arteconfort.com\/pt-pt\/producto\/etna\/","og_site_name":"Arteconfort","article_modified_time":"2023-10-18T11:45:28+00:00","og_image":[{"width":1024,"height":1024,"url":"https:\/\/arteconfort.com\/wp-content\/uploads\/2023\/10\/ETNA.webp","type":"image\/webp"}],"twitter_card":"summary_large_image","twitter_misc":{"Tempo estimado de leitura":"2 minutos"},"schema":{"@context":"https:\/\/schema.org","@graph":[{"@type":"WebPage","@id":"https:\/\/arteconfort.com\/pt-pt\/producto\/etna\/","url":"https:\/\/arteconfort.com\/pt-pt\/producto\/etna\/","name":"ETNA - Descatalogados - Arteconfort","isPartOf":{"@id":"https:\/\/arteconfort.com\/pt-pt\/#website"},"primaryImageOfPage":{"@id":"https:\/\/arteconfort.com\/pt-pt\/producto\/etna\/#primaryimage"},"image":{"@id":"https:\/\/arteconfort.com\/pt-pt\/producto\/etna\/#primaryimage"},"thumbnailUrl":"https:\/\/arteconfort.com\/wp-content\/uploads\/2023\/10\/ETNA.webp","datePublished":"2021-10-25T11:45:58+00:00","dateModified":"2023-10-18T11:45:28+00:00","description":"Ventilador de tecto Etna com luz LED integrada e mem\u00f3ria de temperatura de cor. Tem um corpo met\u00e1lico e 3 l\u00e2minas transparentes retr\u00e1cteis, \u00e9 f\u00e1cil de instalar e adequado para tectos inclinados (at\u00e9 15\u00ba). Tem um motor DC (corrente cont\u00ednua) altamente eficiente, inclui um controlo remoto para controlar e alterar os modos de programa\u00e7\u00e3o (1h-4h-8h), a temperatura de cor (3.000K-4.000K-5.500K), as velocidades (5) e o modo de Inverno-Ver\u00e3o. Este elegante modelo pode ser utilizado em salas com menos de 20m2. Ref. ETNANG21 Ventilador para quartos de tamanho m\u00e9dio Grande fluxo de ar Ilumina\u00e7\u00e3o LED com mem\u00f3ria de temperatura de cor","breadcrumb":{"@id":"https:\/\/arteconfort.com\/pt-pt\/producto\/etna\/#breadcrumb"},"inLanguage":"pt-PT","potentialAction":[{"@type":"ReadAction","target":["https:\/\/arteconfort.com\/pt-pt\/producto\/etna\/"]}]},{"@type":"ImageObject","inLanguage":"pt-PT","@id":"https:\/\/arteconfort.com\/pt-pt\/producto\/etna\/#primaryimage","url":"https:\/\/arteconfort.com\/wp-content\/uploads\/2023\/10\/ETNA.webp","contentUrl":"https:\/\/arteconfort.com\/wp-content\/uploads\/2023\/10\/ETNA.webp","width":1024,"height":1024},{"@type":"BreadcrumbList","@id":"https:\/\/arteconfort.com\/pt-pt\/producto\/etna\/#breadcrumb","itemListElement":[{"@type":"ListItem","position":1,"name":"Inicio","item":"https:\/\/arteconfort.com\/pt-pt\/"},{"@type":"ListItem","position":2,"name":"Tienda","item":"https:\/\/arteconfort.com\/pt-pt\/tienda-2\/"},{"@type":"ListItem","position":3,"name":"ETNA"}]},{"@type":"WebSite","@id":"https:\/\/arteconfort.com\/pt-pt\/#website","url":"https:\/\/arteconfort.com\/pt-pt\/","name":"Arteconfort","description":"Especialistas en productos del hogar","publisher":{"@id":"https:\/\/arteconfort.com\/pt-pt\/#organization"},"potentialAction":[{"@type":"SearchAction","target":{"@type":"EntryPoint","urlTemplate":"https:\/\/arteconfort.com\/pt-pt\/?s={search_term_string}"},"query-input":{"@type":"PropertyValueSpecification","valueRequired":true,"valueName":"search_term_string"}}],"inLanguage":"pt-PT"},{"@type":"Organization","@id":"https:\/\/arteconfort.com\/pt-pt\/#organization","name":"Arteconfort","url":"https:\/\/arteconfort.com\/pt-pt\/","logo":{"@type":"ImageObject","inLanguage":"pt-PT","@id":"https:\/\/arteconfort.com\/pt-pt\/#\/schema\/logo\/image\/","url":"https:\/\/arteconfort.com\/wp-content\/uploads\/2019\/07\/logo-arteconfort.png","contentUrl":"https:\/\/arteconfort.com\/wp-content\/uploads\/2019\/07\/logo-arteconfort.png","width":230,"height":88,"caption":"Arteconfort"},"image":{"@id":"https:\/\/arteconfort.com\/pt-pt\/#\/schema\/logo\/image\/"}}]}},"_links":{"self":[{"href":"https:\/\/arteconfort.com\/pt-pt\/wp-json\/wp\/v2\/product\/20876","targetHints":{"allow":["GET"]}}],"collection":[{"href":"https:\/\/arteconfort.com\/pt-pt\/wp-json\/wp\/v2\/product"}],"about":[{"href":"https:\/\/arteconfort.com\/pt-pt\/wp-json\/wp\/v2\/types\/product"}],"wp:featuredmedia":[{"embeddable":true,"href":"https:\/\/arteconfort.com\/pt-pt\/wp-json\/wp\/v2\/media\/30703"}],"wp:attachment":[{"href":"https:\/\/arteconfort.com\/pt-pt\/wp-json\/wp\/v2\/media?parent=20876"}],"wp:term":[{"taxonomy":"product_brand","embeddable":true,"href":"https:\/\/arteconfort.com\/pt-pt\/wp-json\/wp\/v2\/product_brand?post=20876"},{"taxonomy":"product_cat","embeddable":true,"href":"https:\/\/arteconfort.com\/pt-pt\/wp-json\/wp\/v2\/product_cat?post=20876"},{"taxonomy":"product_tag","embeddable":true,"href":"https:\/\/arteconfort.com\/pt-pt\/wp-json\/wp\/v2\/product_tag?post=20876"}],"curies":[{"name":"wp","href":"https:\/\/api.w.org\/{rel}","templated":true}]}}