{"id":21796,"date":"2021-10-25T13:32:18","date_gmt":"2022-03-28T08:07:12","guid":{"rendered":"https:\/\/arteconfort.com\/?post_type=product&#038;p=21796"},"modified":"2023-06-21T14:14:31","modified_gmt":"2023-06-21T12:14:31","slug":"vigo","status":"publish","type":"product","link":"https:\/\/arteconfort.com\/pt-pt\/producto\/vigo\/","title":{"rendered":"VIGO"},"content":{"rendered":"<div class=\"wpb-content-wrapper\"><p>[vc_row][vc_column][vc_row_inner][vc_column_inner width=&#8221;1\/4&#8243; offset=&#8221;vc_col-xs-6&#8243;][wyde_info_box icon_set=&#8221;simple_line&#8221; icon_simple_line=&#8221;sl-power&#8221; title=&#8221;MEM\u00d3RIA DE PREFER\u00caNCIAS DE CONTROLO&#8221;]Para facilidade de utiliza\u00e7\u00e3o[\/wyde_info_box][\/vc_column_inner][vc_column_inner width=&#8221;1\/4&#8243; offset=&#8221;vc_col-xs-6&#8243;][wyde_info_box icon_set=&#8221;simple_line&#8221; icon_simple_line=&#8221;sl-mouse&#8221; title=&#8221;CONTROLO INCLU\u00cdDO&#8221;]Para maior facilidade de utiliza\u00e7\u00e3o[\/wyde_info_box][\/vc_column_inner][vc_column_inner width=&#8221;1\/4&#8243; offset=&#8221;vc_col-xs-6&#8243;][wyde_info_box icon_set=&#8221;bigmug_line&#8221; icon_bigmug_line=&#8221;sl-bulb&#8221; title=&#8221;MEM\u00d3RIA DE TEMPERATURA DE COR&#8221;]Cria o teu pr\u00f3prio ambiente[\/wyde_info_box][\/vc_column_inner][vc_column_inner width=&#8221;1\/4&#8243; offset=&#8221;vc_col-xs-6&#8243;][wyde_info_box icon_set=&#8221;simple_line&#8221; icon_simple_line=&#8221;sl-wrench&#8221; title=&#8221;F\u00c1CIL INSTALA\u00c7\u00c3O&#8221;]Monte o seu ventilador em apenas alguns passos[\/wyde_info_box][\/vc_column_inner][\/vc_row_inner][vc_row_inner][vc_column_inner offset=&#8221;vc_hidden-xs&#8221;][vc_empty_space][\/vc_column_inner][\/vc_row_inner][vc_row_inner][vc_column_inner width=&#8221;1\/4&#8243; offset=&#8221;vc_col-xs-6&#8243;][wyde_info_box icon_set=&#8221;simple_line&#8221; icon_simple_line=&#8221;sl-home&#8221; title=&#8221;ADEQUADO PARA TECTOS INCLINADOS&#8221;]At\u00e9 15\u00b0 de inclina\u00e7\u00e3o[\/wyde_info_box][\/vc_column_inner][vc_column_inner width=&#8221;1\/4&#8243; offset=&#8221;vc_col-xs-6&#8243;][wyde_info_box icon_set=&#8221;simple_line&#8221; icon_simple_line=&#8221;sl-volume-off&#8221; title=&#8221;SEM SINAL SONORO NO CONTROLO&#8221;]Para n\u00e3o interromper o seu descanso[\/wyde_info_box][\/vc_column_inner][vc_column_inner width=&#8221;1\/4&#8243; offset=&#8221;vc_col-xs-6&#8243;][wyde_info_box icon_set=&#8221;simple_line&#8221; icon_simple_line=&#8221;sl-clock&#8221; title=&#8221;PROGRAMAM\u00c1VEL&#8221;] 9 n\u00edveis em per\u00edodos de 1h[\/wyde_info_box][\/vc_column_inner][vc_column_inner width=&#8221;1\/4&#8243; offset=&#8221;vc_col-xs-6&#8243;][wyde_info_box icon_set=&#8221;simple_line&#8221; icon_simple_line=&#8221;sl-speedometer&#8221; title=&#8221;6 SPEEDS&#8221;]Vasta gama de velocidades[\/wyde_info_box][\/vc_column_inner][\/vc_row_inner][vc_row_inner][vc_column_inner offset=&#8221;vc_hidden-xs&#8221;][vc_empty_space height=&#8221;60px&#8221;][\/vc_column_inner][\/vc_row_inner][\/vc_column][\/vc_row][vc_row][vc_column width=&#8221;1\/2&#8243;][vc_accordion collapsible=&#8221;true&#8221; active_tab=&#8221;false&#8221;][vc_accordion_tab title=&#8221;Caracter\u00edsticas mec\u00e2nicas&#8221;][vc_column_text]<strong>Altura<\/strong> 35cm<br \/>\n<strong>Di\u00e2metro<\/strong> 132cm<br \/>\n<strong>Peso<\/strong> 6,4kg<br \/>\n<strong>Material<\/strong> Metal e vidro<br \/>\n<strong>Acabamento<\/strong> Branco<br \/>\n<strong>Ru\u00eddo emitido<\/strong> 20dBs \u00e0 velocidade 1<br \/>\n<strong>Dist\u00e2ncia<\/strong> de seguran\u00e7a 2,3m<br \/>\n<strong>Superf\u00edcie recomendada<\/strong> 25m2<br \/>\n<strong>Inclina\u00e7\u00e3o m\u00e1xima do tecto<\/strong> 15\u00ba<br \/>\n<strong>IP<\/strong> 20<br \/>\n<strong>Isolamento el\u00e9ctrico<\/strong> Classe I<br \/>\n<strong>N\u00ba de velocidades<\/strong> 6<br \/>\n<strong>Pot\u00eancia das velocidades<\/strong> 4,2W\/6,4W\/10,5W\/15,6W\/22,2W\/29w<br \/>\n<strong>RPM de velocidades<\/strong> 100\/125\/150\/175\/200\/220<br \/>\n<strong>Acess\u00f3rios<\/strong> Estabilizador e 25cm adicionais fixos<br \/>\n<strong>Garantia<\/strong>\u00a03 anos[\/vc_column_text][\/vc_accordion_tab][vc_accordion_tab title=&#8221;L\u00e2minas&#8221;][vc_column_text]<strong>Material<\/strong> ABS<br \/>\n<strong>Acabamento<\/strong> Madeira cinzenta<br \/>\n<strong>Revers\u00edvel<\/strong> N\u00e3o<br \/>\n<strong>N\u00ba de l\u00e2minas<\/strong> 4<br \/>\n<strong>Fun\u00e7\u00e3o Inverno\/Ver\u00e3o<\/strong> Sim[\/vc_column_text][\/vc_accordion_tab][vc_accordion_tab title=&#8221;Caracter\u00edsticas el\u00e9ctricas&#8221;][vc_column_text]<strong>Tipo de motor<\/strong> DC<br \/>\n<strong>Pot\u00eancia<\/strong> 29W[\/vc_column_text][\/vc_accordion_tab][vc_accordion_tab title=&#8221;Controlo remoto&#8221;][vc_column_text]<strong>Baterias inclu\u00eddas<\/strong> Sim<br \/>\n<strong>Bateria tipo<\/strong> AAA x2<br \/>\n<strong>Prefer\u00eancia de controlo<\/strong> Sim<br \/>\n<strong>Desligamento autom\u00e1tico<\/strong> Sim<br \/>\n<strong>Tempo program\u00e1vel<\/strong> 9 n\u00edveis em per\u00edodos de 1h[\/vc_column_text][\/vc_accordion_tab][\/vc_accordion][\/vc_column][vc_column width=&#8221;1\/2&#8243;][vc_single_image image=&#8221;21788&#8243;][\/vc_column][\/vc_row]<\/p>\n<\/div>","protected":false},"excerpt":{"rendered":"<p>O ventilador de tecto VIGO \u00e9 uma \u00f3ptima forma de condicionar o ar dos seus quartos, ao mesmo tempo que acrescenta um toque distinto aos seus quartos. Este modelo incorpora um motor CC controlado por controlo remoto, com baterias inclu\u00eddas, e \u00e9 program\u00e1vel em 6 velocidades de rota\u00e7\u00e3o. Tamb\u00e9m tem regula\u00e7\u00e3o ajust\u00e1vel da luz e da temperatura da cor para ajudar os nossos ritmos circadianos.<br \/>\n<strong>Ref. VIGOBL21<\/strong>[vc_row][vc_column offset=&#8221;vc_hidden-xs&#8221;][vc_empty_space height=&#8221;30px&#8221;][\/vc_column][\/vc_row][vc_row][vc_column][vc_row_inner][vc_column_inner][wyde_info_box icon_set=&#8221;simple_line&#8221; icon_simple_line=&#8221;sl-loop&#8221; icon_position=&#8221;left&#8221; title=&#8221;ESPA\u00c7O AT\u00c9 25M2<sup>2<\/sup>&#8220;]Tamanho do quarto recomendado[\/wyde_info_box][vc_empty_space height=&#8221;15px&#8221;][\/vc_column_inner][\/vc_row_inner][vc_row_inner][vc_column_inner][wyde_info_box icon_set=&#8221;simple_line&#8221; icon_simple_line=&#8221;sl-volume-2&#8243; icon_position=&#8221;left&#8221; title=&#8221;M\u00c1X. 20DBS (RU\u00cdDO EMITIDO \u00c0 VELOCIDADE 1)&#8221;]Ventilador de tecto silencioso para dormir[\/wyde_info_box][vc_empty_space height=&#8221;15px&#8221;][\/vc_column_inner][\/vc_row_inner][vc_row_inner][vc_column_inner][wyde_info_box icon_set=&#8221;simple_line&#8221; icon_simple_line=&#8221;sl-settings&#8221; icon_position=&#8221;left&#8221; title=&#8221;DC MOTOR&#8221;]Alta efici\u00eancia[\/wyde_info_box][vc_empty_space height=&#8221;15px&#8221;][\/vc_column_inner][\/vc_row_inner][\/vc_column][\/vc_row][vc_row][vc_column offset=&#8221;vc_hidden-xs&#8221;][vc_empty_space height=&#8221;60px&#8221;][\/vc_column][\/vc_row][vc_row][vc_column width=&#8221;1\/3&#8243;][wyde_link_button icon_set=&#8221;simple_line&#8221; icon_simple_line=&#8221;sl-settings&#8221; style=&#8221;round&#8221; title=&#8221;Instru\u00e7\u00f5es&#8221; link=&#8221;url:https%3A%2F%2Farteconfort.com%2Fwp-content%2Fuploads%2F2022%2F02%2Fim-VIGO.pdf||target:%20_blank|rel:nofollow&#8221; color=&#8221;#ffffff&#8221; bg_color=&#8221;#222222&#8243;][\/vc_column][\/vc_row]<\/p>\n","protected":false},"featured_media":34173,"template":"","meta":[],"product_brand":[],"product_cat":[407],"product_tag":[],"class_list":{"0":"post-21796","1":"product","2":"type-product","3":"status-publish","4":"has-post-thumbnail","6":"product_cat-descatalogados-pt-pt","8":"first","9":"instock","10":"shipping-taxable","11":"product-type-external"},"yoast_head":"<!-- This site is optimized with the Yoast SEO plugin v26.5 - https:\/\/yoast.com\/wordpress\/plugins\/seo\/ -->\n<title>VIGO - Descatalogados - Arteconfort<\/title>\n<meta name=\"description\" content=\"O ventilador de tecto VIGO \u00e9 uma \u00f3ptima forma de condicionar o ar dos seus quartos, ao mesmo tempo que acrescenta um toque distinto aos seus quartos. Este modelo incorpora um motor CC controlado por controlo remoto, com baterias inclu\u00eddas, e \u00e9 program\u00e1vel em 6 velocidades de rota\u00e7\u00e3o. Tamb\u00e9m tem regula\u00e7\u00e3o ajust\u00e1vel da luz e da temperatura da cor para ajudar os nossos ritmos circadianos. Ref. VIGOBL21Tamanho do quarto recomendadoVentilador de tecto silencioso para dormirAlta efici\u00eancia\" \/>\n<meta name=\"robots\" content=\"index, follow, max-snippet:-1, max-image-preview:large, max-video-preview:-1\" \/>\n<link rel=\"canonical\" href=\"https:\/\/arteconfort.com\/pt-pt\/producto\/vigo\/\" \/>\n<meta property=\"og:locale\" content=\"pt_PT\" \/>\n<meta property=\"og:type\" content=\"article\" \/>\n<meta property=\"og:title\" content=\"VIGO - Descatalogados - Arteconfort\" \/>\n<meta property=\"og:description\" content=\"O ventilador de tecto VIGO \u00e9 uma \u00f3ptima forma de condicionar o ar dos seus quartos, ao mesmo tempo que acrescenta um toque distinto aos seus quartos. Este modelo incorpora um motor CC controlado por controlo remoto, com baterias inclu\u00eddas, e \u00e9 program\u00e1vel em 6 velocidades de rota\u00e7\u00e3o. Tamb\u00e9m tem regula\u00e7\u00e3o ajust\u00e1vel da luz e da temperatura da cor para ajudar os nossos ritmos circadianos. Ref. VIGOBL21Tamanho do quarto recomendadoVentilador de tecto silencioso para dormirAlta efici\u00eancia\" \/>\n<meta property=\"og:url\" content=\"https:\/\/arteconfort.com\/pt-pt\/producto\/vigo\/\" \/>\n<meta property=\"og:site_name\" content=\"Arteconfort\" \/>\n<meta property=\"article:modified_time\" content=\"2023-06-21T12:14:31+00:00\" \/>\n<meta property=\"og:image\" content=\"https:\/\/arteconfort.com\/wp-content\/uploads\/2023\/10\/VIGO-1.webp\" \/>\n\t<meta property=\"og:image:width\" content=\"1024\" \/>\n\t<meta property=\"og:image:height\" content=\"1024\" \/>\n\t<meta property=\"og:image:type\" content=\"image\/webp\" \/>\n<meta name=\"twitter:card\" content=\"summary_large_image\" \/>\n<meta name=\"twitter:label1\" content=\"Tempo estimado de leitura\" \/>\n\t<meta name=\"twitter:data1\" content=\"3 minutos\" \/>\n<!-- \/ Yoast SEO plugin. -->","yoast_head_json":{"title":"VIGO - Descatalogados - Arteconfort","description":"O ventilador de tecto VIGO \u00e9 uma \u00f3ptima forma de condicionar o ar dos seus quartos, ao mesmo tempo que acrescenta um toque distinto aos seus quartos. Este modelo incorpora um motor CC controlado por controlo remoto, com baterias inclu\u00eddas, e \u00e9 program\u00e1vel em 6 velocidades de rota\u00e7\u00e3o. Tamb\u00e9m tem regula\u00e7\u00e3o ajust\u00e1vel da luz e da temperatura da cor para ajudar os nossos ritmos circadianos. Ref. VIGOBL21Tamanho do quarto recomendadoVentilador de tecto silencioso para dormirAlta efici\u00eancia","robots":{"index":"index","follow":"follow","max-snippet":"max-snippet:-1","max-image-preview":"max-image-preview:large","max-video-preview":"max-video-preview:-1"},"canonical":"https:\/\/arteconfort.com\/pt-pt\/producto\/vigo\/","og_locale":"pt_PT","og_type":"article","og_title":"VIGO - Descatalogados - Arteconfort","og_description":"O ventilador de tecto VIGO \u00e9 uma \u00f3ptima forma de condicionar o ar dos seus quartos, ao mesmo tempo que acrescenta um toque distinto aos seus quartos. Este modelo incorpora um motor CC controlado por controlo remoto, com baterias inclu\u00eddas, e \u00e9 program\u00e1vel em 6 velocidades de rota\u00e7\u00e3o. Tamb\u00e9m tem regula\u00e7\u00e3o ajust\u00e1vel da luz e da temperatura da cor para ajudar os nossos ritmos circadianos. Ref. VIGOBL21Tamanho do quarto recomendadoVentilador de tecto silencioso para dormirAlta efici\u00eancia","og_url":"https:\/\/arteconfort.com\/pt-pt\/producto\/vigo\/","og_site_name":"Arteconfort","article_modified_time":"2023-06-21T12:14:31+00:00","og_image":[{"width":1024,"height":1024,"url":"https:\/\/arteconfort.com\/wp-content\/uploads\/2023\/10\/VIGO-1.webp","type":"image\/webp"}],"twitter_card":"summary_large_image","twitter_misc":{"Tempo estimado de leitura":"3 minutos"},"schema":{"@context":"https:\/\/schema.org","@graph":[{"@type":"WebPage","@id":"https:\/\/arteconfort.com\/pt-pt\/producto\/vigo\/","url":"https:\/\/arteconfort.com\/pt-pt\/producto\/vigo\/","name":"VIGO - Descatalogados - Arteconfort","isPartOf":{"@id":"https:\/\/arteconfort.com\/pt-pt\/#website"},"primaryImageOfPage":{"@id":"https:\/\/arteconfort.com\/pt-pt\/producto\/vigo\/#primaryimage"},"image":{"@id":"https:\/\/arteconfort.com\/pt-pt\/producto\/vigo\/#primaryimage"},"thumbnailUrl":"https:\/\/arteconfort.com\/wp-content\/uploads\/2023\/10\/VIGO-1.webp","datePublished":"2022-03-28T08:07:12+00:00","dateModified":"2023-06-21T12:14:31+00:00","description":"O ventilador de tecto VIGO \u00e9 uma \u00f3ptima forma de condicionar o ar dos seus quartos, ao mesmo tempo que acrescenta um toque distinto aos seus quartos. Este modelo incorpora um motor CC controlado por controlo remoto, com baterias inclu\u00eddas, e \u00e9 program\u00e1vel em 6 velocidades de rota\u00e7\u00e3o. Tamb\u00e9m tem regula\u00e7\u00e3o ajust\u00e1vel da luz e da temperatura da cor para ajudar os nossos ritmos circadianos. Ref. VIGOBL21Tamanho do quarto recomendadoVentilador de tecto silencioso para dormirAlta efici\u00eancia","breadcrumb":{"@id":"https:\/\/arteconfort.com\/pt-pt\/producto\/vigo\/#breadcrumb"},"inLanguage":"pt-PT","potentialAction":[{"@type":"ReadAction","target":["https:\/\/arteconfort.com\/pt-pt\/producto\/vigo\/"]}]},{"@type":"ImageObject","inLanguage":"pt-PT","@id":"https:\/\/arteconfort.com\/pt-pt\/producto\/vigo\/#primaryimage","url":"https:\/\/arteconfort.com\/wp-content\/uploads\/2023\/10\/VIGO-1.webp","contentUrl":"https:\/\/arteconfort.com\/wp-content\/uploads\/2023\/10\/VIGO-1.webp","width":1024,"height":1024},{"@type":"BreadcrumbList","@id":"https:\/\/arteconfort.com\/pt-pt\/producto\/vigo\/#breadcrumb","itemListElement":[{"@type":"ListItem","position":1,"name":"Inicio","item":"https:\/\/arteconfort.com\/pt-pt\/"},{"@type":"ListItem","position":2,"name":"Tienda","item":"https:\/\/arteconfort.com\/pt-pt\/tienda-2\/"},{"@type":"ListItem","position":3,"name":"VIGO"}]},{"@type":"WebSite","@id":"https:\/\/arteconfort.com\/pt-pt\/#website","url":"https:\/\/arteconfort.com\/pt-pt\/","name":"Arteconfort","description":"Especialistas en productos del hogar","publisher":{"@id":"https:\/\/arteconfort.com\/pt-pt\/#organization"},"potentialAction":[{"@type":"SearchAction","target":{"@type":"EntryPoint","urlTemplate":"https:\/\/arteconfort.com\/pt-pt\/?s={search_term_string}"},"query-input":{"@type":"PropertyValueSpecification","valueRequired":true,"valueName":"search_term_string"}}],"inLanguage":"pt-PT"},{"@type":"Organization","@id":"https:\/\/arteconfort.com\/pt-pt\/#organization","name":"Arteconfort","url":"https:\/\/arteconfort.com\/pt-pt\/","logo":{"@type":"ImageObject","inLanguage":"pt-PT","@id":"https:\/\/arteconfort.com\/pt-pt\/#\/schema\/logo\/image\/","url":"https:\/\/arteconfort.com\/wp-content\/uploads\/2019\/07\/logo-arteconfort.png","contentUrl":"https:\/\/arteconfort.com\/wp-content\/uploads\/2019\/07\/logo-arteconfort.png","width":230,"height":88,"caption":"Arteconfort"},"image":{"@id":"https:\/\/arteconfort.com\/pt-pt\/#\/schema\/logo\/image\/"}}]}},"_links":{"self":[{"href":"https:\/\/arteconfort.com\/pt-pt\/wp-json\/wp\/v2\/product\/21796","targetHints":{"allow":["GET"]}}],"collection":[{"href":"https:\/\/arteconfort.com\/pt-pt\/wp-json\/wp\/v2\/product"}],"about":[{"href":"https:\/\/arteconfort.com\/pt-pt\/wp-json\/wp\/v2\/types\/product"}],"wp:featuredmedia":[{"embeddable":true,"href":"https:\/\/arteconfort.com\/pt-pt\/wp-json\/wp\/v2\/media\/34173"}],"wp:attachment":[{"href":"https:\/\/arteconfort.com\/pt-pt\/wp-json\/wp\/v2\/media?parent=21796"}],"wp:term":[{"taxonomy":"product_brand","embeddable":true,"href":"https:\/\/arteconfort.com\/pt-pt\/wp-json\/wp\/v2\/product_brand?post=21796"},{"taxonomy":"product_cat","embeddable":true,"href":"https:\/\/arteconfort.com\/pt-pt\/wp-json\/wp\/v2\/product_cat?post=21796"},{"taxonomy":"product_tag","embeddable":true,"href":"https:\/\/arteconfort.com\/pt-pt\/wp-json\/wp\/v2\/product_tag?post=21796"}],"curies":[{"name":"wp","href":"https:\/\/api.w.org\/{rel}","templated":true}]}}