{"id":25159,"date":"2023-02-17T08:44:55","date_gmt":"2023-02-17T07:44:55","guid":{"rendered":"https:\/\/arteconfort.com\/producto\/sem%20categoria\/ivy\/"},"modified":"2023-06-16T07:57:17","modified_gmt":"2023-06-16T05:57:17","slug":"ivy","status":"publish","type":"product","link":"https:\/\/arteconfort.com\/pt-pt\/producto\/ivy\/","title":{"rendered":"IVY"},"content":{"rendered":"<div class=\"wpb-content-wrapper\"><p>[vc_row][vc_column][vc_empty_space height=&#8221;60px&#8221;][vc_row_inner][vc_column_inner width=&#8221;1\/3&#8243;][wyde_info_box icon_set=&#8221;simple_line&#8221; icon_simple_line=&#8221;sl-energy&#8221; icon_position=&#8221;left&#8221; title=&#8221;CARACTER\u00cdSTICAS F\u00cdSICAS E EL\u00c9CTRICAS&#8221;][\/wyde_info_box][vc_empty_space height=&#8221;10px&#8221;][vc_column_text]Dimens\u00f5es do painel: <strong>6,7cm x 6,7cm<\/strong><br \/>\nComprimento da grinalda: <b>4,5m+2m cabo<\/b><br \/>\nMaterial do corpo: <strong>ABS\u00a0<\/strong><br \/>\nAcabamento do corpo: <strong>Noir et fibre<\/strong><br \/>\nIP: <strong>65<\/strong><br \/>\nCircuito protegido: <strong>Sim<\/strong><br \/>\nSem tampas: <strong>Sim<\/strong><br \/>\nSem fios: <strong>N\u00e3o<\/strong><br \/>\nIsolamento el\u00e9ctrico: <strong>Clase III<\/strong><br \/>\nComando: <strong>&#8211;<\/strong><br \/>\nPilhas: <strong>&#8211;<\/strong><br \/>\nTipo de ilumina\u00e7\u00e3o: <strong>Decorativa<\/strong><br \/>\nSensor: <strong>&#8211;<\/strong><br \/>\nDist\u00e2ncia de detec\u00e7\u00e3o: <strong>&#8211;<\/strong><br \/>\nTempo de cortesia: <strong>&#8211;<\/strong><br \/>\nProduto ajust\u00e1vel: <strong>&#8211;<\/strong><br \/>\nAcess\u00f3rios: <strong>Espeto<\/strong><br \/>\nGarantia: <strong>3 anos<\/strong>[\/vc_column_text][\/vc_column_inner][vc_column_inner width=&#8221;1\/3&#8243;][wyde_info_box icon_set=&#8221;simple_line&#8221; icon_simple_line=&#8221;sl-mouse&#8221; icon_position=&#8221;left&#8221; title=&#8221;PAINEL SOLAR E BATERIA&#8221;][\/wyde_info_box][vc_empty_space height=&#8221;10px&#8221;][vc_column_text]<br \/>\nTipo de painel solar: <strong>Policristalino<\/strong><br \/>\nTipo de encapsulamento: <strong>Silicone<\/strong><br \/>\nTempo de carregamento da bateria: <strong>5h<\/strong><br \/>\nTipo de bateria: <strong>Ni-MH AA<\/strong><br \/>\nTens\u00e3o de carregamento: <strong>1,2V<\/strong><br \/>\nCapacidade: <strong>600mAh<\/strong><br \/>\nM\u00e1xima autonomia: <strong>12h<\/strong><br \/>\n[\/vc_column_text][\/vc_column_inner][vc_column_inner width=&#8221;1\/3&#8243;][wyde_info_box icon_set=&#8221;stroke_gap&#8221; icon_stroke_gap=&#8221;sg-Bulb&#8221; icon_position=&#8221;left&#8221; title=&#8221;ILUMINA\u00c7\u00c3O&#8221;][\/wyde_info_box][vc_empty_space height=&#8221;10px&#8221;][vc_column_text]<br \/>\nFluxo luminoso: <strong>&#8211;<\/strong><br \/>\nPot\u00eancia LED: <strong>&#8211;<\/strong><br \/>\nTemperatura de cor: <strong>3.000K<\/strong><br \/>\nLED OSRAM: <strong>No<\/strong><br \/>\n\u00c2ngulo de abertura: <strong>270\u00ba<\/strong><br \/>\nVida m\u00e8dia: <strong>&#8211;<\/strong><br \/>\nN\u00famero de igni\u00e7\u00f5es: <strong>&#8211;<\/strong><br \/>\nModos de funcionamento: <strong>8 modos<\/strong><br \/>\n*Autonomia com carga de bateria a 100%<br \/>\n[\/vc_column_text][\/vc_column_inner][\/vc_row_inner][vc_empty_space height=&#8221;60px&#8221;][\/vc_column][\/vc_row][vc_row vertical_align=&#8221;middle&#8221; padding_size=&#8221;no-padding&#8221; background_mode=&#8221;color&#8221; background_color=&#8221;#f5f5f5&#8243;][vc_column text_align=&#8221;center&#8221; offset=&#8221;vc_hidden-md vc_hidden-sm vc_hidden-xs&#8221;][vc_row_inner vertical_align=&#8221;middle&#8221; padding_size=&#8221;no-padding&#8221;][vc_column_inner text_align=&#8221;center&#8221; width=&#8221;1\/3&#8243;][vc_single_image alignment=&#8221;center&#8221; image=&#8221;24199&#8243;][\/vc_column_inner][vc_column_inner width=&#8221;1\/3&#8243;][vc_column_text]Encontre este candeeiro de parede exclusivamente \u00e0 venda em <strong>BAUHAUS<\/strong>[\/vc_column_text][\/vc_column_inner][vc_column_inner width=&#8221;1\/3&#8243;][wyde_link_button icon_set=&#8221;simple_line&#8221; icon_simple_line=&#8221;sl-login&#8221; style=&#8221;outline round&#8221; title=&#8221;Acesso \u00e0 Bauhaus&#8221; link=&#8221;url:https%3A%2F%2Fwww.bauhaus.es%2Flamparas-solares%2Farte-confort-guirnalda-luminosa-solar-ivy%2Fp%2F30484391||target:%20_blank|rel:nofollow&#8221; color=&#8221;#61b4e4&#8243; hover_color=&#8221;#ffffff&#8221;][\/vc_column_inner][\/vc_row_inner][\/vc_column][\/vc_row][vc_row vertical_align=&#8221;middle&#8221; padding_size=&#8221;no-padding&#8221; background_mode=&#8221;color&#8221; background_color=&#8221;#f5f5f5&#8243;][vc_column text_align=&#8221;center&#8221; padding_size=&#8221;no-padding&#8221; offset=&#8221;vc_hidden-lg&#8221;][vc_row_inner vertical_align=&#8221;middle&#8221; padding_size=&#8221;no-padding&#8221; css=&#8221;.vc_custom_1664367242377{padding-top: 30px !important;padding-right: 60px !important;padding-bottom: 30px !important;padding-left: 60px !important;}&#8221;][vc_column_inner padding_size=&#8221;no-padding&#8221; width=&#8221;1\/2&#8243;][vc_single_image alignment=&#8221;center&#8221; image=&#8221;24199&#8243;][\/vc_column_inner][vc_column_inner text_align=&#8221;center&#8221; width=&#8221;1\/2&#8243;][vc_column_text]Encontre este candeeiro de parede exclusivamente \u00e0 venda em <strong>BAUHAUS<\/strong>[\/vc_column_text][vc_empty_space height=&#8221;10px&#8221;][wyde_link_button icon_set=&#8221;simple_line&#8221; icon_simple_line=&#8221;sl-login&#8221; style=&#8221;outline round&#8221; title=&#8221;Acesso \u00e0 Bauhaus&#8221; link=&#8221;url:https%3A%2F%2Fwww.bauhaus.es%2Flamparas-solares%2Farte-confort-guirnalda-luminosa-solar-ivy%2Fp%2F30484391||target:%20_blank|rel:nofollow&#8221; color=&#8221;#61b4e4&#8243; hover_color=&#8221;#ffffff&#8221;][\/vc_column_inner][\/vc_row_inner][\/vc_column][\/vc_row]<\/p>\n<\/div>","protected":false},"excerpt":{"rendered":"<p>A grinalda solar IVY caracteriza-se por um design moderno, de fibra de luz, bem como por uma luz indirecta e tem uma elevada capacidade de carga e armazenamento. Este modelo tem 8 modos de ilumina\u00e7\u00e3o, tornando-o uma \u00f3ptima escolha para decorar qualquer ambiente com ilumina\u00e7\u00e3o ambiente.<br \/>\n<strong>Ref: IVYNG31<\/strong><\/p>\n<ul style=\"list-style-type: circle; padding-left: 80px;\">\n<li>Grinalda solar decorativa<\/li>\n<li>8 modos de funcionamento<\/li>\n<\/ul>\n<p>[vc_row vertical_align=&#8221;middle&#8221; padding_size=&#8221;no-padding&#8221; background_mode=&#8221;color&#8221; background_color=&#8221;#f5f5f5&#8243;][vc_column text_align=&#8221;center&#8221; offset=&#8221;vc_hidden-md vc_hidden-sm vc_hidden-xs&#8221;][vc_row_inner vertical_align=&#8221;middle&#8221; padding_size=&#8221;no-padding&#8221; css=&#8221;.vc_custom_1664435191461{padding-top: 30px !important;padding-right: 60px !important;padding-bottom: 30px !important;padding-left: 60px !important;}&#8221;][vc_column_inner width=&#8221;1\/2&#8243;][vc_single_image image=&#8221;24200&#8243;][\/vc_column_inner][vc_column_inner width=&#8221;1\/2&#8243;][vc_column_text]Encontre este candeeiro de parede exclusivamente \u00e0 venda em <strong>BAUHAUS<\/strong>[\/vc_column_text][vc_empty_space height=&#8221;10px&#8221;][wyde_link_button icon_set=&#8221;simple_line&#8221; icon_simple_line=&#8221;sl-login&#8221; style=&#8221;outline round&#8221; title=&#8221;Obtenha o seu IVY&#8221; link=&#8221;url:https%3A%2F%2Fwww.bauhaus.es%2Flamparas-solares%2Farte-confort-guirnalda-luminosa-solar-ivy%2Fp%2F30484391||target:%20_blank|rel:nofollow&#8221; color=&#8221;#61b4e4&#8243; hover_color=&#8221;#ffffff&#8221;][\/vc_column_inner][\/vc_row_inner][\/vc_column][\/vc_row][vc_row vertical_align=&#8221;middle&#8221; padding_size=&#8221;no-padding&#8221; background_mode=&#8221;color&#8221; background_color=&#8221;#f5f5f5&#8243;][vc_column text_align=&#8221;center&#8221; padding_size=&#8221;no-padding&#8221; offset=&#8221;vc_hidden-lg&#8221;][vc_row_inner vertical_align=&#8221;middle&#8221; padding_size=&#8221;no-padding&#8221; css=&#8221;.vc_custom_1664367242377{padding-top: 30px !important;padding-right: 60px !important;padding-bottom: 30px !important;padding-left: 60px !important;}&#8221;][vc_column_inner padding_size=&#8221;no-padding&#8221; width=&#8221;1\/2&#8243;][vc_single_image alignment=&#8221;center&#8221; image=&#8221;24200&#8243;][\/vc_column_inner][vc_column_inner text_align=&#8221;center&#8221; width=&#8221;1\/2&#8243;][vc_column_text]Encontre este candeeiro de parede exclusivamente \u00e0 venda em <strong>BAUHAUS<\/strong>[\/vc_column_text][vc_empty_space height=&#8221;10px&#8221;][wyde_link_button icon_set=&#8221;simple_line&#8221; icon_simple_line=&#8221;sl-login&#8221; style=&#8221;outline round&#8221; title=&#8221;Obtenha o seu IVY&#8221; link=&#8221;url:https%3A%2F%2Fwww.bauhaus.es%2Flamparas-solares%2Farte-confort-guirnalda-luminosa-solar-ivy%2Fp%2F30484391||target:%20_blank|rel:nofollow&#8221; color=&#8221;#61b4e4&#8243; hover_color=&#8221;#ffffff&#8221;][\/vc_column_inner][\/vc_row_inner][\/vc_column][\/vc_row][vc_row][vc_column offset=&#8221;vc_hidden-xs&#8221;][vc_empty_space height=&#8221;60px&#8221;][\/vc_column][\/vc_row][vc_row][vc_column width=&#8221;1\/3&#8243;][wyde_link_button icon_set=&#8221;simple_line&#8221; icon_simple_line=&#8221;sl-settings&#8221; style=&#8221;round&#8221; title=&#8221;Instru\u00e7\u00f5es&#8221; link=&#8221;url:https%3A%2F%2Farteconfort.com%2Fwp-content%2Fuploads%2F2023%2F02%2Fim-IVY.pdf||target:%20_blank|rel:nofollow&#8221; color=&#8221;#ffffff&#8221; bg_color=&#8221;#222222&#8243;][\/vc_column][\/vc_row]<\/p>\n","protected":false},"featured_media":32328,"template":"","meta":[],"product_brand":[],"product_cat":[341,338],"product_tag":[],"class_list":{"0":"post-25159","1":"product","2":"type-product","3":"status-publish","4":"has-post-thumbnail","6":"product_cat-iluminacion-solar-de-pared-pt-pt","7":"product_cat-solar-pt-pt","9":"first","10":"instock","11":"shipping-taxable","12":"product-type-simple"},"yoast_head":"<!-- This site is optimized with the Yoast SEO plugin v26.5 - https:\/\/yoast.com\/wordpress\/plugins\/seo\/ -->\n<title>IVY - Pared, Solar - Arteconfort<\/title>\n<meta name=\"description\" content=\"A grinalda solar IVY caracteriza-se por um design moderno, de fibra de luz, bem como por uma luz indirecta e tem uma elevada capacidade de carga e armazenamento. Este modelo tem 8 modos de ilumina\u00e7\u00e3o, tornando-o uma \u00f3ptima escolha para decorar qualquer ambiente com ilumina\u00e7\u00e3o ambiente. Ref: IVYNG31   Grinalda solar decorativa  8 modos de funcionamento  Encontre este candeeiro de parede exclusivamente \u00e0 venda em BAUHAUSEncontre este candeeiro de parede exclusivamente \u00e0 venda em BAUHAUS\" \/>\n<meta name=\"robots\" content=\"index, follow, max-snippet:-1, max-image-preview:large, max-video-preview:-1\" \/>\n<link rel=\"canonical\" href=\"https:\/\/arteconfort.com\/pt-pt\/producto\/ivy\/\" \/>\n<meta property=\"og:locale\" content=\"pt_PT\" \/>\n<meta property=\"og:type\" content=\"article\" \/>\n<meta property=\"og:title\" content=\"IVY - Pared, Solar - Arteconfort\" \/>\n<meta property=\"og:description\" content=\"A grinalda solar IVY caracteriza-se por um design moderno, de fibra de luz, bem como por uma luz indirecta e tem uma elevada capacidade de carga e armazenamento. Este modelo tem 8 modos de ilumina\u00e7\u00e3o, tornando-o uma \u00f3ptima escolha para decorar qualquer ambiente com ilumina\u00e7\u00e3o ambiente. Ref: IVYNG31   Grinalda solar decorativa  8 modos de funcionamento  Encontre este candeeiro de parede exclusivamente \u00e0 venda em BAUHAUSEncontre este candeeiro de parede exclusivamente \u00e0 venda em BAUHAUS\" \/>\n<meta property=\"og:url\" content=\"https:\/\/arteconfort.com\/pt-pt\/producto\/ivy\/\" \/>\n<meta property=\"og:site_name\" content=\"Arteconfort\" \/>\n<meta property=\"article:modified_time\" content=\"2023-06-16T05:57:17+00:00\" \/>\n<meta property=\"og:image\" content=\"https:\/\/arteconfort.com\/wp-content\/uploads\/2023\/10\/IVY-ambiente.webp\" \/>\n\t<meta property=\"og:image:width\" content=\"1024\" \/>\n\t<meta property=\"og:image:height\" content=\"1024\" \/>\n\t<meta property=\"og:image:type\" content=\"image\/webp\" \/>\n<meta name=\"twitter:card\" content=\"summary_large_image\" \/>\n<meta name=\"twitter:label1\" content=\"Tempo estimado de leitura\" \/>\n\t<meta name=\"twitter:data1\" content=\"3 minutos\" \/>\n<!-- \/ Yoast SEO plugin. -->","yoast_head_json":{"title":"IVY - Pared, Solar - Arteconfort","description":"A grinalda solar IVY caracteriza-se por um design moderno, de fibra de luz, bem como por uma luz indirecta e tem uma elevada capacidade de carga e armazenamento. Este modelo tem 8 modos de ilumina\u00e7\u00e3o, tornando-o uma \u00f3ptima escolha para decorar qualquer ambiente com ilumina\u00e7\u00e3o ambiente. Ref: IVYNG31   Grinalda solar decorativa  8 modos de funcionamento  Encontre este candeeiro de parede exclusivamente \u00e0 venda em BAUHAUSEncontre este candeeiro de parede exclusivamente \u00e0 venda em BAUHAUS","robots":{"index":"index","follow":"follow","max-snippet":"max-snippet:-1","max-image-preview":"max-image-preview:large","max-video-preview":"max-video-preview:-1"},"canonical":"https:\/\/arteconfort.com\/pt-pt\/producto\/ivy\/","og_locale":"pt_PT","og_type":"article","og_title":"IVY - Pared, Solar - Arteconfort","og_description":"A grinalda solar IVY caracteriza-se por um design moderno, de fibra de luz, bem como por uma luz indirecta e tem uma elevada capacidade de carga e armazenamento. Este modelo tem 8 modos de ilumina\u00e7\u00e3o, tornando-o uma \u00f3ptima escolha para decorar qualquer ambiente com ilumina\u00e7\u00e3o ambiente. Ref: IVYNG31   Grinalda solar decorativa  8 modos de funcionamento  Encontre este candeeiro de parede exclusivamente \u00e0 venda em BAUHAUSEncontre este candeeiro de parede exclusivamente \u00e0 venda em BAUHAUS","og_url":"https:\/\/arteconfort.com\/pt-pt\/producto\/ivy\/","og_site_name":"Arteconfort","article_modified_time":"2023-06-16T05:57:17+00:00","og_image":[{"width":1024,"height":1024,"url":"https:\/\/arteconfort.com\/wp-content\/uploads\/2023\/10\/IVY-ambiente.webp","type":"image\/webp"}],"twitter_card":"summary_large_image","twitter_misc":{"Tempo estimado de leitura":"3 minutos"},"schema":{"@context":"https:\/\/schema.org","@graph":[{"@type":"WebPage","@id":"https:\/\/arteconfort.com\/pt-pt\/producto\/ivy\/","url":"https:\/\/arteconfort.com\/pt-pt\/producto\/ivy\/","name":"IVY - Pared, Solar - Arteconfort","isPartOf":{"@id":"https:\/\/arteconfort.com\/pt-pt\/#website"},"primaryImageOfPage":{"@id":"https:\/\/arteconfort.com\/pt-pt\/producto\/ivy\/#primaryimage"},"image":{"@id":"https:\/\/arteconfort.com\/pt-pt\/producto\/ivy\/#primaryimage"},"thumbnailUrl":"https:\/\/arteconfort.com\/wp-content\/uploads\/2023\/10\/IVY-ambiente.webp","datePublished":"2023-02-17T07:44:55+00:00","dateModified":"2023-06-16T05:57:17+00:00","description":"A grinalda solar IVY caracteriza-se por um design moderno, de fibra de luz, bem como por uma luz indirecta e tem uma elevada capacidade de carga e armazenamento. Este modelo tem 8 modos de ilumina\u00e7\u00e3o, tornando-o uma \u00f3ptima escolha para decorar qualquer ambiente com ilumina\u00e7\u00e3o ambiente. Ref: IVYNG31 Grinalda solar decorativa 8 modos de funcionamento Encontre este candeeiro de parede exclusivamente \u00e0 venda em BAUHAUSEncontre este candeeiro de parede exclusivamente \u00e0 venda em BAUHAUS","breadcrumb":{"@id":"https:\/\/arteconfort.com\/pt-pt\/producto\/ivy\/#breadcrumb"},"inLanguage":"pt-PT","potentialAction":[{"@type":"ReadAction","target":["https:\/\/arteconfort.com\/pt-pt\/producto\/ivy\/"]}]},{"@type":"ImageObject","inLanguage":"pt-PT","@id":"https:\/\/arteconfort.com\/pt-pt\/producto\/ivy\/#primaryimage","url":"https:\/\/arteconfort.com\/wp-content\/uploads\/2023\/10\/IVY-ambiente.webp","contentUrl":"https:\/\/arteconfort.com\/wp-content\/uploads\/2023\/10\/IVY-ambiente.webp","width":1024,"height":1024,"caption":"Guirnalda solar de fibra IVY ambiente"},{"@type":"BreadcrumbList","@id":"https:\/\/arteconfort.com\/pt-pt\/producto\/ivy\/#breadcrumb","itemListElement":[{"@type":"ListItem","position":1,"name":"Inicio","item":"https:\/\/arteconfort.com\/pt-pt\/"},{"@type":"ListItem","position":2,"name":"Tienda","item":"https:\/\/arteconfort.com\/pt-pt\/tienda-2\/"},{"@type":"ListItem","position":3,"name":"IVY"}]},{"@type":"WebSite","@id":"https:\/\/arteconfort.com\/pt-pt\/#website","url":"https:\/\/arteconfort.com\/pt-pt\/","name":"Arteconfort","description":"Especialistas en productos del hogar","publisher":{"@id":"https:\/\/arteconfort.com\/pt-pt\/#organization"},"potentialAction":[{"@type":"SearchAction","target":{"@type":"EntryPoint","urlTemplate":"https:\/\/arteconfort.com\/pt-pt\/?s={search_term_string}"},"query-input":{"@type":"PropertyValueSpecification","valueRequired":true,"valueName":"search_term_string"}}],"inLanguage":"pt-PT"},{"@type":"Organization","@id":"https:\/\/arteconfort.com\/pt-pt\/#organization","name":"Arteconfort","url":"https:\/\/arteconfort.com\/pt-pt\/","logo":{"@type":"ImageObject","inLanguage":"pt-PT","@id":"https:\/\/arteconfort.com\/pt-pt\/#\/schema\/logo\/image\/","url":"https:\/\/arteconfort.com\/wp-content\/uploads\/2019\/07\/logo-arteconfort.png","contentUrl":"https:\/\/arteconfort.com\/wp-content\/uploads\/2019\/07\/logo-arteconfort.png","width":230,"height":88,"caption":"Arteconfort"},"image":{"@id":"https:\/\/arteconfort.com\/pt-pt\/#\/schema\/logo\/image\/"}}]}},"_links":{"self":[{"href":"https:\/\/arteconfort.com\/pt-pt\/wp-json\/wp\/v2\/product\/25159","targetHints":{"allow":["GET"]}}],"collection":[{"href":"https:\/\/arteconfort.com\/pt-pt\/wp-json\/wp\/v2\/product"}],"about":[{"href":"https:\/\/arteconfort.com\/pt-pt\/wp-json\/wp\/v2\/types\/product"}],"wp:featuredmedia":[{"embeddable":true,"href":"https:\/\/arteconfort.com\/pt-pt\/wp-json\/wp\/v2\/media\/32328"}],"wp:attachment":[{"href":"https:\/\/arteconfort.com\/pt-pt\/wp-json\/wp\/v2\/media?parent=25159"}],"wp:term":[{"taxonomy":"product_brand","embeddable":true,"href":"https:\/\/arteconfort.com\/pt-pt\/wp-json\/wp\/v2\/product_brand?post=25159"},{"taxonomy":"product_cat","embeddable":true,"href":"https:\/\/arteconfort.com\/pt-pt\/wp-json\/wp\/v2\/product_cat?post=25159"},{"taxonomy":"product_tag","embeddable":true,"href":"https:\/\/arteconfort.com\/pt-pt\/wp-json\/wp\/v2\/product_tag?post=25159"}],"curies":[{"name":"wp","href":"https:\/\/api.w.org\/{rel}","templated":true}]}}