{"id":25331,"date":"2023-02-08T09:45:15","date_gmt":"2023-02-08T08:45:15","guid":{"rendered":"https:\/\/arteconfort.com\/producto\/sem%20categoria\/violeta\/"},"modified":"2023-07-14T09:41:22","modified_gmt":"2023-07-14T07:41:22","slug":"violeta","status":"publish","type":"product","link":"https:\/\/arteconfort.com\/pt-pt\/producto\/violeta\/","title":{"rendered":"VIOLETA"},"content":{"rendered":"<div class=\"wpb-content-wrapper\"><p>[vc_row][vc_column][vc_empty_space height=&#8221;60px&#8221;][vc_row_inner][vc_column_inner width=&#8221;1\/3&#8243;][wyde_info_box icon_set=&#8221;simple_line&#8221; icon_simple_line=&#8221;sl-energy&#8221; icon_position=&#8221;left&#8221; title=&#8221;CARACTER\u00cdSTICAS F\u00cdSICAS E EL\u00c9CTRICAS&#8221;][\/wyde_info_box][vc_empty_space height=&#8221;10px&#8221;][vc_column_text]Alto: <strong>31cm<\/strong><br \/>\nDi\u00e2metro: <strong>132<\/strong><strong>cm<\/strong><br \/>\nPeso: <strong>7,3<\/strong><strong>kg<\/strong><br \/>\nMaterial do corpo: <strong>Metal<\/strong><br \/>\nMaterial da l\u00e2mina: <strong>Madeira verdadeira<\/strong><br \/>\nAcabamento do corpo: <strong>Branco mate<\/strong><br \/>\nAcabamento da l\u00e2mina: <strong>Madeira<\/strong><br \/>\nN\u00famero de l\u00e2minas: <strong>5<\/strong><br \/>\nL\u00e2minas revers\u00edveis: <strong>N\u00e3o<\/strong><br \/>\nMotor: <strong>DC<\/strong><br \/>\nTens\u00e3o: <strong>230Vac<\/strong><br \/>\nPoder da velocidade: <strong>5W-8W-12W-16W-25W-37W<\/strong><br \/>\nVelocidades RPM: <strong>80-106-131-151-175-200<\/strong><br \/>\nRu\u00eddo emitido pelas velocidades: <strong>35dBs-38dBs-41dBs-42dBs-44dBs-46dBs<\/strong><br \/>\nVelocidades de fluxo de ar: <strong>4.500m<sup>3<\/sup>\/h- 4.980m<sup>3<\/sup>\/h- 6.840m<sup>3<\/sup>\/h- 8.100m<sup>3<\/sup>\/h- 9.660m<sup>3<\/sup>\/h- 10.860m<sup>3<\/sup>\/h<\/strong><br \/>\nSuperficie m\u00e1x. recomendada: <strong>&gt;32m<sup>2<\/sup><\/strong><br \/>\nIP: <strong>20<\/strong><br \/>\nPasso m\u00e1ximo do telhado: <strong>15\u00ba<\/strong><br \/>\nDist\u00e2ncia de seguran\u00e7a: <strong>2,3m<\/strong><br \/>\nIsolamento el\u00e9ctrico: <strong>Classe I<\/strong><br \/>\nAcess\u00f3rios: <strong>Estabilizador e posto de trabalho adicional<\/strong><br \/>\nGarantia: <strong>Motor 8 anos &#8211; Outros componentes 3 anos<\/strong>[\/vc_column_text][\/vc_column_inner][vc_column_inner width=&#8221;1\/3&#8243;][wyde_info_box icon_set=&#8221;simple_line&#8221; icon_simple_line=&#8221;sl-mouse&#8221; icon_position=&#8221;left&#8221; title=&#8221;CONTROLO E FUN\u00c7\u00d5ES&#8221;][\/wyde_info_box][vc_empty_space height=&#8221;10px&#8221;][vc_column_text]Comando: <strong>Sim<\/strong><br \/>\nPilhas: <strong>2xAAA (N\u00e3o inclu\u00eddo)<\/strong><br \/>\nN\u00famero de velocidades: <strong>6<\/strong><br \/>\nPrograma\u00e7\u00e3o: <strong>1h-2h-4h<\/strong><br \/>\nModo brisa: <strong>Sim<\/strong><br \/>\nModo Ver\u00e3o\/inverno: <strong>Sim<\/strong><br \/>\nTerm\u00f3stato: <strong>N\u00e3o<\/strong><br \/>\nMem\u00f3ria de igni\u00e7\u00e3o: <strong>Sim<\/strong><br \/>\nAPP: <strong>N\u00e3o<\/strong><br \/>\nLiga\u00e7\u00e3o Wi-Fi: <strong>N\u00e3o<\/strong><br \/>\nLiga\u00e7\u00e3o Bluetooth: <strong>N\u00e3o<\/strong>[\/vc_column_text][\/vc_column_inner][vc_column_inner width=&#8221;1\/3&#8243;][wyde_info_box icon_set=&#8221;stroke_gap&#8221; icon_stroke_gap=&#8221;sg-Bulb&#8221; icon_position=&#8221;left&#8221; title=&#8221;ILUMINA\u00c7\u00c3O&#8221;][\/wyde_info_box][vc_empty_space height=&#8221;10px&#8221;][vc_column_text]Eyeprotect: <strong>&#8211;<\/strong><br \/>\nFluxo luminoso: <strong>3.000lm<\/strong><br \/>\nPot\u00eancia LED: <strong>24W<\/strong><br \/>\nTemperatura de cor: <strong>Sim<\/strong><br \/>\nMudan\u00e7a de temperatura de cor: <strong>2.700K-4.000K-6.500K<\/strong><br \/>\nDimming: <strong>8 n\u00edveis <\/strong><br \/>\n\u00c2ngulo de abertura: <strong>170\u00ba<\/strong><br \/>\nVida m\u00e8dia: <strong>20.000h<\/strong><br \/>\nN\u00famero de igni\u00e7\u00f5es: <strong>10.000<\/strong><br \/>\nMem\u00f3ria de temperatura a cores: <strong>Sim<\/strong><br \/>\nR\u00f3tulo de efici\u00eancia energ\u00e9tica: <strong>D<\/strong>[\/vc_column_text][\/vc_column_inner][\/vc_row_inner][vc_empty_space height=&#8221;60px&#8221;][\/vc_column][\/vc_row][vc_row vertical_align=&#8221;middle&#8221; padding_size=&#8221;no-padding&#8221; background_mode=&#8221;color&#8221; background_color=&#8221;#f5f5f5&#8243;][vc_column text_align=&#8221;center&#8221; padding_size=&#8221;no-padding&#8221;][vc_row_inner vertical_align=&#8221;middle&#8221; padding_size=&#8221;no-padding&#8221; css=&#8221;.vc_custom_1664367242377{padding-top: 30px !important;padding-right: 60px !important;padding-bottom: 30px !important;padding-left: 60px !important;}&#8221;][vc_column_inner padding_size=&#8221;no-padding&#8221; width=&#8221;2\/3&#8243;][wyde_heading style=&#8221;2&#8243; title_tag=&#8221;h3&#8243; title=&#8221;Pe\u00e7as sobressalentes dispon\u00edveis para o ventilador VIOLETA&#8221; heading_color=&#8221;#000000&#8243;][vc_column_text]Pode adquirir a sua pe\u00e7a de substitui\u00e7\u00e3o para o seu ventilador na mesma loja onde comprou o seu ventilador ou noutra loja da mesma cadeia.[\/vc_column_text][vc_empty_space][wyde_info_box icon=&#8221;fa fa-check&#8221; icon_position=&#8221;left&#8221; title=&#8221;BLOCO LEVE&#8221;][\/wyde_info_box][wyde_info_box icon=&#8221;fa fa-check&#8221; icon_position=&#8221;left&#8221; title=&#8221;LED DISPLAY&#8221;][\/wyde_info_box][wyde_info_box icon=&#8221;fa fa-check&#8221; icon_position=&#8221;left&#8221; title=&#8221;CONTROLO REMOTO&#8221;][\/wyde_info_box][wyde_info_box icon=&#8221;fa fa-check&#8221; icon_position=&#8221;left&#8221; title=&#8221;CONTROLADOR&#8221;][\/wyde_info_box][vc_empty_space height=&#8221;20px&#8221;][\/vc_column_inner][vc_column_inner text_align=&#8221;center&#8221; width=&#8221;1\/3&#8243; background_color=&#8221;#ffffff&#8221;][vc_empty_space height=&#8221;20px&#8221;][vc_column_text]<em>Se tiver alguma d\u00favida, pode contactar-nos atrav\u00e9s do formul\u00e1rio de contacto:<\/em>[\/vc_column_text][vc_empty_space height=&#8221;20px&#8221;][wyde_link_button icon_set=&#8221;simple_line&#8221; icon_simple_line=&#8221;sl-bubbles&#8221; style=&#8221;outline round&#8221; title=&#8221;Ver&#8221; link=&#8221;url:https%3A%2F%2Farteconfort.com%2Fcontacto%2F|||&#8221; color=&#8221;#61b4e4&#8243; hover_color=&#8221;#ffffff&#8221;][vc_empty_space height=&#8221;40px&#8221;][vc_single_image alignment=&#8221;center&#8221; image=&#8221;24271&#8243;][\/vc_column_inner][\/vc_row_inner][\/vc_column][\/vc_row][vc_row][vc_column][vc_empty_space height=&#8221;80px&#8221;][\/vc_column][\/vc_row][vc_row vertical_align=&#8221;middle&#8221; padding_size=&#8221;no-padding&#8221; background_mode=&#8221;color&#8221; background_color=&#8221;#f5f5f5&#8243;][vc_column text_align=&#8221;center&#8221; offset=&#8221;vc_hidden-md vc_hidden-sm vc_hidden-xs&#8221;][vc_row_inner vertical_align=&#8221;middle&#8221; padding_size=&#8221;no-padding&#8221;][vc_column_inner text_align=&#8221;center&#8221; width=&#8221;1\/3&#8243;][vc_single_image alignment=&#8221;center&#8221; image=&#8221;24169&#8243;][\/vc_column_inner][vc_column_inner width=&#8221;1\/3&#8243;][vc_column_text]Encontre este ventilador para venda exclusivamente em\u00a0<strong>LEROY MERLIN<\/strong>[\/vc_column_text][\/vc_column_inner][vc_column_inner width=&#8221;1\/3&#8243;][wyde_link_button icon_set=&#8221;simple_line&#8221; icon_simple_line=&#8221;sl-login&#8221; style=&#8221;outline round&#8221; title=&#8221;Acesso \u00e0 Leroy Merlin&#8221; link=&#8221;url:https%3A%2F%2Fwww.leroymerlin.es%2Fproductos%2Fventilador-de-techo-con-luz-motor-dc-violeta-madera-132-cm-color-luz-regulable-86536488.html||target:%20_blank|rel:nofollow&#8221; color=&#8221;#61b4e4&#8243; hover_color=&#8221;#ffffff&#8221;][\/vc_column_inner][\/vc_row_inner][\/vc_column][\/vc_row][vc_row vertical_align=&#8221;middle&#8221; padding_size=&#8221;no-padding&#8221; background_mode=&#8221;color&#8221; background_color=&#8221;#f5f5f5&#8243;][vc_column text_align=&#8221;center&#8221; padding_size=&#8221;no-padding&#8221; offset=&#8221;vc_hidden-lg&#8221;][vc_row_inner vertical_align=&#8221;middle&#8221; padding_size=&#8221;no-padding&#8221; css=&#8221;.vc_custom_1664367242377{padding-top: 30px !important;padding-right: 60px !important;padding-bottom: 30px !important;padding-left: 60px !important;}&#8221;][vc_column_inner padding_size=&#8221;no-padding&#8221; width=&#8221;1\/2&#8243;][vc_single_image alignment=&#8221;center&#8221; image=&#8221;24169&#8243;][\/vc_column_inner][vc_column_inner text_align=&#8221;center&#8221; width=&#8221;1\/2&#8243;][vc_column_text]Encontre este ventilador para venda exclusivamente em <strong>LEROY MERLIN<\/strong>[\/vc_column_text][vc_empty_space height=&#8221;10px&#8221;][wyde_link_button icon_set=&#8221;simple_line&#8221; icon_simple_line=&#8221;sl-login&#8221; style=&#8221;outline round&#8221; title=&#8221;Acesso \u00e0 Leroy Merlin&#8221; link=&#8221;url:https%3A%2F%2Fwww.leroymerlin.es%2Fproductos%2Fventilador-de-techo-con-luz-motor-dc-violeta-madera-132-cm-color-luz-regulable-86536488.html||target:%20_blank|rel:nofollow&#8221; color=&#8221;#61b4e4&#8243; hover_color=&#8221;#ffffff&#8221;][\/vc_column_inner][\/vc_row_inner][\/vc_column][\/vc_row]<\/p>\n<\/div>","protected":false},"excerpt":{"rendered":"<p>Ventoinha de tecto VIOLETA com luz LED integrada e mem\u00f3ria de temperatura de cor. Com um corpo branco e 5 l\u00e2minas de madeira, \u00e9 f\u00e1cil de instalar. Tem um motor DC (corrente cont\u00ednua) altamente eficiente que reduz o consumo de energia ao mesmo tempo que gera uma atmosfera agrad\u00e1vel gra\u00e7as ao seu funcionamento silencioso. Inclui um controlo remoto para controlar e alterar os modos de programa\u00e7\u00e3o (1h-2h-4h), temperatura de cor (2.700K-4.000K-6.500K), velocidades (6), intensidade da luz (at\u00e9 8 n\u00edveis), modo de brisa (sensa\u00e7\u00e3o criada pela constante mudan\u00e7a de velocidades) e modo de Inverno-ver\u00e3o. Este elegante modelo pode ser utilizado em salas maiores do que 20m<sup>2<\/sup>.<br \/>\n<strong>Ref: VIOLETABLMD21<\/strong><\/p>\n<ul style=\"list-style-type: circle; padding-left: 80px;\">\n<li>Verdadeiro ventilador de madeira<\/li>\n<li>Mem\u00f3ria de igni\u00e7\u00e3o<\/li>\n<li>Ilumina\u00e7\u00e3o LED com mem\u00f3ria de temperatura de cor<\/li>\n<\/ul>\n<p>[vc_row vertical_align=&#8221;middle&#8221; padding_size=&#8221;no-padding&#8221; background_mode=&#8221;color&#8221; background_color=&#8221;#f5f5f5&#8243;][vc_column text_align=&#8221;center&#8221; offset=&#8221;vc_hidden-md vc_hidden-sm vc_hidden-xs&#8221;][vc_row_inner vertical_align=&#8221;middle&#8221; padding_size=&#8221;no-padding&#8221; css=&#8221;.vc_custom_1664435191461{padding-top: 30px !important;padding-right: 60px !important;padding-bottom: 30px !important;padding-left: 60px !important;}&#8221;][vc_column_inner width=&#8221;1\/2&#8243;][vc_single_image image=&#8221;24179&#8243;][\/vc_column_inner][vc_column_inner width=&#8221;1\/2&#8243;][vc_column_text]Encontre este ventilador \u00e0 venda exclusivamente em <strong>LEROY MERLIN<\/strong>[\/vc_column_text][vc_empty_space height=&#8221;10px&#8221;][wyde_link_button icon_set=&#8221;simple_line&#8221; icon_simple_line=&#8221;sl-login&#8221; style=&#8221;outline round&#8221; title=&#8221;Obtenha o seu VIOLETA&#8221; link=&#8221;url:https%3A%2F%2Fwww.leroymerlin.es%2Fproductos%2Fventilador-de-techo-con-luz-motor-dc-violeta-madera-132-cm-color-luz-regulable-86536488.html||target:%20_blank|rel:nofollow&#8221; color=&#8221;#61b4e4&#8243; hover_color=&#8221;#ffffff&#8221;][\/vc_column_inner][\/vc_row_inner][\/vc_column][\/vc_row][vc_row vertical_align=&#8221;middle&#8221; padding_size=&#8221;no-padding&#8221; background_mode=&#8221;color&#8221; background_color=&#8221;#f5f5f5&#8243;][vc_column text_align=&#8221;center&#8221; padding_size=&#8221;no-padding&#8221; offset=&#8221;vc_hidden-lg&#8221;][vc_row_inner vertical_align=&#8221;middle&#8221; padding_size=&#8221;no-padding&#8221; css=&#8221;.vc_custom_1664367242377{padding-top: 30px !important;padding-right: 60px !important;padding-bottom: 30px !important;padding-left: 60px !important;}&#8221;][vc_column_inner padding_size=&#8221;no-padding&#8221; width=&#8221;1\/2&#8243;][vc_single_image alignment=&#8221;center&#8221; image=&#8221;24179&#8243;][\/vc_column_inner][vc_column_inner text_align=&#8221;center&#8221; width=&#8221;1\/2&#8243;][vc_column_text]Encontre este ventilador \u00e0 venda exclusivamente em <strong>LEROY MERLIN<\/strong>[\/vc_column_text][vc_empty_space height=&#8221;10px&#8221;][wyde_link_button icon_set=&#8221;simple_line&#8221; icon_simple_line=&#8221;sl-login&#8221; style=&#8221;outline round&#8221; title=&#8221;Obtenha o seu VIOLETA&#8221; link=&#8221;url:https%3A%2F%2Fwww.leroymerlin.es%2Fproductos%2Fventilador-de-techo-con-luz-motor-dc-violeta-madera-132-cm-color-luz-regulable-86536488.html||target:%20_blank|rel:nofollow&#8221; color=&#8221;#61b4e4&#8243; hover_color=&#8221;#ffffff&#8221;][\/vc_column_inner][\/vc_row_inner][\/vc_column][\/vc_row][vc_row][vc_column offset=&#8221;vc_hidden-xs&#8221;][vc_empty_space height=&#8221;60px&#8221;][\/vc_column][\/vc_row][vc_row][vc_column width=&#8221;1\/3&#8243;][wyde_link_button icon_set=&#8221;simple_line&#8221; icon_simple_line=&#8221;sl-settings&#8221; style=&#8221;round&#8221; title=&#8221;Instru\u00e7\u00f5es&#8221; link=&#8221;url:https%3A%2F%2Farteconfort.com%2Fwp-content%2Fuploads%2F2023%2F02%2Fim-VIOLETA-v3.pdf||target:%20_blank|rel:nofollow&#8221; color=&#8221;#ffffff&#8221; bg_color=&#8221;#222222&#8243;][\/vc_column][\/vc_row]<\/p>\n","protected":false},"featured_media":42640,"template":"","meta":[],"product_brand":[],"product_cat":[356,1049,357],"product_tag":[],"class_list":{"0":"post-25331","1":"product","2":"type-product","3":"status-publish","4":"has-post-thumbnail","6":"product_cat-climatizacion-pt-pt","7":"product_cat-coleccion-antigua-pt","8":"product_cat-ventiladores-de-techo-pt-pt","10":"first","11":"instock","12":"shipping-taxable","13":"product-type-simple"},"yoast_head":"<!-- This site is optimized with the Yoast SEO plugin v26.5 - https:\/\/yoast.com\/wordpress\/plugins\/seo\/ -->\n<title>VIOLETA - Climatizaci\u00f3n, colecci\u00f3n antigua, Ventiladores de techo - Arteconfort<\/title>\n<meta name=\"description\" content=\"Ventoinha de tecto VIOLETA com luz LED integrada e mem\u00f3ria de temperatura de cor. Com um corpo branco e 5 l\u00e2minas de madeira, \u00e9 f\u00e1cil de instalar. Tem um motor DC (corrente cont\u00ednua) altamente eficiente que reduz o consumo de energia ao mesmo tempo que gera uma atmosfera agrad\u00e1vel gra\u00e7as ao seu funcionamento silencioso. Inclui um controlo remoto para controlar e alterar os modos de programa\u00e7\u00e3o (1h-2h-4h), temperatura de cor (2.700K-4.000K-6.500K), velocidades (6), intensidade da luz (at\u00e9 8 n\u00edveis), modo de brisa (sensa\u00e7\u00e3o criada pela constante mudan\u00e7a de velocidades) e modo de Inverno-ver\u00e3o. Este elegante modelo pode ser utilizado em salas maiores do que 20m2. Ref: VIOLETABLMD21   Verdadeiro ventilador de madeira  Mem\u00f3ria de igni\u00e7\u00e3o  Ilumina\u00e7\u00e3o LED com mem\u00f3ria de temperatura de cor  Encontre este ventilador \u00e0 venda exclusivamente em LEROY MERLINEncontre este ventilador \u00e0 venda exclusivamente em LEROY MERLIN\" \/>\n<meta name=\"robots\" content=\"index, follow, max-snippet:-1, max-image-preview:large, max-video-preview:-1\" \/>\n<link rel=\"canonical\" href=\"https:\/\/arteconfort.com\/pt-pt\/producto\/violeta\/\" \/>\n<meta property=\"og:locale\" content=\"pt_PT\" \/>\n<meta property=\"og:type\" content=\"article\" \/>\n<meta property=\"og:title\" content=\"VIOLETA - Climatizaci\u00f3n, colecci\u00f3n antigua, Ventiladores de techo - Arteconfort\" \/>\n<meta property=\"og:description\" content=\"Ventoinha de tecto VIOLETA com luz LED integrada e mem\u00f3ria de temperatura de cor. Com um corpo branco e 5 l\u00e2minas de madeira, \u00e9 f\u00e1cil de instalar. Tem um motor DC (corrente cont\u00ednua) altamente eficiente que reduz o consumo de energia ao mesmo tempo que gera uma atmosfera agrad\u00e1vel gra\u00e7as ao seu funcionamento silencioso. Inclui um controlo remoto para controlar e alterar os modos de programa\u00e7\u00e3o (1h-2h-4h), temperatura de cor (2.700K-4.000K-6.500K), velocidades (6), intensidade da luz (at\u00e9 8 n\u00edveis), modo de brisa (sensa\u00e7\u00e3o criada pela constante mudan\u00e7a de velocidades) e modo de Inverno-ver\u00e3o. Este elegante modelo pode ser utilizado em salas maiores do que 20m2. Ref: VIOLETABLMD21   Verdadeiro ventilador de madeira  Mem\u00f3ria de igni\u00e7\u00e3o  Ilumina\u00e7\u00e3o LED com mem\u00f3ria de temperatura de cor  Encontre este ventilador \u00e0 venda exclusivamente em LEROY MERLINEncontre este ventilador \u00e0 venda exclusivamente em LEROY MERLIN\" \/>\n<meta property=\"og:url\" content=\"https:\/\/arteconfort.com\/pt-pt\/producto\/violeta\/\" \/>\n<meta property=\"og:site_name\" content=\"Arteconfort\" \/>\n<meta property=\"article:modified_time\" content=\"2023-07-14T07:41:22+00:00\" \/>\n<meta property=\"og:image\" content=\"https:\/\/arteconfort.com\/wp-content\/uploads\/2024\/06\/ventilador-VIOLETA-86536488-p-01.webp\" \/>\n\t<meta property=\"og:image:width\" content=\"1024\" \/>\n\t<meta property=\"og:image:height\" content=\"1024\" \/>\n\t<meta property=\"og:image:type\" content=\"image\/webp\" \/>\n<meta name=\"twitter:card\" content=\"summary_large_image\" \/>\n<meta name=\"twitter:label1\" content=\"Tempo estimado de leitura\" \/>\n\t<meta name=\"twitter:data1\" content=\"5 minutos\" \/>\n<!-- \/ Yoast SEO plugin. -->","yoast_head_json":{"title":"VIOLETA - Climatizaci\u00f3n, colecci\u00f3n antigua, Ventiladores de techo - Arteconfort","description":"Ventoinha de tecto VIOLETA com luz LED integrada e mem\u00f3ria de temperatura de cor. Com um corpo branco e 5 l\u00e2minas de madeira, \u00e9 f\u00e1cil de instalar. Tem um motor DC (corrente cont\u00ednua) altamente eficiente que reduz o consumo de energia ao mesmo tempo que gera uma atmosfera agrad\u00e1vel gra\u00e7as ao seu funcionamento silencioso. Inclui um controlo remoto para controlar e alterar os modos de programa\u00e7\u00e3o (1h-2h-4h), temperatura de cor (2.700K-4.000K-6.500K), velocidades (6), intensidade da luz (at\u00e9 8 n\u00edveis), modo de brisa (sensa\u00e7\u00e3o criada pela constante mudan\u00e7a de velocidades) e modo de Inverno-ver\u00e3o. Este elegante modelo pode ser utilizado em salas maiores do que 20m2. Ref: VIOLETABLMD21   Verdadeiro ventilador de madeira  Mem\u00f3ria de igni\u00e7\u00e3o  Ilumina\u00e7\u00e3o LED com mem\u00f3ria de temperatura de cor  Encontre este ventilador \u00e0 venda exclusivamente em LEROY MERLINEncontre este ventilador \u00e0 venda exclusivamente em LEROY MERLIN","robots":{"index":"index","follow":"follow","max-snippet":"max-snippet:-1","max-image-preview":"max-image-preview:large","max-video-preview":"max-video-preview:-1"},"canonical":"https:\/\/arteconfort.com\/pt-pt\/producto\/violeta\/","og_locale":"pt_PT","og_type":"article","og_title":"VIOLETA - Climatizaci\u00f3n, colecci\u00f3n antigua, Ventiladores de techo - Arteconfort","og_description":"Ventoinha de tecto VIOLETA com luz LED integrada e mem\u00f3ria de temperatura de cor. Com um corpo branco e 5 l\u00e2minas de madeira, \u00e9 f\u00e1cil de instalar. Tem um motor DC (corrente cont\u00ednua) altamente eficiente que reduz o consumo de energia ao mesmo tempo que gera uma atmosfera agrad\u00e1vel gra\u00e7as ao seu funcionamento silencioso. Inclui um controlo remoto para controlar e alterar os modos de programa\u00e7\u00e3o (1h-2h-4h), temperatura de cor (2.700K-4.000K-6.500K), velocidades (6), intensidade da luz (at\u00e9 8 n\u00edveis), modo de brisa (sensa\u00e7\u00e3o criada pela constante mudan\u00e7a de velocidades) e modo de Inverno-ver\u00e3o. Este elegante modelo pode ser utilizado em salas maiores do que 20m2. Ref: VIOLETABLMD21   Verdadeiro ventilador de madeira  Mem\u00f3ria de igni\u00e7\u00e3o  Ilumina\u00e7\u00e3o LED com mem\u00f3ria de temperatura de cor  Encontre este ventilador \u00e0 venda exclusivamente em LEROY MERLINEncontre este ventilador \u00e0 venda exclusivamente em LEROY MERLIN","og_url":"https:\/\/arteconfort.com\/pt-pt\/producto\/violeta\/","og_site_name":"Arteconfort","article_modified_time":"2023-07-14T07:41:22+00:00","og_image":[{"width":1024,"height":1024,"url":"https:\/\/arteconfort.com\/wp-content\/uploads\/2024\/06\/ventilador-VIOLETA-86536488-p-01.webp","type":"image\/webp"}],"twitter_card":"summary_large_image","twitter_misc":{"Tempo estimado de leitura":"5 minutos"},"schema":{"@context":"https:\/\/schema.org","@graph":[{"@type":"WebPage","@id":"https:\/\/arteconfort.com\/pt-pt\/producto\/violeta\/","url":"https:\/\/arteconfort.com\/pt-pt\/producto\/violeta\/","name":"VIOLETA - Climatizaci\u00f3n, colecci\u00f3n antigua, Ventiladores de techo - Arteconfort","isPartOf":{"@id":"https:\/\/arteconfort.com\/pt-pt\/#website"},"primaryImageOfPage":{"@id":"https:\/\/arteconfort.com\/pt-pt\/producto\/violeta\/#primaryimage"},"image":{"@id":"https:\/\/arteconfort.com\/pt-pt\/producto\/violeta\/#primaryimage"},"thumbnailUrl":"https:\/\/arteconfort.com\/wp-content\/uploads\/2024\/06\/ventilador-VIOLETA-86536488-p-01.webp","datePublished":"2023-02-08T08:45:15+00:00","dateModified":"2023-07-14T07:41:22+00:00","description":"Ventoinha de tecto VIOLETA com luz LED integrada e mem\u00f3ria de temperatura de cor. Com um corpo branco e 5 l\u00e2minas de madeira, \u00e9 f\u00e1cil de instalar. Tem um motor DC (corrente cont\u00ednua) altamente eficiente que reduz o consumo de energia ao mesmo tempo que gera uma atmosfera agrad\u00e1vel gra\u00e7as ao seu funcionamento silencioso. Inclui um controlo remoto para controlar e alterar os modos de programa\u00e7\u00e3o (1h-2h-4h), temperatura de cor (2.700K-4.000K-6.500K), velocidades (6), intensidade da luz (at\u00e9 8 n\u00edveis), modo de brisa (sensa\u00e7\u00e3o criada pela constante mudan\u00e7a de velocidades) e modo de Inverno-ver\u00e3o. Este elegante modelo pode ser utilizado em salas maiores do que 20m2. Ref: VIOLETABLMD21 Verdadeiro ventilador de madeira Mem\u00f3ria de igni\u00e7\u00e3o Ilumina\u00e7\u00e3o LED com mem\u00f3ria de temperatura de cor Encontre este ventilador \u00e0 venda exclusivamente em LEROY MERLINEncontre este ventilador \u00e0 venda exclusivamente em LEROY MERLIN","breadcrumb":{"@id":"https:\/\/arteconfort.com\/pt-pt\/producto\/violeta\/#breadcrumb"},"inLanguage":"pt-PT","potentialAction":[{"@type":"ReadAction","target":["https:\/\/arteconfort.com\/pt-pt\/producto\/violeta\/"]}]},{"@type":"ImageObject","inLanguage":"pt-PT","@id":"https:\/\/arteconfort.com\/pt-pt\/producto\/violeta\/#primaryimage","url":"https:\/\/arteconfort.com\/wp-content\/uploads\/2024\/06\/ventilador-VIOLETA-86536488-p-01.webp","contentUrl":"https:\/\/arteconfort.com\/wp-content\/uploads\/2024\/06\/ventilador-VIOLETA-86536488-p-01.webp","width":1024,"height":1024,"caption":"Ventilador VIOLETA con mando"},{"@type":"BreadcrumbList","@id":"https:\/\/arteconfort.com\/pt-pt\/producto\/violeta\/#breadcrumb","itemListElement":[{"@type":"ListItem","position":1,"name":"Inicio","item":"https:\/\/arteconfort.com\/pt-pt\/"},{"@type":"ListItem","position":2,"name":"Tienda","item":"https:\/\/arteconfort.com\/pt-pt\/tienda-2\/"},{"@type":"ListItem","position":3,"name":"VIOLETA"}]},{"@type":"WebSite","@id":"https:\/\/arteconfort.com\/pt-pt\/#website","url":"https:\/\/arteconfort.com\/pt-pt\/","name":"Arteconfort","description":"Especialistas en productos del hogar","publisher":{"@id":"https:\/\/arteconfort.com\/pt-pt\/#organization"},"potentialAction":[{"@type":"SearchAction","target":{"@type":"EntryPoint","urlTemplate":"https:\/\/arteconfort.com\/pt-pt\/?s={search_term_string}"},"query-input":{"@type":"PropertyValueSpecification","valueRequired":true,"valueName":"search_term_string"}}],"inLanguage":"pt-PT"},{"@type":"Organization","@id":"https:\/\/arteconfort.com\/pt-pt\/#organization","name":"Arteconfort","url":"https:\/\/arteconfort.com\/pt-pt\/","logo":{"@type":"ImageObject","inLanguage":"pt-PT","@id":"https:\/\/arteconfort.com\/pt-pt\/#\/schema\/logo\/image\/","url":"https:\/\/arteconfort.com\/wp-content\/uploads\/2019\/07\/logo-arteconfort.png","contentUrl":"https:\/\/arteconfort.com\/wp-content\/uploads\/2019\/07\/logo-arteconfort.png","width":230,"height":88,"caption":"Arteconfort"},"image":{"@id":"https:\/\/arteconfort.com\/pt-pt\/#\/schema\/logo\/image\/"}}]}},"_links":{"self":[{"href":"https:\/\/arteconfort.com\/pt-pt\/wp-json\/wp\/v2\/product\/25331","targetHints":{"allow":["GET"]}}],"collection":[{"href":"https:\/\/arteconfort.com\/pt-pt\/wp-json\/wp\/v2\/product"}],"about":[{"href":"https:\/\/arteconfort.com\/pt-pt\/wp-json\/wp\/v2\/types\/product"}],"wp:featuredmedia":[{"embeddable":true,"href":"https:\/\/arteconfort.com\/pt-pt\/wp-json\/wp\/v2\/media\/42640"}],"wp:attachment":[{"href":"https:\/\/arteconfort.com\/pt-pt\/wp-json\/wp\/v2\/media?parent=25331"}],"wp:term":[{"taxonomy":"product_brand","embeddable":true,"href":"https:\/\/arteconfort.com\/pt-pt\/wp-json\/wp\/v2\/product_brand?post=25331"},{"taxonomy":"product_cat","embeddable":true,"href":"https:\/\/arteconfort.com\/pt-pt\/wp-json\/wp\/v2\/product_cat?post=25331"},{"taxonomy":"product_tag","embeddable":true,"href":"https:\/\/arteconfort.com\/pt-pt\/wp-json\/wp\/v2\/product_tag?post=25331"}],"curies":[{"name":"wp","href":"https:\/\/api.w.org\/{rel}","templated":true}]}}