{"id":25450,"date":"2023-02-08T11:37:31","date_gmt":"2023-02-08T10:37:31","guid":{"rendered":"https:\/\/arteconfort.com\/producto\/sem%20categoria\/nuria-360\/"},"modified":"2023-07-14T08:36:24","modified_gmt":"2023-07-14T06:36:24","slug":"nuria-360","status":"publish","type":"product","link":"https:\/\/arteconfort.com\/pt-pt\/producto\/nuria-360\/","title":{"rendered":"NURIA 360"},"content":{"rendered":"<div class=\"wpb-content-wrapper\"><p>[vc_row][vc_column][vc_empty_space height=&#8221;60px&#8221;][vc_row_inner][vc_column_inner width=&#8221;1\/3&#8243;][wyde_info_box icon_set=&#8221;simple_line&#8221; icon_simple_line=&#8221;sl-energy&#8221; icon_position=&#8221;left&#8221; title=&#8221;CARACTER\u00cdSTICAS F\u00cdSICAS E EL\u00c9CTRICAS&#8221;][\/wyde_info_box][vc_empty_space height=&#8221;10px&#8221;][vc_column_text]Alto: <strong>165cm<\/strong><br \/>\nDi\u00e2metro: <strong>360<\/strong><strong>cm<\/strong><br \/>\nPeso: <strong>45<\/strong><strong>kg<\/strong><br \/>\nMaterial do corpo: <strong>Alum\u00ednio<\/strong><br \/>\nMaterial da l\u00e2mina: <strong>Alum\u00ednio<\/strong><br \/>\nAcabamento do corpo: <strong>Preto e prata<\/strong><br \/>\nAcabamento da l\u00e2minas: <strong>Prata<\/strong><br \/>\nN\u00famero de l\u00e2minas: <strong>6<\/strong><br \/>\nL\u00e2minas revers\u00edveis: <strong>N\u00e3o<\/strong><br \/>\nMotor: <strong>DC<\/strong><br \/>\nTens\u00e3o: <strong>230Vac<\/strong><br \/>\nPoder da velocidade: <strong>15W-19W-27W-38W-58W-74W-100W-122W-173W-200W<\/strong><br \/>\nVelocidades RPM: <strong>22-29-35-44-52-59-67-75-83-95<\/strong><br \/>\nRu\u00eddo emitido pelas velocidades: <strong>20dBs-21dBs-22dBs-23dBs-26dBs-28dBs-30dBs-32dBs-33dBs-36dBs<\/strong><br \/>\nVelocidades de fluxo de ar: <strong>27.540m<sup>3<\/sup>\/h- 51.840m<sup>3<\/sup>\/h- 88.020m<sup>3<\/sup>\/h- 121.020m<sup>3<\/sup>\/h- 198.000m<sup>3<\/sup>\/h- 220.020m<sup>3<\/sup>\/h- 253.020m<sup>3<\/sup>\/h- 334.980m<sup>3<\/sup>\/h- 367.980m<sup>3<\/sup>\/h- 390.000m<sup>3<\/sup>\/h<\/strong><br \/>\nSuperficie m\u00e1x. recomendada: <strong>&gt;32m<sup>2<\/sup><\/strong><br \/>\nIP: <strong>44<\/strong><br \/>\nPasso m\u00e1ximo do telhado: <strong>&#8211;<\/strong><br \/>\nDist\u00e2ncia de seguran\u00e7a: <strong>3m<\/strong><br \/>\nIsolamento el\u00e9ctrico: <strong>Classe I<\/strong><br \/>\nAcess\u00f3rios: <strong>&#8211;<\/strong><br \/>\nGarantia: <strong>Motor 8 anos &#8211; Outros componentes 3 anos<\/strong>[\/vc_column_text][\/vc_column_inner][vc_column_inner width=&#8221;1\/3&#8243;][wyde_info_box icon_set=&#8221;simple_line&#8221; icon_simple_line=&#8221;sl-mouse&#8221; icon_position=&#8221;left&#8221; title=&#8221;CONTROLO E FUN\u00c7\u00d5ES&#8221;][\/wyde_info_box][vc_empty_space height=&#8221;10px&#8221;][vc_column_text]Comando: <strong>Sim (Interruptor de parede inclu\u00eddo)<\/strong><br \/>\nN\u00famero de velocidades: <strong>10<\/strong><br \/>\nPrograma\u00e7\u00e3o: <strong>N\u00e3o<\/strong><br \/>\nModo brisa: <strong>N\u00e3o<\/strong><br \/>\nModo Ver\u00e3o\/inverno: <strong>Sim <\/strong><br \/>\nTerm\u00f3stato: <strong>N\u00e3o<\/strong><br \/>\nMem\u00f3ria de igni\u00e7\u00e3o: <strong>N\u00e3o<\/strong><br \/>\nAPP: <strong>N\u00e3o<\/strong><br \/>\nLiga\u00e7\u00e3o Wi-Fi: <strong>N\u00e3o<\/strong><br \/>\nLiga\u00e7\u00e3o Bluetooth: <strong>N\u00e3o <\/strong>[\/vc_column_text][\/vc_column_inner][vc_column_inner width=&#8221;1\/3&#8243;][wyde_info_box icon_set=&#8221;stroke_gap&#8221; icon_stroke_gap=&#8221;sg-Bulb&#8221; icon_position=&#8221;left&#8221; title=&#8221;ILUMINA\u00c7\u00c3O&#8221;][\/wyde_info_box][vc_empty_space height=&#8221;10px&#8221;][vc_column_text]Eyeprotect: <strong>&#8211;<\/strong><br \/>\nFluxo luminoso: <strong>&#8211;<\/strong><br \/>\nPot\u00eancia LED: <strong>&#8211;<\/strong><br \/>\nTemperatura de cor: <strong>&#8211;<\/strong><br \/>\nMudan\u00e7a de temperatura de cor: <strong>&#8211;<\/strong><br \/>\nDimming: <strong>&#8211;<\/strong><br \/>\n\u00c2ngulo de abertura: <strong>&#8211;<\/strong><br \/>\nVida m\u00e8dia: <strong>&#8211;<\/strong><br \/>\nN\u00famero de igni\u00e7\u00f5es: <strong>&#8211;<\/strong><br \/>\nMem\u00f3ria de temperatura a cores: <strong>&#8211;<\/strong><br \/>\nR\u00f3tulo de efici\u00eancia energ\u00e9tica: <strong>&#8211;<\/strong>[\/vc_column_text][\/vc_column_inner][\/vc_row_inner][vc_empty_space height=&#8221;60px&#8221;][\/vc_column][\/vc_row][vc_row vertical_align=&#8221;middle&#8221; padding_size=&#8221;no-padding&#8221; background_mode=&#8221;color&#8221; background_color=&#8221;#f5f5f5&#8243;][vc_column text_align=&#8221;center&#8221; offset=&#8221;vc_hidden-md vc_hidden-sm vc_hidden-xs&#8221;][vc_row_inner vertical_align=&#8221;middle&#8221; padding_size=&#8221;no-padding&#8221;][vc_column_inner text_align=&#8221;center&#8221; width=&#8221;1\/3&#8243;][vc_single_image alignment=&#8221;center&#8221; image=&#8221;24169&#8243;][\/vc_column_inner][vc_column_inner width=&#8221;1\/3&#8243;][vc_column_text]Pe\u00e7as sobressalentes dispon\u00edveis para o ventilador <strong>LEROY MERLIN<\/strong>[\/vc_column_text][\/vc_column_inner][vc_column_inner width=&#8221;1\/3&#8243;][wyde_link_button icon_set=&#8221;simple_line&#8221; icon_simple_line=&#8221;sl-login&#8221; style=&#8221;outline round&#8221; title=&#8221;Acesso \u00e0 Leroy Merlin&#8221; link=&#8221;url:https%3A%2F%2Fwww.leroymerlin.es%2Fproductos%2Fmotor-cm-86537083.html||target:%20_blank|rel:nofollow&#8221; color=&#8221;#61b4e4&#8243; hover_color=&#8221;#ffffff&#8221;][\/vc_column_inner][\/vc_row_inner][\/vc_column][\/vc_row][vc_row vertical_align=&#8221;middle&#8221; padding_size=&#8221;no-padding&#8221; background_mode=&#8221;color&#8221; background_color=&#8221;#f5f5f5&#8243;][vc_column text_align=&#8221;center&#8221; padding_size=&#8221;no-padding&#8221; offset=&#8221;vc_hidden-lg&#8221;][vc_row_inner vertical_align=&#8221;middle&#8221; padding_size=&#8221;no-padding&#8221; css=&#8221;.vc_custom_1664367242377{padding-top: 30px !important;padding-right: 60px !important;padding-bottom: 30px !important;padding-left: 60px !important;}&#8221;][vc_column_inner padding_size=&#8221;no-padding&#8221; width=&#8221;1\/2&#8243;][vc_single_image alignment=&#8221;center&#8221; image=&#8221;24169&#8243;][\/vc_column_inner][vc_column_inner text_align=&#8221;center&#8221; width=&#8221;1\/2&#8243;][vc_column_text]Pe\u00e7as sobressalentes dispon\u00edveis para o ventilador <strong>LEROY MERLIN<\/strong>[\/vc_column_text][vc_empty_space height=&#8221;10px&#8221;][wyde_link_button icon_set=&#8221;simple_line&#8221; icon_simple_line=&#8221;sl-login&#8221; style=&#8221;outline round&#8221; title=&#8221;Acesso \u00e0 Leroy Merlin&#8221; link=&#8221;url:https%3A%2F%2Fwww.leroymerlin.es%2Fproductos%2Fmotor-cm-86537083.html||target:%20_blank|rel:nofollow&#8221; color=&#8221;#61b4e4&#8243; hover_color=&#8221;#ffffff&#8221;][\/vc_column_inner][\/vc_row_inner][\/vc_column][\/vc_row]<\/p>\n<\/div>","protected":false},"excerpt":{"rendered":"<p>O tecto NURIA 360 e ventilador industrial tem um corpo met\u00e1lico e 6 l\u00e2minas de prata e requer a instala\u00e7\u00e3o por um profissional. Tem um motor de DC (corrente cont\u00ednua) altamente eficiente que reduz o consumo de energia enquanto gera uma atmosfera agrad\u00e1vel gra\u00e7as ao seu funcionamento silencioso. Inclui controlo remoto e interruptor de parede para controlar e mudar velocidades (10) e modo de Inverno-ver\u00e3o. Este modelo industrial pode ser utilizado em salas com mais de 32m<sup>2<\/sup>.<br \/>\n<strong>Ref: NURIA360NG21<\/strong><\/p>\n<ul style=\"list-style-type: circle; padding-left: 80px;\">\n<li>Ventilador para salas muito grandes e uso industrial<\/li>\n<li>Amplo fluxo de ar<\/li>\n<li>Efici\u00eancia energ\u00e9tica<\/li>\n<\/ul>\n<p>[vc_row vertical_align=&#8221;middle&#8221; padding_size=&#8221;no-padding&#8221; background_mode=&#8221;color&#8221; background_color=&#8221;#f5f5f5&#8243;][vc_column text_align=&#8221;center&#8221; offset=&#8221;vc_hidden-md vc_hidden-sm vc_hidden-xs&#8221;][vc_row_inner vertical_align=&#8221;middle&#8221; padding_size=&#8221;no-padding&#8221; css=&#8221;.vc_custom_1664435191461{padding-top: 30px !important;padding-right: 60px !important;padding-bottom: 30px !important;padding-left: 60px !important;}&#8221;][vc_column_inner width=&#8221;1\/2&#8243;][vc_single_image image=&#8221;24179&#8243;][\/vc_column_inner][vc_column_inner width=&#8221;1\/2&#8243;][vc_column_text]Encontre este ventilador \u00e0 venda exclusivamente em <strong>LEROY MERLIN<\/strong>[\/vc_column_text][vc_empty_space height=&#8221;10px&#8221;][wyde_link_button icon_set=&#8221;simple_line&#8221; icon_simple_line=&#8221;sl-login&#8221; style=&#8221;outline round&#8221; title=&#8221;Obtenha o seu NURIA 360&#8243; link=&#8221;url:https%3A%2F%2Fwww.leroymerlin.es%2Fproductos%2Fmotor-cm-86537083.html||target:%20_blank|rel:nofollow&#8221; color=&#8221;#61b4e4&#8243; hover_color=&#8221;#ffffff&#8221;][\/vc_column_inner][\/vc_row_inner][\/vc_column][\/vc_row][vc_row vertical_align=&#8221;middle&#8221; padding_size=&#8221;no-padding&#8221; background_mode=&#8221;color&#8221; background_color=&#8221;#f5f5f5&#8243;][vc_column text_align=&#8221;center&#8221; padding_size=&#8221;no-padding&#8221; offset=&#8221;vc_hidden-lg&#8221;][vc_row_inner vertical_align=&#8221;middle&#8221; padding_size=&#8221;no-padding&#8221; css=&#8221;.vc_custom_1664367242377{padding-top: 30px !important;padding-right: 60px !important;padding-bottom: 30px !important;padding-left: 60px !important;}&#8221;][vc_column_inner padding_size=&#8221;no-padding&#8221; width=&#8221;1\/2&#8243;][vc_single_image alignment=&#8221;center&#8221; image=&#8221;24179&#8243;][\/vc_column_inner][vc_column_inner text_align=&#8221;center&#8221; width=&#8221;1\/2&#8243;][vc_column_text]Encontre este ventilador \u00e0 venda exclusivamente em <strong>LEROY MERLIN<\/strong>[\/vc_column_text][vc_empty_space height=&#8221;10px&#8221;][wyde_link_button icon_set=&#8221;simple_line&#8221; icon_simple_line=&#8221;sl-login&#8221; style=&#8221;outline round&#8221; title=&#8221;Obtenha o seu NURIA 360&#8243; link=&#8221;url:https%3A%2F%2Fwww.leroymerlin.es%2Fproductos%2Fmotor-cm-86537083.html||target:%20_blank|rel:nofollow&#8221; color=&#8221;#61b4e4&#8243; hover_color=&#8221;#ffffff&#8221;][\/vc_column_inner][\/vc_row_inner][\/vc_column][\/vc_row][vc_row][vc_column offset=&#8221;vc_hidden-xs&#8221;][vc_empty_space height=&#8221;60px&#8221;][\/vc_column][\/vc_row][vc_row][vc_column width=&#8221;1\/3&#8243;][wyde_link_button icon_set=&#8221;simple_line&#8221; icon_simple_line=&#8221;sl-settings&#8221; style=&#8221;round&#8221; title=&#8221;Instru\u00e7\u00f5es&#8221; link=&#8221;url:https%3A%2F%2Farteconfort.com%2Fwp-content%2Fuploads%2F2023%2F02%2Fim-NURIA.pdf||target:%20_blank|rel:nofollow&#8221; color=&#8221;#ffffff&#8221; bg_color=&#8221;#222222&#8243;][\/vc_column][\/vc_row]<\/p>\n","protected":false},"featured_media":33333,"template":"","meta":[],"product_brand":[],"product_cat":[356,1049,357],"product_tag":[],"class_list":{"0":"post-25450","1":"product","2":"type-product","3":"status-publish","4":"has-post-thumbnail","6":"product_cat-climatizacion-pt-pt","7":"product_cat-coleccion-antigua-pt","8":"product_cat-ventiladores-de-techo-pt-pt","10":"first","11":"instock","12":"shipping-taxable","13":"product-type-simple"},"yoast_head":"<!-- This site is optimized with the Yoast SEO plugin v26.5 - https:\/\/yoast.com\/wordpress\/plugins\/seo\/ -->\n<title>NURIA 360 - Climatizaci\u00f3n, colecci\u00f3n antigua, Ventiladores de techo - Arteconfort<\/title>\n<meta name=\"description\" content=\"O tecto NURIA 360 e ventilador industrial tem um corpo met\u00e1lico e 6 l\u00e2minas de prata e requer a instala\u00e7\u00e3o por um profissional. Tem um motor de DC (corrente cont\u00ednua) altamente eficiente que reduz o consumo de energia enquanto gera uma atmosfera agrad\u00e1vel gra\u00e7as ao seu funcionamento silencioso. Inclui controlo remoto e interruptor de parede para controlar e mudar velocidades (10) e modo de Inverno-ver\u00e3o. Este modelo industrial pode ser utilizado em salas com mais de 32m2. Ref: NURIA360NG21   Ventilador para salas muito grandes e uso industrial  Amplo fluxo de ar  Efici\u00eancia energ\u00e9tica  Encontre este ventilador \u00e0 venda exclusivamente em LEROY MERLINEncontre este ventilador \u00e0 venda exclusivamente em LEROY MERLIN\" \/>\n<meta name=\"robots\" content=\"index, follow, max-snippet:-1, max-image-preview:large, max-video-preview:-1\" \/>\n<link rel=\"canonical\" href=\"https:\/\/arteconfort.com\/pt-pt\/producto\/nuria-360\/\" \/>\n<meta property=\"og:locale\" content=\"pt_PT\" \/>\n<meta property=\"og:type\" content=\"article\" \/>\n<meta property=\"og:title\" content=\"NURIA 360 - Climatizaci\u00f3n, colecci\u00f3n antigua, Ventiladores de techo - Arteconfort\" \/>\n<meta property=\"og:description\" content=\"O tecto NURIA 360 e ventilador industrial tem um corpo met\u00e1lico e 6 l\u00e2minas de prata e requer a instala\u00e7\u00e3o por um profissional. Tem um motor de DC (corrente cont\u00ednua) altamente eficiente que reduz o consumo de energia enquanto gera uma atmosfera agrad\u00e1vel gra\u00e7as ao seu funcionamento silencioso. Inclui controlo remoto e interruptor de parede para controlar e mudar velocidades (10) e modo de Inverno-ver\u00e3o. Este modelo industrial pode ser utilizado em salas com mais de 32m2. Ref: NURIA360NG21   Ventilador para salas muito grandes e uso industrial  Amplo fluxo de ar  Efici\u00eancia energ\u00e9tica  Encontre este ventilador \u00e0 venda exclusivamente em LEROY MERLINEncontre este ventilador \u00e0 venda exclusivamente em LEROY MERLIN\" \/>\n<meta property=\"og:url\" content=\"https:\/\/arteconfort.com\/pt-pt\/producto\/nuria-360\/\" \/>\n<meta property=\"og:site_name\" content=\"Arteconfort\" \/>\n<meta property=\"article:modified_time\" content=\"2023-07-14T06:36:24+00:00\" \/>\n<meta property=\"og:image\" content=\"https:\/\/arteconfort.com\/wp-content\/uploads\/2023\/10\/NURIA-430-mando.webp\" \/>\n\t<meta property=\"og:image:width\" content=\"1024\" \/>\n\t<meta property=\"og:image:height\" content=\"1024\" \/>\n\t<meta property=\"og:image:type\" content=\"image\/webp\" \/>\n<meta name=\"twitter:card\" content=\"summary_large_image\" \/>\n<meta name=\"twitter:label1\" content=\"Tempo estimado de leitura\" \/>\n\t<meta name=\"twitter:data1\" content=\"3 minutos\" \/>\n<!-- \/ Yoast SEO plugin. -->","yoast_head_json":{"title":"NURIA 360 - Climatizaci\u00f3n, colecci\u00f3n antigua, Ventiladores de techo - Arteconfort","description":"O tecto NURIA 360 e ventilador industrial tem um corpo met\u00e1lico e 6 l\u00e2minas de prata e requer a instala\u00e7\u00e3o por um profissional. Tem um motor de DC (corrente cont\u00ednua) altamente eficiente que reduz o consumo de energia enquanto gera uma atmosfera agrad\u00e1vel gra\u00e7as ao seu funcionamento silencioso. Inclui controlo remoto e interruptor de parede para controlar e mudar velocidades (10) e modo de Inverno-ver\u00e3o. Este modelo industrial pode ser utilizado em salas com mais de 32m2. Ref: NURIA360NG21   Ventilador para salas muito grandes e uso industrial  Amplo fluxo de ar  Efici\u00eancia energ\u00e9tica  Encontre este ventilador \u00e0 venda exclusivamente em LEROY MERLINEncontre este ventilador \u00e0 venda exclusivamente em LEROY MERLIN","robots":{"index":"index","follow":"follow","max-snippet":"max-snippet:-1","max-image-preview":"max-image-preview:large","max-video-preview":"max-video-preview:-1"},"canonical":"https:\/\/arteconfort.com\/pt-pt\/producto\/nuria-360\/","og_locale":"pt_PT","og_type":"article","og_title":"NURIA 360 - Climatizaci\u00f3n, colecci\u00f3n antigua, Ventiladores de techo - Arteconfort","og_description":"O tecto NURIA 360 e ventilador industrial tem um corpo met\u00e1lico e 6 l\u00e2minas de prata e requer a instala\u00e7\u00e3o por um profissional. Tem um motor de DC (corrente cont\u00ednua) altamente eficiente que reduz o consumo de energia enquanto gera uma atmosfera agrad\u00e1vel gra\u00e7as ao seu funcionamento silencioso. Inclui controlo remoto e interruptor de parede para controlar e mudar velocidades (10) e modo de Inverno-ver\u00e3o. Este modelo industrial pode ser utilizado em salas com mais de 32m2. Ref: NURIA360NG21   Ventilador para salas muito grandes e uso industrial  Amplo fluxo de ar  Efici\u00eancia energ\u00e9tica  Encontre este ventilador \u00e0 venda exclusivamente em LEROY MERLINEncontre este ventilador \u00e0 venda exclusivamente em LEROY MERLIN","og_url":"https:\/\/arteconfort.com\/pt-pt\/producto\/nuria-360\/","og_site_name":"Arteconfort","article_modified_time":"2023-07-14T06:36:24+00:00","og_image":[{"width":1024,"height":1024,"url":"https:\/\/arteconfort.com\/wp-content\/uploads\/2023\/10\/NURIA-430-mando.webp","type":"image\/webp"}],"twitter_card":"summary_large_image","twitter_misc":{"Tempo estimado de leitura":"3 minutos"},"schema":{"@context":"https:\/\/schema.org","@graph":[{"@type":"WebPage","@id":"https:\/\/arteconfort.com\/pt-pt\/producto\/nuria-360\/","url":"https:\/\/arteconfort.com\/pt-pt\/producto\/nuria-360\/","name":"NURIA 360 - Climatizaci\u00f3n, colecci\u00f3n antigua, Ventiladores de techo - Arteconfort","isPartOf":{"@id":"https:\/\/arteconfort.com\/pt-pt\/#website"},"primaryImageOfPage":{"@id":"https:\/\/arteconfort.com\/pt-pt\/producto\/nuria-360\/#primaryimage"},"image":{"@id":"https:\/\/arteconfort.com\/pt-pt\/producto\/nuria-360\/#primaryimage"},"thumbnailUrl":"https:\/\/arteconfort.com\/wp-content\/uploads\/2023\/10\/NURIA-430-mando.webp","datePublished":"2023-02-08T10:37:31+00:00","dateModified":"2023-07-14T06:36:24+00:00","description":"O tecto NURIA 360 e ventilador industrial tem um corpo met\u00e1lico e 6 l\u00e2minas de prata e requer a instala\u00e7\u00e3o por um profissional. Tem um motor de DC (corrente cont\u00ednua) altamente eficiente que reduz o consumo de energia enquanto gera uma atmosfera agrad\u00e1vel gra\u00e7as ao seu funcionamento silencioso. Inclui controlo remoto e interruptor de parede para controlar e mudar velocidades (10) e modo de Inverno-ver\u00e3o. Este modelo industrial pode ser utilizado em salas com mais de 32m2. Ref: NURIA360NG21 Ventilador para salas muito grandes e uso industrial Amplo fluxo de ar Efici\u00eancia energ\u00e9tica Encontre este ventilador \u00e0 venda exclusivamente em LEROY MERLINEncontre este ventilador \u00e0 venda exclusivamente em LEROY MERLIN","breadcrumb":{"@id":"https:\/\/arteconfort.com\/pt-pt\/producto\/nuria-360\/#breadcrumb"},"inLanguage":"pt-PT","potentialAction":[{"@type":"ReadAction","target":["https:\/\/arteconfort.com\/pt-pt\/producto\/nuria-360\/"]}]},{"@type":"ImageObject","inLanguage":"pt-PT","@id":"https:\/\/arteconfort.com\/pt-pt\/producto\/nuria-360\/#primaryimage","url":"https:\/\/arteconfort.com\/wp-content\/uploads\/2023\/10\/NURIA-430-mando.webp","contentUrl":"https:\/\/arteconfort.com\/wp-content\/uploads\/2023\/10\/NURIA-430-mando.webp","width":1024,"height":1024},{"@type":"BreadcrumbList","@id":"https:\/\/arteconfort.com\/pt-pt\/producto\/nuria-360\/#breadcrumb","itemListElement":[{"@type":"ListItem","position":1,"name":"Inicio","item":"https:\/\/arteconfort.com\/pt-pt\/"},{"@type":"ListItem","position":2,"name":"Tienda","item":"https:\/\/arteconfort.com\/pt-pt\/tienda-2\/"},{"@type":"ListItem","position":3,"name":"NURIA 360"}]},{"@type":"WebSite","@id":"https:\/\/arteconfort.com\/pt-pt\/#website","url":"https:\/\/arteconfort.com\/pt-pt\/","name":"Arteconfort","description":"Especialistas en productos del hogar","publisher":{"@id":"https:\/\/arteconfort.com\/pt-pt\/#organization"},"potentialAction":[{"@type":"SearchAction","target":{"@type":"EntryPoint","urlTemplate":"https:\/\/arteconfort.com\/pt-pt\/?s={search_term_string}"},"query-input":{"@type":"PropertyValueSpecification","valueRequired":true,"valueName":"search_term_string"}}],"inLanguage":"pt-PT"},{"@type":"Organization","@id":"https:\/\/arteconfort.com\/pt-pt\/#organization","name":"Arteconfort","url":"https:\/\/arteconfort.com\/pt-pt\/","logo":{"@type":"ImageObject","inLanguage":"pt-PT","@id":"https:\/\/arteconfort.com\/pt-pt\/#\/schema\/logo\/image\/","url":"https:\/\/arteconfort.com\/wp-content\/uploads\/2019\/07\/logo-arteconfort.png","contentUrl":"https:\/\/arteconfort.com\/wp-content\/uploads\/2019\/07\/logo-arteconfort.png","width":230,"height":88,"caption":"Arteconfort"},"image":{"@id":"https:\/\/arteconfort.com\/pt-pt\/#\/schema\/logo\/image\/"}}]}},"_links":{"self":[{"href":"https:\/\/arteconfort.com\/pt-pt\/wp-json\/wp\/v2\/product\/25450","targetHints":{"allow":["GET"]}}],"collection":[{"href":"https:\/\/arteconfort.com\/pt-pt\/wp-json\/wp\/v2\/product"}],"about":[{"href":"https:\/\/arteconfort.com\/pt-pt\/wp-json\/wp\/v2\/types\/product"}],"wp:featuredmedia":[{"embeddable":true,"href":"https:\/\/arteconfort.com\/pt-pt\/wp-json\/wp\/v2\/media\/33333"}],"wp:attachment":[{"href":"https:\/\/arteconfort.com\/pt-pt\/wp-json\/wp\/v2\/media?parent=25450"}],"wp:term":[{"taxonomy":"product_brand","embeddable":true,"href":"https:\/\/arteconfort.com\/pt-pt\/wp-json\/wp\/v2\/product_brand?post=25450"},{"taxonomy":"product_cat","embeddable":true,"href":"https:\/\/arteconfort.com\/pt-pt\/wp-json\/wp\/v2\/product_cat?post=25450"},{"taxonomy":"product_tag","embeddable":true,"href":"https:\/\/arteconfort.com\/pt-pt\/wp-json\/wp\/v2\/product_tag?post=25450"}],"curies":[{"name":"wp","href":"https:\/\/api.w.org\/{rel}","templated":true}]}}