{"id":25475,"date":"2023-02-16T13:03:02","date_gmt":"2023-02-16T12:03:02","guid":{"rendered":"https:\/\/arteconfort.com\/producto\/sem%20categoria\/liceo-trio\/"},"modified":"2023-06-16T08:06:01","modified_gmt":"2023-06-16T06:06:01","slug":"liceo-trio","status":"publish","type":"product","link":"https:\/\/arteconfort.com\/pt-pt\/producto\/liceo-trio\/","title":{"rendered":"LICEO TRIO"},"content":{"rendered":"<div class=\"wpb-content-wrapper\"><p>[vc_row][vc_column][vc_empty_space height=&#8221;60px&#8221;][vc_row_inner][vc_column_inner width=&#8221;1\/3&#8243;][wyde_info_box icon_set=&#8221;simple_line&#8221; icon_simple_line=&#8221;sl-energy&#8221; icon_position=&#8221;left&#8221; title=&#8221;CARACTER\u00cdSTICAS F\u00cdSICAS E EL\u00c9CTRICAS&#8221;][\/wyde_info_box][vc_empty_space height=&#8221;10px&#8221;][vc_column_text]Dimens\u00f5es do painel: <strong>13cm x 10cm<\/strong><br \/>\nLargura da luz: <strong>5,5cm<\/strong><br \/>\nLuz alta: <strong>7,5<\/strong><strong>cm<\/strong><br \/>\nProfundidade: <b>&#8211;<\/b><br \/>\nMaterial do corpo: <strong>ABS<\/strong><br \/>\nAcabamento do corpo: <strong>Preto<\/strong><br \/>\nLuzes IP: <strong>68<\/strong><br \/>\nPainel IP: <strong>65<\/strong><br \/>\nCircuito protegido: <strong>Sim<\/strong><br \/>\nSem tampas: <strong>Sim<\/strong><br \/>\nSem fios: <b>5m de cabo total (1m entre as luzes e 3m das luzes ao painel)<\/b><br \/>\nIsolamento el\u00e9ctrico: <strong>Classe III<\/strong><br \/>\nComando: <strong>&#8211;<\/strong><br \/>\nPilhas: <strong>&#8211;<\/strong><br \/>\nTipo de ilumina\u00e7\u00e3o: <strong>Directo ou indirecto<\/strong><br \/>\nSensor: <strong>N\u00e3o<\/strong><br \/>\nDist\u00e2ncia de detec\u00e7\u00e3o: <strong>&#8211;<\/strong><br \/>\nTempo de cortesia: <strong>&#8211;<\/strong><br \/>\nProduto ajust\u00e1vel: <strong>N\u00e3o<\/strong><br \/>\nAcess\u00f3rios: <strong>Espeto<\/strong><br \/>\nGarantia: <strong>3 anos<\/strong>[\/vc_column_text][\/vc_column_inner][vc_column_inner width=&#8221;1\/3&#8243;][wyde_info_box icon_set=&#8221;simple_line&#8221; icon_simple_line=&#8221;sl-mouse&#8221; icon_position=&#8221;left&#8221; title=&#8221;PAINEL SOLAR E BATERIA&#8221;][\/wyde_info_box][vc_empty_space height=&#8221;10px&#8221;][vc_column_text]<br \/>\nTipo de painel solar: <strong>Policristalino<\/strong><br \/>\nTipo de encapsulamento: <strong>Silicone<\/strong><br \/>\nTempo de carregamento da bateria: <strong>8h<\/strong><br \/>\nTipo de bateria: <strong>Li-on 18650\u00a0<\/strong><br \/>\nTens\u00e3o de carregamento: <strong>3,7V<\/strong><br \/>\nCapacidade: <strong>2.000mAh<\/strong><br \/>\nM\u00e1xima autonomia: <strong>16h<\/strong><br \/>\n[\/vc_column_text][\/vc_column_inner][vc_column_inner width=&#8221;1\/3&#8243;][wyde_info_box icon_set=&#8221;stroke_gap&#8221; icon_stroke_gap=&#8221;sg-Bulb&#8221; icon_position=&#8221;left&#8221; title=&#8221;ILUMINA\u00c7\u00c3O&#8221;][\/wyde_info_box][vc_empty_space height=&#8221;10px&#8221;][vc_column_text]<br \/>\nFluxo luminoso: <strong>30lm<\/strong><br \/>\nPot\u00eancia LED: <strong>0,3W<\/strong><br \/>\nTemperatura de cor: <strong>7.500K<\/strong><br \/>\nLED OSRAM: <strong>N\u00e3o<\/strong><br \/>\n\u00c2ngulo de abertura: <strong>&#8211;<\/strong><br \/>\nVida m\u00e8dia: <strong>&#8211;<\/strong><br \/>\nN\u00famero de igni\u00e7\u00f5es: <strong>&#8211;<\/strong><br \/>\nModos de funcionamento:<br \/>\n<strong>Modo 1:<\/strong> Fixo: desempenho fixo a 30lm &#8211; 12h de autonomia<br \/>\n<strong>Modo 2:<\/strong> Flash: sa\u00edda fixa a 30lm &#8211; 16h de autonomia<br \/>\n*Autonomia com carga de bateria a 100%<br \/>\n[\/vc_column_text][\/vc_column_inner][\/vc_row_inner][vc_empty_space height=&#8221;60px&#8221;][\/vc_column][\/vc_row][vc_row vertical_align=&#8221;middle&#8221; padding_size=&#8221;no-padding&#8221; background_mode=&#8221;color&#8221; background_color=&#8221;#f5f5f5&#8243;][vc_column text_align=&#8221;center&#8221; offset=&#8221;vc_hidden-md vc_hidden-sm vc_hidden-xs&#8221;][vc_row_inner vertical_align=&#8221;middle&#8221; padding_size=&#8221;no-padding&#8221;][vc_column_inner text_align=&#8221;center&#8221; width=&#8221;1\/3&#8243;][vc_single_image alignment=&#8221;center&#8221; image=&#8221;24169&#8243;][\/vc_column_inner][vc_column_inner width=&#8221;1\/3&#8243;][vc_column_text]Encontre estas luzes solares subaqu\u00e1ticas exclusivamente para venda em <strong>LEROY MERLIN<\/strong>[\/vc_column_text][\/vc_column_inner][vc_column_inner width=&#8221;1\/3&#8243;][wyde_link_button icon_set=&#8221;simple_line&#8221; icon_simple_line=&#8221;sl-login&#8221; style=&#8221;outline round&#8221; title=&#8221;Acesso \u00e0 Leroy Merlin&#8221; link=&#8221;url:https%3A%2F%2Fwww.leroymerlin.es%2Fproductos%2Filuminacion%2Filuminacion-exterior%2Filuminacion-solar%2Filuminacion-solar-con-detector%2Fpack-3-focos-solares-liceo-trio-30l-7000k-86142986.html%3Fsrc%3Dclk||target:%20_blank|rel:nofollow&#8221; color=&#8221;#61b4e4&#8243; hover_color=&#8221;#ffffff&#8221;][\/vc_column_inner][\/vc_row_inner][\/vc_column][\/vc_row][vc_row vertical_align=&#8221;middle&#8221; padding_size=&#8221;no-padding&#8221; background_mode=&#8221;color&#8221; background_color=&#8221;#f5f5f5&#8243;][vc_column text_align=&#8221;center&#8221; padding_size=&#8221;no-padding&#8221; offset=&#8221;vc_hidden-lg&#8221;][vc_row_inner vertical_align=&#8221;middle&#8221; padding_size=&#8221;no-padding&#8221; css=&#8221;.vc_custom_1664367242377{padding-top: 30px !important;padding-right: 60px !important;padding-bottom: 30px !important;padding-left: 60px !important;}&#8221;][vc_column_inner padding_size=&#8221;no-padding&#8221; width=&#8221;1\/2&#8243;][vc_single_image alignment=&#8221;center&#8221; image=&#8221;24169&#8243;][\/vc_column_inner][vc_column_inner text_align=&#8221;center&#8221; width=&#8221;1\/2&#8243;][vc_column_text]Encontre estas luzes solares subaqu\u00e1ticas exclusivamente para venda em <strong>LEROY MERLIN<\/strong>[\/vc_column_text][vc_empty_space height=&#8221;10px&#8221;][wyde_link_button icon_set=&#8221;simple_line&#8221; icon_simple_line=&#8221;sl-login&#8221; style=&#8221;outline round&#8221; title=&#8221;Acesso \u00e0 Leroy Merlin&#8221; link=&#8221;url:https%3A%2F%2Fwww.leroymerlin.es%2Fproductos%2Filuminacion%2Filuminacion-exterior%2Filuminacion-solar%2Filuminacion-solar-con-detector%2Fpack-3-focos-solares-liceo-trio-30l-7000k-86142986.html%3Fsrc%3Dclk||target:%20_blank|rel:nofollow&#8221; color=&#8221;#61b4e4&#8243; hover_color=&#8221;#ffffff&#8221;][\/vc_column_inner][\/vc_row_inner][\/vc_column][\/vc_row]<\/p>\n<\/div>","protected":false},"excerpt":{"rendered":"<p>Estes projectores solares submers\u00edveis LICEO TRIO s\u00e3o caracterizados por um design criado para que possam ser submers\u00edveis, elegantes, modernos, bem como com uma luz indirecta e t\u00eam uma elevada capacidade de carga e armazenamento. Este modelo tem 2 modos de ilumina\u00e7\u00e3o, tornando-o uma grande escolha para a ilumina\u00e7\u00e3o de qualquer ambiente, tanto fora de \u00e1gua como no interior, gra\u00e7as \u00e0 sua elevada classifica\u00e7\u00e3o IP.<br \/>\n<strong>Ref: LICEOTRIONG33<\/strong><\/p>\n<ul style=\"list-style-type: circle; padding-left: 80px;\">\n<li>Luzes solares submers\u00edveis<\/li>\n<li>Produto IP68 e painel IP64<\/li>\n<li>Alta autonomia<\/li>\n<\/ul>\n<p>[vc_row vertical_align=&#8221;middle&#8221; padding_size=&#8221;no-padding&#8221; background_mode=&#8221;color&#8221; background_color=&#8221;#f5f5f5&#8243;][vc_column text_align=&#8221;center&#8221; offset=&#8221;vc_hidden-md vc_hidden-sm vc_hidden-xs&#8221;][vc_row_inner vertical_align=&#8221;middle&#8221; padding_size=&#8221;no-padding&#8221; css=&#8221;.vc_custom_1664435191461{padding-top: 30px !important;padding-right: 60px !important;padding-bottom: 30px !important;padding-left: 60px !important;}&#8221;][vc_column_inner width=&#8221;1\/2&#8243;][vc_single_image image=&#8221;24179&#8243;][\/vc_column_inner][vc_column_inner width=&#8221;1\/2&#8243;][vc_column_text]Encontre estas luzes solares para venda exclusivamente em <strong>LEROY MERLIN<\/strong>[\/vc_column_text][vc_empty_space height=&#8221;10px&#8221;][wyde_link_button icon_set=&#8221;simple_line&#8221; icon_simple_line=&#8221;sl-login&#8221; style=&#8221;outline round&#8221; title=&#8221;Obtenha o seu LICEO TRIO&#8221; link=&#8221;url:https%3A%2F%2Fwww.leroymerlin.es%2Fproductos%2Filuminacion%2Filuminacion-exterior%2Filuminacion-solar%2Filuminacion-solar-con-detector%2Fpack-3-focos-solares-liceo-trio-30l-7000k-86142986.html%3Fsrc%3Dclk||target:%20_blank|rel:nofollow&#8221; color=&#8221;#61b4e4&#8243; hover_color=&#8221;#ffffff&#8221;][\/vc_column_inner][\/vc_row_inner][\/vc_column][\/vc_row][vc_row vertical_align=&#8221;middle&#8221; padding_size=&#8221;no-padding&#8221; background_mode=&#8221;color&#8221; background_color=&#8221;#f5f5f5&#8243;][vc_column text_align=&#8221;center&#8221; padding_size=&#8221;no-padding&#8221; offset=&#8221;vc_hidden-lg&#8221;][vc_row_inner vertical_align=&#8221;middle&#8221; padding_size=&#8221;no-padding&#8221; css=&#8221;.vc_custom_1664367242377{padding-top: 30px !important;padding-right: 60px !important;padding-bottom: 30px !important;padding-left: 60px !important;}&#8221;][vc_column_inner padding_size=&#8221;no-padding&#8221; width=&#8221;1\/2&#8243;][vc_single_image alignment=&#8221;center&#8221; image=&#8221;24165&#8243;][\/vc_column_inner][vc_column_inner text_align=&#8221;center&#8221; width=&#8221;1\/2&#8243;][vc_column_text]Encontre estas luzes solares para venda exclusivamente em <strong>LEROY MERLIN<\/strong>[\/vc_column_text][vc_empty_space height=&#8221;10px&#8221;][wyde_link_button icon_set=&#8221;simple_line&#8221; icon_simple_line=&#8221;sl-login&#8221; style=&#8221;outline round&#8221; title=&#8221;Obtenha o seu LICEO TRIO&#8221; link=&#8221;url:https%3A%2F%2Fwww.leroymerlin.es%2Fproductos%2Filuminacion%2Filuminacion-exterior%2Filuminacion-solar%2Filuminacion-solar-con-detector%2Fpack-3-focos-solares-liceo-trio-30l-7000k-86142986.html%3Fsrc%3Dclk||target:%20_blank|rel:nofollow&#8221; color=&#8221;#61b4e4&#8243; hover_color=&#8221;#ffffff&#8221;][\/vc_column_inner][\/vc_row_inner][\/vc_column][\/vc_row][vc_row][vc_column offset=&#8221;vc_hidden-xs&#8221;][vc_empty_space height=&#8221;60px&#8221;][\/vc_column][\/vc_row][vc_row][vc_column width=&#8221;1\/3&#8243;][wyde_link_button icon_set=&#8221;simple_line&#8221; icon_simple_line=&#8221;sl-settings&#8221; style=&#8221;round&#8221; title=&#8221;Instru\u00e7\u00f5es&#8221; link=&#8221;url:https%3A%2F%2Farteconfort.com%2Fwp-content%2Fuploads%2F2023%2F02%2Fim-LICEO-TRIO-v1.pdf||target:%20_blank|rel:nofollow&#8221; color=&#8221;#ffffff&#8221; bg_color=&#8221;#222222&#8243;][\/vc_column][\/vc_row]<\/p>\n","protected":false},"featured_media":35308,"template":"","meta":[],"product_brand":[],"product_cat":[1049,338,339],"product_tag":[],"class_list":{"0":"post-25475","1":"product","2":"type-product","3":"status-publish","4":"has-post-thumbnail","6":"product_cat-coleccion-antigua-pt","7":"product_cat-solar-pt-pt","8":"product_cat-iluminacion-solar-de-suelo-pt-pt","10":"first","11":"instock","12":"shipping-taxable","13":"product-type-simple"},"yoast_head":"<!-- This site is optimized with the Yoast SEO plugin v26.5 - https:\/\/yoast.com\/wordpress\/plugins\/seo\/ -->\n<title>LICEO TRIO - colecci\u00f3n antigua, Solar, Suelo - Arteconfort<\/title>\n<meta name=\"description\" content=\"Estes projectores solares submers\u00edveis LICEO TRIO s\u00e3o caracterizados por um design criado para que possam ser submers\u00edveis, elegantes, modernos, bem como com uma luz indirecta e t\u00eam uma elevada capacidade de carga e armazenamento. Este modelo tem 2 modos de ilumina\u00e7\u00e3o, tornando-o uma grande escolha para a ilumina\u00e7\u00e3o de qualquer ambiente, tanto fora de \u00e1gua como no interior, gra\u00e7as \u00e0 sua elevada classifica\u00e7\u00e3o IP. Ref: LICEOTRIONG33   Luzes solares submers\u00edveis  Produto IP68 e painel IP64  Alta autonomia  Encontre estas luzes solares para venda exclusivamente em LEROY MERLINEncontre estas luzes solares para venda exclusivamente em LEROY MERLIN\" \/>\n<meta name=\"robots\" content=\"index, follow, max-snippet:-1, max-image-preview:large, max-video-preview:-1\" \/>\n<link rel=\"canonical\" href=\"https:\/\/arteconfort.com\/pt-pt\/producto\/liceo-trio\/\" \/>\n<meta property=\"og:locale\" content=\"pt_PT\" \/>\n<meta property=\"og:type\" content=\"article\" \/>\n<meta property=\"og:title\" content=\"LICEO TRIO - colecci\u00f3n antigua, Solar, Suelo - Arteconfort\" \/>\n<meta property=\"og:description\" content=\"Estes projectores solares submers\u00edveis LICEO TRIO s\u00e3o caracterizados por um design criado para que possam ser submers\u00edveis, elegantes, modernos, bem como com uma luz indirecta e t\u00eam uma elevada capacidade de carga e armazenamento. Este modelo tem 2 modos de ilumina\u00e7\u00e3o, tornando-o uma grande escolha para a ilumina\u00e7\u00e3o de qualquer ambiente, tanto fora de \u00e1gua como no interior, gra\u00e7as \u00e0 sua elevada classifica\u00e7\u00e3o IP. Ref: LICEOTRIONG33   Luzes solares submers\u00edveis  Produto IP68 e painel IP64  Alta autonomia  Encontre estas luzes solares para venda exclusivamente em LEROY MERLINEncontre estas luzes solares para venda exclusivamente em LEROY MERLIN\" \/>\n<meta property=\"og:url\" content=\"https:\/\/arteconfort.com\/pt-pt\/producto\/liceo-trio\/\" \/>\n<meta property=\"og:site_name\" content=\"Arteconfort\" \/>\n<meta property=\"article:modified_time\" content=\"2023-06-16T06:06:01+00:00\" \/>\n<meta property=\"og:image\" content=\"https:\/\/arteconfort.com\/wp-content\/uploads\/2023\/10\/LICEO-TRIO.webp\" \/>\n\t<meta property=\"og:image:width\" content=\"1024\" \/>\n\t<meta property=\"og:image:height\" content=\"1024\" \/>\n\t<meta property=\"og:image:type\" content=\"image\/webp\" \/>\n<meta name=\"twitter:card\" content=\"summary_large_image\" \/>\n<meta name=\"twitter:label1\" content=\"Tempo estimado de leitura\" \/>\n\t<meta name=\"twitter:data1\" content=\"3 minutos\" \/>\n<!-- \/ Yoast SEO plugin. -->","yoast_head_json":{"title":"LICEO TRIO - colecci\u00f3n antigua, Solar, Suelo - Arteconfort","description":"Estes projectores solares submers\u00edveis LICEO TRIO s\u00e3o caracterizados por um design criado para que possam ser submers\u00edveis, elegantes, modernos, bem como com uma luz indirecta e t\u00eam uma elevada capacidade de carga e armazenamento. Este modelo tem 2 modos de ilumina\u00e7\u00e3o, tornando-o uma grande escolha para a ilumina\u00e7\u00e3o de qualquer ambiente, tanto fora de \u00e1gua como no interior, gra\u00e7as \u00e0 sua elevada classifica\u00e7\u00e3o IP. Ref: LICEOTRIONG33   Luzes solares submers\u00edveis  Produto IP68 e painel IP64  Alta autonomia  Encontre estas luzes solares para venda exclusivamente em LEROY MERLINEncontre estas luzes solares para venda exclusivamente em LEROY MERLIN","robots":{"index":"index","follow":"follow","max-snippet":"max-snippet:-1","max-image-preview":"max-image-preview:large","max-video-preview":"max-video-preview:-1"},"canonical":"https:\/\/arteconfort.com\/pt-pt\/producto\/liceo-trio\/","og_locale":"pt_PT","og_type":"article","og_title":"LICEO TRIO - colecci\u00f3n antigua, Solar, Suelo - Arteconfort","og_description":"Estes projectores solares submers\u00edveis LICEO TRIO s\u00e3o caracterizados por um design criado para que possam ser submers\u00edveis, elegantes, modernos, bem como com uma luz indirecta e t\u00eam uma elevada capacidade de carga e armazenamento. Este modelo tem 2 modos de ilumina\u00e7\u00e3o, tornando-o uma grande escolha para a ilumina\u00e7\u00e3o de qualquer ambiente, tanto fora de \u00e1gua como no interior, gra\u00e7as \u00e0 sua elevada classifica\u00e7\u00e3o IP. Ref: LICEOTRIONG33   Luzes solares submers\u00edveis  Produto IP68 e painel IP64  Alta autonomia  Encontre estas luzes solares para venda exclusivamente em LEROY MERLINEncontre estas luzes solares para venda exclusivamente em LEROY MERLIN","og_url":"https:\/\/arteconfort.com\/pt-pt\/producto\/liceo-trio\/","og_site_name":"Arteconfort","article_modified_time":"2023-06-16T06:06:01+00:00","og_image":[{"width":1024,"height":1024,"url":"https:\/\/arteconfort.com\/wp-content\/uploads\/2023\/10\/LICEO-TRIO.webp","type":"image\/webp"}],"twitter_card":"summary_large_image","twitter_misc":{"Tempo estimado de leitura":"3 minutos"},"schema":{"@context":"https:\/\/schema.org","@graph":[{"@type":"WebPage","@id":"https:\/\/arteconfort.com\/pt-pt\/producto\/liceo-trio\/","url":"https:\/\/arteconfort.com\/pt-pt\/producto\/liceo-trio\/","name":"LICEO TRIO - colecci\u00f3n antigua, Solar, Suelo - Arteconfort","isPartOf":{"@id":"https:\/\/arteconfort.com\/pt-pt\/#website"},"primaryImageOfPage":{"@id":"https:\/\/arteconfort.com\/pt-pt\/producto\/liceo-trio\/#primaryimage"},"image":{"@id":"https:\/\/arteconfort.com\/pt-pt\/producto\/liceo-trio\/#primaryimage"},"thumbnailUrl":"https:\/\/arteconfort.com\/wp-content\/uploads\/2023\/10\/LICEO-TRIO.webp","datePublished":"2023-02-16T12:03:02+00:00","dateModified":"2023-06-16T06:06:01+00:00","description":"Estes projectores solares submers\u00edveis LICEO TRIO s\u00e3o caracterizados por um design criado para que possam ser submers\u00edveis, elegantes, modernos, bem como com uma luz indirecta e t\u00eam uma elevada capacidade de carga e armazenamento. Este modelo tem 2 modos de ilumina\u00e7\u00e3o, tornando-o uma grande escolha para a ilumina\u00e7\u00e3o de qualquer ambiente, tanto fora de \u00e1gua como no interior, gra\u00e7as \u00e0 sua elevada classifica\u00e7\u00e3o IP. Ref: LICEOTRIONG33 Luzes solares submers\u00edveis Produto IP68 e painel IP64 Alta autonomia Encontre estas luzes solares para venda exclusivamente em LEROY MERLINEncontre estas luzes solares para venda exclusivamente em LEROY MERLIN","breadcrumb":{"@id":"https:\/\/arteconfort.com\/pt-pt\/producto\/liceo-trio\/#breadcrumb"},"inLanguage":"pt-PT","potentialAction":[{"@type":"ReadAction","target":["https:\/\/arteconfort.com\/pt-pt\/producto\/liceo-trio\/"]}]},{"@type":"ImageObject","inLanguage":"pt-PT","@id":"https:\/\/arteconfort.com\/pt-pt\/producto\/liceo-trio\/#primaryimage","url":"https:\/\/arteconfort.com\/wp-content\/uploads\/2023\/10\/LICEO-TRIO.webp","contentUrl":"https:\/\/arteconfort.com\/wp-content\/uploads\/2023\/10\/LICEO-TRIO.webp","width":1024,"height":1024,"caption":"Focos solares sumergibles LICEO TRIO"},{"@type":"BreadcrumbList","@id":"https:\/\/arteconfort.com\/pt-pt\/producto\/liceo-trio\/#breadcrumb","itemListElement":[{"@type":"ListItem","position":1,"name":"Inicio","item":"https:\/\/arteconfort.com\/pt-pt\/"},{"@type":"ListItem","position":2,"name":"Tienda","item":"https:\/\/arteconfort.com\/pt-pt\/tienda-2\/"},{"@type":"ListItem","position":3,"name":"LICEO TRIO"}]},{"@type":"WebSite","@id":"https:\/\/arteconfort.com\/pt-pt\/#website","url":"https:\/\/arteconfort.com\/pt-pt\/","name":"Arteconfort","description":"Especialistas en productos del hogar","publisher":{"@id":"https:\/\/arteconfort.com\/pt-pt\/#organization"},"potentialAction":[{"@type":"SearchAction","target":{"@type":"EntryPoint","urlTemplate":"https:\/\/arteconfort.com\/pt-pt\/?s={search_term_string}"},"query-input":{"@type":"PropertyValueSpecification","valueRequired":true,"valueName":"search_term_string"}}],"inLanguage":"pt-PT"},{"@type":"Organization","@id":"https:\/\/arteconfort.com\/pt-pt\/#organization","name":"Arteconfort","url":"https:\/\/arteconfort.com\/pt-pt\/","logo":{"@type":"ImageObject","inLanguage":"pt-PT","@id":"https:\/\/arteconfort.com\/pt-pt\/#\/schema\/logo\/image\/","url":"https:\/\/arteconfort.com\/wp-content\/uploads\/2019\/07\/logo-arteconfort.png","contentUrl":"https:\/\/arteconfort.com\/wp-content\/uploads\/2019\/07\/logo-arteconfort.png","width":230,"height":88,"caption":"Arteconfort"},"image":{"@id":"https:\/\/arteconfort.com\/pt-pt\/#\/schema\/logo\/image\/"}}]}},"_links":{"self":[{"href":"https:\/\/arteconfort.com\/pt-pt\/wp-json\/wp\/v2\/product\/25475","targetHints":{"allow":["GET"]}}],"collection":[{"href":"https:\/\/arteconfort.com\/pt-pt\/wp-json\/wp\/v2\/product"}],"about":[{"href":"https:\/\/arteconfort.com\/pt-pt\/wp-json\/wp\/v2\/types\/product"}],"wp:featuredmedia":[{"embeddable":true,"href":"https:\/\/arteconfort.com\/pt-pt\/wp-json\/wp\/v2\/media\/35308"}],"wp:attachment":[{"href":"https:\/\/arteconfort.com\/pt-pt\/wp-json\/wp\/v2\/media?parent=25475"}],"wp:term":[{"taxonomy":"product_brand","embeddable":true,"href":"https:\/\/arteconfort.com\/pt-pt\/wp-json\/wp\/v2\/product_brand?post=25475"},{"taxonomy":"product_cat","embeddable":true,"href":"https:\/\/arteconfort.com\/pt-pt\/wp-json\/wp\/v2\/product_cat?post=25475"},{"taxonomy":"product_tag","embeddable":true,"href":"https:\/\/arteconfort.com\/pt-pt\/wp-json\/wp\/v2\/product_tag?post=25475"}],"curies":[{"name":"wp","href":"https:\/\/api.w.org\/{rel}","templated":true}]}}