{"id":44048,"date":"2025-02-24T11:54:48","date_gmt":"2025-02-24T10:54:48","guid":{"rendered":"https:\/\/arteconfort.com\/?post_type=product&#038;p=44048"},"modified":"2025-06-16T12:29:17","modified_gmt":"2025-06-16T10:29:17","slug":"saula","status":"publish","type":"product","link":"https:\/\/arteconfort.com\/pt-pt\/producto\/saula\/","title":{"rendered":"SAULA"},"content":{"rendered":"<div class=\"wpb-content-wrapper\"><p>[vc_row][vc_column][vc_empty_space height=&#8221;60px&#8221;][vc_row_inner][vc_column_inner width=&#8221;1\/3&#8243;][wyde_info_box icon_set=&#8221;simple_line&#8221; icon_simple_line=&#8221;sl-energy&#8221; icon_position=&#8221;left&#8221; title=&#8221;CARACTER\u00cdSTICAS F\u00cdSICAS E EL\u00c9CTRICAS&#8221;][\/wyde_info_box][vc_empty_space height=&#8221;10px&#8221;][vc_column_text]Largura: <strong>6,7cm (painel)<\/strong><br \/>\nAltura: <strong>6,7<\/strong><strong>cm (painel) &#8211; 24cm (painel + espinho)<\/strong><br \/>\nProfundidade: <b>3cm (painel)<\/b><br \/>\nLongitud total: <b>5,8m<\/b><br \/>\nMaterial do corpo: <strong>ABS, PE<\/strong><br \/>\nAcabamento do corpo: <strong>Preto (corpo), Transparente (cabo e tampa LEDs)<\/strong><br \/>\nIP: <strong>44<\/strong><br \/>\nCircuito protegido: <strong>Sim<\/strong><br \/>\nSem fichas: <strong>Sim<\/strong><br \/>\nSem filos: <strong>N\u00e3o<\/strong><br \/>\nIsolamento el\u00e9trico: <strong>Classe III<\/strong><br \/>\nControlo remoto: <strong>N\u00e3o<\/strong><br \/>\nPilhas: <strong>N\u00e3o<\/strong><br \/>\nTipo de ilumina\u00e7ao: <strong>Decorativo<\/strong><br \/>\nSensor: <strong>No<\/strong><br \/>\nDist\u00e2ncia de dete\u00e7\u00e3o: <strong>&#8211;<\/strong><br \/>\nTempo de cortesia: <strong>&#8211;<\/strong><br \/>\nProduto ajust\u00e1vel: <strong>Sim<\/strong><br \/>\nAcess\u00f3rios: <strong>Espinho<\/strong><br \/>\nGarantia: <strong>3 anos<\/strong>[\/vc_column_text][\/vc_column_inner][vc_column_inner width=&#8221;1\/3&#8243;][wyde_info_box icon_set=&#8221;simple_line&#8221; icon_simple_line=&#8221;sl-mouse&#8221; icon_position=&#8221;left&#8221; title=&#8221;PAINEL SOLAR E BATERIA&#8221;][\/wyde_info_box][vc_empty_space height=&#8221;10px&#8221;][vc_column_text]<br \/>\nTipo de painel solar: <strong>Policristalino<\/strong><br \/>\nTipo de encapsulamento: <strong>PET<\/strong><br \/>\nTempo de carga da bateria: <strong>3,5h<\/strong><br \/>\nTipo de bateria: <strong>Ni-MH AA<\/strong><br \/>\nTens\u00e3o de carga: <strong>1,2V<\/strong><br \/>\nCapacidade: <strong>60mAh<\/strong><br \/>\nAutonomia m\u00e1xima: <strong>12h<\/strong><br \/>\n[\/vc_column_text][\/vc_column_inner][vc_column_inner width=&#8221;1\/3&#8243;][wyde_info_box icon_set=&#8221;stroke_gap&#8221; icon_stroke_gap=&#8221;sg-Bulb&#8221; icon_position=&#8221;left&#8221; title=&#8221;ILUMINA\u00c7\u00c3O&#8221;][\/wyde_info_box][vc_empty_space height=&#8221;10px&#8221;][vc_column_text]<br \/>\nFluxo luminoso m\u00e1ximo: <strong>300lm<\/strong><br \/>\nPot\u00eancia LED: <strong>3W<\/strong><br \/>\nTemperatura de cor: <strong>2.700K<\/strong><br \/>\n\u00c2ngulo de abertura: <strong>360\u00ba<\/strong><br \/>\nVida m\u00e9dia: <strong>30.000h<\/strong><br \/>\nN\u00famero de igni\u00e7\u00f5es: <strong>5.000<br \/>\n<\/strong>N\u00ba de bombillas: <strong>20<\/strong><br \/>\nModos de funcionamiento:<br \/>\n<strong>Modo 1: <\/strong>Ciclo: do modo 2 ao modo 7 repetidamente 12h<br \/>\n<strong>Modo 2:<\/strong> Onda intermitente 12h<br \/>\n<strong>Modo 3:<\/strong> Intermitente 12h<br \/>\n<strong>Modo 4:<\/strong> Desvanecimento gradual de um lado 12h<br \/>\n<strong>Modo 5: <\/strong>Estrela intermitente + flash 12h<br \/>\n<strong>Modo 6:<\/strong> Desvanecimento gradual de ambos os lados 12h<br \/>\n<strong>Modo 7:<\/strong> Estrela intermitente 12h<br \/>\n<strong>Modo 8:<\/strong> Fixo 8h<br \/>\n*Autonomia com a bateria carregada a 100%<br \/>\n[\/vc_column_text][\/vc_column_inner][\/vc_row_inner][vc_empty_space height=&#8221;60px&#8221;][\/vc_column][\/vc_row][vc_row vertical_align=&#8221;middle&#8221; padding_size=&#8221;no-padding&#8221; background_mode=&#8221;color&#8221; background_color=&#8221;#f5f5f5&#8243;][vc_column text_align=&#8221;center&#8221; padding_size=&#8221;no-padding&#8221;][vc_row_inner vertical_align=&#8221;middle&#8221; padding_size=&#8221;no-padding&#8221; css=&#8221;.vc_custom_1664367242377{padding-top: 30px !important;padding-right: 60px !important;padding-bottom: 30px !important;padding-left: 60px !important;}&#8221;][vc_column_inner padding_size=&#8221;no-padding&#8221; width=&#8221;2\/3&#8243;][wyde_heading style=&#8221;2&#8243; title_tag=&#8221;h3&#8243; title=&#8221;Pe\u00e7as de substitui\u00e7\u00e3o dispon\u00edveis para a grinalda solar SAULA&#8221; heading_color=&#8221;#000000&#8243;][vc_column_text]Pode adquirir a pe\u00e7a de substitui\u00e7\u00e3o para a sua luz solar na mesma loja onde comprou a luz solar ou noutra loja da mesma cadeia.[\/vc_column_text][vc_empty_space][wyde_info_box icon=&#8221;fa fa-check&#8221; icon_position=&#8221;left&#8221; title=&#8221;BATERIA&#8221;][\/wyde_info_box][vc_empty_space height=&#8221;20px&#8221;][\/vc_column_inner][vc_column_inner text_align=&#8221;center&#8221; width=&#8221;1\/3&#8243; background_color=&#8221;#ffffff&#8221;][vc_empty_space height=&#8221;20px&#8221;][vc_column_text]<em>Si tienes alguna duda puedes consultarnos a trav\u00e9s del formulario de contacto:<\/em>[\/vc_column_text][vc_empty_space height=&#8221;20px&#8221;][wyde_link_button icon_set=&#8221;simple_line&#8221; icon_simple_line=&#8221;sl-bubbles&#8221; style=&#8221;outline round&#8221; title=&#8221;Ver&#8221; link=&#8221;url:https%3A%2F%2Farteconfort.com%2Fcontacto%2F|||&#8221; color=&#8221;#61b4e4&#8243; hover_color=&#8221;#ffffff&#8221;][vc_empty_space height=&#8221;40px&#8221;][vc_single_image alignment=&#8221;center&#8221; image=&#8221;24271&#8243;][\/vc_column_inner][\/vc_row_inner][\/vc_column][\/vc_row][vc_row][vc_column][vc_empty_space height=&#8221;80px&#8221;][\/vc_column][\/vc_row][vc_row vertical_align=&#8221;middle&#8221; padding_size=&#8221;no-padding&#8221; background_mode=&#8221;color&#8221; background_color=&#8221;#f5f5f5&#8243;][vc_column text_align=&#8221;center&#8221; offset=&#8221;vc_hidden-md vc_hidden-sm vc_hidden-xs&#8221;][vc_row_inner vertical_align=&#8221;middle&#8221; padding_size=&#8221;no-padding&#8221;][vc_column_inner text_align=&#8221;center&#8221; width=&#8221;1\/3&#8243;][vc_single_image alignment=&#8221;center&#8221; image=&#8221;24199&#8243;][\/vc_column_inner][vc_column_inner width=&#8221;1\/3&#8243;][vc_column_text]Encontre esta grinalda solar para venda exclusivamente em <strong>BAUHAUS<\/strong>[\/vc_column_text][\/vc_column_inner][vc_column_inner width=&#8221;1\/3&#8243;][wyde_link_button icon_set=&#8221;simple_line&#8221; icon_simple_line=&#8221;sl-login&#8221; style=&#8221;outline round&#8221; title=&#8221;Acesso \u00e0 Bauhaus&#8221; link=&#8221;url:https%3A%2F%2Fwww.bauhaus.es%2Flamparas-solares%2Farte-confort-guirnalda-solar-led-saula%2Fp%2F32126617||target:%20_blank|rel:nofollow&#8221; color=&#8221;#61b4e4&#8243; hover_color=&#8221;#ffffff&#8221;][\/vc_column_inner][\/vc_row_inner][\/vc_column][\/vc_row][vc_row vertical_align=&#8221;middle&#8221; padding_size=&#8221;no-padding&#8221; background_mode=&#8221;color&#8221; background_color=&#8221;#f5f5f5&#8243;][vc_column text_align=&#8221;center&#8221; padding_size=&#8221;no-padding&#8221; offset=&#8221;vc_hidden-lg&#8221;][vc_row_inner vertical_align=&#8221;middle&#8221; padding_size=&#8221;no-padding&#8221; css=&#8221;.vc_custom_1664367242377{padding-top: 30px !important;padding-right: 60px !important;padding-bottom: 30px !important;padding-left: 60px !important;}&#8221;][vc_column_inner padding_size=&#8221;no-padding&#8221; width=&#8221;1\/2&#8243;][vc_single_image alignment=&#8221;center&#8221; image=&#8221;24199&#8243;][\/vc_column_inner][vc_column_inner text_align=&#8221;center&#8221; width=&#8221;1\/2&#8243;][vc_column_text]Encontre esta grinalda solar para venda exclusivamente em <strong>BAUHAUS<\/strong>[\/vc_column_text][vc_empty_space height=&#8221;10px&#8221;][wyde_link_button icon_set=&#8221;simple_line&#8221; icon_simple_line=&#8221;sl-login&#8221; style=&#8221;outline round&#8221; title=&#8221;Acesso \u00e0 Bauhaus&#8221; link=&#8221;url:https%3A%2F%2Fwww.bauhaus.es%2Flamparas-solares%2Farte-confort-guirnalda-solar-led-saula%2Fp%2F32126617||target:%20_blank|rel:nofollow&#8221; color=&#8221;#61b4e4&#8243; hover_color=&#8221;#ffffff&#8221;][\/vc_column_inner][\/vc_row_inner][\/vc_column][\/vc_row]<\/p>\n<\/div>","protected":false},"excerpt":{"rendered":"<p>A grinalda solar SAULA proporciona uma ilumina\u00e7\u00e3o ambiente em tons quentes. \u00c9 muito f\u00e1cil de instalar gra\u00e7as ao seu espig\u00e3o, que \u00e9 inserido diretamente no solo da zona que se pretende iluminar. A sua bateria \u00e9 substitu\u00edvel quando deixa de funcionar corretamente. Tem 8 modos de funcionamento diferentes com diferentes efeitos de luz ambiente.<br \/>\n<strong>Ref: SAULATR31<\/strong><\/p>\n<ul style=\"list-style-type: circle; padding-left: 80px;\">\n<li>8 modos de funcionamento<\/li>\n<li>IP44<\/li>\n<li>Ilumina\u00e7\u00e3o ambiente ou decorativa<\/li>\n<\/ul>\n<p>[vc_row vertical_align=&#8221;middle&#8221; padding_size=&#8221;no-padding&#8221; background_mode=&#8221;color&#8221; background_color=&#8221;#f5f5f5&#8243;][vc_column text_align=&#8221;center&#8221; offset=&#8221;vc_hidden-md vc_hidden-sm vc_hidden-xs&#8221;][vc_row_inner vertical_align=&#8221;middle&#8221; padding_size=&#8221;no-padding&#8221; css=&#8221;.vc_custom_1664435191461{padding-top: 30px !important;padding-right: 60px !important;padding-bottom: 30px !important;padding-left: 60px !important;}&#8221;][vc_column_inner width=&#8221;1\/2&#8243;][vc_single_image image=&#8221;24200&#8243;][\/vc_column_inner][vc_column_inner width=&#8221;1\/2&#8243;][vc_column_text]Encontre esta grinalda solar para venda exclusivamente em <strong>BAUHAUS<\/strong>[\/vc_column_text][vc_empty_space height=&#8221;10px&#8221;][wyde_link_button icon_set=&#8221;simple_line&#8221; icon_simple_line=&#8221;sl-login&#8221; style=&#8221;outline round&#8221; title=&#8221;Acesso \u00e0 Bauhaus&#8221; link=&#8221;url:https%3A%2F%2Fwww.bauhaus.es%2Flamparas-solares%2Farte-confort-guirnalda-solar-led-saula%2Fp%2F32126617||target:%20_blank|rel:nofollow&#8221; color=&#8221;#61b4e4&#8243; hover_color=&#8221;#ffffff&#8221;][\/vc_column_inner][\/vc_row_inner][\/vc_column][\/vc_row][vc_row vertical_align=&#8221;middle&#8221; padding_size=&#8221;no-padding&#8221; background_mode=&#8221;color&#8221; background_color=&#8221;#f5f5f5&#8243;][vc_column text_align=&#8221;center&#8221; padding_size=&#8221;no-padding&#8221; offset=&#8221;vc_hidden-lg&#8221;][vc_row_inner vertical_align=&#8221;middle&#8221; padding_size=&#8221;no-padding&#8221; css=&#8221;.vc_custom_1664367242377{padding-top: 30px !important;padding-right: 60px !important;padding-bottom: 30px !important;padding-left: 60px !important;}&#8221;][vc_column_inner padding_size=&#8221;no-padding&#8221; width=&#8221;1\/2&#8243;][vc_single_image alignment=&#8221;center&#8221; image=&#8221;24195&#8243;][\/vc_column_inner][vc_column_inner text_align=&#8221;center&#8221; width=&#8221;1\/2&#8243;][vc_column_text]Encontre esta grinalda solar para venda exclusivamente em <strong>BAUHAUS<\/strong>[\/vc_column_text][vc_empty_space height=&#8221;10px&#8221;][wyde_link_button icon_set=&#8221;simple_line&#8221; icon_simple_line=&#8221;sl-login&#8221; style=&#8221;outline round&#8221; title=&#8221;Acesso \u00e0 Bauhaus&#8221; link=&#8221;url:https%3A%2F%2Fwww.bauhaus.es%2Flamparas-solares%2Farte-confort-guirnalda-solar-led-saula%2Fp%2F32126617||target:%20_blank|rel:nofollow&#8221; color=&#8221;#61b4e4&#8243; hover_color=&#8221;#ffffff&#8221;][\/vc_column_inner][\/vc_row_inner][\/vc_column][\/vc_row][vc_row][vc_column offset=&#8221;vc_hidden-xs&#8221;][vc_empty_space height=&#8221;60px&#8221;][\/vc_column][\/vc_row][vc_row][vc_column width=&#8221;1\/3&#8243;][wyde_link_button icon_set=&#8221;simple_line&#8221; icon_simple_line=&#8221;sl-settings&#8221; style=&#8221;round&#8221; title=&#8221;Instru\u00e7\u00f5es&#8221; link=&#8221;url:https%3A%2F%2Farteconfort.com%2Fwp-content%2Fuploads%2F2025%2F02%2Fim-SAULA-FTv5-v2-contornos.pdf||target:%20_blank|rel:nofollow&#8221; color=&#8221;#ffffff&#8221; bg_color=&#8221;#222222&#8243;][\/vc_column][vc_column width=&#8221;1\/3&#8243;][wyde_link_button icon_set=&#8221;simple_line&#8221; icon_simple_line=&#8221;sl-social-youtube&#8221; style=&#8221;outline round&#8221; title=&#8221;V\u00eddeo&#8221; link=&#8221;url:https%3A%2F%2Fwww.youtube.com%2Fwatch%3Fv%3Dr-O1rZSUvYw|target:_blank|rel:nofollow&#8221; color=&#8221;#222222&#8243; hover_color=&#8221;#ffffff&#8221;][\/vc_column][\/vc_row][vc_row][vc_column][vc_empty_space][\/vc_column][\/vc_row]<\/p>\n","protected":false},"featured_media":44316,"template":"","meta":[],"product_brand":[],"product_cat":[343,341,338],"product_tag":[],"class_list":{"0":"post-44048","1":"product","2":"type-product","3":"status-publish","4":"has-post-thumbnail","6":"product_cat-novedades-pt-pt","7":"product_cat-iluminacion-solar-de-pared-pt-pt","8":"product_cat-solar-pt-pt","10":"first","11":"instock","12":"shipping-taxable","13":"product-type-simple"},"yoast_head":"<!-- This site is optimized with the Yoast SEO plugin v26.5 - https:\/\/yoast.com\/wordpress\/plugins\/seo\/ -->\n<title>SAULA - Novedades, Pared, Solar - Arteconfort<\/title>\n<meta name=\"description\" content=\"A grinalda solar SAULA proporciona uma ilumina\u00e7\u00e3o ambiente em tons quentes. \u00c9 muito f\u00e1cil de instalar gra\u00e7as ao seu espig\u00e3o, que \u00e9 inserido diretamente no solo da zona que se pretende iluminar. A sua bateria \u00e9 substitu\u00edvel quando deixa de funcionar corretamente. Tem 8 modos de funcionamento diferentes com diferentes efeitos de luz ambiente. Ref: SAULATR31   8 modos de funcionamento  IP44  Ilumina\u00e7\u00e3o ambiente ou decorativa  Encontre esta grinalda solar para venda exclusivamente em BAUHAUSEncontre esta grinalda solar para venda exclusivamente em BAUHAUS\" \/>\n<meta name=\"robots\" content=\"index, follow, max-snippet:-1, max-image-preview:large, max-video-preview:-1\" \/>\n<link rel=\"canonical\" href=\"https:\/\/arteconfort.com\/pt-pt\/producto\/saula\/\" \/>\n<meta property=\"og:locale\" content=\"pt_PT\" \/>\n<meta property=\"og:type\" content=\"article\" \/>\n<meta property=\"og:title\" content=\"SAULA - Novedades, Pared, Solar - Arteconfort\" \/>\n<meta property=\"og:description\" content=\"A grinalda solar SAULA proporciona uma ilumina\u00e7\u00e3o ambiente em tons quentes. \u00c9 muito f\u00e1cil de instalar gra\u00e7as ao seu espig\u00e3o, que \u00e9 inserido diretamente no solo da zona que se pretende iluminar. A sua bateria \u00e9 substitu\u00edvel quando deixa de funcionar corretamente. Tem 8 modos de funcionamento diferentes com diferentes efeitos de luz ambiente. Ref: SAULATR31   8 modos de funcionamento  IP44  Ilumina\u00e7\u00e3o ambiente ou decorativa  Encontre esta grinalda solar para venda exclusivamente em BAUHAUSEncontre esta grinalda solar para venda exclusivamente em BAUHAUS\" \/>\n<meta property=\"og:url\" content=\"https:\/\/arteconfort.com\/pt-pt\/producto\/saula\/\" \/>\n<meta property=\"og:site_name\" content=\"Arteconfort\" \/>\n<meta property=\"article:modified_time\" content=\"2025-06-16T10:29:17+00:00\" \/>\n<meta property=\"og:image\" content=\"https:\/\/arteconfort.com\/wp-content\/uploads\/2025\/03\/ambiente-SAULA-2.webp\" \/>\n\t<meta property=\"og:image:width\" content=\"1024\" \/>\n\t<meta property=\"og:image:height\" content=\"1024\" \/>\n\t<meta property=\"og:image:type\" content=\"image\/webp\" \/>\n<meta name=\"twitter:card\" content=\"summary_large_image\" \/>\n<meta name=\"twitter:label1\" content=\"Tempo estimado de leitura\" \/>\n\t<meta name=\"twitter:data1\" content=\"2 minutos\" \/>\n<!-- \/ Yoast SEO plugin. -->","yoast_head_json":{"title":"SAULA - Novedades, Pared, Solar - Arteconfort","description":"A grinalda solar SAULA proporciona uma ilumina\u00e7\u00e3o ambiente em tons quentes. \u00c9 muito f\u00e1cil de instalar gra\u00e7as ao seu espig\u00e3o, que \u00e9 inserido diretamente no solo da zona que se pretende iluminar. A sua bateria \u00e9 substitu\u00edvel quando deixa de funcionar corretamente. Tem 8 modos de funcionamento diferentes com diferentes efeitos de luz ambiente. Ref: SAULATR31   8 modos de funcionamento  IP44  Ilumina\u00e7\u00e3o ambiente ou decorativa  Encontre esta grinalda solar para venda exclusivamente em BAUHAUSEncontre esta grinalda solar para venda exclusivamente em BAUHAUS","robots":{"index":"index","follow":"follow","max-snippet":"max-snippet:-1","max-image-preview":"max-image-preview:large","max-video-preview":"max-video-preview:-1"},"canonical":"https:\/\/arteconfort.com\/pt-pt\/producto\/saula\/","og_locale":"pt_PT","og_type":"article","og_title":"SAULA - Novedades, Pared, Solar - Arteconfort","og_description":"A grinalda solar SAULA proporciona uma ilumina\u00e7\u00e3o ambiente em tons quentes. \u00c9 muito f\u00e1cil de instalar gra\u00e7as ao seu espig\u00e3o, que \u00e9 inserido diretamente no solo da zona que se pretende iluminar. A sua bateria \u00e9 substitu\u00edvel quando deixa de funcionar corretamente. Tem 8 modos de funcionamento diferentes com diferentes efeitos de luz ambiente. Ref: SAULATR31   8 modos de funcionamento  IP44  Ilumina\u00e7\u00e3o ambiente ou decorativa  Encontre esta grinalda solar para venda exclusivamente em BAUHAUSEncontre esta grinalda solar para venda exclusivamente em BAUHAUS","og_url":"https:\/\/arteconfort.com\/pt-pt\/producto\/saula\/","og_site_name":"Arteconfort","article_modified_time":"2025-06-16T10:29:17+00:00","og_image":[{"width":1024,"height":1024,"url":"https:\/\/arteconfort.com\/wp-content\/uploads\/2025\/03\/ambiente-SAULA-2.webp","type":"image\/webp"}],"twitter_card":"summary_large_image","twitter_misc":{"Tempo estimado de leitura":"2 minutos"},"schema":{"@context":"https:\/\/schema.org","@graph":[{"@type":"WebPage","@id":"https:\/\/arteconfort.com\/pt-pt\/producto\/saula\/","url":"https:\/\/arteconfort.com\/pt-pt\/producto\/saula\/","name":"SAULA - Novedades, Pared, Solar - Arteconfort","isPartOf":{"@id":"https:\/\/arteconfort.com\/pt-pt\/#website"},"primaryImageOfPage":{"@id":"https:\/\/arteconfort.com\/pt-pt\/producto\/saula\/#primaryimage"},"image":{"@id":"https:\/\/arteconfort.com\/pt-pt\/producto\/saula\/#primaryimage"},"thumbnailUrl":"https:\/\/arteconfort.com\/wp-content\/uploads\/2025\/03\/ambiente-SAULA-2.webp","datePublished":"2025-02-24T10:54:48+00:00","dateModified":"2025-06-16T10:29:17+00:00","description":"A grinalda solar SAULA proporciona uma ilumina\u00e7\u00e3o ambiente em tons quentes. \u00c9 muito f\u00e1cil de instalar gra\u00e7as ao seu espig\u00e3o, que \u00e9 inserido diretamente no solo da zona que se pretende iluminar. A sua bateria \u00e9 substitu\u00edvel quando deixa de funcionar corretamente. Tem 8 modos de funcionamento diferentes com diferentes efeitos de luz ambiente. Ref: SAULATR31 8 modos de funcionamento IP44 Ilumina\u00e7\u00e3o ambiente ou decorativa Encontre esta grinalda solar para venda exclusivamente em BAUHAUSEncontre esta grinalda solar para venda exclusivamente em BAUHAUS","breadcrumb":{"@id":"https:\/\/arteconfort.com\/pt-pt\/producto\/saula\/#breadcrumb"},"inLanguage":"pt-PT","potentialAction":[{"@type":"ReadAction","target":["https:\/\/arteconfort.com\/pt-pt\/producto\/saula\/"]}]},{"@type":"ImageObject","inLanguage":"pt-PT","@id":"https:\/\/arteconfort.com\/pt-pt\/producto\/saula\/#primaryimage","url":"https:\/\/arteconfort.com\/wp-content\/uploads\/2025\/03\/ambiente-SAULA-2.webp","contentUrl":"https:\/\/arteconfort.com\/wp-content\/uploads\/2025\/03\/ambiente-SAULA-2.webp","width":1024,"height":1024},{"@type":"BreadcrumbList","@id":"https:\/\/arteconfort.com\/pt-pt\/producto\/saula\/#breadcrumb","itemListElement":[{"@type":"ListItem","position":1,"name":"Inicio","item":"https:\/\/arteconfort.com\/pt-pt\/"},{"@type":"ListItem","position":2,"name":"Tienda","item":"https:\/\/arteconfort.com\/pt-pt\/tienda-2\/"},{"@type":"ListItem","position":3,"name":"SAULA"}]},{"@type":"WebSite","@id":"https:\/\/arteconfort.com\/pt-pt\/#website","url":"https:\/\/arteconfort.com\/pt-pt\/","name":"Arteconfort","description":"Especialistas en productos del hogar","publisher":{"@id":"https:\/\/arteconfort.com\/pt-pt\/#organization"},"potentialAction":[{"@type":"SearchAction","target":{"@type":"EntryPoint","urlTemplate":"https:\/\/arteconfort.com\/pt-pt\/?s={search_term_string}"},"query-input":{"@type":"PropertyValueSpecification","valueRequired":true,"valueName":"search_term_string"}}],"inLanguage":"pt-PT"},{"@type":"Organization","@id":"https:\/\/arteconfort.com\/pt-pt\/#organization","name":"Arteconfort","url":"https:\/\/arteconfort.com\/pt-pt\/","logo":{"@type":"ImageObject","inLanguage":"pt-PT","@id":"https:\/\/arteconfort.com\/pt-pt\/#\/schema\/logo\/image\/","url":"https:\/\/arteconfort.com\/wp-content\/uploads\/2019\/07\/logo-arteconfort.png","contentUrl":"https:\/\/arteconfort.com\/wp-content\/uploads\/2019\/07\/logo-arteconfort.png","width":230,"height":88,"caption":"Arteconfort"},"image":{"@id":"https:\/\/arteconfort.com\/pt-pt\/#\/schema\/logo\/image\/"}}]}},"_links":{"self":[{"href":"https:\/\/arteconfort.com\/pt-pt\/wp-json\/wp\/v2\/product\/44048","targetHints":{"allow":["GET"]}}],"collection":[{"href":"https:\/\/arteconfort.com\/pt-pt\/wp-json\/wp\/v2\/product"}],"about":[{"href":"https:\/\/arteconfort.com\/pt-pt\/wp-json\/wp\/v2\/types\/product"}],"wp:featuredmedia":[{"embeddable":true,"href":"https:\/\/arteconfort.com\/pt-pt\/wp-json\/wp\/v2\/media\/44316"}],"wp:attachment":[{"href":"https:\/\/arteconfort.com\/pt-pt\/wp-json\/wp\/v2\/media?parent=44048"}],"wp:term":[{"taxonomy":"product_brand","embeddable":true,"href":"https:\/\/arteconfort.com\/pt-pt\/wp-json\/wp\/v2\/product_brand?post=44048"},{"taxonomy":"product_cat","embeddable":true,"href":"https:\/\/arteconfort.com\/pt-pt\/wp-json\/wp\/v2\/product_cat?post=44048"},{"taxonomy":"product_tag","embeddable":true,"href":"https:\/\/arteconfort.com\/pt-pt\/wp-json\/wp\/v2\/product_tag?post=44048"}],"curies":[{"name":"wp","href":"https:\/\/api.w.org\/{rel}","templated":true}]}}