{"id":48296,"date":"2025-04-04T09:38:07","date_gmt":"2025-04-04T07:38:07","guid":{"rendered":"https:\/\/arteconfort.com\/producto\/sem%20categoria\/siena\/"},"modified":"2025-06-12T12:23:09","modified_gmt":"2025-06-12T10:23:09","slug":"siena","status":"publish","type":"product","link":"https:\/\/arteconfort.com\/pt-pt\/producto\/siena\/","title":{"rendered":"SIENA"},"content":{"rendered":"<div class=\"wpb-content-wrapper\"><p>[vc_row][vc_column][vc_empty_space height=&#8221;60px&#8221;][vc_row_inner][vc_column_inner width=&#8221;1\/3&#8243;][wyde_info_box icon_set=&#8221;simple_line&#8221; icon_simple_line=&#8221;sl-energy&#8221; icon_position=&#8221;left&#8221; title=&#8221;CARACTER\u00cdSTICAS F\u00cdSICAS E EL\u00c9CTRICAS&#8221;][\/wyde_info_box][vc_empty_space height=&#8221;10px&#8221;][vc_column_text]Alto: <strong>13,8cm<\/strong><br \/>\nDi\u00e2metro: <strong>48,9cm<\/strong><br \/>\nPeso: <strong>1,8kg<\/strong><br \/>\nMaterial do corpo: <strong>ABS<\/strong><br \/>\nMaterial da l\u00e2minas: <strong>ABS<\/strong><br \/>\nAcabamento do corpo: <strong>Branco e madeira<\/strong><br \/>\nAcabamento da l\u00e2mina: <strong>Transparente<\/strong><br \/>\nN\u00famero de l\u00e2minas: <strong>7<\/strong><br \/>\nL\u00e2minas revers\u00edveis: <strong>N\u00e3o<\/strong><br \/>\nMotor: <strong>DC<\/strong><br \/>\nTens\u00e3o: <strong>230Vac<\/strong><br \/>\nPoder da velocidade: <strong>4,5W-5,9W-7,7W-10,2W-13,4W-17,4W<\/strong><br \/>\nVelocidades RMP: <strong>550-650-750-850-950-1.050<\/strong><br \/>\nRu\u00eddo emitido pelas velocidades: <strong>35,1dBs-38,9dBs-43dBd-46,7dBs-50,1dBs-56dBs<\/strong><br \/>\nVelocidades de fluxo de ar: <strong>1.160m<sup>3<\/sup>\/h-1.290m<sup>3<\/sup>\/h-1.610m<sup>3<\/sup>\/h-2.160m<sup>3<\/sup>\/h-2.360m<sup>3<\/sup>\/h-2.670m<sup>3<\/sup>\/h<\/strong><br \/>\nSuperf\u00edcie m\u00e1xima recomendada: <strong>&lt;13m<sup>2<\/sup><\/strong><br \/>\nIP: <strong>20<\/strong><br \/>\nPasso m\u00e1ximo do telhado: <strong>&#8211;<\/strong><br \/>\nDist\u00e2ncia de seguran\u00e7a: <strong>2,3m<\/strong><br \/>\nIsolamento el\u00e9ctrico: <strong>Classe I<\/strong><br \/>\nAcess\u00f3rios: <strong>&#8211;<\/strong><br \/>\nGarantia: <strong>3 anos<\/strong>[\/vc_column_text][\/vc_column_inner][vc_column_inner width=&#8221;1\/3&#8243;][wyde_info_box icon_set=&#8221;simple_line&#8221; icon_simple_line=&#8221;sl-mouse&#8221; icon_position=&#8221;left&#8221; title=&#8221;CONTROLO E FUN\u00c7\u00d5ES&#8221;][\/wyde_info_box][vc_empty_space height=&#8221;10px&#8221;][vc_column_text]Comando: <strong>Sim<\/strong><br \/>\nPilhas: <strong>2xAAA (N\u00e3o inclu\u00eddo)<\/strong><br \/>\nN\u00famero de velocidades: <strong>6<\/strong><br \/>\nPrograma\u00e7\u00e3o: <strong>1h-2h-4h<\/strong><br \/>\nModo brisa: <strong>Sim<\/strong><br \/>\nModo Ver\u00e3o\/inverno: <strong>Sim<\/strong><br \/>\nTerm\u00f3stato: <strong>N\u00e3o<\/strong><br \/>\nMem\u00f3ria de igni\u00e7\u00e3o: <strong>Sim<\/strong><br \/>\nAPP: <strong>N\u00e3o<\/strong><br \/>\nLiga\u00e7\u00e3o Wi-Fi: <strong>N\u00e3o<\/strong><br \/>\nLiga\u00e7\u00e3o Bluetooth: <strong>N\u00e3o<\/strong>[\/vc_column_text][\/vc_column_inner][vc_column_inner width=&#8221;1\/3&#8243;][wyde_info_box icon_set=&#8221;stroke_gap&#8221; icon_stroke_gap=&#8221;sg-Bulb&#8221; icon_position=&#8221;left&#8221; title=&#8221;ILUMINA\u00c7\u00c3O&#8221;][\/wyde_info_box][vc_empty_space height=&#8221;10px&#8221;][vc_column_text]<br \/>\nFluxo luminoso: <strong>4.400lm<\/strong><br \/>\nPot\u00eancia LED: <strong>36W &#8211; 2,5W (RGB)<\/strong><br \/>\nTemperatura de cor: <strong>Sim<\/strong><br \/>\nMudan\u00e7a de temperatura de cor: <strong>de 3.000K a 6.500K<\/strong><br \/>\nDimming: <strong>Regul\u00e1vel<\/strong><br \/>\n\u00c2ngulo de apertura: <strong>120\u00ba<\/strong><br \/>\nVida m\u00e8dia: <strong>25.000h<\/strong><br \/>\nN\u00famero de igni\u00e7\u00f5es: <strong>12.500<\/strong><br \/>\nMem\u00f3ria de temperatura a cores: <strong>Sim<\/strong><br \/>\nR\u00f3tulo de efici\u00eancia energ\u00e9tica: <strong>E<\/strong>[\/vc_column_text][\/vc_column_inner][\/vc_row_inner][vc_empty_space height=&#8221;60px&#8221;][\/vc_column][\/vc_row][vc_row vertical_align=&#8221;middle&#8221; padding_size=&#8221;no-padding&#8221; background_mode=&#8221;color&#8221; background_color=&#8221;#f5f5f5&#8243;][vc_column text_align=&#8221;center&#8221; padding_size=&#8221;no-padding&#8221;][vc_row_inner vertical_align=&#8221;middle&#8221; padding_size=&#8221;no-padding&#8221; css=&#8221;.vc_custom_1664367242377{padding-top: 30px !important;padding-right: 60px !important;padding-bottom: 30px !important;padding-left: 60px !important;}&#8221;][vc_column_inner padding_size=&#8221;no-padding&#8221; width=&#8221;2\/3&#8243;][wyde_heading style=&#8221;2&#8243; title_tag=&#8221;h3&#8243; title=&#8221;Pe\u00e7as sobressalentes dispon\u00edveis para o ventilador SIENA&#8221; heading_color=&#8221;#000000&#8243;][vc_column_text]Pode adquirir a sua pe\u00e7a de substitui\u00e7\u00e3o para o seu ventilador na mesma loja onde comprou o seu ventilador ou noutra loja da mesma cadeia.[\/vc_column_text][vc_empty_space][wyde_info_box icon=&#8221;fa fa-check&#8221; icon_position=&#8221;left&#8221; title=&#8221;BLOCO LEVE&#8221;][\/wyde_info_box][wyde_info_box icon=&#8221;fa fa-check&#8221; icon_position=&#8221;left&#8221; title=&#8221;LED DISPLAY&#8221;][\/wyde_info_box][wyde_info_box icon=&#8221;fa fa-check&#8221; icon_position=&#8221;left&#8221; title=&#8221;CONTROLO REMOTO&#8221;][\/wyde_info_box][wyde_info_box icon=&#8221;fa fa-check&#8221; icon_position=&#8221;left&#8221; title=&#8221;CONTROLADOR&#8221;][\/wyde_info_box][vc_empty_space height=&#8221;20px&#8221;][\/vc_column_inner][vc_column_inner text_align=&#8221;center&#8221; width=&#8221;1\/3&#8243; background_color=&#8221;#ffffff&#8221;][vc_empty_space height=&#8221;20px&#8221;][vc_column_text]<em>Se tiver alguma d\u00favida, pode contactar-nos atrav\u00e9s do formul\u00e1rio de contacto:<\/em>[\/vc_column_text][vc_empty_space height=&#8221;20px&#8221;][wyde_link_button icon_set=&#8221;simple_line&#8221; icon_simple_line=&#8221;sl-bubbles&#8221; style=&#8221;outline round&#8221; title=&#8221;Ver&#8221; link=&#8221;url:https%3A%2F%2Farteconfort.com%2Fcontacto%2F|||&#8221; color=&#8221;#61b4e4&#8243; hover_color=&#8221;#ffffff&#8221;][vc_empty_space height=&#8221;40px&#8221;][vc_single_image alignment=&#8221;center&#8221; image=&#8221;24271&#8243;][\/vc_column_inner][\/vc_row_inner][\/vc_column][\/vc_row][vc_row][vc_column][vc_empty_space height=&#8221;80px&#8221;][\/vc_column][\/vc_row][vc_row vertical_align=&#8221;middle&#8221; padding_size=&#8221;no-padding&#8221; background_mode=&#8221;color&#8221; background_color=&#8221;#f5f5f5&#8243;][vc_column text_align=&#8221;center&#8221; offset=&#8221;vc_hidden-md vc_hidden-sm vc_hidden-xs&#8221;][vc_row_inner vertical_align=&#8221;middle&#8221; padding_size=&#8221;no-padding&#8221;][vc_column_inner text_align=&#8221;center&#8221; width=&#8221;1\/3&#8243;][vc_single_image alignment=&#8221;center&#8221; image=&#8221;24199&#8243;][\/vc_column_inner][vc_column_inner width=&#8221;1\/3&#8243;][vc_column_text]Encontre este ventilador para venda exclusivamente em <strong>BAUHAUS<\/strong>[\/vc_column_text][\/vc_column_inner][vc_column_inner width=&#8221;1\/3&#8243;][wyde_link_button icon_set=&#8221;simple_line&#8221; icon_simple_line=&#8221;sl-login&#8221; style=&#8221;outline round&#8221; title=&#8221;Acesso \u00e0 Bauhaus&#8221; link=&#8221;url:https%3A%2F%2Fwww.bauhaus.es%2Fventiladores-de-techo%2Farte-confort-ventilador-de-techo-siena%2Fp%2F32474097||target:%20_blank|rel:nofollow&#8221; color=&#8221;#61b4e4&#8243; hover_color=&#8221;#ffffff&#8221;][\/vc_column_inner][\/vc_row_inner][\/vc_column][\/vc_row][vc_row vertical_align=&#8221;middle&#8221; padding_size=&#8221;no-padding&#8221; background_mode=&#8221;color&#8221; background_color=&#8221;#f5f5f5&#8243;][vc_column text_align=&#8221;center&#8221; padding_size=&#8221;no-padding&#8221; offset=&#8221;vc_hidden-lg&#8221;][vc_row_inner vertical_align=&#8221;middle&#8221; padding_size=&#8221;no-padding&#8221; css=&#8221;.vc_custom_1664367242377{padding-top: 30px !important;padding-right: 60px !important;padding-bottom: 30px !important;padding-left: 60px !important;}&#8221;][vc_column_inner padding_size=&#8221;no-padding&#8221; width=&#8221;1\/2&#8243;][vc_single_image alignment=&#8221;center&#8221; image=&#8221;24199&#8243;][\/vc_column_inner][vc_column_inner text_align=&#8221;center&#8221; width=&#8221;1\/2&#8243;][vc_column_text]Encontre este ventilador para venda exclusivamente em <strong>BAUHAUS<\/strong>[\/vc_column_text][vc_empty_space height=&#8221;10px&#8221;][wyde_link_button icon_set=&#8221;simple_line&#8221; icon_simple_line=&#8221;sl-login&#8221; style=&#8221;outline round&#8221; title=&#8221;Acesso \u00e0 Bauhaus&#8221; link=&#8221;url:https%3A%2F%2Fwww.bauhaus.es%2Fventiladores-de-techo%2Farte-confort-ventilador-de-techo-siena%2Fp%2F32474097||target:%20_blank|rel:nofollow&#8221; color=&#8221;#61b4e4&#8243; hover_color=&#8221;#ffffff&#8221;][\/vc_column_inner][\/vc_row_inner][\/vc_column][\/vc_row]<\/p>\n<\/div>","protected":false},"excerpt":{"rendered":"<p>A ventoinha de teto SIENA incorpora luz LED que pode ser utilizada com luz regul\u00e1vel a diferentes temperaturas ou em RGB e mem\u00f3ria de temperatura de cor. Tem um corpo em ABS com acabamento em madeira pintada, \u00e9 f\u00e1cil de instalar em divis\u00f5es pequenas com menos de 13 m<sup>2<\/sup>. Inclui um controlo remoto e um motor DC altamente eficiente e silencioso. As suas l\u00e2minas podem ser reguladas em 6 n\u00edveis e a sua ilumina\u00e7\u00e3o LED com diferentes intensidades de forma gradual.<br \/>\n<strong>Ref.: SIENARGBBLMD21<\/strong><\/p>\n<ul style=\"list-style-type: circle; padding-left: 80px;\">\n<li>Ventilador com luz RGB<\/li>\n<li>Fluxo de ar concentrado<\/li>\n<li>6 velocidades e intensidade de luz gradual<\/li>\n<\/ul>\n<p>[vc_row vertical_align=&#8221;middle&#8221; padding_size=&#8221;no-padding&#8221; background_mode=&#8221;color&#8221; background_color=&#8221;#f5f5f5&#8243;][vc_column text_align=&#8221;center&#8221; offset=&#8221;vc_hidden-md vc_hidden-sm vc_hidden-xs&#8221;][vc_row_inner vertical_align=&#8221;middle&#8221; padding_size=&#8221;no-padding&#8221; css=&#8221;.vc_custom_1664435191461{padding-top: 30px !important;padding-right: 60px !important;padding-bottom: 30px !important;padding-left: 60px !important;}&#8221;][vc_column_inner width=&#8221;1\/2&#8243;][vc_single_image image=&#8221;24200&#8243;][\/vc_column_inner][vc_column_inner width=&#8221;1\/2&#8243;][vc_column_text]Encontre este ventilador para venda exclusivamente em <strong>BAUHAUS<\/strong>[\/vc_column_text][vc_empty_space height=&#8221;10px&#8221;][wyde_link_button icon_set=&#8221;simple_line&#8221; icon_simple_line=&#8221;sl-login&#8221; style=&#8221;outline round&#8221; title=&#8221;Acesso \u00e0 Bauhaus&#8221; link=&#8221;url:https%3A%2F%2Fwww.bauhaus.es%2Fventiladores-de-techo%2Farte-confort-ventilador-de-techo-siena%2Fp%2F32474097||target:%20_blank|rel:nofollow&#8221; color=&#8221;#61b4e4&#8243; hover_color=&#8221;#ffffff&#8221;][\/vc_column_inner][\/vc_row_inner][\/vc_column][\/vc_row][vc_row vertical_align=&#8221;middle&#8221; padding_size=&#8221;no-padding&#8221; background_mode=&#8221;color&#8221; background_color=&#8221;#f5f5f5&#8243;][vc_column text_align=&#8221;center&#8221; padding_size=&#8221;no-padding&#8221; offset=&#8221;vc_hidden-lg&#8221;][vc_row_inner vertical_align=&#8221;middle&#8221; padding_size=&#8221;no-padding&#8221; css=&#8221;.vc_custom_1664367242377{padding-top: 30px !important;padding-right: 60px !important;padding-bottom: 30px !important;padding-left: 60px !important;}&#8221;][vc_column_inner padding_size=&#8221;no-padding&#8221; width=&#8221;1\/2&#8243;][vc_single_image alignment=&#8221;center&#8221; image=&#8221;24200&#8243;][\/vc_column_inner][vc_column_inner text_align=&#8221;center&#8221; width=&#8221;1\/2&#8243;][vc_column_text]Encontre este ventilador para venda exclusivamente em <strong>BAUHAUS<\/strong>[\/vc_column_text][vc_empty_space height=&#8221;10px&#8221;][wyde_link_button icon_set=&#8221;simple_line&#8221; icon_simple_line=&#8221;sl-login&#8221; style=&#8221;outline round&#8221; title=&#8221;Acesso \u00e0 Bauhaus&#8221; link=&#8221;url:https%3A%2F%2Fwww.bauhaus.es%2Fventiladores-de-techo%2Farte-confort-ventilador-de-techo-siena%2Fp%2F32474097||target:%20_blank|rel:nofollow&#8221; color=&#8221;#61b4e4&#8243; hover_color=&#8221;#ffffff&#8221;][\/vc_column_inner][\/vc_row_inner][\/vc_column][\/vc_row][vc_row][vc_column offset=&#8221;vc_hidden-xs&#8221;][vc_empty_space height=&#8221;60px&#8221;][\/vc_column][\/vc_row][vc_row][vc_column width=&#8221;1\/3&#8243;][wyde_link_button icon_set=&#8221;simple_line&#8221; icon_simple_line=&#8221;sl-settings&#8221; style=&#8221;round&#8221; title=&#8221;Instru\u00e7\u00f5es&#8221; link=&#8221;url:https%3A%2F%2Farteconfort.com%2Fwp-content%2Fuploads%2F2025%2F04%2Fim-SIENA-v2-FTv4-contornos.pdf||target:%20_blank|rel:nofollow&#8221; color=&#8221;#ffffff&#8221; bg_color=&#8221;#222222&#8243;][\/vc_column][\/vc_row]<\/p>\n","protected":false},"featured_media":46442,"template":"","meta":[],"product_brand":[],"product_cat":[356,357],"product_tag":[],"class_list":{"0":"post-48296","1":"product","2":"type-product","3":"status-publish","4":"has-post-thumbnail","6":"product_cat-climatizacion-pt-pt","7":"product_cat-ventiladores-de-techo-pt-pt","9":"first","10":"instock","11":"shipping-taxable","12":"product-type-simple"},"yoast_head":"<!-- This site is optimized with the Yoast SEO plugin v26.5 - https:\/\/yoast.com\/wordpress\/plugins\/seo\/ -->\n<title>SIENA - Climatizaci\u00f3n, Ventiladores de techo - Arteconfort<\/title>\n<meta name=\"description\" content=\"A ventoinha de teto SIENA incorpora luz LED que pode ser utilizada com luz regul\u00e1vel a diferentes temperaturas ou em RGB e mem\u00f3ria de temperatura de cor. Tem um corpo em ABS com acabamento em madeira pintada, \u00e9 f\u00e1cil de instalar em divis\u00f5es pequenas com menos de 13 m2. Inclui um controlo remoto e um motor DC altamente eficiente e silencioso. As suas l\u00e2minas podem ser reguladas em 6 n\u00edveis e a sua ilumina\u00e7\u00e3o LED com diferentes intensidades de forma gradual. Ref.: SIENARGBBLMD21   Ventilador com luz RGB  Fluxo de ar concentrado  6 velocidades e intensidade de luz gradual  Encontre este ventilador para venda exclusivamente em BAUHAUSEncontre este ventilador para venda exclusivamente em BAUHAUS\" \/>\n<meta name=\"robots\" content=\"index, follow, max-snippet:-1, max-image-preview:large, max-video-preview:-1\" \/>\n<link rel=\"canonical\" href=\"https:\/\/arteconfort.com\/pt-pt\/producto\/siena\/\" \/>\n<meta property=\"og:locale\" content=\"pt_PT\" \/>\n<meta property=\"og:type\" content=\"article\" \/>\n<meta property=\"og:title\" content=\"SIENA - Climatizaci\u00f3n, Ventiladores de techo - Arteconfort\" \/>\n<meta property=\"og:description\" content=\"A ventoinha de teto SIENA incorpora luz LED que pode ser utilizada com luz regul\u00e1vel a diferentes temperaturas ou em RGB e mem\u00f3ria de temperatura de cor. Tem um corpo em ABS com acabamento em madeira pintada, \u00e9 f\u00e1cil de instalar em divis\u00f5es pequenas com menos de 13 m2. Inclui um controlo remoto e um motor DC altamente eficiente e silencioso. As suas l\u00e2minas podem ser reguladas em 6 n\u00edveis e a sua ilumina\u00e7\u00e3o LED com diferentes intensidades de forma gradual. Ref.: SIENARGBBLMD21   Ventilador com luz RGB  Fluxo de ar concentrado  6 velocidades e intensidade de luz gradual  Encontre este ventilador para venda exclusivamente em BAUHAUSEncontre este ventilador para venda exclusivamente em BAUHAUS\" \/>\n<meta property=\"og:url\" content=\"https:\/\/arteconfort.com\/pt-pt\/producto\/siena\/\" \/>\n<meta property=\"og:site_name\" content=\"Arteconfort\" \/>\n<meta property=\"article:modified_time\" content=\"2025-06-12T10:23:09+00:00\" \/>\n<meta property=\"og:image\" content=\"https:\/\/arteconfort.com\/wp-content\/uploads\/2025\/04\/SIENA-mando.webp\" \/>\n\t<meta property=\"og:image:width\" content=\"1024\" \/>\n\t<meta property=\"og:image:height\" content=\"1024\" \/>\n\t<meta property=\"og:image:type\" content=\"image\/webp\" \/>\n<meta name=\"twitter:card\" content=\"summary_large_image\" \/>\n<meta name=\"twitter:label1\" content=\"Tempo estimado de leitura\" \/>\n\t<meta name=\"twitter:data1\" content=\"2 minutos\" \/>\n<!-- \/ Yoast SEO plugin. -->","yoast_head_json":{"title":"SIENA - Climatizaci\u00f3n, Ventiladores de techo - Arteconfort","description":"A ventoinha de teto SIENA incorpora luz LED que pode ser utilizada com luz regul\u00e1vel a diferentes temperaturas ou em RGB e mem\u00f3ria de temperatura de cor. Tem um corpo em ABS com acabamento em madeira pintada, \u00e9 f\u00e1cil de instalar em divis\u00f5es pequenas com menos de 13 m2. Inclui um controlo remoto e um motor DC altamente eficiente e silencioso. As suas l\u00e2minas podem ser reguladas em 6 n\u00edveis e a sua ilumina\u00e7\u00e3o LED com diferentes intensidades de forma gradual. Ref.: SIENARGBBLMD21   Ventilador com luz RGB  Fluxo de ar concentrado  6 velocidades e intensidade de luz gradual  Encontre este ventilador para venda exclusivamente em BAUHAUSEncontre este ventilador para venda exclusivamente em BAUHAUS","robots":{"index":"index","follow":"follow","max-snippet":"max-snippet:-1","max-image-preview":"max-image-preview:large","max-video-preview":"max-video-preview:-1"},"canonical":"https:\/\/arteconfort.com\/pt-pt\/producto\/siena\/","og_locale":"pt_PT","og_type":"article","og_title":"SIENA - Climatizaci\u00f3n, Ventiladores de techo - Arteconfort","og_description":"A ventoinha de teto SIENA incorpora luz LED que pode ser utilizada com luz regul\u00e1vel a diferentes temperaturas ou em RGB e mem\u00f3ria de temperatura de cor. Tem um corpo em ABS com acabamento em madeira pintada, \u00e9 f\u00e1cil de instalar em divis\u00f5es pequenas com menos de 13 m2. Inclui um controlo remoto e um motor DC altamente eficiente e silencioso. As suas l\u00e2minas podem ser reguladas em 6 n\u00edveis e a sua ilumina\u00e7\u00e3o LED com diferentes intensidades de forma gradual. Ref.: SIENARGBBLMD21   Ventilador com luz RGB  Fluxo de ar concentrado  6 velocidades e intensidade de luz gradual  Encontre este ventilador para venda exclusivamente em BAUHAUSEncontre este ventilador para venda exclusivamente em BAUHAUS","og_url":"https:\/\/arteconfort.com\/pt-pt\/producto\/siena\/","og_site_name":"Arteconfort","article_modified_time":"2025-06-12T10:23:09+00:00","og_image":[{"width":1024,"height":1024,"url":"https:\/\/arteconfort.com\/wp-content\/uploads\/2025\/04\/SIENA-mando.webp","type":"image\/webp"}],"twitter_card":"summary_large_image","twitter_misc":{"Tempo estimado de leitura":"2 minutos"},"schema":{"@context":"https:\/\/schema.org","@graph":[{"@type":"WebPage","@id":"https:\/\/arteconfort.com\/pt-pt\/producto\/siena\/","url":"https:\/\/arteconfort.com\/pt-pt\/producto\/siena\/","name":"SIENA - Climatizaci\u00f3n, Ventiladores de techo - Arteconfort","isPartOf":{"@id":"https:\/\/arteconfort.com\/pt-pt\/#website"},"primaryImageOfPage":{"@id":"https:\/\/arteconfort.com\/pt-pt\/producto\/siena\/#primaryimage"},"image":{"@id":"https:\/\/arteconfort.com\/pt-pt\/producto\/siena\/#primaryimage"},"thumbnailUrl":"https:\/\/arteconfort.com\/wp-content\/uploads\/2025\/04\/SIENA-mando.webp","datePublished":"2025-04-04T07:38:07+00:00","dateModified":"2025-06-12T10:23:09+00:00","description":"A ventoinha de teto SIENA incorpora luz LED que pode ser utilizada com luz regul\u00e1vel a diferentes temperaturas ou em RGB e mem\u00f3ria de temperatura de cor. Tem um corpo em ABS com acabamento em madeira pintada, \u00e9 f\u00e1cil de instalar em divis\u00f5es pequenas com menos de 13 m2. Inclui um controlo remoto e um motor DC altamente eficiente e silencioso. As suas l\u00e2minas podem ser reguladas em 6 n\u00edveis e a sua ilumina\u00e7\u00e3o LED com diferentes intensidades de forma gradual. Ref.: SIENARGBBLMD21 Ventilador com luz RGB Fluxo de ar concentrado 6 velocidades e intensidade de luz gradual Encontre este ventilador para venda exclusivamente em BAUHAUSEncontre este ventilador para venda exclusivamente em BAUHAUS","breadcrumb":{"@id":"https:\/\/arteconfort.com\/pt-pt\/producto\/siena\/#breadcrumb"},"inLanguage":"pt-PT","potentialAction":[{"@type":"ReadAction","target":["https:\/\/arteconfort.com\/pt-pt\/producto\/siena\/"]}]},{"@type":"ImageObject","inLanguage":"pt-PT","@id":"https:\/\/arteconfort.com\/pt-pt\/producto\/siena\/#primaryimage","url":"https:\/\/arteconfort.com\/wp-content\/uploads\/2025\/04\/SIENA-mando.webp","contentUrl":"https:\/\/arteconfort.com\/wp-content\/uploads\/2025\/04\/SIENA-mando.webp","width":1024,"height":1024},{"@type":"BreadcrumbList","@id":"https:\/\/arteconfort.com\/pt-pt\/producto\/siena\/#breadcrumb","itemListElement":[{"@type":"ListItem","position":1,"name":"Inicio","item":"https:\/\/arteconfort.com\/pt-pt\/"},{"@type":"ListItem","position":2,"name":"Tienda","item":"https:\/\/arteconfort.com\/pt-pt\/tienda-2\/"},{"@type":"ListItem","position":3,"name":"SIENA"}]},{"@type":"WebSite","@id":"https:\/\/arteconfort.com\/pt-pt\/#website","url":"https:\/\/arteconfort.com\/pt-pt\/","name":"Arteconfort","description":"Especialistas en productos del hogar","publisher":{"@id":"https:\/\/arteconfort.com\/pt-pt\/#organization"},"potentialAction":[{"@type":"SearchAction","target":{"@type":"EntryPoint","urlTemplate":"https:\/\/arteconfort.com\/pt-pt\/?s={search_term_string}"},"query-input":{"@type":"PropertyValueSpecification","valueRequired":true,"valueName":"search_term_string"}}],"inLanguage":"pt-PT"},{"@type":"Organization","@id":"https:\/\/arteconfort.com\/pt-pt\/#organization","name":"Arteconfort","url":"https:\/\/arteconfort.com\/pt-pt\/","logo":{"@type":"ImageObject","inLanguage":"pt-PT","@id":"https:\/\/arteconfort.com\/pt-pt\/#\/schema\/logo\/image\/","url":"https:\/\/arteconfort.com\/wp-content\/uploads\/2019\/07\/logo-arteconfort.png","contentUrl":"https:\/\/arteconfort.com\/wp-content\/uploads\/2019\/07\/logo-arteconfort.png","width":230,"height":88,"caption":"Arteconfort"},"image":{"@id":"https:\/\/arteconfort.com\/pt-pt\/#\/schema\/logo\/image\/"}}]}},"_links":{"self":[{"href":"https:\/\/arteconfort.com\/pt-pt\/wp-json\/wp\/v2\/product\/48296","targetHints":{"allow":["GET"]}}],"collection":[{"href":"https:\/\/arteconfort.com\/pt-pt\/wp-json\/wp\/v2\/product"}],"about":[{"href":"https:\/\/arteconfort.com\/pt-pt\/wp-json\/wp\/v2\/types\/product"}],"wp:featuredmedia":[{"embeddable":true,"href":"https:\/\/arteconfort.com\/pt-pt\/wp-json\/wp\/v2\/media\/46442"}],"wp:attachment":[{"href":"https:\/\/arteconfort.com\/pt-pt\/wp-json\/wp\/v2\/media?parent=48296"}],"wp:term":[{"taxonomy":"product_brand","embeddable":true,"href":"https:\/\/arteconfort.com\/pt-pt\/wp-json\/wp\/v2\/product_brand?post=48296"},{"taxonomy":"product_cat","embeddable":true,"href":"https:\/\/arteconfort.com\/pt-pt\/wp-json\/wp\/v2\/product_cat?post=48296"},{"taxonomy":"product_tag","embeddable":true,"href":"https:\/\/arteconfort.com\/pt-pt\/wp-json\/wp\/v2\/product_tag?post=48296"}],"curies":[{"name":"wp","href":"https:\/\/api.w.org\/{rel}","templated":true}]}}