{"id":48349,"date":"2025-06-03T12:14:06","date_gmt":"2025-06-03T10:14:06","guid":{"rendered":"https:\/\/arteconfort.com\/producto\/sem%20categoria\/helios\/"},"modified":"2025-06-16T11:04:03","modified_gmt":"2025-06-16T09:04:03","slug":"helios","status":"publish","type":"product","link":"https:\/\/arteconfort.com\/pt-pt\/producto\/helios\/","title":{"rendered":"HELIOS"},"content":{"rendered":"<div class=\"wpb-content-wrapper\"><p>[vc_row][vc_column][vc_empty_space height=&#8221;60px&#8221;][vc_row_inner][vc_column_inner width=&#8221;1\/3&#8243;][wyde_info_box icon_set=&#8221;simple_line&#8221; icon_simple_line=&#8221;sl-energy&#8221; icon_position=&#8221;left&#8221; title=&#8221;CARACTER\u00cdSTICAS F\u00cdSICAS E EL\u00c9CTRICAS&#8221;][\/wyde_info_box][vc_empty_space height=&#8221;10px&#8221;][vc_column_text]Alto: <strong>33\/45,7cm<\/strong><br \/>\nDi\u00e2metro: <strong>112cm<\/strong><br \/>\nPeso: <strong>5,86kg<\/strong><br \/>\nMaterial do corpo: <strong>Hierro<\/strong><br \/>\nMaterial da l\u00e2mina: <strong>PC<\/strong><br \/>\nAcabamento do corpo: <strong>Madeira<\/strong><br \/>\nAcabamento da l\u00e2mina: <strong>Transparente<\/strong><br \/>\nN\u00famero de l\u00e2minas: <strong>3<\/strong><br \/>\nL\u00e2minas revers\u00edveis: <strong>N\u00e3o<\/strong><br \/>\nMotor: <strong>DC<\/strong><br \/>\nTens\u00e3o: <strong>230Vac<\/strong><br \/>\nPoder da velocidade: <strong>6,6W-10,4W-14,9W-20,9W-28-35,3W<\/strong><br \/>\nVelocidades RPM: <strong>136-154-177-196-210-223<\/strong><br \/>\nRu\u00eddo emitido pelas velocidades: <strong>36dBs-38dBs-40dBs-42dBs-44dBs-44dBs-45dBs<\/strong><br \/>\nVelocidades de fluxo de ar: <strong>4.300m<sup>3<\/sup>\/h-4.900m<sup>3<\/sup>\/h-5.600m<sup>3<\/sup>\/h-6.200m<sup>3<\/sup>\/h-6.700m<sup>3<\/sup>\/h-7.200m<sup>3<\/sup>\/h<\/strong><br \/>\nSuperf\u00edcie m\u00e1xima. recomendada: <strong>&lt;20m<sup>2<\/sup><\/strong><br \/>\nIP: <strong>20<\/strong><br \/>\nPasso m\u00e1ximo do telhado: <strong>15\u00ba<\/strong><br \/>\nDist\u00e2ncia de seguran\u00e7a: <strong>2,3m<\/strong><br \/>\nIsolamento el\u00e9ctrico: <strong>Classe I<\/strong><br \/>\nAcess\u00f3rios: <strong>2 espig\u00f5es de selim de 12,7cm e 25,4cm cada<\/strong><br \/>\nGarantia: <strong>3 anos<\/strong>[\/vc_column_text][\/vc_column_inner][vc_column_inner width=&#8221;1\/3&#8243;][wyde_info_box icon_set=&#8221;simple_line&#8221; icon_simple_line=&#8221;sl-mouse&#8221; icon_position=&#8221;left&#8221; title=&#8221;CONTROLO E FUN\u00c7\u00d5ES&#8221;][\/wyde_info_box][vc_empty_space height=&#8221;10px&#8221;][vc_column_text]Comando: <strong>Sim<\/strong><br \/>\nPilhas: <strong>2xAAA (N\u00e3o inclu\u00eddo)<\/strong><br \/>\nN\u00famero de velocidades: <strong>6<\/strong><br \/>\nPrograma\u00e7\u00e3o: <strong>2h-4h<\/strong><br \/>\nModo brisa: <strong>Sim<\/strong><br \/>\nModo Ver\u00e3o\/inverno: <strong>Sim<\/strong><br \/>\nTerm\u00f3stato: <strong>N\u00e3o<\/strong><br \/>\nMem\u00f3ria de igni\u00e7\u00e3o: <strong>Sim<\/strong><br \/>\nAPP: <strong>N\u00e3o<\/strong><br \/>\nLiga\u00e7\u00e3o Wi-Fi: <strong>N\u00e3o<\/strong><br \/>\nLiga\u00e7\u00e3o Bluetooth: <strong>N\u00e3o<\/strong>[\/vc_column_text][\/vc_column_inner][vc_column_inner width=&#8221;1\/3&#8243;][wyde_info_box icon_set=&#8221;stroke_gap&#8221; icon_stroke_gap=&#8221;sg-Bulb&#8221; icon_position=&#8221;left&#8221; title=&#8221;ILUMINA\u00c7\u00c3O&#8221;][\/wyde_info_box][vc_empty_space height=&#8221;10px&#8221;][vc_column_text]<br \/>\nFluxo luminoso: <strong>3.500lm (principal) 200lm (secund\u00e1rio)<\/strong><br \/>\nPot\u00eancia LED: <strong>30W (principal) 2W (secund\u00e1rio)<\/strong><br \/>\nTemperatura de cor: <strong>Sim<\/strong><br \/>\nMudan\u00e7a de temperatura de cor: <strong>2.700K-4.000K-6.500K (principal) 2.700K (secund\u00e1rio)<\/strong><br \/>\nRegulaci\u00f3n de intensidad: <strong>Dimable<\/strong><br \/>\n\u00c2ngulo de apertura: <strong>120\u00ba<\/strong><br \/>\nVida m\u00e8dia: <strong>35.000h<\/strong><br \/>\nN\u00famero de igni\u00e7\u00f5es: <strong>40.000<\/strong><br \/>\nMem\u00f3ria de temperatura a cores: <strong>Sim<\/strong><br \/>\nR\u00f3tulo de efici\u00eancia energ\u00e9tica: <strong>F<\/strong>[\/vc_column_text][\/vc_column_inner][\/vc_row_inner][vc_empty_space height=&#8221;60px&#8221;][\/vc_column][\/vc_row][vc_row vertical_align=&#8221;middle&#8221; padding_size=&#8221;no-padding&#8221; background_mode=&#8221;color&#8221; background_color=&#8221;#f5f5f5&#8243;][vc_column text_align=&#8221;center&#8221; padding_size=&#8221;no-padding&#8221;][vc_row_inner vertical_align=&#8221;middle&#8221; padding_size=&#8221;no-padding&#8221; css=&#8221;.vc_custom_1664367242377{padding-top: 30px !important;padding-right: 60px !important;padding-bottom: 30px !important;padding-left: 60px !important;}&#8221;][vc_column_inner padding_size=&#8221;no-padding&#8221; width=&#8221;2\/3&#8243;][wyde_heading style=&#8221;2&#8243; title_tag=&#8221;h3&#8243; title=&#8221;Pe\u00e7as sobressalentes dispon\u00edveis para o ventilador HELIOS&#8221; heading_color=&#8221;#000000&#8243;][vc_column_text]Pode adquirir a sua pe\u00e7a de substitui\u00e7\u00e3o para o seu ventilador na mesma loja onde comprou o seu ventilador ou noutra loja da mesma cadeia.[\/vc_column_text][vc_empty_space][wyde_info_box icon=&#8221;fa fa-check&#8221; icon_position=&#8221;left&#8221; title=&#8221;BLOCO LEVE&#8221;][\/wyde_info_box][wyde_info_box icon=&#8221;fa fa-check&#8221; icon_position=&#8221;left&#8221; title=&#8221;LED DISPLAY PRINCIPAL&#8221;][\/wyde_info_box][wyde_info_box icon=&#8221;fa fa-check&#8221; icon_position=&#8221;left&#8221; title=&#8221;LED DISPLAY SECUND\u00c1RIO&#8221;][\/wyde_info_box][wyde_info_box icon=&#8221;fa fa-check&#8221; icon_position=&#8221;left&#8221; title=&#8221;CONTROLO REMOTO&#8221;][\/wyde_info_box][wyde_info_box icon=&#8221;fa fa-check&#8221; icon_position=&#8221;left&#8221; title=&#8221;CONTROLADOR&#8221;][\/wyde_info_box][vc_empty_space height=&#8221;20px&#8221;][\/vc_column_inner][vc_column_inner text_align=&#8221;center&#8221; width=&#8221;1\/3&#8243; background_color=&#8221;#ffffff&#8221;][vc_empty_space height=&#8221;20px&#8221;][vc_column_text]<em>Se tiver alguma d\u00favida, pode contactar-nos atrav\u00e9s do formul\u00e1rio de contacto:<\/em>[\/vc_column_text][vc_empty_space height=&#8221;20px&#8221;][wyde_link_button icon_set=&#8221;simple_line&#8221; icon_simple_line=&#8221;sl-bubbles&#8221; style=&#8221;outline round&#8221; title=&#8221;Consultar&#8221; link=&#8221;url:https%3A%2F%2Farteconfort.com%2Fcontacto%2F|||&#8221; color=&#8221;#61b4e4&#8243; hover_color=&#8221;#ffffff&#8221;][vc_empty_space height=&#8221;40px&#8221;][vc_single_image alignment=&#8221;center&#8221; image=&#8221;24271&#8243;][\/vc_column_inner][\/vc_row_inner][\/vc_column][\/vc_row][vc_row][vc_column][vc_empty_space height=&#8221;80px&#8221;][\/vc_column][\/vc_row][vc_row][vc_column][vc_empty_space height=&#8221;80px&#8221;][\/vc_column][\/vc_row][vc_row vertical_align=&#8221;middle&#8221; padding_size=&#8221;no-padding&#8221; background_mode=&#8221;color&#8221; background_color=&#8221;#f5f5f5&#8243;][vc_column text_align=&#8221;center&#8221; offset=&#8221;vc_hidden-md vc_hidden-sm vc_hidden-xs&#8221;][vc_row_inner vertical_align=&#8221;middle&#8221; padding_size=&#8221;no-padding&#8221;][vc_column_inner text_align=&#8221;center&#8221; width=&#8221;1\/3&#8243;][vc_single_image alignment=&#8221;center&#8221; image=&#8221;47695&#8243;][\/vc_column_inner][vc_column_inner width=&#8221;1\/3&#8243;][vc_column_text]Encontre este ventilador para venda exclusivamente em <strong>BRICODEPOT<\/strong>[\/vc_column_text][\/vc_column_inner][vc_column_inner width=&#8221;1\/3&#8243;][wyde_link_button icon_set=&#8221;simple_line&#8221; icon_simple_line=&#8221;sl-login&#8221; style=&#8221;outline round&#8221; title=&#8221;Acesso \u00e0 Bricodepot&#8221; link=&#8221;url:https%3A%2F%2Fwww.bricodepot.es%2Fventilador-de-techo-retractil-blancomadera-nogal-con-motor-dc-106-cm-helios-arteconfort-8435486150512%3FqueryID%3Ddc462a50e94471c740c2d7229c92ecf3%26objectID%3D485925%26indexName%3Dpro_ES_products||target:%20_blank|rel:nofollow&#8221; color=&#8221;#61b4e4&#8243; hover_color=&#8221;#ffffff&#8221;][\/vc_column_inner][\/vc_row_inner][\/vc_column][\/vc_row][vc_row vertical_align=&#8221;middle&#8221; padding_size=&#8221;no-padding&#8221; background_mode=&#8221;color&#8221; background_color=&#8221;#f5f5f5&#8243;][vc_column text_align=&#8221;center&#8221; padding_size=&#8221;no-padding&#8221; offset=&#8221;vc_hidden-lg&#8221;][vc_row_inner vertical_align=&#8221;middle&#8221; padding_size=&#8221;no-padding&#8221; css=&#8221;.vc_custom_1664367242377{padding-top: 30px !important;padding-right: 60px !important;padding-bottom: 30px !important;padding-left: 60px !important;}&#8221;][vc_column_inner padding_size=&#8221;no-padding&#8221; width=&#8221;1\/2&#8243;][vc_single_image alignment=&#8221;center&#8221; image=&#8221;47695&#8243;][\/vc_column_inner][vc_column_inner text_align=&#8221;center&#8221; width=&#8221;1\/2&#8243;][vc_column_text]Encontre este ventilador para venda exclusivamente em <strong>BRICODEPOT<\/strong>[\/vc_column_text][vc_empty_space height=&#8221;10px&#8221;][wyde_link_button icon_set=&#8221;simple_line&#8221; icon_simple_line=&#8221;sl-login&#8221; style=&#8221;outline round&#8221; title=&#8221;Acesso \u00e0 Bricodepot&#8221; link=&#8221;url:https%3A%2F%2Fwww.bricodepot.es%2Fventilador-de-techo-retractil-blancomadera-nogal-con-motor-dc-106-cm-helios-arteconfort-8435486150512%3FqueryID%3Ddc462a50e94471c740c2d7229c92ecf3%26objectID%3D485925%26indexName%3Dpro_ES_products||target:%20_blank|rel:nofollow&#8221; color=&#8221;#61b4e4&#8243; hover_color=&#8221;#ffffff&#8221;][\/vc_column_inner][\/vc_row_inner][\/vc_column][\/vc_row]<\/p>\n<\/div>","protected":false},"excerpt":{"rendered":"<p>O ventilador de teto de p\u00e1s ocultas ou retr\u00e1cteis HELIOS incorpora luz LED e mem\u00f3ria de temperatura de cor, bem como uma segunda luz LED quente zenital. Tem um corpo em ferro com acabamento em madeira pintada. \u00c9 f\u00e1cil de instalar em tectos com uma inclina\u00e7\u00e3o de at\u00e9 15\u00ba. Inclui um controlo remoto e um motor de corrente cont\u00ednua altamente eficiente e silencioso. As suas l\u00e2minas podem ser reguladas em 6 n\u00edveis e a sua ilumina\u00e7\u00e3o led de diferentes intensidades gradualmente em tr\u00eas temperaturas diferentes.<br \/>\n<strong>Ref.: HELIOSBL21<\/strong><\/p>\n<ul style=\"list-style-type: circle; padding-left: 80px;\">\n<li>Ventilador de p\u00e1s retr\u00e1cteis com dupla ilumina\u00e7\u00e3o<\/li>\n<li>Amplo fluxo de ar<\/li>\n<li>6 velocidades e intensidade de luz gradual<\/li>\n<\/ul>\n<p>[vc_row vertical_align=&#8221;middle&#8221; padding_size=&#8221;no-padding&#8221; background_mode=&#8221;color&#8221; background_color=&#8221;#f5f5f5&#8243;][vc_column text_align=&#8221;center&#8221; offset=&#8221;vc_hidden-md vc_hidden-sm vc_hidden-xs&#8221;][vc_row_inner vertical_align=&#8221;middle&#8221; padding_size=&#8221;no-padding&#8221; css=&#8221;.vc_custom_1664435191461{padding-top: 30px !important;padding-right: 60px !important;padding-bottom: 30px !important;padding-left: 60px !important;}&#8221;][vc_column_inner width=&#8221;1\/2&#8243;][vc_single_image image=&#8221;47696&#8243;][\/vc_column_inner][vc_column_inner width=&#8221;1\/2&#8243;][vc_column_text]Encontre este ventilador para venda exclusivamente em <strong>BRICODEPOT<\/strong>[\/vc_column_text][vc_empty_space height=&#8221;10px&#8221;][wyde_link_button icon_set=&#8221;simple_line&#8221; icon_simple_line=&#8221;sl-login&#8221; style=&#8221;outline round&#8221; title=&#8221;Acesso \u00e0 Bricodepot&#8221; link=&#8221;url:https%3A%2F%2Fwww.bricodepot.es%2Fventilador-de-techo-retractil-blancomadera-nogal-con-motor-dc-106-cm-helios-arteconfort-8435486150512%3FqueryID%3Ddc462a50e94471c740c2d7229c92ecf3%26objectID%3D485925%26indexName%3Dpro_ES_products||target:%20_blank|rel:nofollow&#8221; color=&#8221;#61b4e4&#8243; hover_color=&#8221;#ffffff&#8221;][\/vc_column_inner][\/vc_row_inner][\/vc_column][\/vc_row][vc_row vertical_align=&#8221;middle&#8221; padding_size=&#8221;no-padding&#8221; background_mode=&#8221;color&#8221; background_color=&#8221;#f5f5f5&#8243;][vc_column text_align=&#8221;center&#8221; padding_size=&#8221;no-padding&#8221; offset=&#8221;vc_hidden-lg&#8221;][vc_row_inner vertical_align=&#8221;middle&#8221; padding_size=&#8221;no-padding&#8221; css=&#8221;.vc_custom_1664367242377{padding-top: 30px !important;padding-right: 60px !important;padding-bottom: 30px !important;padding-left: 60px !important;}&#8221;][vc_column_inner padding_size=&#8221;no-padding&#8221; width=&#8221;1\/2&#8243;][vc_single_image alignment=&#8221;center&#8221; image=&#8221;47696&#8243;][\/vc_column_inner][vc_column_inner text_align=&#8221;center&#8221; width=&#8221;1\/2&#8243;][vc_column_text]Encontre este ventilador para venda exclusivamente em <strong>BRICODEPOT<\/strong>[\/vc_column_text][vc_empty_space height=&#8221;10px&#8221;][wyde_link_button icon_set=&#8221;simple_line&#8221; icon_simple_line=&#8221;sl-login&#8221; style=&#8221;outline round&#8221; title=&#8221;Acesso \u00e0 Bricodepot&#8221; link=&#8221;url:https%3A%2F%2Fwww.bricodepot.es%2Fventilador-de-techo-retractil-blancomadera-nogal-con-motor-dc-106-cm-helios-arteconfort-8435486150512%3FqueryID%3Ddc462a50e94471c740c2d7229c92ecf3%26objectID%3D485925%26indexName%3Dpro_ES_products||target:%20_blank|rel:nofollow&#8221; color=&#8221;#61b4e4&#8243; hover_color=&#8221;#ffffff&#8221;][\/vc_column_inner][\/vc_row_inner][\/vc_column][\/vc_row][vc_row][vc_column offset=&#8221;vc_hidden-xs&#8221;][vc_empty_space height=&#8221;60px&#8221;][\/vc_column][\/vc_row][vc_row][vc_column width=&#8221;1\/3&#8243;][wyde_link_button icon_set=&#8221;simple_line&#8221; icon_simple_line=&#8221;sl-settings&#8221; style=&#8221;round&#8221; title=&#8221;Instru\u00e7\u00f5es&#8221; link=&#8221;url:https%3A%2F%2Farteconfort.com%2Fwp-content%2Fuploads%2F2025%2F06%2Fim-HELIOS-FTv1-v1-contornos.pdf||target:%20_blank|rel:nofollow&#8221; color=&#8221;#ffffff&#8221; bg_color=&#8221;#222222&#8243;][\/vc_column][\/vc_row]<\/p>\n","protected":false},"featured_media":47859,"template":"","meta":[],"product_brand":[],"product_cat":[356,357],"product_tag":[],"class_list":{"0":"post-48349","1":"product","2":"type-product","3":"status-publish","4":"has-post-thumbnail","6":"product_cat-climatizacion-pt-pt","7":"product_cat-ventiladores-de-techo-pt-pt","9":"first","10":"instock","11":"shipping-taxable","12":"product-type-simple"},"yoast_head":"<!-- This site is optimized with the Yoast SEO plugin v26.5 - https:\/\/yoast.com\/wordpress\/plugins\/seo\/ -->\n<title>HELIOS - Climatizaci\u00f3n, Ventiladores de techo - Arteconfort<\/title>\n<meta name=\"description\" content=\"O ventilador de teto de p\u00e1s ocultas ou retr\u00e1cteis HELIOS incorpora luz LED e mem\u00f3ria de temperatura de cor, bem como uma segunda luz LED quente zenital. Tem um corpo em ferro com acabamento em madeira pintada. \u00c9 f\u00e1cil de instalar em tectos com uma inclina\u00e7\u00e3o de at\u00e9 15\u00ba. Inclui um controlo remoto e um motor de corrente cont\u00ednua altamente eficiente e silencioso. As suas l\u00e2minas podem ser reguladas em 6 n\u00edveis e a sua ilumina\u00e7\u00e3o led de diferentes intensidades gradualmente em tr\u00eas temperaturas diferentes. Ref.: HELIOSBL21   Ventilador de p\u00e1s retr\u00e1cteis com dupla ilumina\u00e7\u00e3o  Amplo fluxo de ar  6 velocidades e intensidade de luz gradual  Encontre este ventilador para venda exclusivamente em BRICODEPOTEncontre este ventilador para venda exclusivamente em BRICODEPOT\" \/>\n<meta name=\"robots\" content=\"index, follow, max-snippet:-1, max-image-preview:large, max-video-preview:-1\" \/>\n<link rel=\"canonical\" href=\"https:\/\/arteconfort.com\/pt-pt\/producto\/helios\/\" \/>\n<meta property=\"og:locale\" content=\"pt_PT\" \/>\n<meta property=\"og:type\" content=\"article\" \/>\n<meta property=\"og:title\" content=\"HELIOS - Climatizaci\u00f3n, Ventiladores de techo - Arteconfort\" \/>\n<meta property=\"og:description\" content=\"O ventilador de teto de p\u00e1s ocultas ou retr\u00e1cteis HELIOS incorpora luz LED e mem\u00f3ria de temperatura de cor, bem como uma segunda luz LED quente zenital. Tem um corpo em ferro com acabamento em madeira pintada. \u00c9 f\u00e1cil de instalar em tectos com uma inclina\u00e7\u00e3o de at\u00e9 15\u00ba. Inclui um controlo remoto e um motor de corrente cont\u00ednua altamente eficiente e silencioso. As suas l\u00e2minas podem ser reguladas em 6 n\u00edveis e a sua ilumina\u00e7\u00e3o led de diferentes intensidades gradualmente em tr\u00eas temperaturas diferentes. Ref.: HELIOSBL21   Ventilador de p\u00e1s retr\u00e1cteis com dupla ilumina\u00e7\u00e3o  Amplo fluxo de ar  6 velocidades e intensidade de luz gradual  Encontre este ventilador para venda exclusivamente em BRICODEPOTEncontre este ventilador para venda exclusivamente em BRICODEPOT\" \/>\n<meta property=\"og:url\" content=\"https:\/\/arteconfort.com\/pt-pt\/producto\/helios\/\" \/>\n<meta property=\"og:site_name\" content=\"Arteconfort\" \/>\n<meta property=\"article:modified_time\" content=\"2025-06-16T09:04:03+00:00\" \/>\n<meta property=\"og:image\" content=\"https:\/\/arteconfort.com\/wp-content\/uploads\/2025\/06\/HELIOS-Producto-Mando.webp\" \/>\n\t<meta property=\"og:image:width\" content=\"1024\" \/>\n\t<meta property=\"og:image:height\" content=\"1024\" \/>\n\t<meta property=\"og:image:type\" content=\"image\/webp\" \/>\n<meta name=\"twitter:card\" content=\"summary_large_image\" \/>\n<meta name=\"twitter:label1\" content=\"Tempo estimado de leitura\" \/>\n\t<meta name=\"twitter:data1\" content=\"3 minutos\" \/>\n<!-- \/ Yoast SEO plugin. -->","yoast_head_json":{"title":"HELIOS - Climatizaci\u00f3n, Ventiladores de techo - Arteconfort","description":"O ventilador de teto de p\u00e1s ocultas ou retr\u00e1cteis HELIOS incorpora luz LED e mem\u00f3ria de temperatura de cor, bem como uma segunda luz LED quente zenital. Tem um corpo em ferro com acabamento em madeira pintada. \u00c9 f\u00e1cil de instalar em tectos com uma inclina\u00e7\u00e3o de at\u00e9 15\u00ba. Inclui um controlo remoto e um motor de corrente cont\u00ednua altamente eficiente e silencioso. As suas l\u00e2minas podem ser reguladas em 6 n\u00edveis e a sua ilumina\u00e7\u00e3o led de diferentes intensidades gradualmente em tr\u00eas temperaturas diferentes. Ref.: HELIOSBL21   Ventilador de p\u00e1s retr\u00e1cteis com dupla ilumina\u00e7\u00e3o  Amplo fluxo de ar  6 velocidades e intensidade de luz gradual  Encontre este ventilador para venda exclusivamente em BRICODEPOTEncontre este ventilador para venda exclusivamente em BRICODEPOT","robots":{"index":"index","follow":"follow","max-snippet":"max-snippet:-1","max-image-preview":"max-image-preview:large","max-video-preview":"max-video-preview:-1"},"canonical":"https:\/\/arteconfort.com\/pt-pt\/producto\/helios\/","og_locale":"pt_PT","og_type":"article","og_title":"HELIOS - Climatizaci\u00f3n, Ventiladores de techo - Arteconfort","og_description":"O ventilador de teto de p\u00e1s ocultas ou retr\u00e1cteis HELIOS incorpora luz LED e mem\u00f3ria de temperatura de cor, bem como uma segunda luz LED quente zenital. Tem um corpo em ferro com acabamento em madeira pintada. \u00c9 f\u00e1cil de instalar em tectos com uma inclina\u00e7\u00e3o de at\u00e9 15\u00ba. Inclui um controlo remoto e um motor de corrente cont\u00ednua altamente eficiente e silencioso. As suas l\u00e2minas podem ser reguladas em 6 n\u00edveis e a sua ilumina\u00e7\u00e3o led de diferentes intensidades gradualmente em tr\u00eas temperaturas diferentes. Ref.: HELIOSBL21   Ventilador de p\u00e1s retr\u00e1cteis com dupla ilumina\u00e7\u00e3o  Amplo fluxo de ar  6 velocidades e intensidade de luz gradual  Encontre este ventilador para venda exclusivamente em BRICODEPOTEncontre este ventilador para venda exclusivamente em BRICODEPOT","og_url":"https:\/\/arteconfort.com\/pt-pt\/producto\/helios\/","og_site_name":"Arteconfort","article_modified_time":"2025-06-16T09:04:03+00:00","og_image":[{"width":1024,"height":1024,"url":"https:\/\/arteconfort.com\/wp-content\/uploads\/2025\/06\/HELIOS-Producto-Mando.webp","type":"image\/webp"}],"twitter_card":"summary_large_image","twitter_misc":{"Tempo estimado de leitura":"3 minutos"},"schema":{"@context":"https:\/\/schema.org","@graph":[{"@type":"WebPage","@id":"https:\/\/arteconfort.com\/pt-pt\/producto\/helios\/","url":"https:\/\/arteconfort.com\/pt-pt\/producto\/helios\/","name":"HELIOS - Climatizaci\u00f3n, Ventiladores de techo - Arteconfort","isPartOf":{"@id":"https:\/\/arteconfort.com\/pt-pt\/#website"},"primaryImageOfPage":{"@id":"https:\/\/arteconfort.com\/pt-pt\/producto\/helios\/#primaryimage"},"image":{"@id":"https:\/\/arteconfort.com\/pt-pt\/producto\/helios\/#primaryimage"},"thumbnailUrl":"https:\/\/arteconfort.com\/wp-content\/uploads\/2025\/06\/HELIOS-Producto-Mando.webp","datePublished":"2025-06-03T10:14:06+00:00","dateModified":"2025-06-16T09:04:03+00:00","description":"O ventilador de teto de p\u00e1s ocultas ou retr\u00e1cteis HELIOS incorpora luz LED e mem\u00f3ria de temperatura de cor, bem como uma segunda luz LED quente zenital. Tem um corpo em ferro com acabamento em madeira pintada. \u00c9 f\u00e1cil de instalar em tectos com uma inclina\u00e7\u00e3o de at\u00e9 15\u00ba. Inclui um controlo remoto e um motor de corrente cont\u00ednua altamente eficiente e silencioso. As suas l\u00e2minas podem ser reguladas em 6 n\u00edveis e a sua ilumina\u00e7\u00e3o led de diferentes intensidades gradualmente em tr\u00eas temperaturas diferentes. Ref.: HELIOSBL21 Ventilador de p\u00e1s retr\u00e1cteis com dupla ilumina\u00e7\u00e3o Amplo fluxo de ar 6 velocidades e intensidade de luz gradual Encontre este ventilador para venda exclusivamente em BRICODEPOTEncontre este ventilador para venda exclusivamente em BRICODEPOT","breadcrumb":{"@id":"https:\/\/arteconfort.com\/pt-pt\/producto\/helios\/#breadcrumb"},"inLanguage":"pt-PT","potentialAction":[{"@type":"ReadAction","target":["https:\/\/arteconfort.com\/pt-pt\/producto\/helios\/"]}]},{"@type":"ImageObject","inLanguage":"pt-PT","@id":"https:\/\/arteconfort.com\/pt-pt\/producto\/helios\/#primaryimage","url":"https:\/\/arteconfort.com\/wp-content\/uploads\/2025\/06\/HELIOS-Producto-Mando.webp","contentUrl":"https:\/\/arteconfort.com\/wp-content\/uploads\/2025\/06\/HELIOS-Producto-Mando.webp","width":1024,"height":1024},{"@type":"BreadcrumbList","@id":"https:\/\/arteconfort.com\/pt-pt\/producto\/helios\/#breadcrumb","itemListElement":[{"@type":"ListItem","position":1,"name":"Inicio","item":"https:\/\/arteconfort.com\/pt-pt\/"},{"@type":"ListItem","position":2,"name":"Tienda","item":"https:\/\/arteconfort.com\/pt-pt\/tienda-2\/"},{"@type":"ListItem","position":3,"name":"HELIOS"}]},{"@type":"WebSite","@id":"https:\/\/arteconfort.com\/pt-pt\/#website","url":"https:\/\/arteconfort.com\/pt-pt\/","name":"Arteconfort","description":"Especialistas en productos del hogar","publisher":{"@id":"https:\/\/arteconfort.com\/pt-pt\/#organization"},"potentialAction":[{"@type":"SearchAction","target":{"@type":"EntryPoint","urlTemplate":"https:\/\/arteconfort.com\/pt-pt\/?s={search_term_string}"},"query-input":{"@type":"PropertyValueSpecification","valueRequired":true,"valueName":"search_term_string"}}],"inLanguage":"pt-PT"},{"@type":"Organization","@id":"https:\/\/arteconfort.com\/pt-pt\/#organization","name":"Arteconfort","url":"https:\/\/arteconfort.com\/pt-pt\/","logo":{"@type":"ImageObject","inLanguage":"pt-PT","@id":"https:\/\/arteconfort.com\/pt-pt\/#\/schema\/logo\/image\/","url":"https:\/\/arteconfort.com\/wp-content\/uploads\/2019\/07\/logo-arteconfort.png","contentUrl":"https:\/\/arteconfort.com\/wp-content\/uploads\/2019\/07\/logo-arteconfort.png","width":230,"height":88,"caption":"Arteconfort"},"image":{"@id":"https:\/\/arteconfort.com\/pt-pt\/#\/schema\/logo\/image\/"}}]}},"_links":{"self":[{"href":"https:\/\/arteconfort.com\/pt-pt\/wp-json\/wp\/v2\/product\/48349","targetHints":{"allow":["GET"]}}],"collection":[{"href":"https:\/\/arteconfort.com\/pt-pt\/wp-json\/wp\/v2\/product"}],"about":[{"href":"https:\/\/arteconfort.com\/pt-pt\/wp-json\/wp\/v2\/types\/product"}],"wp:featuredmedia":[{"embeddable":true,"href":"https:\/\/arteconfort.com\/pt-pt\/wp-json\/wp\/v2\/media\/47859"}],"wp:attachment":[{"href":"https:\/\/arteconfort.com\/pt-pt\/wp-json\/wp\/v2\/media?parent=48349"}],"wp:term":[{"taxonomy":"product_brand","embeddable":true,"href":"https:\/\/arteconfort.com\/pt-pt\/wp-json\/wp\/v2\/product_brand?post=48349"},{"taxonomy":"product_cat","embeddable":true,"href":"https:\/\/arteconfort.com\/pt-pt\/wp-json\/wp\/v2\/product_cat?post=48349"},{"taxonomy":"product_tag","embeddable":true,"href":"https:\/\/arteconfort.com\/pt-pt\/wp-json\/wp\/v2\/product_tag?post=48349"}],"curies":[{"name":"wp","href":"https:\/\/api.w.org\/{rel}","templated":true}]}}